{"id":990,"date":"2021-05-10T15:25:26","date_gmt":"2021-05-10T15:25:26","guid":{"rendered":"https:\/\/www.sugarfactory.hr\/?post_type=product&#038;p=990"},"modified":"2026-04-09T16:24:28","modified_gmt":"2026-04-09T15:24:28","slug":"cap-for-spray-white-fat","status":"publish","type":"product","link":"https:\/\/www.sugarfactory.hr\/en\/product-2\/caps\/fat-caps\/cap-for-spray-white-fat\/","title":{"rendered":"White Fat Cap"},"content":{"rendered":"<p data-start=\"21\" data-end=\"141\"><strong data-start=\"21\" data-end=\"34\">Application:<\/strong> Intended for <strong data-start=\"50\" data-end=\"92\">maksimalnu preciznost u brzim radovima<\/strong>, odli\u010dna za popunjavanje i ravnomjerne poteze.<\/p>\n<p data-start=\"143\" data-end=\"262\"><strong data-start=\"143\" data-end=\"154\">Line:<\/strong> Ima <strong data-start=\"159\" data-end=\"181\">srednji izlaz boje<\/strong> i stvara <strong data-start=\"191\" data-end=\"213\">veoma \u010distu liniju<\/strong>, pogodnu za kontrolirane, ali brze aplikacije.<\/p>\n<p data-start=\"264\" data-end=\"339\" data-is-last-node=\"\" data-is-only-node=\"\">Savr\u0161ena za <strong data-start=\"276\" data-end=\"338\">fill-inove, ve\u0107e radove i ravnomjerno prekrivanje povr\u0161ina<\/strong>.<\/p>","protected":false},"excerpt":{"rendered":"<p>Primjena: Namijenjena za maksimalnu preciznost u brzim radovima, odli\u010dna za popunjavanje i ravnomjerne poteze. Linija: Ima srednji izlaz boje i stvara veoma \u010distu liniju, pogodnu za kontrolirane, ali brze aplikacije. Savr\u0161ena za fill-inove, ve\u0107e radove i ravnomjerno prekrivanje povr\u0161ina.<\/p>","protected":false},"featured_media":1012,"template":"","meta":{"_acf_changed":false},"product_brand":[],"product_cat":[96,19],"product_tag":[],"class_list":{"0":"post-990","1":"product","2":"type-product","3":"status-publish","4":"has-post-thumbnail","6":"product_cat-fat-caps","7":"product_cat-kapice","9":"first","10":"instock","11":"shipping-taxable","12":"purchasable","13":"product-type-simple"},"acf":[],"yoast_head":"<!-- This site is optimized with the Yoast SEO plugin v26.3 - https:\/\/yoast.com\/wordpress\/plugins\/seo\/ -->\n<title>White Fat Cap - Sugar Factory<\/title>\n<meta name=\"robots\" content=\"index, follow, max-snippet:-1, max-image-preview:large, max-video-preview:-1\" \/>\n<link rel=\"canonical\" href=\"https:\/\/www.sugarfactory.hr\/en\/product-2\/caps\/fat-caps\/cap-for-spray-white-fat\/\" \/>\n<meta property=\"og:locale\" content=\"en_US\" \/>\n<meta property=\"og:type\" content=\"article\" \/>\n<meta property=\"og:title\" content=\"White Fat Cap - Sugar Factory\" \/>\n<meta property=\"og:description\" content=\"Primjena: Namijenjena za maksimalnu preciznost u brzim radovima, odli\u010dna za popunjavanje i ravnomjerne poteze. Linija: Ima srednji izlaz boje i stvara veoma \u010distu liniju, pogodnu za kontrolirane, ali brze aplikacije. Savr\u0161ena za fill-inove, ve\u0107e radove i ravnomjerno prekrivanje povr\u0161ina.\" \/>\n<meta property=\"og:url\" content=\"https:\/\/www.sugarfactory.hr\/en\/product-2\/caps\/fat-caps\/cap-for-spray-white-fat\/\" \/>\n<meta property=\"og:site_name\" content=\"Sugar Factory\" \/>\n<meta property=\"article:modified_time\" content=\"2026-04-09T15:24:28+00:00\" \/>\n<meta property=\"og:image\" content=\"https:\/\/www.sugarfactory.hr\/wp-content\/uploads\/2021\/05\/WHITE-FAT-300x300-1.png\" \/>\n\t<meta property=\"og:image:width\" content=\"300\" \/>\n\t<meta property=\"og:image:height\" content=\"300\" \/>\n\t<meta property=\"og:image:type\" content=\"image\/png\" \/>\n<meta name=\"twitter:card\" content=\"summary_large_image\" \/>\n<script type=\"application\/ld+json\" class=\"yoast-schema-graph\">{\"@context\":\"https:\/\/schema.org\",\"@graph\":[{\"@type\":\"WebPage\",\"@id\":\"https:\/\/www.sugarfactory.hr\/proizvod\/kapice\/fat-caps\/kapica-za-sprej-white-fat\/\",\"url\":\"https:\/\/www.sugarfactory.hr\/proizvod\/kapice\/fat-caps\/kapica-za-sprej-white-fat\/\",\"name\":\"White Fat Cap - Sugar Factory\",\"isPartOf\":{\"@id\":\"https:\/\/www.sugarfactory.hr\/#website\"},\"primaryImageOfPage\":{\"@id\":\"https:\/\/www.sugarfactory.hr\/proizvod\/kapice\/fat-caps\/kapica-za-sprej-white-fat\/#primaryimage\"},\"image\":{\"@id\":\"https:\/\/www.sugarfactory.hr\/proizvod\/kapice\/fat-caps\/kapica-za-sprej-white-fat\/#primaryimage\"},\"thumbnailUrl\":\"https:\/\/www.sugarfactory.hr\/wp-content\/uploads\/2021\/05\/WHITE-FAT-300x300-1.png\",\"datePublished\":\"2021-05-10T15:25:26+00:00\",\"dateModified\":\"2026-04-09T15:24:28+00:00\",\"breadcrumb\":{\"@id\":\"https:\/\/www.sugarfactory.hr\/proizvod\/kapice\/fat-caps\/kapica-za-sprej-white-fat\/#breadcrumb\"},\"inLanguage\":\"en-US\",\"potentialAction\":[{\"@type\":\"ReadAction\",\"target\":[\"https:\/\/www.sugarfactory.hr\/proizvod\/kapice\/fat-caps\/kapica-za-sprej-white-fat\/\"]}]},{\"@type\":\"ImageObject\",\"inLanguage\":\"en-US\",\"@id\":\"https:\/\/www.sugarfactory.hr\/proizvod\/kapice\/fat-caps\/kapica-za-sprej-white-fat\/#primaryimage\",\"url\":\"https:\/\/www.sugarfactory.hr\/wp-content\/uploads\/2021\/05\/WHITE-FAT-300x300-1.png\",\"contentUrl\":\"https:\/\/www.sugarfactory.hr\/wp-content\/uploads\/2021\/05\/WHITE-FAT-300x300-1.png\",\"width\":300,\"height\":300},{\"@type\":\"BreadcrumbList\",\"@id\":\"https:\/\/www.sugarfactory.hr\/proizvod\/kapice\/fat-caps\/kapica-za-sprej-white-fat\/#breadcrumb\",\"itemListElement\":[{\"@type\":\"ListItem\",\"position\":1,\"name\":\"Po\u010detna stranica\",\"item\":\"https:\/\/www.sugarfactory.hr\/\"},{\"@type\":\"ListItem\",\"position\":2,\"name\":\"Proizvodi\",\"item\":\"https:\/\/www.sugarfactory.hr\/shop\/\"},{\"@type\":\"ListItem\",\"position\":3,\"name\":\"White Fat Cap\"}]},{\"@type\":\"WebSite\",\"@id\":\"https:\/\/www.sugarfactory.hr\/#website\",\"url\":\"https:\/\/www.sugarfactory.hr\/\",\"name\":\"Sugar Factory\",\"description\":\"Create your sweetest pieces!\",\"potentialAction\":[{\"@type\":\"SearchAction\",\"target\":{\"@type\":\"EntryPoint\",\"urlTemplate\":\"https:\/\/www.sugarfactory.hr\/?s={search_term_string}\"},\"query-input\":{\"@type\":\"PropertyValueSpecification\",\"valueRequired\":true,\"valueName\":\"search_term_string\"}}],\"inLanguage\":\"en-US\"}]}<\/script>\n<!-- \/ Yoast SEO plugin. -->","yoast_head_json":{"title":"White Fat Cap - Sugar Factory","robots":{"index":"index","follow":"follow","max-snippet":"max-snippet:-1","max-image-preview":"max-image-preview:large","max-video-preview":"max-video-preview:-1"},"canonical":"https:\/\/www.sugarfactory.hr\/en\/product-2\/caps\/fat-caps\/cap-for-spray-white-fat\/","og_locale":"en_US","og_type":"article","og_title":"White Fat Cap - Sugar Factory","og_description":"Primjena: Namijenjena za maksimalnu preciznost u brzim radovima, odli\u010dna za popunjavanje i ravnomjerne poteze. Linija: Ima srednji izlaz boje i stvara veoma \u010distu liniju, pogodnu za kontrolirane, ali brze aplikacije. Savr\u0161ena za fill-inove, ve\u0107e radove i ravnomjerno prekrivanje povr\u0161ina.","og_url":"https:\/\/www.sugarfactory.hr\/en\/product-2\/caps\/fat-caps\/cap-for-spray-white-fat\/","og_site_name":"Sugar Factory","article_modified_time":"2026-04-09T15:24:28+00:00","og_image":[{"width":300,"height":300,"url":"https:\/\/www.sugarfactory.hr\/wp-content\/uploads\/2021\/05\/WHITE-FAT-300x300-1.png","type":"image\/png"}],"twitter_card":"summary_large_image","schema":{"@context":"https:\/\/schema.org","@graph":[{"@type":"WebPage","@id":"https:\/\/www.sugarfactory.hr\/proizvod\/kapice\/fat-caps\/kapica-za-sprej-white-fat\/","url":"https:\/\/www.sugarfactory.hr\/proizvod\/kapice\/fat-caps\/kapica-za-sprej-white-fat\/","name":"White Fat Cap - Sugar Factory","isPartOf":{"@id":"https:\/\/www.sugarfactory.hr\/#website"},"primaryImageOfPage":{"@id":"https:\/\/www.sugarfactory.hr\/proizvod\/kapice\/fat-caps\/kapica-za-sprej-white-fat\/#primaryimage"},"image":{"@id":"https:\/\/www.sugarfactory.hr\/proizvod\/kapice\/fat-caps\/kapica-za-sprej-white-fat\/#primaryimage"},"thumbnailUrl":"https:\/\/www.sugarfactory.hr\/wp-content\/uploads\/2021\/05\/WHITE-FAT-300x300-1.png","datePublished":"2021-05-10T15:25:26+00:00","dateModified":"2026-04-09T15:24:28+00:00","breadcrumb":{"@id":"https:\/\/www.sugarfactory.hr\/proizvod\/kapice\/fat-caps\/kapica-za-sprej-white-fat\/#breadcrumb"},"inLanguage":"en-US","potentialAction":[{"@type":"ReadAction","target":["https:\/\/www.sugarfactory.hr\/proizvod\/kapice\/fat-caps\/kapica-za-sprej-white-fat\/"]}]},{"@type":"ImageObject","inLanguage":"en-US","@id":"https:\/\/www.sugarfactory.hr\/proizvod\/kapice\/fat-caps\/kapica-za-sprej-white-fat\/#primaryimage","url":"https:\/\/www.sugarfactory.hr\/wp-content\/uploads\/2021\/05\/WHITE-FAT-300x300-1.png","contentUrl":"https:\/\/www.sugarfactory.hr\/wp-content\/uploads\/2021\/05\/WHITE-FAT-300x300-1.png","width":300,"height":300},{"@type":"BreadcrumbList","@id":"https:\/\/www.sugarfactory.hr\/proizvod\/kapice\/fat-caps\/kapica-za-sprej-white-fat\/#breadcrumb","itemListElement":[{"@type":"ListItem","position":1,"name":"Po\u010detna stranica","item":"https:\/\/www.sugarfactory.hr\/"},{"@type":"ListItem","position":2,"name":"Proizvodi","item":"https:\/\/www.sugarfactory.hr\/shop\/"},{"@type":"ListItem","position":3,"name":"White Fat Cap"}]},{"@type":"WebSite","@id":"https:\/\/www.sugarfactory.hr\/#website","url":"https:\/\/www.sugarfactory.hr\/","name":"Sugar Factory","description":"Create your sweetest pieces!","potentialAction":[{"@type":"SearchAction","target":{"@type":"EntryPoint","urlTemplate":"https:\/\/www.sugarfactory.hr\/?s={search_term_string}"},"query-input":{"@type":"PropertyValueSpecification","valueRequired":true,"valueName":"search_term_string"}}],"inLanguage":"en-US"}]}},"_links":{"self":[{"href":"https:\/\/www.sugarfactory.hr\/en\/wp-json\/wp\/v2\/product\/990","targetHints":{"allow":["GET"]}}],"collection":[{"href":"https:\/\/www.sugarfactory.hr\/en\/wp-json\/wp\/v2\/product"}],"about":[{"href":"https:\/\/www.sugarfactory.hr\/en\/wp-json\/wp\/v2\/types\/product"}],"wp:featuredmedia":[{"embeddable":true,"href":"https:\/\/www.sugarfactory.hr\/en\/wp-json\/wp\/v2\/media\/1012"}],"wp:attachment":[{"href":"https:\/\/www.sugarfactory.hr\/en\/wp-json\/wp\/v2\/media?parent=990"}],"wp:term":[{"taxonomy":"product_brand","embeddable":true,"href":"https:\/\/www.sugarfactory.hr\/en\/wp-json\/wp\/v2\/product_brand?post=990"},{"taxonomy":"product_cat","embeddable":true,"href":"https:\/\/www.sugarfactory.hr\/en\/wp-json\/wp\/v2\/product_cat?post=990"},{"taxonomy":"product_tag","embeddable":true,"href":"https:\/\/www.sugarfactory.hr\/en\/wp-json\/wp\/v2\/product_tag?post=990"}],"curies":[{"name":"wp","href":"https:\/\/api.w.org\/{rel}","templated":true}]}}