{"id":1021,"date":"2021-05-18T12:21:51","date_gmt":"2021-05-18T12:21:51","guid":{"rendered":"https:\/\/www.sugarfactory.hr\/?post_type=product&#038;p=1021"},"modified":"2026-04-13T18:53:27","modified_gmt":"2026-04-13T17:53:27","slug":"kobra-600-ml-krome","status":"publish","type":"product","link":"https:\/\/www.sugarfactory.hr\/hu\/termek\/spray-k\/falfirkalas\/kobra-600-ml-krome\/","title":{"rendered":"Cobra 600 ml KR\u00d3M"},"content":{"rendered":"<p data-start=\"71\" data-end=\"349\"><strong data-start=\"127\" data-end=\"149\">Kobra KROME 600 ml<\/strong> legendarni je sprej razvijen za <strong data-start=\"182\" data-end=\"220\">vrlo brz rad na velikim povr\u0161inama<\/strong> uz maksimalnu pokrivnost. Zahvaljuju\u0107i <strong data-start=\"260\" data-end=\"297\">specijalnom mekom \u017eenskom ventilu<\/strong>, omogu\u0107uje preciznu kontrolu i sna\u017ean izlaz boje.<\/p>\n<p data-start=\"351\" data-end=\"497\">Formula sadr\u017ei <strong data-start=\"366\" data-end=\"387\">100% akrilnu boju<\/strong> i koristi <strong data-start=\"398\" data-end=\"422\">tehnologiju 4 sezone<\/strong>, pru\u017eaju\u0107i ultra pokrivnu mo\u0107 i iznimno prianjanje na razli\u010dite podloge.<\/p>\n<p data-start=\"499\" data-end=\"658\">Oboga\u0107ena je <strong data-start=\"512\" data-end=\"554\">posebnim kromiranim sjajnim pigmentima<\/strong> koji osiguravaju <strong data-start=\"572\" data-end=\"603\">visoki faktor pokrivne mo\u0107i<\/strong>, kao i otpornost na <strong data-start=\"624\" data-end=\"655\">UVA zrake i okoli\u0161ne uvjete<\/strong>.<\/p>\n<p data-start=\"660\" data-end=\"835\">Rezultat je <strong data-start=\"672\" data-end=\"708\">super sjajni efekt pravih metala<\/strong> i legendarni izgled koji je proslavio Kobra KROME \u2013 s pouzdano\u0161\u0107u i snagom potrebnom za profesionalne i umjetni\u010dke projekte.<\/p>","protected":false},"excerpt":{"rendered":"<p>Kobra KROME 600 ml legendarni je sprej razvijen za vrlo brz rad na velikim povr\u0161inama uz maksimalnu pokrivnost. Zahvaljuju\u0107i specijalnom mekom \u017eenskom ventilu, omogu\u0107uje preciznu kontrolu i sna\u017ean izlaz boje. Formula sadr\u017ei 100% akrilnu boju i koristi tehnologiju 4 sezone, pru\u017eaju\u0107i ultra pokrivnu mo\u0107 i iznimno prianjanje na razli\u010dite podloge. Oboga\u0107ena je posebnim kromiranim sjajnim [&hellip;]<\/p>","protected":false},"featured_media":12365,"template":"","meta":{"_acf_changed":false},"product_brand":[102],"product_cat":[75,16],"product_tag":[],"class_list":{"0":"post-1021","1":"product","2":"type-product","3":"status-publish","4":"has-post-thumbnail","6":"product_brand-kobra","7":"product_cat-graffiti","8":"product_cat-sprejevi","10":"first","11":"outofstock","12":"shipping-taxable","13":"purchasable","14":"product-type-variable"},"acf":[],"yoast_head":"<!-- This site is optimized with the Yoast SEO plugin v26.3 - https:\/\/yoast.com\/wordpress\/plugins\/seo\/ -->\n<title>Kobra 600 ml KROME - Sugar Factory<\/title>\n<meta name=\"robots\" content=\"index, follow, max-snippet:-1, max-image-preview:large, max-video-preview:-1\" \/>\n<link rel=\"canonical\" href=\"https:\/\/www.sugarfactory.hr\/hu\/termek\/spray-k\/falfirkalas\/kobra-600-ml-krome\/\" \/>\n<meta property=\"og:locale\" content=\"hu_HU\" \/>\n<meta property=\"og:type\" content=\"article\" \/>\n<meta property=\"og:title\" content=\"Kobra 600 ml KROME - Sugar Factory\" \/>\n<meta property=\"og:description\" content=\"Kobra KROME 600 ml legendarni je sprej razvijen za vrlo brz rad na velikim povr\u0161inama uz maksimalnu pokrivnost. Zahvaljuju\u0107i specijalnom mekom \u017eenskom ventilu, omogu\u0107uje preciznu kontrolu i sna\u017ean izlaz boje. Formula sadr\u017ei 100% akrilnu boju i koristi tehnologiju 4 sezone, pru\u017eaju\u0107i ultra pokrivnu mo\u0107 i iznimno prianjanje na razli\u010dite podloge. Oboga\u0107ena je posebnim kromiranim sjajnim [&hellip;]\" \/>\n<meta property=\"og:url\" content=\"https:\/\/www.sugarfactory.hr\/hu\/termek\/spray-k\/falfirkalas\/kobra-600-ml-krome\/\" \/>\n<meta property=\"og:site_name\" content=\"Sugar Factory\" \/>\n<meta property=\"article:modified_time\" content=\"2026-04-13T17:53:27+00:00\" \/>\n<meta property=\"og:image\" content=\"https:\/\/www.sugarfactory.hr\/wp-content\/uploads\/2021\/05\/kobra-600-krome.webp\" \/>\n\t<meta property=\"og:image:width\" content=\"896\" \/>\n\t<meta property=\"og:image:height\" content=\"1120\" \/>\n\t<meta property=\"og:image:type\" content=\"image\/webp\" \/>\n<meta name=\"twitter:card\" content=\"summary_large_image\" \/>\n<meta name=\"twitter:label1\" content=\"Becs\u00fclt olvas\u00e1si id\u0151\" \/>\n\t<meta name=\"twitter:data1\" content=\"1 perc\" \/>\n<script type=\"application\/ld+json\" class=\"yoast-schema-graph\">{\"@context\":\"https:\/\/schema.org\",\"@graph\":[{\"@type\":\"WebPage\",\"@id\":\"https:\/\/www.sugarfactory.hr\/proizvod\/sprejevi\/graffiti\/kobra-600-ml-krome\/\",\"url\":\"https:\/\/www.sugarfactory.hr\/proizvod\/sprejevi\/graffiti\/kobra-600-ml-krome\/\",\"name\":\"Kobra 600 ml KROME - Sugar Factory\",\"isPartOf\":{\"@id\":\"https:\/\/www.sugarfactory.hr\/#website\"},\"primaryImageOfPage\":{\"@id\":\"https:\/\/www.sugarfactory.hr\/proizvod\/sprejevi\/graffiti\/kobra-600-ml-krome\/#primaryimage\"},\"image\":{\"@id\":\"https:\/\/www.sugarfactory.hr\/proizvod\/sprejevi\/graffiti\/kobra-600-ml-krome\/#primaryimage\"},\"thumbnailUrl\":\"https:\/\/www.sugarfactory.hr\/wp-content\/uploads\/2021\/05\/kobra-600-krome.webp\",\"datePublished\":\"2021-05-18T12:21:51+00:00\",\"dateModified\":\"2026-04-13T17:53:27+00:00\",\"breadcrumb\":{\"@id\":\"https:\/\/www.sugarfactory.hr\/proizvod\/sprejevi\/graffiti\/kobra-600-ml-krome\/#breadcrumb\"},\"inLanguage\":\"hu\",\"potentialAction\":[{\"@type\":\"ReadAction\",\"target\":[\"https:\/\/www.sugarfactory.hr\/proizvod\/sprejevi\/graffiti\/kobra-600-ml-krome\/\"]}]},{\"@type\":\"ImageObject\",\"inLanguage\":\"hu\",\"@id\":\"https:\/\/www.sugarfactory.hr\/proizvod\/sprejevi\/graffiti\/kobra-600-ml-krome\/#primaryimage\",\"url\":\"https:\/\/www.sugarfactory.hr\/wp-content\/uploads\/2021\/05\/kobra-600-krome.webp\",\"contentUrl\":\"https:\/\/www.sugarfactory.hr\/wp-content\/uploads\/2021\/05\/kobra-600-krome.webp\",\"width\":896,\"height\":1120},{\"@type\":\"BreadcrumbList\",\"@id\":\"https:\/\/www.sugarfactory.hr\/proizvod\/sprejevi\/graffiti\/kobra-600-ml-krome\/#breadcrumb\",\"itemListElement\":[{\"@type\":\"ListItem\",\"position\":1,\"name\":\"Po\u010detna stranica\",\"item\":\"https:\/\/www.sugarfactory.hr\/\"},{\"@type\":\"ListItem\",\"position\":2,\"name\":\"Proizvodi\",\"item\":\"https:\/\/www.sugarfactory.hr\/shop\/\"},{\"@type\":\"ListItem\",\"position\":3,\"name\":\"Kobra 600 ml KROME\"}]},{\"@type\":\"WebSite\",\"@id\":\"https:\/\/www.sugarfactory.hr\/#website\",\"url\":\"https:\/\/www.sugarfactory.hr\/\",\"name\":\"Sugar Factory\",\"description\":\"Create your sweetest pieces!\",\"potentialAction\":[{\"@type\":\"SearchAction\",\"target\":{\"@type\":\"EntryPoint\",\"urlTemplate\":\"https:\/\/www.sugarfactory.hr\/?s={search_term_string}\"},\"query-input\":{\"@type\":\"PropertyValueSpecification\",\"valueRequired\":true,\"valueName\":\"search_term_string\"}}],\"inLanguage\":\"hu\"}]}<\/script>\n<!-- \/ Yoast SEO plugin. -->","yoast_head_json":{"title":"Kobra 600 ml KROME - Sugar Factory","robots":{"index":"index","follow":"follow","max-snippet":"max-snippet:-1","max-image-preview":"max-image-preview:large","max-video-preview":"max-video-preview:-1"},"canonical":"https:\/\/www.sugarfactory.hr\/hu\/termek\/spray-k\/falfirkalas\/kobra-600-ml-krome\/","og_locale":"hu_HU","og_type":"article","og_title":"Kobra 600 ml KROME - Sugar Factory","og_description":"Kobra KROME 600 ml legendarni je sprej razvijen za vrlo brz rad na velikim povr\u0161inama uz maksimalnu pokrivnost. Zahvaljuju\u0107i specijalnom mekom \u017eenskom ventilu, omogu\u0107uje preciznu kontrolu i sna\u017ean izlaz boje. Formula sadr\u017ei 100% akrilnu boju i koristi tehnologiju 4 sezone, pru\u017eaju\u0107i ultra pokrivnu mo\u0107 i iznimno prianjanje na razli\u010dite podloge. Oboga\u0107ena je posebnim kromiranim sjajnim [&hellip;]","og_url":"https:\/\/www.sugarfactory.hr\/hu\/termek\/spray-k\/falfirkalas\/kobra-600-ml-krome\/","og_site_name":"Sugar Factory","article_modified_time":"2026-04-13T17:53:27+00:00","og_image":[{"width":896,"height":1120,"url":"https:\/\/www.sugarfactory.hr\/wp-content\/uploads\/2021\/05\/kobra-600-krome.webp","type":"image\/webp"}],"twitter_card":"summary_large_image","twitter_misc":{"Becs\u00fclt olvas\u00e1si id\u0151":"1 perc"},"schema":{"@context":"https:\/\/schema.org","@graph":[{"@type":"WebPage","@id":"https:\/\/www.sugarfactory.hr\/proizvod\/sprejevi\/graffiti\/kobra-600-ml-krome\/","url":"https:\/\/www.sugarfactory.hr\/proizvod\/sprejevi\/graffiti\/kobra-600-ml-krome\/","name":"Kobra 600 ml KROME - Sugar Factory","isPartOf":{"@id":"https:\/\/www.sugarfactory.hr\/#website"},"primaryImageOfPage":{"@id":"https:\/\/www.sugarfactory.hr\/proizvod\/sprejevi\/graffiti\/kobra-600-ml-krome\/#primaryimage"},"image":{"@id":"https:\/\/www.sugarfactory.hr\/proizvod\/sprejevi\/graffiti\/kobra-600-ml-krome\/#primaryimage"},"thumbnailUrl":"https:\/\/www.sugarfactory.hr\/wp-content\/uploads\/2021\/05\/kobra-600-krome.webp","datePublished":"2021-05-18T12:21:51+00:00","dateModified":"2026-04-13T17:53:27+00:00","breadcrumb":{"@id":"https:\/\/www.sugarfactory.hr\/proizvod\/sprejevi\/graffiti\/kobra-600-ml-krome\/#breadcrumb"},"inLanguage":"hu","potentialAction":[{"@type":"ReadAction","target":["https:\/\/www.sugarfactory.hr\/proizvod\/sprejevi\/graffiti\/kobra-600-ml-krome\/"]}]},{"@type":"ImageObject","inLanguage":"hu","@id":"https:\/\/www.sugarfactory.hr\/proizvod\/sprejevi\/graffiti\/kobra-600-ml-krome\/#primaryimage","url":"https:\/\/www.sugarfactory.hr\/wp-content\/uploads\/2021\/05\/kobra-600-krome.webp","contentUrl":"https:\/\/www.sugarfactory.hr\/wp-content\/uploads\/2021\/05\/kobra-600-krome.webp","width":896,"height":1120},{"@type":"BreadcrumbList","@id":"https:\/\/www.sugarfactory.hr\/proizvod\/sprejevi\/graffiti\/kobra-600-ml-krome\/#breadcrumb","itemListElement":[{"@type":"ListItem","position":1,"name":"Po\u010detna stranica","item":"https:\/\/www.sugarfactory.hr\/"},{"@type":"ListItem","position":2,"name":"Proizvodi","item":"https:\/\/www.sugarfactory.hr\/shop\/"},{"@type":"ListItem","position":3,"name":"Kobra 600 ml KROME"}]},{"@type":"WebSite","@id":"https:\/\/www.sugarfactory.hr\/#website","url":"https:\/\/www.sugarfactory.hr\/","name":"Cukorgy\u00e1r","description":"Create your sweetest pieces!","potentialAction":[{"@type":"SearchAction","target":{"@type":"EntryPoint","urlTemplate":"https:\/\/www.sugarfactory.hr\/?s={search_term_string}"},"query-input":{"@type":"PropertyValueSpecification","valueRequired":true,"valueName":"search_term_string"}}],"inLanguage":"hu"}]}},"_links":{"self":[{"href":"https:\/\/www.sugarfactory.hr\/hu\/wp-json\/wp\/v2\/product\/1021","targetHints":{"allow":["GET"]}}],"collection":[{"href":"https:\/\/www.sugarfactory.hr\/hu\/wp-json\/wp\/v2\/product"}],"about":[{"href":"https:\/\/www.sugarfactory.hr\/hu\/wp-json\/wp\/v2\/types\/product"}],"wp:featuredmedia":[{"embeddable":true,"href":"https:\/\/www.sugarfactory.hr\/hu\/wp-json\/wp\/v2\/media\/12365"}],"wp:attachment":[{"href":"https:\/\/www.sugarfactory.hr\/hu\/wp-json\/wp\/v2\/media?parent=1021"}],"wp:term":[{"taxonomy":"product_brand","embeddable":true,"href":"https:\/\/www.sugarfactory.hr\/hu\/wp-json\/wp\/v2\/product_brand?post=1021"},{"taxonomy":"product_cat","embeddable":true,"href":"https:\/\/www.sugarfactory.hr\/hu\/wp-json\/wp\/v2\/product_cat?post=1021"},{"taxonomy":"product_tag","embeddable":true,"href":"https:\/\/www.sugarfactory.hr\/hu\/wp-json\/wp\/v2\/product_tag?post=1021"}],"curies":[{"name":"wp","href":"https:\/\/api.w.org\/{rel}","templated":true}]}}