{"id":10707,"date":"2025-05-09T11:31:54","date_gmt":"2025-05-09T10:31:54","guid":{"rendered":"https:\/\/www.sugarfactory.hr\/?post_type=product&#038;p=10707"},"modified":"2026-04-08T09:25:54","modified_gmt":"2026-04-08T08:25:54","slug":"san-marco-decorfilm","status":"publish","type":"product","link":"https:\/\/www.sugarfactory.hr\/hu\/termek\/fal-szinek\/san-marco-decorfilm\/","title":{"rendered":"San Marco Decorfilm"},"content":{"rendered":"<p><strong>DECORFILM je za\u0161titni premaz na bazi vode specifi\u010dan za za\u0161titu unutarnjih i vanjskih povr\u0161ina tretiranih dekorativnim zavr\u0161nim slojevima, bojama i lakovima na bazi vode.<\/strong><br \/>\nAkrilno modificirana uretanska formulacija stvara za\u0161titni sloj koji se lako \u010disti i ima izvrsnu mehani\u010dku otpornost.<br \/>\nNa zidovima oblo\u017eenim obojenim bojama na bazi vode, primjenom DECORFILM-a smanjuje se pojava \u0161aranja povr\u0161ine.<br \/>\nBrzo se su\u0161i i ne \u017euti, DECORFILM ima izvrsna svojstva te\u010denja i prianjanja.<br \/>\nDostupan u sjajnoj ili mat verziji, savr\u0161eno se me\u0111usobno mije\u0161aju. Tako mo\u017eete dobiti razli\u010dite razine sjaja koje su prikladne za za\u0161titu pozadinske povr\u0161ine.<\/p>\n<p><strong><em>LUCIDO<\/em><\/strong>\u00a0se koristi za dobivanje sjajnog efekta.<\/p>\n<p><strong><em>OPACO<\/em><\/strong>\u00a0se koristi za dobivanje polumat i mat efekta.<\/p>\n<p>U skladu je sa zahtjevima Reg. EC 852\/2004 o higijeni prehrambenih proizvoda.<\/p>","protected":false},"excerpt":{"rendered":"<p>DECORFILM je za\u0161titni premaz na bazi vode specifi\u010dan za za\u0161titu unutarnjih i vanjskih povr\u0161ina tretiranih dekorativnim zavr\u0161nim slojevima, bojama i lakovima na bazi vode. Akrilno modificirana uretanska formulacija stvara za\u0161titni sloj koji se lako \u010disti i ima izvrsnu mehani\u010dku otpornost. Na zidovima oblo\u017eenim obojenim bojama na bazi vode, primjenom DECORFILM-a smanjuje se pojava \u0161aranja povr\u0161ine. [&hellip;]<\/p>","protected":false},"featured_media":10710,"template":"","meta":{"_acf_changed":false},"product_brand":[107],"product_cat":[20],"product_tag":[],"class_list":{"0":"post-10707","1":"product","2":"type-product","3":"status-publish","4":"has-post-thumbnail","6":"product_brand-san-marco","7":"product_cat-boje-za-zid","9":"first","10":"outofstock","11":"shipping-taxable","12":"purchasable","13":"product-type-variable"},"acf":[],"yoast_head":"<!-- This site is optimized with the Yoast SEO plugin v26.3 - https:\/\/yoast.com\/wordpress\/plugins\/seo\/ -->\n<title>San Marco Decorfilm - Sugar Factory<\/title>\n<meta name=\"robots\" content=\"index, follow, max-snippet:-1, max-image-preview:large, max-video-preview:-1\" \/>\n<link rel=\"canonical\" href=\"https:\/\/www.sugarfactory.hr\/hu\/termek\/fal-szinek\/san-marco-decorfilm\/\" \/>\n<meta property=\"og:locale\" content=\"hu_HU\" \/>\n<meta property=\"og:type\" content=\"article\" \/>\n<meta property=\"og:title\" content=\"San Marco Decorfilm - Sugar Factory\" \/>\n<meta property=\"og:description\" content=\"DECORFILM je za\u0161titni premaz na bazi vode specifi\u010dan za za\u0161titu unutarnjih i vanjskih povr\u0161ina tretiranih dekorativnim zavr\u0161nim slojevima, bojama i lakovima na bazi vode. Akrilno modificirana uretanska formulacija stvara za\u0161titni sloj koji se lako \u010disti i ima izvrsnu mehani\u010dku otpornost. Na zidovima oblo\u017eenim obojenim bojama na bazi vode, primjenom DECORFILM-a smanjuje se pojava \u0161aranja povr\u0161ine. [&hellip;]\" \/>\n<meta property=\"og:url\" content=\"https:\/\/www.sugarfactory.hr\/hu\/termek\/fal-szinek\/san-marco-decorfilm\/\" \/>\n<meta property=\"og:site_name\" content=\"Sugar Factory\" \/>\n<meta property=\"article:modified_time\" content=\"2026-04-08T08:25:54+00:00\" \/>\n<meta property=\"og:image\" content=\"https:\/\/www.sugarfactory.hr\/wp-content\/uploads\/2025\/05\/san-marco-decorfilm.png\" \/>\n\t<meta property=\"og:image:width\" content=\"800\" \/>\n\t<meta property=\"og:image:height\" content=\"800\" \/>\n\t<meta property=\"og:image:type\" content=\"image\/png\" \/>\n<meta name=\"twitter:card\" content=\"summary_large_image\" \/>\n<meta name=\"twitter:label1\" content=\"Becs\u00fclt olvas\u00e1si id\u0151\" \/>\n\t<meta name=\"twitter:data1\" content=\"1 perc\" \/>\n<script type=\"application\/ld+json\" class=\"yoast-schema-graph\">{\"@context\":\"https:\/\/schema.org\",\"@graph\":[{\"@type\":\"WebPage\",\"@id\":\"https:\/\/www.sugarfactory.hr\/proizvod\/boje-za-zid\/san-marco-decorfilm\/\",\"url\":\"https:\/\/www.sugarfactory.hr\/proizvod\/boje-za-zid\/san-marco-decorfilm\/\",\"name\":\"San Marco Decorfilm - Sugar Factory\",\"isPartOf\":{\"@id\":\"https:\/\/www.sugarfactory.hr\/#website\"},\"primaryImageOfPage\":{\"@id\":\"https:\/\/www.sugarfactory.hr\/proizvod\/boje-za-zid\/san-marco-decorfilm\/#primaryimage\"},\"image\":{\"@id\":\"https:\/\/www.sugarfactory.hr\/proizvod\/boje-za-zid\/san-marco-decorfilm\/#primaryimage\"},\"thumbnailUrl\":\"https:\/\/www.sugarfactory.hr\/wp-content\/uploads\/2025\/05\/san-marco-decorfilm.png\",\"datePublished\":\"2025-05-09T10:31:54+00:00\",\"dateModified\":\"2026-04-08T08:25:54+00:00\",\"breadcrumb\":{\"@id\":\"https:\/\/www.sugarfactory.hr\/proizvod\/boje-za-zid\/san-marco-decorfilm\/#breadcrumb\"},\"inLanguage\":\"hu\",\"potentialAction\":[{\"@type\":\"ReadAction\",\"target\":[\"https:\/\/www.sugarfactory.hr\/proizvod\/boje-za-zid\/san-marco-decorfilm\/\"]}]},{\"@type\":\"ImageObject\",\"inLanguage\":\"hu\",\"@id\":\"https:\/\/www.sugarfactory.hr\/proizvod\/boje-za-zid\/san-marco-decorfilm\/#primaryimage\",\"url\":\"https:\/\/www.sugarfactory.hr\/wp-content\/uploads\/2025\/05\/san-marco-decorfilm.png\",\"contentUrl\":\"https:\/\/www.sugarfactory.hr\/wp-content\/uploads\/2025\/05\/san-marco-decorfilm.png\",\"width\":800,\"height\":800},{\"@type\":\"BreadcrumbList\",\"@id\":\"https:\/\/www.sugarfactory.hr\/proizvod\/boje-za-zid\/san-marco-decorfilm\/#breadcrumb\",\"itemListElement\":[{\"@type\":\"ListItem\",\"position\":1,\"name\":\"Po\u010detna stranica\",\"item\":\"https:\/\/www.sugarfactory.hr\/\"},{\"@type\":\"ListItem\",\"position\":2,\"name\":\"Proizvodi\",\"item\":\"https:\/\/www.sugarfactory.hr\/shop\/\"},{\"@type\":\"ListItem\",\"position\":3,\"name\":\"San Marco Decorfilm\"}]},{\"@type\":\"WebSite\",\"@id\":\"https:\/\/www.sugarfactory.hr\/#website\",\"url\":\"https:\/\/www.sugarfactory.hr\/\",\"name\":\"Sugar Factory\",\"description\":\"Create your sweetest pieces!\",\"potentialAction\":[{\"@type\":\"SearchAction\",\"target\":{\"@type\":\"EntryPoint\",\"urlTemplate\":\"https:\/\/www.sugarfactory.hr\/?s={search_term_string}\"},\"query-input\":{\"@type\":\"PropertyValueSpecification\",\"valueRequired\":true,\"valueName\":\"search_term_string\"}}],\"inLanguage\":\"hu\"}]}<\/script>\n<!-- \/ Yoast SEO plugin. -->","yoast_head_json":{"title":"San Marco Decorfilm - Sugar Factory","robots":{"index":"index","follow":"follow","max-snippet":"max-snippet:-1","max-image-preview":"max-image-preview:large","max-video-preview":"max-video-preview:-1"},"canonical":"https:\/\/www.sugarfactory.hr\/hu\/termek\/fal-szinek\/san-marco-decorfilm\/","og_locale":"hu_HU","og_type":"article","og_title":"San Marco Decorfilm - Sugar Factory","og_description":"DECORFILM je za\u0161titni premaz na bazi vode specifi\u010dan za za\u0161titu unutarnjih i vanjskih povr\u0161ina tretiranih dekorativnim zavr\u0161nim slojevima, bojama i lakovima na bazi vode. Akrilno modificirana uretanska formulacija stvara za\u0161titni sloj koji se lako \u010disti i ima izvrsnu mehani\u010dku otpornost. Na zidovima oblo\u017eenim obojenim bojama na bazi vode, primjenom DECORFILM-a smanjuje se pojava \u0161aranja povr\u0161ine. [&hellip;]","og_url":"https:\/\/www.sugarfactory.hr\/hu\/termek\/fal-szinek\/san-marco-decorfilm\/","og_site_name":"Sugar Factory","article_modified_time":"2026-04-08T08:25:54+00:00","og_image":[{"width":800,"height":800,"url":"https:\/\/www.sugarfactory.hr\/wp-content\/uploads\/2025\/05\/san-marco-decorfilm.png","type":"image\/png"}],"twitter_card":"summary_large_image","twitter_misc":{"Becs\u00fclt olvas\u00e1si id\u0151":"1 perc"},"schema":{"@context":"https:\/\/schema.org","@graph":[{"@type":"WebPage","@id":"https:\/\/www.sugarfactory.hr\/proizvod\/boje-za-zid\/san-marco-decorfilm\/","url":"https:\/\/www.sugarfactory.hr\/proizvod\/boje-za-zid\/san-marco-decorfilm\/","name":"San Marco Decorfilm - Sugar Factory","isPartOf":{"@id":"https:\/\/www.sugarfactory.hr\/#website"},"primaryImageOfPage":{"@id":"https:\/\/www.sugarfactory.hr\/proizvod\/boje-za-zid\/san-marco-decorfilm\/#primaryimage"},"image":{"@id":"https:\/\/www.sugarfactory.hr\/proizvod\/boje-za-zid\/san-marco-decorfilm\/#primaryimage"},"thumbnailUrl":"https:\/\/www.sugarfactory.hr\/wp-content\/uploads\/2025\/05\/san-marco-decorfilm.png","datePublished":"2025-05-09T10:31:54+00:00","dateModified":"2026-04-08T08:25:54+00:00","breadcrumb":{"@id":"https:\/\/www.sugarfactory.hr\/proizvod\/boje-za-zid\/san-marco-decorfilm\/#breadcrumb"},"inLanguage":"hu","potentialAction":[{"@type":"ReadAction","target":["https:\/\/www.sugarfactory.hr\/proizvod\/boje-za-zid\/san-marco-decorfilm\/"]}]},{"@type":"ImageObject","inLanguage":"hu","@id":"https:\/\/www.sugarfactory.hr\/proizvod\/boje-za-zid\/san-marco-decorfilm\/#primaryimage","url":"https:\/\/www.sugarfactory.hr\/wp-content\/uploads\/2025\/05\/san-marco-decorfilm.png","contentUrl":"https:\/\/www.sugarfactory.hr\/wp-content\/uploads\/2025\/05\/san-marco-decorfilm.png","width":800,"height":800},{"@type":"BreadcrumbList","@id":"https:\/\/www.sugarfactory.hr\/proizvod\/boje-za-zid\/san-marco-decorfilm\/#breadcrumb","itemListElement":[{"@type":"ListItem","position":1,"name":"Po\u010detna stranica","item":"https:\/\/www.sugarfactory.hr\/"},{"@type":"ListItem","position":2,"name":"Proizvodi","item":"https:\/\/www.sugarfactory.hr\/shop\/"},{"@type":"ListItem","position":3,"name":"San Marco Decorfilm"}]},{"@type":"WebSite","@id":"https:\/\/www.sugarfactory.hr\/#website","url":"https:\/\/www.sugarfactory.hr\/","name":"Cukorgy\u00e1r","description":"Create your sweetest pieces!","potentialAction":[{"@type":"SearchAction","target":{"@type":"EntryPoint","urlTemplate":"https:\/\/www.sugarfactory.hr\/?s={search_term_string}"},"query-input":{"@type":"PropertyValueSpecification","valueRequired":true,"valueName":"search_term_string"}}],"inLanguage":"hu"}]}},"_links":{"self":[{"href":"https:\/\/www.sugarfactory.hr\/hu\/wp-json\/wp\/v2\/product\/10707","targetHints":{"allow":["GET"]}}],"collection":[{"href":"https:\/\/www.sugarfactory.hr\/hu\/wp-json\/wp\/v2\/product"}],"about":[{"href":"https:\/\/www.sugarfactory.hr\/hu\/wp-json\/wp\/v2\/types\/product"}],"wp:featuredmedia":[{"embeddable":true,"href":"https:\/\/www.sugarfactory.hr\/hu\/wp-json\/wp\/v2\/media\/10710"}],"wp:attachment":[{"href":"https:\/\/www.sugarfactory.hr\/hu\/wp-json\/wp\/v2\/media?parent=10707"}],"wp:term":[{"taxonomy":"product_brand","embeddable":true,"href":"https:\/\/www.sugarfactory.hr\/hu\/wp-json\/wp\/v2\/product_brand?post=10707"},{"taxonomy":"product_cat","embeddable":true,"href":"https:\/\/www.sugarfactory.hr\/hu\/wp-json\/wp\/v2\/product_cat?post=10707"},{"taxonomy":"product_tag","embeddable":true,"href":"https:\/\/www.sugarfactory.hr\/hu\/wp-json\/wp\/v2\/product_tag?post=10707"}],"curies":[{"name":"wp","href":"https:\/\/api.w.org\/{rel}","templated":true}]}}