{"id":11369,"date":"2025-08-11T13:39:45","date_gmt":"2025-08-11T12:39:45","guid":{"rendered":"https:\/\/www.sugarfactory.hr\/?post_type=product&#038;p=11369"},"modified":"2026-04-17T12:53:05","modified_gmt":"2026-04-17T11:53:05","slug":"talens-art-creation-akvarel-set-12","status":"publish","type":"product","link":"https:\/\/www.sugarfactory.hr\/hu\/termek\/muveszeti-program\/talens-art-creation-akvarel-set-12\/","title":{"rendered":"Talens Art Creation akvarellk\u00e9szlet 12"},"content":{"rendered":"<p data-start=\"0\" data-end=\"108\"><strong data-start=\"0\" data-end=\"38\">Talens Art Creation akvarellk\u00e9szlet 12<\/strong> sadr\u017ei <strong data-start=\"46\" data-end=\"80\" data-is-only-node=\"\">12 transparentnih akvarel boja<\/strong> koje se razrje\u0111uju vodom.<\/p>\n<p data-start=\"110\" data-end=\"363\" data-is-last-node=\"\" data-is-only-node=\"\">\u0160to vi\u0161e vode dodate, to je nijansa <strong data-start=\"146\" data-end=\"159\">svjetlija<\/strong>, a boje omogu\u0107uju <strong data-start=\"178\" data-end=\"201\">vi\u0161e slojeva nanosa<\/strong> jedan preko drugog za postizanje bogatih i prozra\u010dnih efekata. Idealne su za <strong data-start=\"279\" data-end=\"312\">di\u00e1kok, hobbist\u00e1k \u00e9s m\u0171v\u00e9szek<\/strong> koji \u017eele eksperimentirati s akvarelnim tehnikama.<\/p>","protected":false},"excerpt":{"rendered":"<p>Talens Art Creation akvarel set 12 sadr\u017ei 12 transparentnih akvarel boja koje se razrje\u0111uju vodom. \u0160to vi\u0161e vode dodate, to je nijansa svjetlija, a boje omogu\u0107uju vi\u0161e slojeva nanosa jedan preko drugog za postizanje bogatih i prozra\u010dnih efekata. Idealne su za studente, hobiste i umjetnike koji \u017eele eksperimentirati s akvarelnim tehnikama.<\/p>","protected":false},"featured_media":12737,"template":"","meta":{"_acf_changed":false},"product_brand":[119],"product_cat":[45,67],"product_tag":[],"class_list":{"0":"post-11369","1":"product","2":"type-product","3":"status-publish","4":"has-post-thumbnail","6":"product_brand-talens-art-creation","7":"product_cat-umjetnicki-program","8":"product_cat-akvarel-boje","10":"first","11":"instock","12":"shipping-taxable","13":"purchasable","14":"product-type-simple"},"acf":[],"yoast_head":"<!-- This site is optimized with the Yoast SEO plugin v26.3 - https:\/\/yoast.com\/wordpress\/plugins\/seo\/ -->\n<title>Talens Art Creation akvarel set 12 - Sugar Factory<\/title>\n<meta name=\"robots\" content=\"index, follow, max-snippet:-1, max-image-preview:large, max-video-preview:-1\" \/>\n<link rel=\"canonical\" href=\"https:\/\/www.sugarfactory.hr\/hu\/termek\/muveszeti-program\/talens-art-creation-akvarel-set-12\/\" \/>\n<meta property=\"og:locale\" content=\"hu_HU\" \/>\n<meta property=\"og:type\" content=\"article\" \/>\n<meta property=\"og:title\" content=\"Talens Art Creation akvarel set 12 - Sugar Factory\" \/>\n<meta property=\"og:description\" content=\"Talens Art Creation akvarel set 12 sadr\u017ei 12 transparentnih akvarel boja koje se razrje\u0111uju vodom. \u0160to vi\u0161e vode dodate, to je nijansa svjetlija, a boje omogu\u0107uju vi\u0161e slojeva nanosa jedan preko drugog za postizanje bogatih i prozra\u010dnih efekata. Idealne su za studente, hobiste i umjetnike koji \u017eele eksperimentirati s akvarelnim tehnikama.\" \/>\n<meta property=\"og:url\" content=\"https:\/\/www.sugarfactory.hr\/hu\/termek\/muveszeti-program\/talens-art-creation-akvarel-set-12\/\" \/>\n<meta property=\"og:site_name\" content=\"Sugar Factory\" \/>\n<meta property=\"article:modified_time\" content=\"2026-04-17T11:53:05+00:00\" \/>\n<meta property=\"og:image\" content=\"https:\/\/www.sugarfactory.hr\/wp-content\/uploads\/2025\/08\/5d22371428254683997daf13b63b2c84.webp\" \/>\n\t<meta property=\"og:image:width\" content=\"896\" \/>\n\t<meta property=\"og:image:height\" content=\"1120\" \/>\n\t<meta property=\"og:image:type\" content=\"image\/webp\" \/>\n<meta name=\"twitter:card\" content=\"summary_large_image\" \/>\n<script type=\"application\/ld+json\" class=\"yoast-schema-graph\">{\"@context\":\"https:\/\/schema.org\",\"@graph\":[{\"@type\":\"WebPage\",\"@id\":\"https:\/\/www.sugarfactory.hr\/proizvod\/umjetnicki-program\/talens-art-creation-akvarel-set-12\/\",\"url\":\"https:\/\/www.sugarfactory.hr\/proizvod\/umjetnicki-program\/talens-art-creation-akvarel-set-12\/\",\"name\":\"Talens Art Creation akvarel set 12 - Sugar Factory\",\"isPartOf\":{\"@id\":\"https:\/\/www.sugarfactory.hr\/#website\"},\"primaryImageOfPage\":{\"@id\":\"https:\/\/www.sugarfactory.hr\/proizvod\/umjetnicki-program\/talens-art-creation-akvarel-set-12\/#primaryimage\"},\"image\":{\"@id\":\"https:\/\/www.sugarfactory.hr\/proizvod\/umjetnicki-program\/talens-art-creation-akvarel-set-12\/#primaryimage\"},\"thumbnailUrl\":\"https:\/\/www.sugarfactory.hr\/wp-content\/uploads\/2025\/08\/5d22371428254683997daf13b63b2c84.webp\",\"datePublished\":\"2025-08-11T12:39:45+00:00\",\"dateModified\":\"2026-04-17T11:53:05+00:00\",\"breadcrumb\":{\"@id\":\"https:\/\/www.sugarfactory.hr\/proizvod\/umjetnicki-program\/talens-art-creation-akvarel-set-12\/#breadcrumb\"},\"inLanguage\":\"hu\",\"potentialAction\":[{\"@type\":\"ReadAction\",\"target\":[\"https:\/\/www.sugarfactory.hr\/proizvod\/umjetnicki-program\/talens-art-creation-akvarel-set-12\/\"]}]},{\"@type\":\"ImageObject\",\"inLanguage\":\"hu\",\"@id\":\"https:\/\/www.sugarfactory.hr\/proizvod\/umjetnicki-program\/talens-art-creation-akvarel-set-12\/#primaryimage\",\"url\":\"https:\/\/www.sugarfactory.hr\/wp-content\/uploads\/2025\/08\/5d22371428254683997daf13b63b2c84.webp\",\"contentUrl\":\"https:\/\/www.sugarfactory.hr\/wp-content\/uploads\/2025\/08\/5d22371428254683997daf13b63b2c84.webp\",\"width\":896,\"height\":1120},{\"@type\":\"BreadcrumbList\",\"@id\":\"https:\/\/www.sugarfactory.hr\/proizvod\/umjetnicki-program\/talens-art-creation-akvarel-set-12\/#breadcrumb\",\"itemListElement\":[{\"@type\":\"ListItem\",\"position\":1,\"name\":\"Po\u010detna stranica\",\"item\":\"https:\/\/www.sugarfactory.hr\/\"},{\"@type\":\"ListItem\",\"position\":2,\"name\":\"Proizvodi\",\"item\":\"https:\/\/www.sugarfactory.hr\/shop\/\"},{\"@type\":\"ListItem\",\"position\":3,\"name\":\"Talens Art Creation akvarel set 12\"}]},{\"@type\":\"WebSite\",\"@id\":\"https:\/\/www.sugarfactory.hr\/#website\",\"url\":\"https:\/\/www.sugarfactory.hr\/\",\"name\":\"Sugar Factory\",\"description\":\"Create your sweetest pieces!\",\"potentialAction\":[{\"@type\":\"SearchAction\",\"target\":{\"@type\":\"EntryPoint\",\"urlTemplate\":\"https:\/\/www.sugarfactory.hr\/?s={search_term_string}\"},\"query-input\":{\"@type\":\"PropertyValueSpecification\",\"valueRequired\":true,\"valueName\":\"search_term_string\"}}],\"inLanguage\":\"hu\"}]}<\/script>\n<!-- \/ Yoast SEO plugin. -->","yoast_head_json":{"title":"Talens Art Creation akvarel set 12 - Sugar Factory","robots":{"index":"index","follow":"follow","max-snippet":"max-snippet:-1","max-image-preview":"max-image-preview:large","max-video-preview":"max-video-preview:-1"},"canonical":"https:\/\/www.sugarfactory.hr\/hu\/termek\/muveszeti-program\/talens-art-creation-akvarel-set-12\/","og_locale":"hu_HU","og_type":"article","og_title":"Talens Art Creation akvarel set 12 - Sugar Factory","og_description":"Talens Art Creation akvarel set 12 sadr\u017ei 12 transparentnih akvarel boja koje se razrje\u0111uju vodom. \u0160to vi\u0161e vode dodate, to je nijansa svjetlija, a boje omogu\u0107uju vi\u0161e slojeva nanosa jedan preko drugog za postizanje bogatih i prozra\u010dnih efekata. Idealne su za studente, hobiste i umjetnike koji \u017eele eksperimentirati s akvarelnim tehnikama.","og_url":"https:\/\/www.sugarfactory.hr\/hu\/termek\/muveszeti-program\/talens-art-creation-akvarel-set-12\/","og_site_name":"Sugar Factory","article_modified_time":"2026-04-17T11:53:05+00:00","og_image":[{"width":896,"height":1120,"url":"https:\/\/www.sugarfactory.hr\/wp-content\/uploads\/2025\/08\/5d22371428254683997daf13b63b2c84.webp","type":"image\/webp"}],"twitter_card":"summary_large_image","schema":{"@context":"https:\/\/schema.org","@graph":[{"@type":"WebPage","@id":"https:\/\/www.sugarfactory.hr\/proizvod\/umjetnicki-program\/talens-art-creation-akvarel-set-12\/","url":"https:\/\/www.sugarfactory.hr\/proizvod\/umjetnicki-program\/talens-art-creation-akvarel-set-12\/","name":"Talens Art Creation akvarel set 12 - Sugar Factory","isPartOf":{"@id":"https:\/\/www.sugarfactory.hr\/#website"},"primaryImageOfPage":{"@id":"https:\/\/www.sugarfactory.hr\/proizvod\/umjetnicki-program\/talens-art-creation-akvarel-set-12\/#primaryimage"},"image":{"@id":"https:\/\/www.sugarfactory.hr\/proizvod\/umjetnicki-program\/talens-art-creation-akvarel-set-12\/#primaryimage"},"thumbnailUrl":"https:\/\/www.sugarfactory.hr\/wp-content\/uploads\/2025\/08\/5d22371428254683997daf13b63b2c84.webp","datePublished":"2025-08-11T12:39:45+00:00","dateModified":"2026-04-17T11:53:05+00:00","breadcrumb":{"@id":"https:\/\/www.sugarfactory.hr\/proizvod\/umjetnicki-program\/talens-art-creation-akvarel-set-12\/#breadcrumb"},"inLanguage":"hu","potentialAction":[{"@type":"ReadAction","target":["https:\/\/www.sugarfactory.hr\/proizvod\/umjetnicki-program\/talens-art-creation-akvarel-set-12\/"]}]},{"@type":"ImageObject","inLanguage":"hu","@id":"https:\/\/www.sugarfactory.hr\/proizvod\/umjetnicki-program\/talens-art-creation-akvarel-set-12\/#primaryimage","url":"https:\/\/www.sugarfactory.hr\/wp-content\/uploads\/2025\/08\/5d22371428254683997daf13b63b2c84.webp","contentUrl":"https:\/\/www.sugarfactory.hr\/wp-content\/uploads\/2025\/08\/5d22371428254683997daf13b63b2c84.webp","width":896,"height":1120},{"@type":"BreadcrumbList","@id":"https:\/\/www.sugarfactory.hr\/proizvod\/umjetnicki-program\/talens-art-creation-akvarel-set-12\/#breadcrumb","itemListElement":[{"@type":"ListItem","position":1,"name":"Po\u010detna stranica","item":"https:\/\/www.sugarfactory.hr\/"},{"@type":"ListItem","position":2,"name":"Proizvodi","item":"https:\/\/www.sugarfactory.hr\/shop\/"},{"@type":"ListItem","position":3,"name":"Talens Art Creation akvarel set 12"}]},{"@type":"WebSite","@id":"https:\/\/www.sugarfactory.hr\/#website","url":"https:\/\/www.sugarfactory.hr\/","name":"Cukorgy\u00e1r","description":"Create your sweetest pieces!","potentialAction":[{"@type":"SearchAction","target":{"@type":"EntryPoint","urlTemplate":"https:\/\/www.sugarfactory.hr\/?s={search_term_string}"},"query-input":{"@type":"PropertyValueSpecification","valueRequired":true,"valueName":"search_term_string"}}],"inLanguage":"hu"}]}},"_links":{"self":[{"href":"https:\/\/www.sugarfactory.hr\/hu\/wp-json\/wp\/v2\/product\/11369","targetHints":{"allow":["GET"]}}],"collection":[{"href":"https:\/\/www.sugarfactory.hr\/hu\/wp-json\/wp\/v2\/product"}],"about":[{"href":"https:\/\/www.sugarfactory.hr\/hu\/wp-json\/wp\/v2\/types\/product"}],"wp:featuredmedia":[{"embeddable":true,"href":"https:\/\/www.sugarfactory.hr\/hu\/wp-json\/wp\/v2\/media\/12737"}],"wp:attachment":[{"href":"https:\/\/www.sugarfactory.hr\/hu\/wp-json\/wp\/v2\/media?parent=11369"}],"wp:term":[{"taxonomy":"product_brand","embeddable":true,"href":"https:\/\/www.sugarfactory.hr\/hu\/wp-json\/wp\/v2\/product_brand?post=11369"},{"taxonomy":"product_cat","embeddable":true,"href":"https:\/\/www.sugarfactory.hr\/hu\/wp-json\/wp\/v2\/product_cat?post=11369"},{"taxonomy":"product_tag","embeddable":true,"href":"https:\/\/www.sugarfactory.hr\/hu\/wp-json\/wp\/v2\/product_tag?post=11369"}],"curies":[{"name":"wp","href":"https:\/\/api.w.org\/{rel}","templated":true}]}}