{"id":11479,"date":"2025-08-12T14:08:52","date_gmt":"2025-08-12T13:08:52","guid":{"rendered":"https:\/\/www.sugarfactory.hr\/?post_type=product&#038;p=11479"},"modified":"2026-04-08T09:26:04","modified_gmt":"2026-04-08T08:26:04","slug":"studioban-feszitett-vaszon","status":"publish","type":"product","link":"https:\/\/www.sugarfactory.hr\/hu\/termek\/muveszeti-program\/studioban-feszitett-vaszon\/","title":{"rendered":"St\u00fadi\u00f3ban fesz\u00edtett v\u00e1szon"},"content":{"rendered":"<p>A st\u00fadi\u00f3ban fesz\u00edtett fest\u0151v\u00e1sznak a k\u00f6vetkez\u0151kb\u0151l k\u00e9sz\u00fclnek: <strong data-start=\"74\" data-end=\"96\">alapozott pamut<\/strong> \u00e9s k\u00e9szen \u00e1llnak r\u00e1 <strong data-start=\"113\" data-end=\"143\">olaj- vagy akrilfestm\u00e9ny<\/strong>. Fesz\u00fcltek vannak <strong data-start=\"158\" data-end=\"190\">t\u0171level\u0171 fa l\u00e9cek<\/strong> keresztmetszeti <strong data-start=\"210\" data-end=\"222\">20x33 mm<\/strong>.<\/p>\n<p><strong data-start=\"224\" data-end=\"250\">A kapcsok h\u00e1tul vannak.<\/strong> csatolt <strong data-start=\"265\" data-end=\"289\">megh\u00faz\u00f3 fog\u00f3<\/strong>. Egy\u00e9nileg <strong data-start=\"303\" data-end=\"332\">rugalmas f\u00f3li\u00e1ba csomagolva<\/strong>.<\/p>","protected":false},"excerpt":{"rendered":"<p>A st\u00fadi\u00f3ban fesz\u00edtett fest\u0151v\u00e1sznak alapozott pamutb\u00f3l k\u00e9sz\u00fclnek, \u00e9s olaj- vagy akrilfest\u00e9sre k\u00e9szek. 20x33 mm keresztmetszet\u0171 t\u0171level\u0171 f\u00e1b\u00f3l k\u00e9sz\u00fclt l\u00e9cekre vannak felf\u0171zve. A kapcsok h\u00e1tulj\u00e1n fesz\u00edt\u0151k tal\u00e1lhat\u00f3k. Egyenk\u00e9nt rugalmas f\u00f3li\u00e1ba csomagolva.<\/p>","protected":false},"featured_media":12860,"template":"","meta":{"_acf_changed":false},"product_brand":[113],"product_cat":[45,60],"product_tag":[],"class_list":{"0":"post-11479","1":"product","2":"type-product","3":"status-publish","4":"has-post-thumbnail","6":"product_brand-academy","7":"product_cat-umjetnicki-program","8":"product_cat-napeta-platna","10":"first","11":"instock","12":"shipping-taxable","13":"purchasable","14":"product-type-variable"},"acf":[],"yoast_head":"<!-- This site is optimized with the Yoast SEO plugin v26.3 - https:\/\/yoast.com\/wordpress\/plugins\/seo\/ -->\n<title>Studio napeto platno - Sugar Factory<\/title>\n<meta name=\"robots\" content=\"index, follow, max-snippet:-1, max-image-preview:large, max-video-preview:-1\" \/>\n<link rel=\"canonical\" href=\"https:\/\/www.sugarfactory.hr\/hu\/termek\/muveszeti-program\/studioban-feszitett-vaszon\/\" \/>\n<meta property=\"og:locale\" content=\"hu_HU\" \/>\n<meta property=\"og:type\" content=\"article\" \/>\n<meta property=\"og:title\" content=\"Studio napeto platno - Sugar Factory\" \/>\n<meta property=\"og:description\" content=\"Studio napeta slikarska platna izra\u0111ena su od grundiranog pamuka i spremna su za slikanje uljem ili akrilom. Napeta su na letve od crnogori\u010dnog drveta popre\u010dnog presjeka 20x33 mm. Klamana su na pole\u0111ini sa prilo\u017eenim kajlama za dotezanje. Pojedina\u010dno pakirana u stretch foliji.\" \/>\n<meta property=\"og:url\" content=\"https:\/\/www.sugarfactory.hr\/hu\/termek\/muveszeti-program\/studioban-feszitett-vaszon\/\" \/>\n<meta property=\"og:site_name\" content=\"Sugar Factory\" \/>\n<meta property=\"article:modified_time\" content=\"2026-04-08T08:26:04+00:00\" \/>\n<meta property=\"og:image\" content=\"https:\/\/www.sugarfactory.hr\/wp-content\/uploads\/2025\/08\/2a71581cb64b488981d40705bbc861c8.webp\" \/>\n\t<meta property=\"og:image:width\" content=\"896\" \/>\n\t<meta property=\"og:image:height\" content=\"1120\" \/>\n\t<meta property=\"og:image:type\" content=\"image\/webp\" \/>\n<meta name=\"twitter:card\" content=\"summary_large_image\" \/>\n<script type=\"application\/ld+json\" class=\"yoast-schema-graph\">{\"@context\":\"https:\/\/schema.org\",\"@graph\":[{\"@type\":\"WebPage\",\"@id\":\"https:\/\/www.sugarfactory.hr\/proizvod\/umjetnicki-program\/studio-napeto-platno\/\",\"url\":\"https:\/\/www.sugarfactory.hr\/proizvod\/umjetnicki-program\/studio-napeto-platno\/\",\"name\":\"Studio napeto platno - Sugar Factory\",\"isPartOf\":{\"@id\":\"https:\/\/www.sugarfactory.hr\/#website\"},\"primaryImageOfPage\":{\"@id\":\"https:\/\/www.sugarfactory.hr\/proizvod\/umjetnicki-program\/studio-napeto-platno\/#primaryimage\"},\"image\":{\"@id\":\"https:\/\/www.sugarfactory.hr\/proizvod\/umjetnicki-program\/studio-napeto-platno\/#primaryimage\"},\"thumbnailUrl\":\"https:\/\/www.sugarfactory.hr\/wp-content\/uploads\/2025\/08\/2a71581cb64b488981d40705bbc861c8.webp\",\"datePublished\":\"2025-08-12T13:08:52+00:00\",\"dateModified\":\"2026-04-08T08:26:04+00:00\",\"breadcrumb\":{\"@id\":\"https:\/\/www.sugarfactory.hr\/proizvod\/umjetnicki-program\/studio-napeto-platno\/#breadcrumb\"},\"inLanguage\":\"hu\",\"potentialAction\":[{\"@type\":\"ReadAction\",\"target\":[\"https:\/\/www.sugarfactory.hr\/proizvod\/umjetnicki-program\/studio-napeto-platno\/\"]}]},{\"@type\":\"ImageObject\",\"inLanguage\":\"hu\",\"@id\":\"https:\/\/www.sugarfactory.hr\/proizvod\/umjetnicki-program\/studio-napeto-platno\/#primaryimage\",\"url\":\"https:\/\/www.sugarfactory.hr\/wp-content\/uploads\/2025\/08\/2a71581cb64b488981d40705bbc861c8.webp\",\"contentUrl\":\"https:\/\/www.sugarfactory.hr\/wp-content\/uploads\/2025\/08\/2a71581cb64b488981d40705bbc861c8.webp\",\"width\":896,\"height\":1120},{\"@type\":\"BreadcrumbList\",\"@id\":\"https:\/\/www.sugarfactory.hr\/proizvod\/umjetnicki-program\/studio-napeto-platno\/#breadcrumb\",\"itemListElement\":[{\"@type\":\"ListItem\",\"position\":1,\"name\":\"Po\u010detna stranica\",\"item\":\"https:\/\/www.sugarfactory.hr\/\"},{\"@type\":\"ListItem\",\"position\":2,\"name\":\"Proizvodi\",\"item\":\"https:\/\/www.sugarfactory.hr\/shop\/\"},{\"@type\":\"ListItem\",\"position\":3,\"name\":\"Studio napeto platno\"}]},{\"@type\":\"WebSite\",\"@id\":\"https:\/\/www.sugarfactory.hr\/#website\",\"url\":\"https:\/\/www.sugarfactory.hr\/\",\"name\":\"Sugar Factory\",\"description\":\"Create your sweetest pieces!\",\"potentialAction\":[{\"@type\":\"SearchAction\",\"target\":{\"@type\":\"EntryPoint\",\"urlTemplate\":\"https:\/\/www.sugarfactory.hr\/?s={search_term_string}\"},\"query-input\":{\"@type\":\"PropertyValueSpecification\",\"valueRequired\":true,\"valueName\":\"search_term_string\"}}],\"inLanguage\":\"hu\"}]}<\/script>\n<!-- \/ Yoast SEO plugin. -->","yoast_head_json":{"title":"St\u00fadi\u00f3v\u00e1szon - Cukorgy\u00e1r","robots":{"index":"index","follow":"follow","max-snippet":"max-snippet:-1","max-image-preview":"max-image-preview:large","max-video-preview":"max-video-preview:-1"},"canonical":"https:\/\/www.sugarfactory.hr\/hu\/termek\/muveszeti-program\/studioban-feszitett-vaszon\/","og_locale":"hu_HU","og_type":"article","og_title":"Studio napeto platno - Sugar Factory","og_description":"Studio napeta slikarska platna izra\u0111ena su od grundiranog pamuka i spremna su za slikanje uljem ili akrilom. Napeta su na letve od crnogori\u010dnog drveta popre\u010dnog presjeka 20x33 mm. Klamana su na pole\u0111ini sa prilo\u017eenim kajlama za dotezanje. Pojedina\u010dno pakirana u stretch foliji.","og_url":"https:\/\/www.sugarfactory.hr\/hu\/termek\/muveszeti-program\/studioban-feszitett-vaszon\/","og_site_name":"Sugar Factory","article_modified_time":"2026-04-08T08:26:04+00:00","og_image":[{"width":896,"height":1120,"url":"https:\/\/www.sugarfactory.hr\/wp-content\/uploads\/2025\/08\/2a71581cb64b488981d40705bbc861c8.webp","type":"image\/webp"}],"twitter_card":"summary_large_image","schema":{"@context":"https:\/\/schema.org","@graph":[{"@type":"WebPage","@id":"https:\/\/www.sugarfactory.hr\/proizvod\/umjetnicki-program\/studio-napeto-platno\/","url":"https:\/\/www.sugarfactory.hr\/proizvod\/umjetnicki-program\/studio-napeto-platno\/","name":"St\u00fadi\u00f3v\u00e1szon - Cukorgy\u00e1r","isPartOf":{"@id":"https:\/\/www.sugarfactory.hr\/#website"},"primaryImageOfPage":{"@id":"https:\/\/www.sugarfactory.hr\/proizvod\/umjetnicki-program\/studio-napeto-platno\/#primaryimage"},"image":{"@id":"https:\/\/www.sugarfactory.hr\/proizvod\/umjetnicki-program\/studio-napeto-platno\/#primaryimage"},"thumbnailUrl":"https:\/\/www.sugarfactory.hr\/wp-content\/uploads\/2025\/08\/2a71581cb64b488981d40705bbc861c8.webp","datePublished":"2025-08-12T13:08:52+00:00","dateModified":"2026-04-08T08:26:04+00:00","breadcrumb":{"@id":"https:\/\/www.sugarfactory.hr\/proizvod\/umjetnicki-program\/studio-napeto-platno\/#breadcrumb"},"inLanguage":"hu","potentialAction":[{"@type":"ReadAction","target":["https:\/\/www.sugarfactory.hr\/proizvod\/umjetnicki-program\/studio-napeto-platno\/"]}]},{"@type":"ImageObject","inLanguage":"hu","@id":"https:\/\/www.sugarfactory.hr\/proizvod\/umjetnicki-program\/studio-napeto-platno\/#primaryimage","url":"https:\/\/www.sugarfactory.hr\/wp-content\/uploads\/2025\/08\/2a71581cb64b488981d40705bbc861c8.webp","contentUrl":"https:\/\/www.sugarfactory.hr\/wp-content\/uploads\/2025\/08\/2a71581cb64b488981d40705bbc861c8.webp","width":896,"height":1120},{"@type":"BreadcrumbList","@id":"https:\/\/www.sugarfactory.hr\/proizvod\/umjetnicki-program\/studio-napeto-platno\/#breadcrumb","itemListElement":[{"@type":"ListItem","position":1,"name":"Po\u010detna stranica","item":"https:\/\/www.sugarfactory.hr\/"},{"@type":"ListItem","position":2,"name":"Proizvodi","item":"https:\/\/www.sugarfactory.hr\/shop\/"},{"@type":"ListItem","position":3,"name":"Studio napeto platno"}]},{"@type":"WebSite","@id":"https:\/\/www.sugarfactory.hr\/#website","url":"https:\/\/www.sugarfactory.hr\/","name":"Cukorgy\u00e1r","description":"Create your sweetest pieces!","potentialAction":[{"@type":"SearchAction","target":{"@type":"EntryPoint","urlTemplate":"https:\/\/www.sugarfactory.hr\/?s={search_term_string}"},"query-input":{"@type":"PropertyValueSpecification","valueRequired":true,"valueName":"search_term_string"}}],"inLanguage":"hu"}]}},"_links":{"self":[{"href":"https:\/\/www.sugarfactory.hr\/hu\/wp-json\/wp\/v2\/product\/11479","targetHints":{"allow":["GET"]}}],"collection":[{"href":"https:\/\/www.sugarfactory.hr\/hu\/wp-json\/wp\/v2\/product"}],"about":[{"href":"https:\/\/www.sugarfactory.hr\/hu\/wp-json\/wp\/v2\/types\/product"}],"wp:featuredmedia":[{"embeddable":true,"href":"https:\/\/www.sugarfactory.hr\/hu\/wp-json\/wp\/v2\/media\/12860"}],"wp:attachment":[{"href":"https:\/\/www.sugarfactory.hr\/hu\/wp-json\/wp\/v2\/media?parent=11479"}],"wp:term":[{"taxonomy":"product_brand","embeddable":true,"href":"https:\/\/www.sugarfactory.hr\/hu\/wp-json\/wp\/v2\/product_brand?post=11479"},{"taxonomy":"product_cat","embeddable":true,"href":"https:\/\/www.sugarfactory.hr\/hu\/wp-json\/wp\/v2\/product_cat?post=11479"},{"taxonomy":"product_tag","embeddable":true,"href":"https:\/\/www.sugarfactory.hr\/hu\/wp-json\/wp\/v2\/product_tag?post=11479"}],"curies":[{"name":"wp","href":"https:\/\/api.w.org\/{rel}","templated":true}]}}