{"id":13143,"date":"2025-10-29T10:58:49","date_gmt":"2025-10-29T09:58:49","guid":{"rendered":"https:\/\/www.sugarfactory.hr\/?post_type=product&#038;p=13143"},"modified":"2026-04-17T12:53:14","modified_gmt":"2026-04-17T11:53:14","slug":"akril-latex-standard-kist","status":"publish","type":"product","link":"https:\/\/www.sugarfactory.hr\/hu\/termek\/kiegeszitok\/akril-latex-standard-kist\/","title":{"rendered":"Akril-latex standard ecset"},"content":{"rendered":"<p data-start=\"0\" data-end=\"264\"><strong data-start=\"0\" data-end=\"31\">Akril-latex standard ecset <\/strong>\u00a0razvijen je za <strong data-start=\"47\" data-end=\"103\">izvrsne performanse s akrilnim i bojama na bazi vode<\/strong>, nude\u0107i savr\u0161enu ravnote\u017eu izme\u0111u preciznosti i izda\u0161nog nano\u0161enja. Njegova konstrukcija omogu\u0107uje <strong data-start=\"203\" data-end=\"229\" data-is-only-node=\"\">vrhunsko upijanje boje<\/strong> i ravnomjeran nanos bez tragova.<\/p>\n<p data-start=\"266\" data-end=\"510\">Sinteti\u010dka vlakna visoke kvalitete pru\u017eaju <strong data-start=\"309\" data-end=\"331\">glatki i fini trag<\/strong>, \u0161to ovaj kist \u010dini idealnim za rad na ve\u0107im povr\u0161inama i precizne zavr\u0161ne poteze. Boja se raspore\u0111uje ujedna\u010deno, bez kapanja, uz osje\u0107aj potpune kontrole nad svakim pokretom.<\/p>","protected":false},"excerpt":{"rendered":"<p>Akril Latex Standard kist \u00a0razvijen je za izvrsne performanse s akrilnim i bojama na bazi vode, nude\u0107i savr\u0161enu ravnote\u017eu izme\u0111u preciznosti i izda\u0161nog nano\u0161enja. Njegova konstrukcija omogu\u0107uje vrhunsko upijanje boje i ravnomjeran nanos bez tragova. Sinteti\u010dka vlakna visoke kvalitete pru\u017eaju glatki i fini trag, \u0161to ovaj kist \u010dini idealnim za rad na ve\u0107im povr\u0161inama i [&hellip;]<\/p>","protected":false},"featured_media":13144,"template":"","meta":{"_acf_changed":false},"product_brand":[136],"product_cat":[21,86,135],"product_tag":[],"class_list":{"0":"post-13143","1":"product","2":"type-product","3":"status-publish","4":"has-post-thumbnail","6":"product_brand-beorol","7":"product_cat-accessories","8":"product_cat-alati-za-bojanje-i-struganje","9":"product_cat-export","11":"first","12":"instock","13":"shipping-taxable","14":"purchasable","15":"product-type-variable"},"acf":[],"yoast_head":"<!-- This site is optimized with the Yoast SEO plugin v26.3 - https:\/\/yoast.com\/wordpress\/plugins\/seo\/ -->\n<title>Akril Latex Standard kist - Sugar Factory<\/title>\n<meta name=\"robots\" content=\"index, follow, max-snippet:-1, max-image-preview:large, max-video-preview:-1\" \/>\n<link rel=\"canonical\" href=\"https:\/\/www.sugarfactory.hr\/hu\/termek\/kiegeszitok\/akril-latex-standard-kist\/\" \/>\n<meta property=\"og:locale\" content=\"hu_HU\" \/>\n<meta property=\"og:type\" content=\"article\" \/>\n<meta property=\"og:title\" content=\"Akril Latex Standard kist - Sugar Factory\" \/>\n<meta property=\"og:description\" content=\"Akril Latex Standard kist \u00a0razvijen je za izvrsne performanse s akrilnim i bojama na bazi vode, nude\u0107i savr\u0161enu ravnote\u017eu izme\u0111u preciznosti i izda\u0161nog nano\u0161enja. Njegova konstrukcija omogu\u0107uje vrhunsko upijanje boje i ravnomjeran nanos bez tragova. Sinteti\u010dka vlakna visoke kvalitete pru\u017eaju glatki i fini trag, \u0161to ovaj kist \u010dini idealnim za rad na ve\u0107im povr\u0161inama i [&hellip;]\" \/>\n<meta property=\"og:url\" content=\"https:\/\/www.sugarfactory.hr\/hu\/termek\/kiegeszitok\/akril-latex-standard-kist\/\" \/>\n<meta property=\"og:site_name\" content=\"Sugar Factory\" \/>\n<meta property=\"article:modified_time\" content=\"2026-04-17T11:53:14+00:00\" \/>\n<meta property=\"og:image\" content=\"https:\/\/www.sugarfactory.hr\/wp-content\/uploads\/2025\/10\/e83a7e65f8394111b58527a0f9123d4e.webp\" \/>\n\t<meta property=\"og:image:width\" content=\"896\" \/>\n\t<meta property=\"og:image:height\" content=\"1120\" \/>\n\t<meta property=\"og:image:type\" content=\"image\/webp\" \/>\n<meta name=\"twitter:card\" content=\"summary_large_image\" \/>\n<script type=\"application\/ld+json\" class=\"yoast-schema-graph\">{\"@context\":\"https:\/\/schema.org\",\"@graph\":[{\"@type\":\"WebPage\",\"@id\":\"https:\/\/www.sugarfactory.hr\/proizvod\/accessories\/akril-latex-standard-kist\/\",\"url\":\"https:\/\/www.sugarfactory.hr\/proizvod\/accessories\/akril-latex-standard-kist\/\",\"name\":\"Akril Latex Standard kist - Sugar Factory\",\"isPartOf\":{\"@id\":\"https:\/\/www.sugarfactory.hr\/#website\"},\"primaryImageOfPage\":{\"@id\":\"https:\/\/www.sugarfactory.hr\/proizvod\/accessories\/akril-latex-standard-kist\/#primaryimage\"},\"image\":{\"@id\":\"https:\/\/www.sugarfactory.hr\/proizvod\/accessories\/akril-latex-standard-kist\/#primaryimage\"},\"thumbnailUrl\":\"https:\/\/www.sugarfactory.hr\/wp-content\/uploads\/2025\/10\/e83a7e65f8394111b58527a0f9123d4e.webp\",\"datePublished\":\"2025-10-29T09:58:49+00:00\",\"dateModified\":\"2026-04-17T11:53:14+00:00\",\"breadcrumb\":{\"@id\":\"https:\/\/www.sugarfactory.hr\/proizvod\/accessories\/akril-latex-standard-kist\/#breadcrumb\"},\"inLanguage\":\"hu\",\"potentialAction\":[{\"@type\":\"ReadAction\",\"target\":[\"https:\/\/www.sugarfactory.hr\/proizvod\/accessories\/akril-latex-standard-kist\/\"]}]},{\"@type\":\"ImageObject\",\"inLanguage\":\"hu\",\"@id\":\"https:\/\/www.sugarfactory.hr\/proizvod\/accessories\/akril-latex-standard-kist\/#primaryimage\",\"url\":\"https:\/\/www.sugarfactory.hr\/wp-content\/uploads\/2025\/10\/e83a7e65f8394111b58527a0f9123d4e.webp\",\"contentUrl\":\"https:\/\/www.sugarfactory.hr\/wp-content\/uploads\/2025\/10\/e83a7e65f8394111b58527a0f9123d4e.webp\",\"width\":896,\"height\":1120},{\"@type\":\"BreadcrumbList\",\"@id\":\"https:\/\/www.sugarfactory.hr\/proizvod\/accessories\/akril-latex-standard-kist\/#breadcrumb\",\"itemListElement\":[{\"@type\":\"ListItem\",\"position\":1,\"name\":\"Po\u010detna stranica\",\"item\":\"https:\/\/www.sugarfactory.hr\/\"},{\"@type\":\"ListItem\",\"position\":2,\"name\":\"Proizvodi\",\"item\":\"https:\/\/www.sugarfactory.hr\/shop\/\"},{\"@type\":\"ListItem\",\"position\":3,\"name\":\"Akril Latex Standard kist\"}]},{\"@type\":\"WebSite\",\"@id\":\"https:\/\/www.sugarfactory.hr\/#website\",\"url\":\"https:\/\/www.sugarfactory.hr\/\",\"name\":\"Sugar Factory\",\"description\":\"Create your sweetest pieces!\",\"potentialAction\":[{\"@type\":\"SearchAction\",\"target\":{\"@type\":\"EntryPoint\",\"urlTemplate\":\"https:\/\/www.sugarfactory.hr\/?s={search_term_string}\"},\"query-input\":{\"@type\":\"PropertyValueSpecification\",\"valueRequired\":true,\"valueName\":\"search_term_string\"}}],\"inLanguage\":\"hu\"}]}<\/script>\n<!-- \/ Yoast SEO plugin. -->","yoast_head_json":{"title":"Akril Latex Standard kist - Sugar Factory","robots":{"index":"index","follow":"follow","max-snippet":"max-snippet:-1","max-image-preview":"max-image-preview:large","max-video-preview":"max-video-preview:-1"},"canonical":"https:\/\/www.sugarfactory.hr\/hu\/termek\/kiegeszitok\/akril-latex-standard-kist\/","og_locale":"hu_HU","og_type":"article","og_title":"Akril Latex Standard kist - Sugar Factory","og_description":"Akril Latex Standard kist \u00a0razvijen je za izvrsne performanse s akrilnim i bojama na bazi vode, nude\u0107i savr\u0161enu ravnote\u017eu izme\u0111u preciznosti i izda\u0161nog nano\u0161enja. Njegova konstrukcija omogu\u0107uje vrhunsko upijanje boje i ravnomjeran nanos bez tragova. Sinteti\u010dka vlakna visoke kvalitete pru\u017eaju glatki i fini trag, \u0161to ovaj kist \u010dini idealnim za rad na ve\u0107im povr\u0161inama i [&hellip;]","og_url":"https:\/\/www.sugarfactory.hr\/hu\/termek\/kiegeszitok\/akril-latex-standard-kist\/","og_site_name":"Sugar Factory","article_modified_time":"2026-04-17T11:53:14+00:00","og_image":[{"width":896,"height":1120,"url":"https:\/\/www.sugarfactory.hr\/wp-content\/uploads\/2025\/10\/e83a7e65f8394111b58527a0f9123d4e.webp","type":"image\/webp"}],"twitter_card":"summary_large_image","schema":{"@context":"https:\/\/schema.org","@graph":[{"@type":"WebPage","@id":"https:\/\/www.sugarfactory.hr\/proizvod\/accessories\/akril-latex-standard-kist\/","url":"https:\/\/www.sugarfactory.hr\/proizvod\/accessories\/akril-latex-standard-kist\/","name":"Akril Latex Standard kist - Sugar Factory","isPartOf":{"@id":"https:\/\/www.sugarfactory.hr\/#website"},"primaryImageOfPage":{"@id":"https:\/\/www.sugarfactory.hr\/proizvod\/accessories\/akril-latex-standard-kist\/#primaryimage"},"image":{"@id":"https:\/\/www.sugarfactory.hr\/proizvod\/accessories\/akril-latex-standard-kist\/#primaryimage"},"thumbnailUrl":"https:\/\/www.sugarfactory.hr\/wp-content\/uploads\/2025\/10\/e83a7e65f8394111b58527a0f9123d4e.webp","datePublished":"2025-10-29T09:58:49+00:00","dateModified":"2026-04-17T11:53:14+00:00","breadcrumb":{"@id":"https:\/\/www.sugarfactory.hr\/proizvod\/accessories\/akril-latex-standard-kist\/#breadcrumb"},"inLanguage":"hu","potentialAction":[{"@type":"ReadAction","target":["https:\/\/www.sugarfactory.hr\/proizvod\/accessories\/akril-latex-standard-kist\/"]}]},{"@type":"ImageObject","inLanguage":"hu","@id":"https:\/\/www.sugarfactory.hr\/proizvod\/accessories\/akril-latex-standard-kist\/#primaryimage","url":"https:\/\/www.sugarfactory.hr\/wp-content\/uploads\/2025\/10\/e83a7e65f8394111b58527a0f9123d4e.webp","contentUrl":"https:\/\/www.sugarfactory.hr\/wp-content\/uploads\/2025\/10\/e83a7e65f8394111b58527a0f9123d4e.webp","width":896,"height":1120},{"@type":"BreadcrumbList","@id":"https:\/\/www.sugarfactory.hr\/proizvod\/accessories\/akril-latex-standard-kist\/#breadcrumb","itemListElement":[{"@type":"ListItem","position":1,"name":"Po\u010detna stranica","item":"https:\/\/www.sugarfactory.hr\/"},{"@type":"ListItem","position":2,"name":"Proizvodi","item":"https:\/\/www.sugarfactory.hr\/shop\/"},{"@type":"ListItem","position":3,"name":"Akril Latex Standard kist"}]},{"@type":"WebSite","@id":"https:\/\/www.sugarfactory.hr\/#website","url":"https:\/\/www.sugarfactory.hr\/","name":"Cukorgy\u00e1r","description":"Create your sweetest pieces!","potentialAction":[{"@type":"SearchAction","target":{"@type":"EntryPoint","urlTemplate":"https:\/\/www.sugarfactory.hr\/?s={search_term_string}"},"query-input":{"@type":"PropertyValueSpecification","valueRequired":true,"valueName":"search_term_string"}}],"inLanguage":"hu"}]}},"_links":{"self":[{"href":"https:\/\/www.sugarfactory.hr\/hu\/wp-json\/wp\/v2\/product\/13143","targetHints":{"allow":["GET"]}}],"collection":[{"href":"https:\/\/www.sugarfactory.hr\/hu\/wp-json\/wp\/v2\/product"}],"about":[{"href":"https:\/\/www.sugarfactory.hr\/hu\/wp-json\/wp\/v2\/types\/product"}],"wp:featuredmedia":[{"embeddable":true,"href":"https:\/\/www.sugarfactory.hr\/hu\/wp-json\/wp\/v2\/media\/13144"}],"wp:attachment":[{"href":"https:\/\/www.sugarfactory.hr\/hu\/wp-json\/wp\/v2\/media?parent=13143"}],"wp:term":[{"taxonomy":"product_brand","embeddable":true,"href":"https:\/\/www.sugarfactory.hr\/hu\/wp-json\/wp\/v2\/product_brand?post=13143"},{"taxonomy":"product_cat","embeddable":true,"href":"https:\/\/www.sugarfactory.hr\/hu\/wp-json\/wp\/v2\/product_cat?post=13143"},{"taxonomy":"product_tag","embeddable":true,"href":"https:\/\/www.sugarfactory.hr\/hu\/wp-json\/wp\/v2\/product_tag?post=13143"}],"curies":[{"name":"wp","href":"https:\/\/api.w.org\/{rel}","templated":true}]}}