{"id":13190,"date":"2025-10-29T12:18:56","date_gmt":"2025-10-29T11:18:56","guid":{"rendered":"https:\/\/www.sugarfactory.hr\/?post_type=product&#038;p=13190"},"modified":"2026-03-27T08:58:24","modified_gmt":"2026-03-27T07:58:24","slug":"mini-valjak-expert-akril-10-cm-o6","status":"publish","type":"product","link":"https:\/\/www.sugarfactory.hr\/hu\/termek\/kiegeszitok\/mini-valjak-expert-akril-10-cm-o6\/","title":{"rendered":"Mini valjak Expert Akril 10 cm \u00d86"},"content":{"rendered":"<p data-start=\"0\" data-end=\"176\"><strong data-start=\"0\" data-end=\"37\">Mini valjak Expert Akril 10\u202f cm \u00d8 6<\/strong> namijenjen je za <strong data-start=\"55\" data-end=\"108\">precizno nano\u0161enje zavr\u0161nih slojeva akrilnih boja<\/strong> na glatke i fine povr\u0161ine, pru\u017eaju\u0107i uredan i ujedna\u010den rezultat.<\/p>\n<p data-start=\"178\" data-end=\"420\">Izra\u0111en je od <strong data-start=\"192\" data-end=\"227\">mikrofibre (88% PA, 12% ostalo)<\/strong> - <strong data-start=\"230\" data-end=\"257\">duljinom vlakna od 9 mm<\/strong>, ami lehet\u0151v\u00e9 teszi <strong data-start=\"273\" data-end=\"315\">ravnomjerno upijanje i otpu\u0161tanje boje<\/strong>, bez kapanja ili tragova. Termofuzijska obrada vlakana osigurava dugotrajnost i stabilnost materijala.<\/p>\n<p data-start=\"422\" data-end=\"622\" data-is-last-node=\"\" data-is-only-node=\"\">S promjerom od <strong data-start=\"437\" data-end=\"446\">15 mm<\/strong> i \u0161irinom od <strong data-start=\"460\" data-end=\"469\">10 cm<\/strong>, <strong data-start=\"471\" data-end=\"499\">Mini valjak Expert Akril<\/strong> idealan je za detaljne i zavr\u0161ne radove, kutove i manje povr\u0161ine, omogu\u0107uju\u0107i profesionalnu preciznost uz minimalan napor.<\/p>","protected":false},"excerpt":{"rendered":"<p>Mini valjak Expert Akril 10\u202f cm \u00d8 6 namijenjen je za precizno nano\u0161enje zavr\u0161nih slojeva akrilnih boja na glatke i fine povr\u0161ine, pru\u017eaju\u0107i uredan i ujedna\u010den rezultat. Izra\u0111en je od mikrofibre (88% PA, 12% ostalo) s duljinom vlakna od 9 mm, \u0161to omogu\u0107uje ravnomjerno upijanje i otpu\u0161tanje boje, bez kapanja ili tragova. Termofuzijska obrada vlakana [&hellip;]<\/p>","protected":false},"featured_media":13191,"template":"","meta":{"_acf_changed":false},"product_brand":[136],"product_cat":[21,86,135],"product_tag":[],"class_list":{"0":"post-13190","1":"product","2":"type-product","3":"status-publish","4":"has-post-thumbnail","6":"product_brand-beorol","7":"product_cat-accessories","8":"product_cat-alati-za-bojanje-i-struganje","9":"product_cat-export","11":"first","12":"instock","13":"shipping-taxable","14":"purchasable","15":"product-type-simple"},"acf":[],"yoast_head":"<!-- This site is optimized with the Yoast SEO plugin v26.3 - https:\/\/yoast.com\/wordpress\/plugins\/seo\/ -->\n<title>Mini valjak Expert Akril 10 cm \u00d86 - Sugar Factory<\/title>\n<meta name=\"robots\" content=\"index, follow, max-snippet:-1, max-image-preview:large, max-video-preview:-1\" \/>\n<link rel=\"canonical\" href=\"https:\/\/www.sugarfactory.hr\/hu\/termek\/kiegeszitok\/mini-valjak-expert-akril-10-cm-o6\/\" \/>\n<meta property=\"og:locale\" content=\"hu_HU\" \/>\n<meta property=\"og:type\" content=\"article\" \/>\n<meta property=\"og:title\" content=\"Mini valjak Expert Akril 10 cm \u00d86 - Sugar Factory\" \/>\n<meta property=\"og:description\" content=\"Mini valjak Expert Akril 10\u202f cm \u00d8 6 namijenjen je za precizno nano\u0161enje zavr\u0161nih slojeva akrilnih boja na glatke i fine povr\u0161ine, pru\u017eaju\u0107i uredan i ujedna\u010den rezultat. Izra\u0111en je od mikrofibre (88% PA, 12% ostalo) s duljinom vlakna od 9 mm, \u0161to omogu\u0107uje ravnomjerno upijanje i otpu\u0161tanje boje, bez kapanja ili tragova. Termofuzijska obrada vlakana [&hellip;]\" \/>\n<meta property=\"og:url\" content=\"https:\/\/www.sugarfactory.hr\/hu\/termek\/kiegeszitok\/mini-valjak-expert-akril-10-cm-o6\/\" \/>\n<meta property=\"og:site_name\" content=\"Sugar Factory\" \/>\n<meta property=\"article:modified_time\" content=\"2026-03-27T07:58:24+00:00\" \/>\n<meta property=\"og:image\" content=\"https:\/\/www.sugarfactory.hr\/wp-content\/uploads\/2025\/10\/f5d7c384a99b4335af17c9ed3adffbca.webp\" \/>\n\t<meta property=\"og:image:width\" content=\"896\" \/>\n\t<meta property=\"og:image:height\" content=\"1120\" \/>\n\t<meta property=\"og:image:type\" content=\"image\/webp\" \/>\n<meta name=\"twitter:card\" content=\"summary_large_image\" \/>\n<script type=\"application\/ld+json\" class=\"yoast-schema-graph\">{\"@context\":\"https:\/\/schema.org\",\"@graph\":[{\"@type\":\"WebPage\",\"@id\":\"https:\/\/www.sugarfactory.hr\/proizvod\/accessories\/mini-valjak-expert-akril-10-cm-o6\/\",\"url\":\"https:\/\/www.sugarfactory.hr\/proizvod\/accessories\/mini-valjak-expert-akril-10-cm-o6\/\",\"name\":\"Mini valjak Expert Akril 10 cm \u00d86 - Sugar Factory\",\"isPartOf\":{\"@id\":\"https:\/\/www.sugarfactory.hr\/#website\"},\"primaryImageOfPage\":{\"@id\":\"https:\/\/www.sugarfactory.hr\/proizvod\/accessories\/mini-valjak-expert-akril-10-cm-o6\/#primaryimage\"},\"image\":{\"@id\":\"https:\/\/www.sugarfactory.hr\/proizvod\/accessories\/mini-valjak-expert-akril-10-cm-o6\/#primaryimage\"},\"thumbnailUrl\":\"https:\/\/www.sugarfactory.hr\/wp-content\/uploads\/2025\/10\/f5d7c384a99b4335af17c9ed3adffbca.webp\",\"datePublished\":\"2025-10-29T11:18:56+00:00\",\"dateModified\":\"2026-03-27T07:58:24+00:00\",\"breadcrumb\":{\"@id\":\"https:\/\/www.sugarfactory.hr\/proizvod\/accessories\/mini-valjak-expert-akril-10-cm-o6\/#breadcrumb\"},\"inLanguage\":\"hu\",\"potentialAction\":[{\"@type\":\"ReadAction\",\"target\":[\"https:\/\/www.sugarfactory.hr\/proizvod\/accessories\/mini-valjak-expert-akril-10-cm-o6\/\"]}]},{\"@type\":\"ImageObject\",\"inLanguage\":\"hu\",\"@id\":\"https:\/\/www.sugarfactory.hr\/proizvod\/accessories\/mini-valjak-expert-akril-10-cm-o6\/#primaryimage\",\"url\":\"https:\/\/www.sugarfactory.hr\/wp-content\/uploads\/2025\/10\/f5d7c384a99b4335af17c9ed3adffbca.webp\",\"contentUrl\":\"https:\/\/www.sugarfactory.hr\/wp-content\/uploads\/2025\/10\/f5d7c384a99b4335af17c9ed3adffbca.webp\",\"width\":896,\"height\":1120},{\"@type\":\"BreadcrumbList\",\"@id\":\"https:\/\/www.sugarfactory.hr\/proizvod\/accessories\/mini-valjak-expert-akril-10-cm-o6\/#breadcrumb\",\"itemListElement\":[{\"@type\":\"ListItem\",\"position\":1,\"name\":\"Po\u010detna stranica\",\"item\":\"https:\/\/www.sugarfactory.hr\/\"},{\"@type\":\"ListItem\",\"position\":2,\"name\":\"Proizvodi\",\"item\":\"https:\/\/www.sugarfactory.hr\/shop\/\"},{\"@type\":\"ListItem\",\"position\":3,\"name\":\"Mini valjak Expert Akril 10 cm \u00d86\"}]},{\"@type\":\"WebSite\",\"@id\":\"https:\/\/www.sugarfactory.hr\/#website\",\"url\":\"https:\/\/www.sugarfactory.hr\/\",\"name\":\"Sugar Factory\",\"description\":\"Create your sweetest pieces!\",\"potentialAction\":[{\"@type\":\"SearchAction\",\"target\":{\"@type\":\"EntryPoint\",\"urlTemplate\":\"https:\/\/www.sugarfactory.hr\/?s={search_term_string}\"},\"query-input\":{\"@type\":\"PropertyValueSpecification\",\"valueRequired\":true,\"valueName\":\"search_term_string\"}}],\"inLanguage\":\"hu\"}]}<\/script>\n<!-- \/ Yoast SEO plugin. -->","yoast_head_json":{"title":"Mini valjak Expert Akril 10 cm \u00d86 - Sugar Factory","robots":{"index":"index","follow":"follow","max-snippet":"max-snippet:-1","max-image-preview":"max-image-preview:large","max-video-preview":"max-video-preview:-1"},"canonical":"https:\/\/www.sugarfactory.hr\/hu\/termek\/kiegeszitok\/mini-valjak-expert-akril-10-cm-o6\/","og_locale":"hu_HU","og_type":"article","og_title":"Mini valjak Expert Akril 10 cm \u00d86 - Sugar Factory","og_description":"Mini valjak Expert Akril 10\u202f cm \u00d8 6 namijenjen je za precizno nano\u0161enje zavr\u0161nih slojeva akrilnih boja na glatke i fine povr\u0161ine, pru\u017eaju\u0107i uredan i ujedna\u010den rezultat. Izra\u0111en je od mikrofibre (88% PA, 12% ostalo) s duljinom vlakna od 9 mm, \u0161to omogu\u0107uje ravnomjerno upijanje i otpu\u0161tanje boje, bez kapanja ili tragova. Termofuzijska obrada vlakana [&hellip;]","og_url":"https:\/\/www.sugarfactory.hr\/hu\/termek\/kiegeszitok\/mini-valjak-expert-akril-10-cm-o6\/","og_site_name":"Sugar Factory","article_modified_time":"2026-03-27T07:58:24+00:00","og_image":[{"width":896,"height":1120,"url":"https:\/\/www.sugarfactory.hr\/wp-content\/uploads\/2025\/10\/f5d7c384a99b4335af17c9ed3adffbca.webp","type":"image\/webp"}],"twitter_card":"summary_large_image","schema":{"@context":"https:\/\/schema.org","@graph":[{"@type":"WebPage","@id":"https:\/\/www.sugarfactory.hr\/proizvod\/accessories\/mini-valjak-expert-akril-10-cm-o6\/","url":"https:\/\/www.sugarfactory.hr\/proizvod\/accessories\/mini-valjak-expert-akril-10-cm-o6\/","name":"Mini valjak Expert Akril 10 cm \u00d86 - Sugar Factory","isPartOf":{"@id":"https:\/\/www.sugarfactory.hr\/#website"},"primaryImageOfPage":{"@id":"https:\/\/www.sugarfactory.hr\/proizvod\/accessories\/mini-valjak-expert-akril-10-cm-o6\/#primaryimage"},"image":{"@id":"https:\/\/www.sugarfactory.hr\/proizvod\/accessories\/mini-valjak-expert-akril-10-cm-o6\/#primaryimage"},"thumbnailUrl":"https:\/\/www.sugarfactory.hr\/wp-content\/uploads\/2025\/10\/f5d7c384a99b4335af17c9ed3adffbca.webp","datePublished":"2025-10-29T11:18:56+00:00","dateModified":"2026-03-27T07:58:24+00:00","breadcrumb":{"@id":"https:\/\/www.sugarfactory.hr\/proizvod\/accessories\/mini-valjak-expert-akril-10-cm-o6\/#breadcrumb"},"inLanguage":"hu","potentialAction":[{"@type":"ReadAction","target":["https:\/\/www.sugarfactory.hr\/proizvod\/accessories\/mini-valjak-expert-akril-10-cm-o6\/"]}]},{"@type":"ImageObject","inLanguage":"hu","@id":"https:\/\/www.sugarfactory.hr\/proizvod\/accessories\/mini-valjak-expert-akril-10-cm-o6\/#primaryimage","url":"https:\/\/www.sugarfactory.hr\/wp-content\/uploads\/2025\/10\/f5d7c384a99b4335af17c9ed3adffbca.webp","contentUrl":"https:\/\/www.sugarfactory.hr\/wp-content\/uploads\/2025\/10\/f5d7c384a99b4335af17c9ed3adffbca.webp","width":896,"height":1120},{"@type":"BreadcrumbList","@id":"https:\/\/www.sugarfactory.hr\/proizvod\/accessories\/mini-valjak-expert-akril-10-cm-o6\/#breadcrumb","itemListElement":[{"@type":"ListItem","position":1,"name":"Po\u010detna stranica","item":"https:\/\/www.sugarfactory.hr\/"},{"@type":"ListItem","position":2,"name":"Proizvodi","item":"https:\/\/www.sugarfactory.hr\/shop\/"},{"@type":"ListItem","position":3,"name":"Mini valjak Expert Akril 10 cm \u00d86"}]},{"@type":"WebSite","@id":"https:\/\/www.sugarfactory.hr\/#website","url":"https:\/\/www.sugarfactory.hr\/","name":"Cukorgy\u00e1r","description":"Create your sweetest pieces!","potentialAction":[{"@type":"SearchAction","target":{"@type":"EntryPoint","urlTemplate":"https:\/\/www.sugarfactory.hr\/?s={search_term_string}"},"query-input":{"@type":"PropertyValueSpecification","valueRequired":true,"valueName":"search_term_string"}}],"inLanguage":"hu"}]}},"_links":{"self":[{"href":"https:\/\/www.sugarfactory.hr\/hu\/wp-json\/wp\/v2\/product\/13190","targetHints":{"allow":["GET"]}}],"collection":[{"href":"https:\/\/www.sugarfactory.hr\/hu\/wp-json\/wp\/v2\/product"}],"about":[{"href":"https:\/\/www.sugarfactory.hr\/hu\/wp-json\/wp\/v2\/types\/product"}],"wp:featuredmedia":[{"embeddable":true,"href":"https:\/\/www.sugarfactory.hr\/hu\/wp-json\/wp\/v2\/media\/13191"}],"wp:attachment":[{"href":"https:\/\/www.sugarfactory.hr\/hu\/wp-json\/wp\/v2\/media?parent=13190"}],"wp:term":[{"taxonomy":"product_brand","embeddable":true,"href":"https:\/\/www.sugarfactory.hr\/hu\/wp-json\/wp\/v2\/product_brand?post=13190"},{"taxonomy":"product_cat","embeddable":true,"href":"https:\/\/www.sugarfactory.hr\/hu\/wp-json\/wp\/v2\/product_cat?post=13190"},{"taxonomy":"product_tag","embeddable":true,"href":"https:\/\/www.sugarfactory.hr\/hu\/wp-json\/wp\/v2\/product_tag?post=13190"}],"curies":[{"name":"wp","href":"https:\/\/api.w.org\/{rel}","templated":true}]}}