{"id":13331,"date":"2025-11-13T13:37:10","date_gmt":"2025-11-13T12:37:10","guid":{"rendered":"https:\/\/www.sugarfactory.hr\/?post_type=product&#038;p=13331"},"modified":"2026-04-16T16:04:48","modified_gmt":"2026-04-16T15:04:48","slug":"montana-black-artist-edition","status":"publish","type":"product","link":"https:\/\/www.sugarfactory.hr\/hu\/termek\/spray-k\/montana-black-artist-edition\/","title":{"rendered":"Montana Fekete M\u0171v\u00e9sz Kiad\u00e1s"},"content":{"rendered":"<p data-start=\"0\" data-end=\"358\"><strong data-start=\"0\" data-end=\"52\">Montana Black Artist Edition \u2013 3D Art Experience<\/strong> predstavlja limitirano izdanje poznate Montana Black linije, osmi\u0161ljeno u suradnji s gr\u010dkim umjetnikom <strong data-start=\"156\" data-end=\"169\">Insane 51<\/strong>, svjetski poznatim po svojim anaglifskim 3D muralima. Ova posebna edicija dolazi u nijansi <strong data-start=\"261\" data-end=\"281\" data-is-only-node=\"\">TR5000 True Cyan<\/strong> i dio je ekskluzivne kolekcije posve\u0107ene vrhunskim street art umjetnicima.<\/p>\n<p data-start=\"360\" data-end=\"632\">Dizajn limenke inspiriran je <strong data-start=\"389\" data-end=\"404\">3D iluzijom<\/strong> \u2013 kombinacijom crvenih i plavih tonova koji stvaraju vizualnu dubinu i efekt dvostruke slike, vidljiv pomo\u0107u 3D nao\u010dala ili digitalnog filtera. Sama izvedba odra\u017eava spoj tehnologije i umjetnosti koji definira stil Insane 51.<\/p>\n<p data-start=\"634\" data-end=\"958\" data-is-last-node=\"\" data-is-only-node=\"\">Sprej donosi sve kvalitete linije <strong data-start=\"668\" data-end=\"685\">Montana Black<\/strong>: sna\u017ean tlak, <strong data-start=\"700\" data-end=\"716\">brzo su\u0161enje<\/strong>, <strong data-start=\"718\" data-end=\"739\">visoku pokrivnost<\/strong> \u00e9s <strong data-start=\"742\" data-end=\"765\">intenzivne pigmente<\/strong> koji omogu\u0107uju \u010diste, precizne poteze i odli\u010dnu kontrolu u radu. Limitirano izdanje <strong data-start=\"850\" data-end=\"871\">3D Art Experience<\/strong> idealno je za umjetnike koji \u017eele kombinirati tehni\u010dku izvrsnost i vizualnu inovaciju.<\/p>","protected":false},"excerpt":{"rendered":"<p>Montana Black Artist Edition \u2013 3D Art Experience predstavlja limitirano izdanje poznate Montana Black linije, osmi\u0161ljeno u suradnji s gr\u010dkim umjetnikom Insane 51, svjetski poznatim po svojim anaglifskim 3D muralima. Ova posebna edicija dolazi u nijansi TR5000 True Cyan i dio je ekskluzivne kolekcije posve\u0107ene vrhunskim street art umjetnicima. Dizajn limenke inspiriran je 3D iluzijom [&hellip;]<\/p>","protected":false},"featured_media":13332,"template":"","meta":{"_acf_changed":false},"product_brand":[105],"product_cat":[16,76],"product_tag":[],"class_list":{"0":"post-13331","1":"product","2":"type-product","3":"status-publish","4":"has-post-thumbnail","6":"product_brand-montana","7":"product_cat-sprejevi","8":"product_cat-limited-edition","10":"first","11":"instock","12":"shipping-taxable","13":"purchasable","14":"product-type-simple"},"acf":[],"yoast_head":"<!-- This site is optimized with the Yoast SEO plugin v26.3 - https:\/\/yoast.com\/wordpress\/plugins\/seo\/ -->\n<title>Montana Black Artist Edition - Sugar Factory<\/title>\n<meta name=\"robots\" content=\"index, follow, max-snippet:-1, max-image-preview:large, max-video-preview:-1\" \/>\n<link rel=\"canonical\" href=\"https:\/\/www.sugarfactory.hr\/hu\/termek\/spray-k\/montana-black-artist-edition\/\" \/>\n<meta property=\"og:locale\" content=\"hu_HU\" \/>\n<meta property=\"og:type\" content=\"article\" \/>\n<meta property=\"og:title\" content=\"Montana Black Artist Edition - Sugar Factory\" \/>\n<meta property=\"og:description\" content=\"Montana Black Artist Edition \u2013 3D Art Experience predstavlja limitirano izdanje poznate Montana Black linije, osmi\u0161ljeno u suradnji s gr\u010dkim umjetnikom Insane 51, svjetski poznatim po svojim anaglifskim 3D muralima. Ova posebna edicija dolazi u nijansi TR5000 True Cyan i dio je ekskluzivne kolekcije posve\u0107ene vrhunskim street art umjetnicima. Dizajn limenke inspiriran je 3D iluzijom [&hellip;]\" \/>\n<meta property=\"og:url\" content=\"https:\/\/www.sugarfactory.hr\/hu\/termek\/spray-k\/montana-black-artist-edition\/\" \/>\n<meta property=\"og:site_name\" content=\"Sugar Factory\" \/>\n<meta property=\"article:modified_time\" content=\"2026-04-16T15:04:48+00:00\" \/>\n<meta property=\"og:image\" content=\"https:\/\/www.sugarfactory.hr\/wp-content\/uploads\/2025\/11\/817e90bc268744c2aeab18277ec734a2.webp\" \/>\n\t<meta property=\"og:image:width\" content=\"1344\" \/>\n\t<meta property=\"og:image:height\" content=\"1344\" \/>\n\t<meta property=\"og:image:type\" content=\"image\/webp\" \/>\n<meta name=\"twitter:card\" content=\"summary_large_image\" \/>\n<meta name=\"twitter:label1\" content=\"Becs\u00fclt olvas\u00e1si id\u0151\" \/>\n\t<meta name=\"twitter:data1\" content=\"1 perc\" \/>\n<script type=\"application\/ld+json\" class=\"yoast-schema-graph\">{\"@context\":\"https:\/\/schema.org\",\"@graph\":[{\"@type\":\"WebPage\",\"@id\":\"https:\/\/www.sugarfactory.hr\/proizvod\/sprejevi\/montana-black-artist-edition\/\",\"url\":\"https:\/\/www.sugarfactory.hr\/proizvod\/sprejevi\/montana-black-artist-edition\/\",\"name\":\"Montana Black Artist Edition - Sugar Factory\",\"isPartOf\":{\"@id\":\"https:\/\/www.sugarfactory.hr\/#website\"},\"primaryImageOfPage\":{\"@id\":\"https:\/\/www.sugarfactory.hr\/proizvod\/sprejevi\/montana-black-artist-edition\/#primaryimage\"},\"image\":{\"@id\":\"https:\/\/www.sugarfactory.hr\/proizvod\/sprejevi\/montana-black-artist-edition\/#primaryimage\"},\"thumbnailUrl\":\"https:\/\/www.sugarfactory.hr\/wp-content\/uploads\/2025\/11\/817e90bc268744c2aeab18277ec734a2.webp\",\"datePublished\":\"2025-11-13T12:37:10+00:00\",\"dateModified\":\"2026-04-16T15:04:48+00:00\",\"breadcrumb\":{\"@id\":\"https:\/\/www.sugarfactory.hr\/proizvod\/sprejevi\/montana-black-artist-edition\/#breadcrumb\"},\"inLanguage\":\"hu\",\"potentialAction\":[{\"@type\":\"ReadAction\",\"target\":[\"https:\/\/www.sugarfactory.hr\/proizvod\/sprejevi\/montana-black-artist-edition\/\"]}]},{\"@type\":\"ImageObject\",\"inLanguage\":\"hu\",\"@id\":\"https:\/\/www.sugarfactory.hr\/proizvod\/sprejevi\/montana-black-artist-edition\/#primaryimage\",\"url\":\"https:\/\/www.sugarfactory.hr\/wp-content\/uploads\/2025\/11\/817e90bc268744c2aeab18277ec734a2.webp\",\"contentUrl\":\"https:\/\/www.sugarfactory.hr\/wp-content\/uploads\/2025\/11\/817e90bc268744c2aeab18277ec734a2.webp\",\"width\":1344,\"height\":1344},{\"@type\":\"BreadcrumbList\",\"@id\":\"https:\/\/www.sugarfactory.hr\/proizvod\/sprejevi\/montana-black-artist-edition\/#breadcrumb\",\"itemListElement\":[{\"@type\":\"ListItem\",\"position\":1,\"name\":\"Po\u010detna stranica\",\"item\":\"https:\/\/www.sugarfactory.hr\/\"},{\"@type\":\"ListItem\",\"position\":2,\"name\":\"Proizvodi\",\"item\":\"https:\/\/www.sugarfactory.hr\/shop\/\"},{\"@type\":\"ListItem\",\"position\":3,\"name\":\"Montana Black Artist Edition\"}]},{\"@type\":\"WebSite\",\"@id\":\"https:\/\/www.sugarfactory.hr\/#website\",\"url\":\"https:\/\/www.sugarfactory.hr\/\",\"name\":\"Sugar Factory\",\"description\":\"Create your sweetest pieces!\",\"potentialAction\":[{\"@type\":\"SearchAction\",\"target\":{\"@type\":\"EntryPoint\",\"urlTemplate\":\"https:\/\/www.sugarfactory.hr\/?s={search_term_string}\"},\"query-input\":{\"@type\":\"PropertyValueSpecification\",\"valueRequired\":true,\"valueName\":\"search_term_string\"}}],\"inLanguage\":\"hu\"}]}<\/script>\n<!-- \/ Yoast SEO plugin. -->","yoast_head_json":{"title":"Montana Black Artist Edition - Sugar Factory","robots":{"index":"index","follow":"follow","max-snippet":"max-snippet:-1","max-image-preview":"max-image-preview:large","max-video-preview":"max-video-preview:-1"},"canonical":"https:\/\/www.sugarfactory.hr\/hu\/termek\/spray-k\/montana-black-artist-edition\/","og_locale":"hu_HU","og_type":"article","og_title":"Montana Black Artist Edition - Sugar Factory","og_description":"Montana Black Artist Edition \u2013 3D Art Experience predstavlja limitirano izdanje poznate Montana Black linije, osmi\u0161ljeno u suradnji s gr\u010dkim umjetnikom Insane 51, svjetski poznatim po svojim anaglifskim 3D muralima. Ova posebna edicija dolazi u nijansi TR5000 True Cyan i dio je ekskluzivne kolekcije posve\u0107ene vrhunskim street art umjetnicima. Dizajn limenke inspiriran je 3D iluzijom [&hellip;]","og_url":"https:\/\/www.sugarfactory.hr\/hu\/termek\/spray-k\/montana-black-artist-edition\/","og_site_name":"Sugar Factory","article_modified_time":"2026-04-16T15:04:48+00:00","og_image":[{"width":1344,"height":1344,"url":"https:\/\/www.sugarfactory.hr\/wp-content\/uploads\/2025\/11\/817e90bc268744c2aeab18277ec734a2.webp","type":"image\/webp"}],"twitter_card":"summary_large_image","twitter_misc":{"Becs\u00fclt olvas\u00e1si id\u0151":"1 perc"},"schema":{"@context":"https:\/\/schema.org","@graph":[{"@type":"WebPage","@id":"https:\/\/www.sugarfactory.hr\/proizvod\/sprejevi\/montana-black-artist-edition\/","url":"https:\/\/www.sugarfactory.hr\/proizvod\/sprejevi\/montana-black-artist-edition\/","name":"Montana Black Artist Edition - Sugar Factory","isPartOf":{"@id":"https:\/\/www.sugarfactory.hr\/#website"},"primaryImageOfPage":{"@id":"https:\/\/www.sugarfactory.hr\/proizvod\/sprejevi\/montana-black-artist-edition\/#primaryimage"},"image":{"@id":"https:\/\/www.sugarfactory.hr\/proizvod\/sprejevi\/montana-black-artist-edition\/#primaryimage"},"thumbnailUrl":"https:\/\/www.sugarfactory.hr\/wp-content\/uploads\/2025\/11\/817e90bc268744c2aeab18277ec734a2.webp","datePublished":"2025-11-13T12:37:10+00:00","dateModified":"2026-04-16T15:04:48+00:00","breadcrumb":{"@id":"https:\/\/www.sugarfactory.hr\/proizvod\/sprejevi\/montana-black-artist-edition\/#breadcrumb"},"inLanguage":"hu","potentialAction":[{"@type":"ReadAction","target":["https:\/\/www.sugarfactory.hr\/proizvod\/sprejevi\/montana-black-artist-edition\/"]}]},{"@type":"ImageObject","inLanguage":"hu","@id":"https:\/\/www.sugarfactory.hr\/proizvod\/sprejevi\/montana-black-artist-edition\/#primaryimage","url":"https:\/\/www.sugarfactory.hr\/wp-content\/uploads\/2025\/11\/817e90bc268744c2aeab18277ec734a2.webp","contentUrl":"https:\/\/www.sugarfactory.hr\/wp-content\/uploads\/2025\/11\/817e90bc268744c2aeab18277ec734a2.webp","width":1344,"height":1344},{"@type":"BreadcrumbList","@id":"https:\/\/www.sugarfactory.hr\/proizvod\/sprejevi\/montana-black-artist-edition\/#breadcrumb","itemListElement":[{"@type":"ListItem","position":1,"name":"Po\u010detna stranica","item":"https:\/\/www.sugarfactory.hr\/"},{"@type":"ListItem","position":2,"name":"Proizvodi","item":"https:\/\/www.sugarfactory.hr\/shop\/"},{"@type":"ListItem","position":3,"name":"Montana Black Artist Edition"}]},{"@type":"WebSite","@id":"https:\/\/www.sugarfactory.hr\/#website","url":"https:\/\/www.sugarfactory.hr\/","name":"Cukorgy\u00e1r","description":"Create your sweetest pieces!","potentialAction":[{"@type":"SearchAction","target":{"@type":"EntryPoint","urlTemplate":"https:\/\/www.sugarfactory.hr\/?s={search_term_string}"},"query-input":{"@type":"PropertyValueSpecification","valueRequired":true,"valueName":"search_term_string"}}],"inLanguage":"hu"}]}},"_links":{"self":[{"href":"https:\/\/www.sugarfactory.hr\/hu\/wp-json\/wp\/v2\/product\/13331","targetHints":{"allow":["GET"]}}],"collection":[{"href":"https:\/\/www.sugarfactory.hr\/hu\/wp-json\/wp\/v2\/product"}],"about":[{"href":"https:\/\/www.sugarfactory.hr\/hu\/wp-json\/wp\/v2\/types\/product"}],"wp:featuredmedia":[{"embeddable":true,"href":"https:\/\/www.sugarfactory.hr\/hu\/wp-json\/wp\/v2\/media\/13332"}],"wp:attachment":[{"href":"https:\/\/www.sugarfactory.hr\/hu\/wp-json\/wp\/v2\/media?parent=13331"}],"wp:term":[{"taxonomy":"product_brand","embeddable":true,"href":"https:\/\/www.sugarfactory.hr\/hu\/wp-json\/wp\/v2\/product_brand?post=13331"},{"taxonomy":"product_cat","embeddable":true,"href":"https:\/\/www.sugarfactory.hr\/hu\/wp-json\/wp\/v2\/product_cat?post=13331"},{"taxonomy":"product_tag","embeddable":true,"href":"https:\/\/www.sugarfactory.hr\/hu\/wp-json\/wp\/v2\/product_tag?post=13331"}],"curies":[{"name":"wp","href":"https:\/\/api.w.org\/{rel}","templated":true}]}}