{"id":13430,"date":"2025-12-06T10:14:35","date_gmt":"2025-12-06T09:14:35","guid":{"rendered":"https:\/\/www.sugarfactory.hr\/?post_type=product&#038;p=13430"},"modified":"2026-03-04T12:18:22","modified_gmt":"2026-03-04T11:18:22","slug":"acrylic-tip-30-mm-multi-line","status":"publish","type":"product","link":"https:\/\/www.sugarfactory.hr\/hu\/termek\/jelolok\/acrylic-tip-30-mm-multi-line\/","title":{"rendered":"Akril t\u00edpus 30 mm MULTI LINE"},"content":{"rendered":"<p><strong data-start=\"0\" data-end=\"50\" data-is-only-node=\"\">Montana ACRYLIC zamjenski vrh 30 mm MULTI LINE<\/strong> donosi preciznost i stabilnost potrebnu za stvaranje <strong data-start=\"104\" data-end=\"142\">\u010distih linija, kaligrafskih poteza<\/strong> i upe\u010datljivih natpisa. Izra\u0111en od <strong data-start=\"178\" data-end=\"207\">prirodnog filcanog vlakna<\/strong>, ovaj vrh osigurava ravnomjeran protok boje i pouzdan rad \u010dak i pri intenzivnijoj uporabi.<\/p>\n<p>Savr\u0161eno pristaje na <strong data-start=\"320\" data-end=\"352\">Montana ACRYLIC marker 30 mm<\/strong>, omogu\u0107uju\u0107i brzu zamjenu i dosljedan output boje u svakoj primjeni. Zahvaljuju\u0107i svojoj specifi\u010dnoj Multi Line konstrukciji, idealan je za umjetnike i dizajnere koji tra\u017ee izra\u017eene grafi\u010dke efekte i jasnu kontrolu nad svakim potezom.<\/p>","protected":false},"excerpt":{"rendered":"<p>Montana ACRYLIC zamjenski vrh 30 mm MULTI LINE donosi preciznost i stabilnost potrebnu za stvaranje \u010distih linija, kaligrafskih poteza i upe\u010datljivih natpisa. Izra\u0111en od prirodnog filcanog vlakna, ovaj vrh osigurava ravnomjeran protok boje i pouzdan rad \u010dak i pri intenzivnijoj uporabi. Savr\u0161eno pristaje na Montana ACRYLIC marker 30 mm, omogu\u0107uju\u0107i brzu zamjenu i dosljedan output [&hellip;]<\/p>","protected":false},"featured_media":13431,"template":"","meta":{"_acf_changed":false},"product_brand":[105],"product_cat":[22,84],"product_tag":[],"class_list":{"0":"post-13430","1":"product","2":"type-product","3":"status-publish","4":"has-post-thumbnail","6":"product_brand-montana","7":"product_cat-markeri","8":"product_cat-prazni-markeri-i-nastavci","10":"first","11":"instock","12":"shipping-taxable","13":"purchasable","14":"product-type-simple"},"acf":[],"yoast_head":"<!-- This site is optimized with the Yoast SEO plugin v26.3 - https:\/\/yoast.com\/wordpress\/plugins\/seo\/ -->\n<title>Acrylic Tip 30 mm MULTI LINE - Sugar Factory<\/title>\n<meta name=\"robots\" content=\"index, follow, max-snippet:-1, max-image-preview:large, max-video-preview:-1\" \/>\n<link rel=\"canonical\" href=\"https:\/\/www.sugarfactory.hr\/hu\/termek\/jelolok\/acrylic-tip-30-mm-multi-line\/\" \/>\n<meta property=\"og:locale\" content=\"hu_HU\" \/>\n<meta property=\"og:type\" content=\"article\" \/>\n<meta property=\"og:title\" content=\"Acrylic Tip 30 mm MULTI LINE - Sugar Factory\" \/>\n<meta property=\"og:description\" content=\"Montana ACRYLIC zamjenski vrh 30 mm MULTI LINE donosi preciznost i stabilnost potrebnu za stvaranje \u010distih linija, kaligrafskih poteza i upe\u010datljivih natpisa. Izra\u0111en od prirodnog filcanog vlakna, ovaj vrh osigurava ravnomjeran protok boje i pouzdan rad \u010dak i pri intenzivnijoj uporabi. Savr\u0161eno pristaje na Montana ACRYLIC marker 30 mm, omogu\u0107uju\u0107i brzu zamjenu i dosljedan output [&hellip;]\" \/>\n<meta property=\"og:url\" content=\"https:\/\/www.sugarfactory.hr\/hu\/termek\/jelolok\/acrylic-tip-30-mm-multi-line\/\" \/>\n<meta property=\"og:site_name\" content=\"Sugar Factory\" \/>\n<meta property=\"article:modified_time\" content=\"2026-03-04T11:18:22+00:00\" \/>\n<meta property=\"og:image\" content=\"https:\/\/www.sugarfactory.hr\/wp-content\/uploads\/2025\/12\/acrylic-tip-30mm-multi-line.png\" \/>\n\t<meta property=\"og:image:width\" content=\"800\" \/>\n\t<meta property=\"og:image:height\" content=\"800\" \/>\n\t<meta property=\"og:image:type\" content=\"image\/png\" \/>\n<meta name=\"twitter:card\" content=\"summary_large_image\" \/>\n<meta name=\"twitter:label1\" content=\"Becs\u00fclt olvas\u00e1si id\u0151\" \/>\n\t<meta name=\"twitter:data1\" content=\"1 perc\" \/>\n<script type=\"application\/ld+json\" class=\"yoast-schema-graph\">{\"@context\":\"https:\/\/schema.org\",\"@graph\":[{\"@type\":\"WebPage\",\"@id\":\"https:\/\/www.sugarfactory.hr\/proizvod\/markeri\/acrylic-tip-30-mm-multi-line\/\",\"url\":\"https:\/\/www.sugarfactory.hr\/proizvod\/markeri\/acrylic-tip-30-mm-multi-line\/\",\"name\":\"Acrylic Tip 30 mm MULTI LINE - Sugar Factory\",\"isPartOf\":{\"@id\":\"https:\/\/www.sugarfactory.hr\/#website\"},\"primaryImageOfPage\":{\"@id\":\"https:\/\/www.sugarfactory.hr\/proizvod\/markeri\/acrylic-tip-30-mm-multi-line\/#primaryimage\"},\"image\":{\"@id\":\"https:\/\/www.sugarfactory.hr\/proizvod\/markeri\/acrylic-tip-30-mm-multi-line\/#primaryimage\"},\"thumbnailUrl\":\"https:\/\/www.sugarfactory.hr\/wp-content\/uploads\/2025\/12\/acrylic-tip-30mm-multi-line.png\",\"datePublished\":\"2025-12-06T09:14:35+00:00\",\"dateModified\":\"2026-03-04T11:18:22+00:00\",\"breadcrumb\":{\"@id\":\"https:\/\/www.sugarfactory.hr\/proizvod\/markeri\/acrylic-tip-30-mm-multi-line\/#breadcrumb\"},\"inLanguage\":\"hu\",\"potentialAction\":[{\"@type\":\"ReadAction\",\"target\":[\"https:\/\/www.sugarfactory.hr\/proizvod\/markeri\/acrylic-tip-30-mm-multi-line\/\"]}]},{\"@type\":\"ImageObject\",\"inLanguage\":\"hu\",\"@id\":\"https:\/\/www.sugarfactory.hr\/proizvod\/markeri\/acrylic-tip-30-mm-multi-line\/#primaryimage\",\"url\":\"https:\/\/www.sugarfactory.hr\/wp-content\/uploads\/2025\/12\/acrylic-tip-30mm-multi-line.png\",\"contentUrl\":\"https:\/\/www.sugarfactory.hr\/wp-content\/uploads\/2025\/12\/acrylic-tip-30mm-multi-line.png\",\"width\":800,\"height\":800},{\"@type\":\"BreadcrumbList\",\"@id\":\"https:\/\/www.sugarfactory.hr\/proizvod\/markeri\/acrylic-tip-30-mm-multi-line\/#breadcrumb\",\"itemListElement\":[{\"@type\":\"ListItem\",\"position\":1,\"name\":\"Po\u010detna stranica\",\"item\":\"https:\/\/www.sugarfactory.hr\/\"},{\"@type\":\"ListItem\",\"position\":2,\"name\":\"Proizvodi\",\"item\":\"https:\/\/www.sugarfactory.hr\/shop\/\"},{\"@type\":\"ListItem\",\"position\":3,\"name\":\"Acrylic Tip 30 mm MULTI LINE\"}]},{\"@type\":\"WebSite\",\"@id\":\"https:\/\/www.sugarfactory.hr\/#website\",\"url\":\"https:\/\/www.sugarfactory.hr\/\",\"name\":\"Sugar Factory\",\"description\":\"Create your sweetest pieces!\",\"potentialAction\":[{\"@type\":\"SearchAction\",\"target\":{\"@type\":\"EntryPoint\",\"urlTemplate\":\"https:\/\/www.sugarfactory.hr\/?s={search_term_string}\"},\"query-input\":{\"@type\":\"PropertyValueSpecification\",\"valueRequired\":true,\"valueName\":\"search_term_string\"}}],\"inLanguage\":\"hu\"}]}<\/script>\n<!-- \/ Yoast SEO plugin. -->","yoast_head_json":{"title":"Acrylic Tip 30 mm MULTI LINE - Sugar Factory","robots":{"index":"index","follow":"follow","max-snippet":"max-snippet:-1","max-image-preview":"max-image-preview:large","max-video-preview":"max-video-preview:-1"},"canonical":"https:\/\/www.sugarfactory.hr\/hu\/termek\/jelolok\/acrylic-tip-30-mm-multi-line\/","og_locale":"hu_HU","og_type":"article","og_title":"Acrylic Tip 30 mm MULTI LINE - Sugar Factory","og_description":"Montana ACRYLIC zamjenski vrh 30 mm MULTI LINE donosi preciznost i stabilnost potrebnu za stvaranje \u010distih linija, kaligrafskih poteza i upe\u010datljivih natpisa. Izra\u0111en od prirodnog filcanog vlakna, ovaj vrh osigurava ravnomjeran protok boje i pouzdan rad \u010dak i pri intenzivnijoj uporabi. Savr\u0161eno pristaje na Montana ACRYLIC marker 30 mm, omogu\u0107uju\u0107i brzu zamjenu i dosljedan output [&hellip;]","og_url":"https:\/\/www.sugarfactory.hr\/hu\/termek\/jelolok\/acrylic-tip-30-mm-multi-line\/","og_site_name":"Sugar Factory","article_modified_time":"2026-03-04T11:18:22+00:00","og_image":[{"width":800,"height":800,"url":"https:\/\/www.sugarfactory.hr\/wp-content\/uploads\/2025\/12\/acrylic-tip-30mm-multi-line.png","type":"image\/png"}],"twitter_card":"summary_large_image","twitter_misc":{"Becs\u00fclt olvas\u00e1si id\u0151":"1 perc"},"schema":{"@context":"https:\/\/schema.org","@graph":[{"@type":"WebPage","@id":"https:\/\/www.sugarfactory.hr\/proizvod\/markeri\/acrylic-tip-30-mm-multi-line\/","url":"https:\/\/www.sugarfactory.hr\/proizvod\/markeri\/acrylic-tip-30-mm-multi-line\/","name":"Acrylic Tip 30 mm MULTI LINE - Sugar Factory","isPartOf":{"@id":"https:\/\/www.sugarfactory.hr\/#website"},"primaryImageOfPage":{"@id":"https:\/\/www.sugarfactory.hr\/proizvod\/markeri\/acrylic-tip-30-mm-multi-line\/#primaryimage"},"image":{"@id":"https:\/\/www.sugarfactory.hr\/proizvod\/markeri\/acrylic-tip-30-mm-multi-line\/#primaryimage"},"thumbnailUrl":"https:\/\/www.sugarfactory.hr\/wp-content\/uploads\/2025\/12\/acrylic-tip-30mm-multi-line.png","datePublished":"2025-12-06T09:14:35+00:00","dateModified":"2026-03-04T11:18:22+00:00","breadcrumb":{"@id":"https:\/\/www.sugarfactory.hr\/proizvod\/markeri\/acrylic-tip-30-mm-multi-line\/#breadcrumb"},"inLanguage":"hu","potentialAction":[{"@type":"ReadAction","target":["https:\/\/www.sugarfactory.hr\/proizvod\/markeri\/acrylic-tip-30-mm-multi-line\/"]}]},{"@type":"ImageObject","inLanguage":"hu","@id":"https:\/\/www.sugarfactory.hr\/proizvod\/markeri\/acrylic-tip-30-mm-multi-line\/#primaryimage","url":"https:\/\/www.sugarfactory.hr\/wp-content\/uploads\/2025\/12\/acrylic-tip-30mm-multi-line.png","contentUrl":"https:\/\/www.sugarfactory.hr\/wp-content\/uploads\/2025\/12\/acrylic-tip-30mm-multi-line.png","width":800,"height":800},{"@type":"BreadcrumbList","@id":"https:\/\/www.sugarfactory.hr\/proizvod\/markeri\/acrylic-tip-30-mm-multi-line\/#breadcrumb","itemListElement":[{"@type":"ListItem","position":1,"name":"Po\u010detna stranica","item":"https:\/\/www.sugarfactory.hr\/"},{"@type":"ListItem","position":2,"name":"Proizvodi","item":"https:\/\/www.sugarfactory.hr\/shop\/"},{"@type":"ListItem","position":3,"name":"Acrylic Tip 30 mm MULTI LINE"}]},{"@type":"WebSite","@id":"https:\/\/www.sugarfactory.hr\/#website","url":"https:\/\/www.sugarfactory.hr\/","name":"Cukorgy\u00e1r","description":"Create your sweetest pieces!","potentialAction":[{"@type":"SearchAction","target":{"@type":"EntryPoint","urlTemplate":"https:\/\/www.sugarfactory.hr\/?s={search_term_string}"},"query-input":{"@type":"PropertyValueSpecification","valueRequired":true,"valueName":"search_term_string"}}],"inLanguage":"hu"}]}},"_links":{"self":[{"href":"https:\/\/www.sugarfactory.hr\/hu\/wp-json\/wp\/v2\/product\/13430","targetHints":{"allow":["GET"]}}],"collection":[{"href":"https:\/\/www.sugarfactory.hr\/hu\/wp-json\/wp\/v2\/product"}],"about":[{"href":"https:\/\/www.sugarfactory.hr\/hu\/wp-json\/wp\/v2\/types\/product"}],"wp:featuredmedia":[{"embeddable":true,"href":"https:\/\/www.sugarfactory.hr\/hu\/wp-json\/wp\/v2\/media\/13431"}],"wp:attachment":[{"href":"https:\/\/www.sugarfactory.hr\/hu\/wp-json\/wp\/v2\/media?parent=13430"}],"wp:term":[{"taxonomy":"product_brand","embeddable":true,"href":"https:\/\/www.sugarfactory.hr\/hu\/wp-json\/wp\/v2\/product_brand?post=13430"},{"taxonomy":"product_cat","embeddable":true,"href":"https:\/\/www.sugarfactory.hr\/hu\/wp-json\/wp\/v2\/product_cat?post=13430"},{"taxonomy":"product_tag","embeddable":true,"href":"https:\/\/www.sugarfactory.hr\/hu\/wp-json\/wp\/v2\/product_tag?post=13430"}],"curies":[{"name":"wp","href":"https:\/\/api.w.org\/{rel}","templated":true}]}}