{"id":1647,"date":"2021-05-19T08:23:59","date_gmt":"2021-05-19T08:23:59","guid":{"rendered":"https:\/\/www.sugarfactory.hr\/?post_type=product&#038;p=1647"},"modified":"2026-04-13T15:50:17","modified_gmt":"2026-04-13T14:50:17","slug":"ekolin-festek-betonra","status":"publish","type":"product","link":"https:\/\/www.sugarfactory.hr\/hu\/termek\/fal-szinek\/ekolin-festek-betonra\/","title":{"rendered":"Ekolin - fest\u00e9k betonra"},"content":{"rendered":"<p><strong>Az EKOLIN<\/strong> egy UV-sug\u00e1rz\u00e1snak, l\u00e9gk\u00f6ri k\u00f6r\u00fclm\u00e9nyeknek, enyhe savaknak \u00e9s l\u00fagoknak ellen\u00e1ll\u00f3 akrilfest\u00e9k betonra. Alkalmas f\u00fcgg\u0151leges beton homlokzati fel\u00fcletek, m\u00e9szcement- \u00e9s cementlapok, finoman vakolt aljzatok \u00e9s enyh\u00e9n terhelt cementpadl\u00f3 fel\u00fcletek dekorat\u00edv v\u00e9delm\u00e9re. Ellen\u00e1ll az UV-sug\u00e1rz\u00e1snak, a l\u00e9gk\u00f6ri k\u00f6r\u00fclm\u00e9nyeknek, enyhe savaknak \u00e9s l\u00fagoknak.<\/p>\n<p><strong>Fel\u00fclet: <\/strong>matt<\/p>\n<p><strong>Alkalmaz\u00e1s: <\/strong>hengerrel, ecsettel, permetez\u00e9ssel<\/p>\n<p><strong>H\u00edg\u00edt\u00e1s: <\/strong>tiszta v\u00edzzel legfeljebb 10%-ig<\/p>\n<p><strong>Terjedelem: <\/strong>5-6 m2\/l k\u00e9t r\u00e9tegben t\u00f6rt\u00e9n\u0151 felhord\u00e1s eset\u00e9n<\/p>\n<p><strong>Csomagol\u00e1s: <\/strong>0,75 L<\/p>","protected":false},"excerpt":{"rendered":"<p>EKOLIN je akrilna boja za beton otporna na UV zra\u010denje, atmosferilije, blage kiseline i lu\u017eine. Prikladna je za dekorativnu za\u0161titu vertikalnih betonskih fasadnih povr\u0161ina, vapneno cementnih i cementnih crijepova, fino o\u017ebukanih podzida te slabo optere\u0107enih podnih cementnih povr\u0161ina. Otporna je na UV zra\u010denje, atmosferilije, blage kiseline i lu\u017eine. Sjaj: mat Nano\u0161enje: valjak, kist, \u0161pricanje Razrje\u0111ivanje: [&hellip;]<\/p>","protected":false},"featured_media":12507,"template":"","meta":{"_acf_changed":false},"product_brand":[108],"product_cat":[20],"product_tag":[],"class_list":{"0":"post-1647","1":"product","2":"type-product","3":"status-publish","4":"has-post-thumbnail","6":"product_brand-sitolor","7":"product_cat-boje-za-zid","9":"first","10":"instock","11":"shipping-taxable","12":"purchasable","13":"product-type-variable"},"acf":[],"yoast_head":"<!-- This site is optimized with the Yoast SEO plugin v26.3 - https:\/\/yoast.com\/wordpress\/plugins\/seo\/ -->\n<title>Ekolin - boja za beton - Sugar Factory<\/title>\n<meta name=\"robots\" content=\"index, follow, max-snippet:-1, max-image-preview:large, max-video-preview:-1\" \/>\n<link rel=\"canonical\" href=\"https:\/\/www.sugarfactory.hr\/hu\/termek\/fal-szinek\/ekolin-festek-betonra\/\" \/>\n<meta property=\"og:locale\" content=\"hu_HU\" \/>\n<meta property=\"og:type\" content=\"article\" \/>\n<meta property=\"og:title\" content=\"Ekolin - boja za beton - Sugar Factory\" \/>\n<meta property=\"og:description\" content=\"EKOLIN je akrilna boja za beton otporna na UV zra\u010denje, atmosferilije, blage kiseline i lu\u017eine. Prikladna je za dekorativnu za\u0161titu vertikalnih betonskih fasadnih povr\u0161ina, vapneno cementnih i cementnih crijepova, fino o\u017ebukanih podzida te slabo optere\u0107enih podnih cementnih povr\u0161ina. Otporna je na UV zra\u010denje, atmosferilije, blage kiseline i lu\u017eine. Sjaj: mat Nano\u0161enje: valjak, kist, \u0161pricanje Razrje\u0111ivanje: [&hellip;]\" \/>\n<meta property=\"og:url\" content=\"https:\/\/www.sugarfactory.hr\/hu\/termek\/fal-szinek\/ekolin-festek-betonra\/\" \/>\n<meta property=\"og:site_name\" content=\"Sugar Factory\" \/>\n<meta property=\"article:modified_time\" content=\"2026-04-13T14:50:17+00:00\" \/>\n<meta property=\"og:image\" content=\"https:\/\/www.sugarfactory.hr\/wp-content\/uploads\/2021\/05\/ekolin.webp\" \/>\n\t<meta property=\"og:image:width\" content=\"896\" \/>\n\t<meta property=\"og:image:height\" content=\"1120\" \/>\n\t<meta property=\"og:image:type\" content=\"image\/webp\" \/>\n<meta name=\"twitter:card\" content=\"summary_large_image\" \/>\n<script type=\"application\/ld+json\" class=\"yoast-schema-graph\">{\"@context\":\"https:\/\/schema.org\",\"@graph\":[{\"@type\":\"WebPage\",\"@id\":\"https:\/\/www.sugarfactory.hr\/proizvod\/boje-za-zid\/ekolin-boja-za-beton\/\",\"url\":\"https:\/\/www.sugarfactory.hr\/proizvod\/boje-za-zid\/ekolin-boja-za-beton\/\",\"name\":\"Ekolin - boja za beton - Sugar Factory\",\"isPartOf\":{\"@id\":\"https:\/\/www.sugarfactory.hr\/#website\"},\"primaryImageOfPage\":{\"@id\":\"https:\/\/www.sugarfactory.hr\/proizvod\/boje-za-zid\/ekolin-boja-za-beton\/#primaryimage\"},\"image\":{\"@id\":\"https:\/\/www.sugarfactory.hr\/proizvod\/boje-za-zid\/ekolin-boja-za-beton\/#primaryimage\"},\"thumbnailUrl\":\"https:\/\/www.sugarfactory.hr\/wp-content\/uploads\/2021\/05\/ekolin.webp\",\"datePublished\":\"2021-05-19T08:23:59+00:00\",\"dateModified\":\"2026-04-13T14:50:17+00:00\",\"breadcrumb\":{\"@id\":\"https:\/\/www.sugarfactory.hr\/proizvod\/boje-za-zid\/ekolin-boja-za-beton\/#breadcrumb\"},\"inLanguage\":\"hu\",\"potentialAction\":[{\"@type\":\"ReadAction\",\"target\":[\"https:\/\/www.sugarfactory.hr\/proizvod\/boje-za-zid\/ekolin-boja-za-beton\/\"]}]},{\"@type\":\"ImageObject\",\"inLanguage\":\"hu\",\"@id\":\"https:\/\/www.sugarfactory.hr\/proizvod\/boje-za-zid\/ekolin-boja-za-beton\/#primaryimage\",\"url\":\"https:\/\/www.sugarfactory.hr\/wp-content\/uploads\/2021\/05\/ekolin.webp\",\"contentUrl\":\"https:\/\/www.sugarfactory.hr\/wp-content\/uploads\/2021\/05\/ekolin.webp\",\"width\":896,\"height\":1120},{\"@type\":\"BreadcrumbList\",\"@id\":\"https:\/\/www.sugarfactory.hr\/proizvod\/boje-za-zid\/ekolin-boja-za-beton\/#breadcrumb\",\"itemListElement\":[{\"@type\":\"ListItem\",\"position\":1,\"name\":\"Po\u010detna stranica\",\"item\":\"https:\/\/www.sugarfactory.hr\/\"},{\"@type\":\"ListItem\",\"position\":2,\"name\":\"Proizvodi\",\"item\":\"https:\/\/www.sugarfactory.hr\/shop\/\"},{\"@type\":\"ListItem\",\"position\":3,\"name\":\"Ekolin - boja za beton\"}]},{\"@type\":\"WebSite\",\"@id\":\"https:\/\/www.sugarfactory.hr\/#website\",\"url\":\"https:\/\/www.sugarfactory.hr\/\",\"name\":\"Sugar Factory\",\"description\":\"Create your sweetest pieces!\",\"potentialAction\":[{\"@type\":\"SearchAction\",\"target\":{\"@type\":\"EntryPoint\",\"urlTemplate\":\"https:\/\/www.sugarfactory.hr\/?s={search_term_string}\"},\"query-input\":{\"@type\":\"PropertyValueSpecification\",\"valueRequired\":true,\"valueName\":\"search_term_string\"}}],\"inLanguage\":\"hu\"}]}<\/script>\n<!-- \/ Yoast SEO plugin. -->","yoast_head_json":{"title":"Ekolin - fest\u00e9k betonra - Sugar Factory","robots":{"index":"index","follow":"follow","max-snippet":"max-snippet:-1","max-image-preview":"max-image-preview:large","max-video-preview":"max-video-preview:-1"},"canonical":"https:\/\/www.sugarfactory.hr\/hu\/termek\/fal-szinek\/ekolin-festek-betonra\/","og_locale":"hu_HU","og_type":"article","og_title":"Ekolin - boja za beton - Sugar Factory","og_description":"EKOLIN je akrilna boja za beton otporna na UV zra\u010denje, atmosferilije, blage kiseline i lu\u017eine. Prikladna je za dekorativnu za\u0161titu vertikalnih betonskih fasadnih povr\u0161ina, vapneno cementnih i cementnih crijepova, fino o\u017ebukanih podzida te slabo optere\u0107enih podnih cementnih povr\u0161ina. Otporna je na UV zra\u010denje, atmosferilije, blage kiseline i lu\u017eine. Sjaj: mat Nano\u0161enje: valjak, kist, \u0161pricanje Razrje\u0111ivanje: [&hellip;]","og_url":"https:\/\/www.sugarfactory.hr\/hu\/termek\/fal-szinek\/ekolin-festek-betonra\/","og_site_name":"Sugar Factory","article_modified_time":"2026-04-13T14:50:17+00:00","og_image":[{"width":896,"height":1120,"url":"https:\/\/www.sugarfactory.hr\/wp-content\/uploads\/2021\/05\/ekolin.webp","type":"image\/webp"}],"twitter_card":"summary_large_image","schema":{"@context":"https:\/\/schema.org","@graph":[{"@type":"WebPage","@id":"https:\/\/www.sugarfactory.hr\/proizvod\/boje-za-zid\/ekolin-boja-za-beton\/","url":"https:\/\/www.sugarfactory.hr\/proizvod\/boje-za-zid\/ekolin-boja-za-beton\/","name":"Ekolin - fest\u00e9k betonra - Sugar Factory","isPartOf":{"@id":"https:\/\/www.sugarfactory.hr\/#website"},"primaryImageOfPage":{"@id":"https:\/\/www.sugarfactory.hr\/proizvod\/boje-za-zid\/ekolin-boja-za-beton\/#primaryimage"},"image":{"@id":"https:\/\/www.sugarfactory.hr\/proizvod\/boje-za-zid\/ekolin-boja-za-beton\/#primaryimage"},"thumbnailUrl":"https:\/\/www.sugarfactory.hr\/wp-content\/uploads\/2021\/05\/ekolin.webp","datePublished":"2021-05-19T08:23:59+00:00","dateModified":"2026-04-13T14:50:17+00:00","breadcrumb":{"@id":"https:\/\/www.sugarfactory.hr\/proizvod\/boje-za-zid\/ekolin-boja-za-beton\/#breadcrumb"},"inLanguage":"hu","potentialAction":[{"@type":"ReadAction","target":["https:\/\/www.sugarfactory.hr\/proizvod\/boje-za-zid\/ekolin-boja-za-beton\/"]}]},{"@type":"ImageObject","inLanguage":"hu","@id":"https:\/\/www.sugarfactory.hr\/proizvod\/boje-za-zid\/ekolin-boja-za-beton\/#primaryimage","url":"https:\/\/www.sugarfactory.hr\/wp-content\/uploads\/2021\/05\/ekolin.webp","contentUrl":"https:\/\/www.sugarfactory.hr\/wp-content\/uploads\/2021\/05\/ekolin.webp","width":896,"height":1120},{"@type":"BreadcrumbList","@id":"https:\/\/www.sugarfactory.hr\/proizvod\/boje-za-zid\/ekolin-boja-za-beton\/#breadcrumb","itemListElement":[{"@type":"ListItem","position":1,"name":"Po\u010detna stranica","item":"https:\/\/www.sugarfactory.hr\/"},{"@type":"ListItem","position":2,"name":"Proizvodi","item":"https:\/\/www.sugarfactory.hr\/shop\/"},{"@type":"ListItem","position":3,"name":"Ekolin - boja za beton"}]},{"@type":"WebSite","@id":"https:\/\/www.sugarfactory.hr\/#website","url":"https:\/\/www.sugarfactory.hr\/","name":"Cukorgy\u00e1r","description":"Create your sweetest pieces!","potentialAction":[{"@type":"SearchAction","target":{"@type":"EntryPoint","urlTemplate":"https:\/\/www.sugarfactory.hr\/?s={search_term_string}"},"query-input":{"@type":"PropertyValueSpecification","valueRequired":true,"valueName":"search_term_string"}}],"inLanguage":"hu"}]}},"_links":{"self":[{"href":"https:\/\/www.sugarfactory.hr\/hu\/wp-json\/wp\/v2\/product\/1647","targetHints":{"allow":["GET"]}}],"collection":[{"href":"https:\/\/www.sugarfactory.hr\/hu\/wp-json\/wp\/v2\/product"}],"about":[{"href":"https:\/\/www.sugarfactory.hr\/hu\/wp-json\/wp\/v2\/types\/product"}],"wp:featuredmedia":[{"embeddable":true,"href":"https:\/\/www.sugarfactory.hr\/hu\/wp-json\/wp\/v2\/media\/12507"}],"wp:attachment":[{"href":"https:\/\/www.sugarfactory.hr\/hu\/wp-json\/wp\/v2\/media?parent=1647"}],"wp:term":[{"taxonomy":"product_brand","embeddable":true,"href":"https:\/\/www.sugarfactory.hr\/hu\/wp-json\/wp\/v2\/product_brand?post=1647"},{"taxonomy":"product_cat","embeddable":true,"href":"https:\/\/www.sugarfactory.hr\/hu\/wp-json\/wp\/v2\/product_cat?post=1647"},{"taxonomy":"product_tag","embeddable":true,"href":"https:\/\/www.sugarfactory.hr\/hu\/wp-json\/wp\/v2\/product_tag?post=1647"}],"curies":[{"name":"wp","href":"https:\/\/api.w.org\/{rel}","templated":true}]}}