{"id":1927,"date":"2021-08-17T13:25:57","date_gmt":"2021-08-17T13:25:57","guid":{"rendered":"https:\/\/www.sugarfactory.hr\/?post_type=product&#038;p=1927"},"modified":"2026-04-30T13:00:28","modified_gmt":"2026-04-30T12:00:28","slug":"uni-posca-festekfilctoll-5-m","status":"publish","type":"product","link":"https:\/\/www.sugarfactory.hr\/hu\/termek\/jelolok\/postabelyegzok\/uni-posca-festekfilctoll-5-m\/","title":{"rendered":"Posca PC-5M"},"content":{"rendered":"<p data-start=\"64\" data-end=\"321\"><strong data-start=\"125\" data-end=\"140\">Posca PC-5M<\/strong> Ez az egyik legn\u00e9pszer\u0171bb jel\u00f6l\u0151 a <strong data-start=\"180\" data-end=\"231\">A vil\u00e1g legh\u00edresebb vonalai hobbi \u00e9s fest\u00e9szethez<\/strong>, t\u00f6k\u00e9letes sz\u00e9les k\u00f6r\u0171 felhaszn\u00e1l\u00e1sra \u2013 rajzol\u00e1st\u00f3l \u00e9s sz\u00ednez\u00e9st\u0151l a dekor\u00e1ci\u00f3kig \u00e9s bark\u00e1csol\u00e1si projektekig.<\/p>\n<p data-start=\"323\" data-end=\"492\">A sz\u00ednek <strong data-start=\"336\" data-end=\"348\">kever\u00e9k<\/strong> sz\u00e1mtalan \u00e1rnyalatot hozhatnak l\u00e9tre, m\u00edg sima fel\u00fcleteken k\u00f6nnyen elt\u00e1vol\u00edthat\u00f3k. H\u0151vel vagy v\u00e9d\u0151bevonattal r\u00f6gz\u00edtve a nyomok tart\u00f3sak lesznek. <strong data-start=\"479\" data-end=\"489\">tart\u00f3s<\/strong>.<\/p>\n<p data-start=\"494\" data-end=\"718\">Jel\u00f6l\u0151 felhaszn\u00e1l\u00e1sa <strong data-start=\"509\" data-end=\"544\">filctoll\u00fa aktiv\u00e1l\u00f3 rendszer<\/strong> \u2013 az els\u0151 haszn\u00e1lat el\u0151tt a hegyet \u00f3vatosan meg kell nyomni, hogy tint\u00e1val tel\u00edt\u0151dj\u00f6n. Fel van szerelve <strong data-start=\"638\" data-end=\"671\">poliacet\u00e1l kerek tetej\u0171<\/strong> amely pontos \u00e9s egyenletes nyomtat\u00e1st tesz lehet\u0151v\u00e9.<\/p>\n<ul data-start=\"720\" data-end=\"1003\">\n<li data-start=\"720\" data-end=\"755\">\n<p data-start=\"722\" data-end=\"755\"><strong data-start=\"722\" data-end=\"742\">Vonalvastags\u00e1g:<\/strong> 1,8\u20132,5 mm<\/p>\n<\/li>\n<li data-start=\"756\" data-end=\"790\">\n<p data-start=\"758\" data-end=\"790\"><strong data-start=\"758\" data-end=\"776\">Nyomtat\u00e1si hossz:<\/strong> t\u00f6bb mint 230 m<\/p>\n<\/li>\n<li data-start=\"791\" data-end=\"829\">\n<p data-start=\"793\" data-end=\"829\"><strong data-start=\"793\" data-end=\"813\">Sz\u00e1rad\u00e1si id\u0151:<\/strong> 10\u201320 m\u00e1sodperc<\/p>\n<\/li>\n<li data-start=\"830\" data-end=\"875\">\n<p data-start=\"832\" data-end=\"875\"><strong data-start=\"832\" data-end=\"851\">Szavatoss\u00e1gi id\u0151:<\/strong> a felbont\u00e1st\u00f3l sz\u00e1m\u00edtott 2 \u00e9v.<\/p>\n<\/li>\n<li data-start=\"876\" data-end=\"905\">\n<p data-start=\"878\" data-end=\"905\"><strong data-start=\"878\" data-end=\"896\">Tintatartalom:<\/strong> 6,8 ml<\/p>\n<\/li>\n<li data-start=\"906\" data-end=\"1003\">\n<p data-start=\"908\" data-end=\"1003\"><strong data-start=\"908\" data-end=\"921\">Fel\u00fcletek:<\/strong> pap\u00edr, f\u00e9m, fa, m\u0171anyag, agyag, ker\u00e1mia, porcel\u00e1n, vinil, \u00fcveg, sz\u00f6vet.<\/p>\n<\/li>\n<\/ul>\n<p data-start=\"1005\" data-end=\"1163\"><strong data-start=\"1005\" data-end=\"1020\">Posca PC-5M<\/strong> t\u00f6k\u00e9letes egyens\u00falyt k\u00edn\u00e1l <strong data-start=\"1052\" data-end=\"1082\">pontoss\u00e1g \u00e9s lefedetts\u00e9g<\/strong>, \u00edgy ide\u00e1lis jel\u00f6l\u0151eszk\u00f6z mindennapi haszn\u00e1latra \u00e9s m\u0171v\u00e9szi kifejez\u00e9sre.<\/p>\n<p>Legalacsonyabb \u00e1r az elm\u00falt 30 napban: <strong>2,5\u00a0\u20ac<\/strong><\/p>","protected":false},"excerpt":{"rendered":"<p>Posca PC-5M jedan je od najpopularnijih markera iz najpoznatije svjetske linije za hobi i slikanje, savr\u0161en za \u0161irok raspon primjena \u2013 od crtanja i bojenja do dekoracija i DIY projekata. Boje se mogu mije\u0161ati radi stvaranja bezbroj nijansi, dok se na glatkim povr\u0161inama lako bri\u0161u. Fiksiranjem toplinom ili za\u0161titnim premazom trag postaje trajan. Marker koristi [&hellip;]<\/p>","protected":false},"featured_media":12435,"template":"","meta":{"_acf_changed":false},"product_brand":[111],"product_cat":[22,80],"product_tag":[],"class_list":{"0":"post-1927","1":"product","2":"type-product","3":"status-publish","4":"has-post-thumbnail","6":"product_brand-posca","7":"product_cat-markeri","8":"product_cat-posca-markeri","10":"first","11":"outofstock","12":"shipping-taxable","13":"purchasable","14":"product-type-variable"},"acf":[],"yoast_head":"<!-- This site is optimized with the Yoast SEO plugin v26.3 - https:\/\/yoast.com\/wordpress\/plugins\/seo\/ -->\n<title>Posca PC-5M - Sugar Factory<\/title>\n<meta name=\"robots\" content=\"index, follow, max-snippet:-1, max-image-preview:large, max-video-preview:-1\" \/>\n<link rel=\"canonical\" href=\"https:\/\/www.sugarfactory.hr\/hu\/termek\/jelolok\/postabelyegzok\/uni-posca-festekfilctoll-5-m\/\" \/>\n<meta property=\"og:locale\" content=\"hu_HU\" \/>\n<meta property=\"og:type\" content=\"article\" \/>\n<meta property=\"og:title\" content=\"Posca PC-5M - Sugar Factory\" \/>\n<meta property=\"og:description\" content=\"Posca PC-5M jedan je od najpopularnijih markera iz najpoznatije svjetske linije za hobi i slikanje, savr\u0161en za \u0161irok raspon primjena \u2013 od crtanja i bojenja do dekoracija i DIY projekata. Boje se mogu mije\u0161ati radi stvaranja bezbroj nijansi, dok se na glatkim povr\u0161inama lako bri\u0161u. Fiksiranjem toplinom ili za\u0161titnim premazom trag postaje trajan. Marker koristi [&hellip;]\" \/>\n<meta property=\"og:url\" content=\"https:\/\/www.sugarfactory.hr\/hu\/termek\/jelolok\/postabelyegzok\/uni-posca-festekfilctoll-5-m\/\" \/>\n<meta property=\"og:site_name\" content=\"Sugar Factory\" \/>\n<meta property=\"article:modified_time\" content=\"2026-04-30T12:00:28+00:00\" \/>\n<meta property=\"og:image\" content=\"https:\/\/www.sugarfactory.hr\/wp-content\/uploads\/2021\/08\/posca-pc5m.webp\" \/>\n\t<meta property=\"og:image:width\" content=\"896\" \/>\n\t<meta property=\"og:image:height\" content=\"1120\" \/>\n\t<meta property=\"og:image:type\" content=\"image\/webp\" \/>\n<meta name=\"twitter:card\" content=\"summary_large_image\" \/>\n<meta name=\"twitter:label1\" content=\"Becs\u00fclt olvas\u00e1si id\u0151\" \/>\n\t<meta name=\"twitter:data1\" content=\"1 perc\" \/>\n<script type=\"application\/ld+json\" class=\"yoast-schema-graph\">{\"@context\":\"https:\/\/schema.org\",\"@graph\":[{\"@type\":\"WebPage\",\"@id\":\"https:\/\/www.sugarfactory.hr\/proizvod\/markeri\/posca-markeri\/marker-uni-posca-pc-5m\/\",\"url\":\"https:\/\/www.sugarfactory.hr\/proizvod\/markeri\/posca-markeri\/marker-uni-posca-pc-5m\/\",\"name\":\"Posca PC-5M - Sugar Factory\",\"isPartOf\":{\"@id\":\"https:\/\/www.sugarfactory.hr\/#website\"},\"primaryImageOfPage\":{\"@id\":\"https:\/\/www.sugarfactory.hr\/proizvod\/markeri\/posca-markeri\/marker-uni-posca-pc-5m\/#primaryimage\"},\"image\":{\"@id\":\"https:\/\/www.sugarfactory.hr\/proizvod\/markeri\/posca-markeri\/marker-uni-posca-pc-5m\/#primaryimage\"},\"thumbnailUrl\":\"https:\/\/www.sugarfactory.hr\/wp-content\/uploads\/2021\/08\/posca-pc5m.webp\",\"datePublished\":\"2021-08-17T13:25:57+00:00\",\"dateModified\":\"2026-04-30T12:00:28+00:00\",\"breadcrumb\":{\"@id\":\"https:\/\/www.sugarfactory.hr\/proizvod\/markeri\/posca-markeri\/marker-uni-posca-pc-5m\/#breadcrumb\"},\"inLanguage\":\"hu\",\"potentialAction\":[{\"@type\":\"ReadAction\",\"target\":[\"https:\/\/www.sugarfactory.hr\/proizvod\/markeri\/posca-markeri\/marker-uni-posca-pc-5m\/\"]}]},{\"@type\":\"ImageObject\",\"inLanguage\":\"hu\",\"@id\":\"https:\/\/www.sugarfactory.hr\/proizvod\/markeri\/posca-markeri\/marker-uni-posca-pc-5m\/#primaryimage\",\"url\":\"https:\/\/www.sugarfactory.hr\/wp-content\/uploads\/2021\/08\/posca-pc5m.webp\",\"contentUrl\":\"https:\/\/www.sugarfactory.hr\/wp-content\/uploads\/2021\/08\/posca-pc5m.webp\",\"width\":896,\"height\":1120},{\"@type\":\"BreadcrumbList\",\"@id\":\"https:\/\/www.sugarfactory.hr\/proizvod\/markeri\/posca-markeri\/marker-uni-posca-pc-5m\/#breadcrumb\",\"itemListElement\":[{\"@type\":\"ListItem\",\"position\":1,\"name\":\"Po\u010detna stranica\",\"item\":\"https:\/\/www.sugarfactory.hr\/\"},{\"@type\":\"ListItem\",\"position\":2,\"name\":\"Proizvodi\",\"item\":\"https:\/\/www.sugarfactory.hr\/shop\/\"},{\"@type\":\"ListItem\",\"position\":3,\"name\":\"Posca PC-5M\"}]},{\"@type\":\"WebSite\",\"@id\":\"https:\/\/www.sugarfactory.hr\/#website\",\"url\":\"https:\/\/www.sugarfactory.hr\/\",\"name\":\"Sugar Factory\",\"description\":\"Create your sweetest pieces!\",\"potentialAction\":[{\"@type\":\"SearchAction\",\"target\":{\"@type\":\"EntryPoint\",\"urlTemplate\":\"https:\/\/www.sugarfactory.hr\/?s={search_term_string}\"},\"query-input\":{\"@type\":\"PropertyValueSpecification\",\"valueRequired\":true,\"valueName\":\"search_term_string\"}}],\"inLanguage\":\"hu\"}]}<\/script>\n<!-- \/ Yoast SEO plugin. -->","yoast_head_json":{"title":"Posca PC-5M - Cukorgy\u00e1r","robots":{"index":"index","follow":"follow","max-snippet":"max-snippet:-1","max-image-preview":"max-image-preview:large","max-video-preview":"max-video-preview:-1"},"canonical":"https:\/\/www.sugarfactory.hr\/hu\/termek\/jelolok\/postabelyegzok\/uni-posca-festekfilctoll-5-m\/","og_locale":"hu_HU","og_type":"article","og_title":"Posca PC-5M - Sugar Factory","og_description":"Posca PC-5M jedan je od najpopularnijih markera iz najpoznatije svjetske linije za hobi i slikanje, savr\u0161en za \u0161irok raspon primjena \u2013 od crtanja i bojenja do dekoracija i DIY projekata. Boje se mogu mije\u0161ati radi stvaranja bezbroj nijansi, dok se na glatkim povr\u0161inama lako bri\u0161u. Fiksiranjem toplinom ili za\u0161titnim premazom trag postaje trajan. Marker koristi [&hellip;]","og_url":"https:\/\/www.sugarfactory.hr\/hu\/termek\/jelolok\/postabelyegzok\/uni-posca-festekfilctoll-5-m\/","og_site_name":"Sugar Factory","article_modified_time":"2026-04-30T12:00:28+00:00","og_image":[{"width":896,"height":1120,"url":"https:\/\/www.sugarfactory.hr\/wp-content\/uploads\/2021\/08\/posca-pc5m.webp","type":"image\/webp"}],"twitter_card":"summary_large_image","twitter_misc":{"Becs\u00fclt olvas\u00e1si id\u0151":"1 perc"},"schema":{"@context":"https:\/\/schema.org","@graph":[{"@type":"WebPage","@id":"https:\/\/www.sugarfactory.hr\/proizvod\/markeri\/posca-markeri\/marker-uni-posca-pc-5m\/","url":"https:\/\/www.sugarfactory.hr\/proizvod\/markeri\/posca-markeri\/marker-uni-posca-pc-5m\/","name":"Posca PC-5M - Cukorgy\u00e1r","isPartOf":{"@id":"https:\/\/www.sugarfactory.hr\/#website"},"primaryImageOfPage":{"@id":"https:\/\/www.sugarfactory.hr\/proizvod\/markeri\/posca-markeri\/marker-uni-posca-pc-5m\/#primaryimage"},"image":{"@id":"https:\/\/www.sugarfactory.hr\/proizvod\/markeri\/posca-markeri\/marker-uni-posca-pc-5m\/#primaryimage"},"thumbnailUrl":"https:\/\/www.sugarfactory.hr\/wp-content\/uploads\/2021\/08\/posca-pc5m.webp","datePublished":"2021-08-17T13:25:57+00:00","dateModified":"2026-04-30T12:00:28+00:00","breadcrumb":{"@id":"https:\/\/www.sugarfactory.hr\/proizvod\/markeri\/posca-markeri\/marker-uni-posca-pc-5m\/#breadcrumb"},"inLanguage":"hu","potentialAction":[{"@type":"ReadAction","target":["https:\/\/www.sugarfactory.hr\/proizvod\/markeri\/posca-markeri\/marker-uni-posca-pc-5m\/"]}]},{"@type":"ImageObject","inLanguage":"hu","@id":"https:\/\/www.sugarfactory.hr\/proizvod\/markeri\/posca-markeri\/marker-uni-posca-pc-5m\/#primaryimage","url":"https:\/\/www.sugarfactory.hr\/wp-content\/uploads\/2021\/08\/posca-pc5m.webp","contentUrl":"https:\/\/www.sugarfactory.hr\/wp-content\/uploads\/2021\/08\/posca-pc5m.webp","width":896,"height":1120},{"@type":"BreadcrumbList","@id":"https:\/\/www.sugarfactory.hr\/proizvod\/markeri\/posca-markeri\/marker-uni-posca-pc-5m\/#breadcrumb","itemListElement":[{"@type":"ListItem","position":1,"name":"Po\u010detna stranica","item":"https:\/\/www.sugarfactory.hr\/"},{"@type":"ListItem","position":2,"name":"Proizvodi","item":"https:\/\/www.sugarfactory.hr\/shop\/"},{"@type":"ListItem","position":3,"name":"Posca PC-5M"}]},{"@type":"WebSite","@id":"https:\/\/www.sugarfactory.hr\/#website","url":"https:\/\/www.sugarfactory.hr\/","name":"Cukorgy\u00e1r","description":"Create your sweetest pieces!","potentialAction":[{"@type":"SearchAction","target":{"@type":"EntryPoint","urlTemplate":"https:\/\/www.sugarfactory.hr\/?s={search_term_string}"},"query-input":{"@type":"PropertyValueSpecification","valueRequired":true,"valueName":"search_term_string"}}],"inLanguage":"hu"}]}},"_links":{"self":[{"href":"https:\/\/www.sugarfactory.hr\/hu\/wp-json\/wp\/v2\/product\/1927","targetHints":{"allow":["GET"]}}],"collection":[{"href":"https:\/\/www.sugarfactory.hr\/hu\/wp-json\/wp\/v2\/product"}],"about":[{"href":"https:\/\/www.sugarfactory.hr\/hu\/wp-json\/wp\/v2\/types\/product"}],"wp:featuredmedia":[{"embeddable":true,"href":"https:\/\/www.sugarfactory.hr\/hu\/wp-json\/wp\/v2\/media\/12435"}],"wp:attachment":[{"href":"https:\/\/www.sugarfactory.hr\/hu\/wp-json\/wp\/v2\/media?parent=1927"}],"wp:term":[{"taxonomy":"product_brand","embeddable":true,"href":"https:\/\/www.sugarfactory.hr\/hu\/wp-json\/wp\/v2\/product_brand?post=1927"},{"taxonomy":"product_cat","embeddable":true,"href":"https:\/\/www.sugarfactory.hr\/hu\/wp-json\/wp\/v2\/product_cat?post=1927"},{"taxonomy":"product_tag","embeddable":true,"href":"https:\/\/www.sugarfactory.hr\/hu\/wp-json\/wp\/v2\/product_tag?post=1927"}],"curies":[{"name":"wp","href":"https:\/\/api.w.org\/{rel}","templated":true}]}}