{"id":2407,"date":"2021-10-12T11:57:19","date_gmt":"2021-10-12T11:57:19","guid":{"rendered":"https:\/\/www.sugarfactory.hr\/?post_type=product&#038;p=2407"},"modified":"2026-04-14T11:02:32","modified_gmt":"2026-04-14T10:02:32","slug":"falfestek-the-wall-2-5-l","status":"publish","type":"product","link":"https:\/\/www.sugarfactory.hr\/hu\/termek\/fal-szinek\/falfestek-the-wall-2-5-l\/","title":{"rendered":"A fal 2,5 l"},"content":{"rendered":"<p data-start=\"73\" data-end=\"219\"><strong data-start=\"101\" data-end=\"118\">Dope The Wall<\/strong> van <strong data-start=\"122\" data-end=\"165\">Nagyon fed\u0151 akril emulzi\u00f3s fest\u00e9k<\/strong> koja pru\u017ea sna\u017enu pokrivnost i dugotrajan rezultat.<\/p>\n<p data-start=\"221\" data-end=\"377\">A sz\u00edn biztos\u00edtja <strong data-start=\"236\" data-end=\"278\">pokrivnost od pribli\u017eno 12 m\u00b2 po litri<\/strong>, \u0161to je \u010dini pogodnom za manje zidne projekte, murale ili dekoracije u interijeru i eksterijeru.<\/p>\n<ul data-start=\"379\" data-end=\"514\">\n<li data-start=\"379\" data-end=\"403\">\n<p data-start=\"381\" data-end=\"403\"><strong data-start=\"381\" data-end=\"395\">Csomagol\u00e1s:<\/strong> 2.5 L<\/p>\n<\/li>\n<li data-start=\"404\" data-end=\"442\">\n<p data-start=\"406\" data-end=\"442\"><strong data-start=\"406\" data-end=\"416\">T\u00edpus:<\/strong> Akril emulzi\u00f3s fest\u00e9k<\/p>\n<\/li>\n<li data-start=\"443\" data-end=\"476\">\n<p data-start=\"445\" data-end=\"476\"><strong data-start=\"445\" data-end=\"460\">Fedezet:<\/strong> kb. 12 m\u00b2 \/ L<\/p>\n<\/li>\n<li data-start=\"477\" data-end=\"514\">\n<p data-start=\"479\" data-end=\"514\"><strong data-start=\"479\" data-end=\"492\">Alkalmaz\u00e1s:<\/strong> Bels\u0151 \u00e9s k\u00fcls\u0151<\/p>\n<\/li>\n<\/ul>\n<p data-start=\"516\" data-end=\"672\"><strong data-start=\"516\" data-end=\"539\">Dope The Wall 2.5 L<\/strong> idealna je za <strong data-start=\"554\" data-end=\"583\">umjetnike i profesionalce<\/strong> koji tra\u017ee <strong data-start=\"595\" data-end=\"636\">manje pakiranje kvalitetne zidne boje<\/strong> za precizne i kreativne projekte.<\/p>","protected":false},"excerpt":{"rendered":"<p>Dope The Wall je vrlo neprozirna akrilna emulzijska boja koja pru\u017ea sna\u017enu pokrivnost i dugotrajan rezultat. Boja osigurava pokrivnost od pribli\u017eno 12 m\u00b2 po litri, \u0161to je \u010dini pogodnom za manje zidne projekte, murale ili dekoracije u interijeru i eksterijeru. Pakiranje: 2.5 L Vrsta: akrilna emulzijska boja Pokrivnost: cca 12 m\u00b2 \/ L Primjena: unutarnja [&hellip;]<\/p>","protected":false},"featured_media":12503,"template":"","meta":{"_acf_changed":false},"product_brand":[106],"product_cat":[20],"product_tag":[],"class_list":{"0":"post-2407","1":"product","2":"type-product","3":"status-publish","4":"has-post-thumbnail","6":"product_brand-dope","7":"product_cat-boje-za-zid","9":"first","10":"instock","11":"shipping-taxable","12":"purchasable","13":"product-type-variable"},"acf":[],"yoast_head":"<!-- This site is optimized with the Yoast SEO plugin v26.3 - https:\/\/yoast.com\/wordpress\/plugins\/seo\/ -->\n<title>The Wall 2.5 L - Sugar Factory<\/title>\n<meta name=\"robots\" content=\"index, follow, max-snippet:-1, max-image-preview:large, max-video-preview:-1\" \/>\n<link rel=\"canonical\" href=\"https:\/\/www.sugarfactory.hr\/hu\/termek\/fal-szinek\/falfestek-the-wall-2-5-l\/\" \/>\n<meta property=\"og:locale\" content=\"hu_HU\" \/>\n<meta property=\"og:type\" content=\"article\" \/>\n<meta property=\"og:title\" content=\"The Wall 2.5 L - Sugar Factory\" \/>\n<meta property=\"og:description\" content=\"Dope The Wall je vrlo neprozirna akrilna emulzijska boja koja pru\u017ea sna\u017enu pokrivnost i dugotrajan rezultat. Boja osigurava pokrivnost od pribli\u017eno 12 m\u00b2 po litri, \u0161to je \u010dini pogodnom za manje zidne projekte, murale ili dekoracije u interijeru i eksterijeru. Pakiranje: 2.5 L Vrsta: akrilna emulzijska boja Pokrivnost: cca 12 m\u00b2 \/ L Primjena: unutarnja [&hellip;]\" \/>\n<meta property=\"og:url\" content=\"https:\/\/www.sugarfactory.hr\/hu\/termek\/fal-szinek\/falfestek-the-wall-2-5-l\/\" \/>\n<meta property=\"og:site_name\" content=\"Sugar Factory\" \/>\n<meta property=\"article:modified_time\" content=\"2026-04-14T10:02:32+00:00\" \/>\n<meta property=\"og:image\" content=\"https:\/\/www.sugarfactory.hr\/wp-content\/uploads\/2021\/10\/dope-the-wall-2.5.webp\" \/>\n\t<meta property=\"og:image:width\" content=\"896\" \/>\n\t<meta property=\"og:image:height\" content=\"1120\" \/>\n\t<meta property=\"og:image:type\" content=\"image\/webp\" \/>\n<meta name=\"twitter:card\" content=\"summary_large_image\" \/>\n<meta name=\"twitter:label1\" content=\"Becs\u00fclt olvas\u00e1si id\u0151\" \/>\n\t<meta name=\"twitter:data1\" content=\"1 perc\" \/>\n<script type=\"application\/ld+json\" class=\"yoast-schema-graph\">{\"@context\":\"https:\/\/schema.org\",\"@graph\":[{\"@type\":\"WebPage\",\"@id\":\"https:\/\/www.sugarfactory.hr\/proizvod\/boje-za-zid\/boja-za-zid-the-wall-2-5-l\/\",\"url\":\"https:\/\/www.sugarfactory.hr\/proizvod\/boje-za-zid\/boja-za-zid-the-wall-2-5-l\/\",\"name\":\"The Wall 2.5 L - Sugar Factory\",\"isPartOf\":{\"@id\":\"https:\/\/www.sugarfactory.hr\/#website\"},\"primaryImageOfPage\":{\"@id\":\"https:\/\/www.sugarfactory.hr\/proizvod\/boje-za-zid\/boja-za-zid-the-wall-2-5-l\/#primaryimage\"},\"image\":{\"@id\":\"https:\/\/www.sugarfactory.hr\/proizvod\/boje-za-zid\/boja-za-zid-the-wall-2-5-l\/#primaryimage\"},\"thumbnailUrl\":\"https:\/\/www.sugarfactory.hr\/wp-content\/uploads\/2021\/10\/dope-the-wall-2.5.webp\",\"datePublished\":\"2021-10-12T11:57:19+00:00\",\"dateModified\":\"2026-04-14T10:02:32+00:00\",\"breadcrumb\":{\"@id\":\"https:\/\/www.sugarfactory.hr\/proizvod\/boje-za-zid\/boja-za-zid-the-wall-2-5-l\/#breadcrumb\"},\"inLanguage\":\"hu\",\"potentialAction\":[{\"@type\":\"ReadAction\",\"target\":[\"https:\/\/www.sugarfactory.hr\/proizvod\/boje-za-zid\/boja-za-zid-the-wall-2-5-l\/\"]}]},{\"@type\":\"ImageObject\",\"inLanguage\":\"hu\",\"@id\":\"https:\/\/www.sugarfactory.hr\/proizvod\/boje-za-zid\/boja-za-zid-the-wall-2-5-l\/#primaryimage\",\"url\":\"https:\/\/www.sugarfactory.hr\/wp-content\/uploads\/2021\/10\/dope-the-wall-2.5.webp\",\"contentUrl\":\"https:\/\/www.sugarfactory.hr\/wp-content\/uploads\/2021\/10\/dope-the-wall-2.5.webp\",\"width\":896,\"height\":1120},{\"@type\":\"BreadcrumbList\",\"@id\":\"https:\/\/www.sugarfactory.hr\/proizvod\/boje-za-zid\/boja-za-zid-the-wall-2-5-l\/#breadcrumb\",\"itemListElement\":[{\"@type\":\"ListItem\",\"position\":1,\"name\":\"Po\u010detna stranica\",\"item\":\"https:\/\/www.sugarfactory.hr\/\"},{\"@type\":\"ListItem\",\"position\":2,\"name\":\"Proizvodi\",\"item\":\"https:\/\/www.sugarfactory.hr\/shop\/\"},{\"@type\":\"ListItem\",\"position\":3,\"name\":\"The Wall 2.5 L\"}]},{\"@type\":\"WebSite\",\"@id\":\"https:\/\/www.sugarfactory.hr\/#website\",\"url\":\"https:\/\/www.sugarfactory.hr\/\",\"name\":\"Sugar Factory\",\"description\":\"Create your sweetest pieces!\",\"potentialAction\":[{\"@type\":\"SearchAction\",\"target\":{\"@type\":\"EntryPoint\",\"urlTemplate\":\"https:\/\/www.sugarfactory.hr\/?s={search_term_string}\"},\"query-input\":{\"@type\":\"PropertyValueSpecification\",\"valueRequired\":true,\"valueName\":\"search_term_string\"}}],\"inLanguage\":\"hu\"}]}<\/script>\n<!-- \/ Yoast SEO plugin. -->","yoast_head_json":{"title":"The Wall 2.5 L - Sugar Factory","robots":{"index":"index","follow":"follow","max-snippet":"max-snippet:-1","max-image-preview":"max-image-preview:large","max-video-preview":"max-video-preview:-1"},"canonical":"https:\/\/www.sugarfactory.hr\/hu\/termek\/fal-szinek\/falfestek-the-wall-2-5-l\/","og_locale":"hu_HU","og_type":"article","og_title":"The Wall 2.5 L - Sugar Factory","og_description":"Dope The Wall je vrlo neprozirna akrilna emulzijska boja koja pru\u017ea sna\u017enu pokrivnost i dugotrajan rezultat. Boja osigurava pokrivnost od pribli\u017eno 12 m\u00b2 po litri, \u0161to je \u010dini pogodnom za manje zidne projekte, murale ili dekoracije u interijeru i eksterijeru. Pakiranje: 2.5 L Vrsta: akrilna emulzijska boja Pokrivnost: cca 12 m\u00b2 \/ L Primjena: unutarnja [&hellip;]","og_url":"https:\/\/www.sugarfactory.hr\/hu\/termek\/fal-szinek\/falfestek-the-wall-2-5-l\/","og_site_name":"Sugar Factory","article_modified_time":"2026-04-14T10:02:32+00:00","og_image":[{"width":896,"height":1120,"url":"https:\/\/www.sugarfactory.hr\/wp-content\/uploads\/2021\/10\/dope-the-wall-2.5.webp","type":"image\/webp"}],"twitter_card":"summary_large_image","twitter_misc":{"Becs\u00fclt olvas\u00e1si id\u0151":"1 perc"},"schema":{"@context":"https:\/\/schema.org","@graph":[{"@type":"WebPage","@id":"https:\/\/www.sugarfactory.hr\/proizvod\/boje-za-zid\/boja-za-zid-the-wall-2-5-l\/","url":"https:\/\/www.sugarfactory.hr\/proizvod\/boje-za-zid\/boja-za-zid-the-wall-2-5-l\/","name":"The Wall 2.5 L - Sugar Factory","isPartOf":{"@id":"https:\/\/www.sugarfactory.hr\/#website"},"primaryImageOfPage":{"@id":"https:\/\/www.sugarfactory.hr\/proizvod\/boje-za-zid\/boja-za-zid-the-wall-2-5-l\/#primaryimage"},"image":{"@id":"https:\/\/www.sugarfactory.hr\/proizvod\/boje-za-zid\/boja-za-zid-the-wall-2-5-l\/#primaryimage"},"thumbnailUrl":"https:\/\/www.sugarfactory.hr\/wp-content\/uploads\/2021\/10\/dope-the-wall-2.5.webp","datePublished":"2021-10-12T11:57:19+00:00","dateModified":"2026-04-14T10:02:32+00:00","breadcrumb":{"@id":"https:\/\/www.sugarfactory.hr\/proizvod\/boje-za-zid\/boja-za-zid-the-wall-2-5-l\/#breadcrumb"},"inLanguage":"hu","potentialAction":[{"@type":"ReadAction","target":["https:\/\/www.sugarfactory.hr\/proizvod\/boje-za-zid\/boja-za-zid-the-wall-2-5-l\/"]}]},{"@type":"ImageObject","inLanguage":"hu","@id":"https:\/\/www.sugarfactory.hr\/proizvod\/boje-za-zid\/boja-za-zid-the-wall-2-5-l\/#primaryimage","url":"https:\/\/www.sugarfactory.hr\/wp-content\/uploads\/2021\/10\/dope-the-wall-2.5.webp","contentUrl":"https:\/\/www.sugarfactory.hr\/wp-content\/uploads\/2021\/10\/dope-the-wall-2.5.webp","width":896,"height":1120},{"@type":"BreadcrumbList","@id":"https:\/\/www.sugarfactory.hr\/proizvod\/boje-za-zid\/boja-za-zid-the-wall-2-5-l\/#breadcrumb","itemListElement":[{"@type":"ListItem","position":1,"name":"Po\u010detna stranica","item":"https:\/\/www.sugarfactory.hr\/"},{"@type":"ListItem","position":2,"name":"Proizvodi","item":"https:\/\/www.sugarfactory.hr\/shop\/"},{"@type":"ListItem","position":3,"name":"The Wall 2.5 L"}]},{"@type":"WebSite","@id":"https:\/\/www.sugarfactory.hr\/#website","url":"https:\/\/www.sugarfactory.hr\/","name":"Cukorgy\u00e1r","description":"Create your sweetest pieces!","potentialAction":[{"@type":"SearchAction","target":{"@type":"EntryPoint","urlTemplate":"https:\/\/www.sugarfactory.hr\/?s={search_term_string}"},"query-input":{"@type":"PropertyValueSpecification","valueRequired":true,"valueName":"search_term_string"}}],"inLanguage":"hu"}]}},"_links":{"self":[{"href":"https:\/\/www.sugarfactory.hr\/hu\/wp-json\/wp\/v2\/product\/2407","targetHints":{"allow":["GET"]}}],"collection":[{"href":"https:\/\/www.sugarfactory.hr\/hu\/wp-json\/wp\/v2\/product"}],"about":[{"href":"https:\/\/www.sugarfactory.hr\/hu\/wp-json\/wp\/v2\/types\/product"}],"wp:featuredmedia":[{"embeddable":true,"href":"https:\/\/www.sugarfactory.hr\/hu\/wp-json\/wp\/v2\/media\/12503"}],"wp:attachment":[{"href":"https:\/\/www.sugarfactory.hr\/hu\/wp-json\/wp\/v2\/media?parent=2407"}],"wp:term":[{"taxonomy":"product_brand","embeddable":true,"href":"https:\/\/www.sugarfactory.hr\/hu\/wp-json\/wp\/v2\/product_brand?post=2407"},{"taxonomy":"product_cat","embeddable":true,"href":"https:\/\/www.sugarfactory.hr\/hu\/wp-json\/wp\/v2\/product_cat?post=2407"},{"taxonomy":"product_tag","embeddable":true,"href":"https:\/\/www.sugarfactory.hr\/hu\/wp-json\/wp\/v2\/product_tag?post=2407"}],"curies":[{"name":"wp","href":"https:\/\/api.w.org\/{rel}","templated":true}]}}