{"id":2431,"date":"2021-10-18T12:28:05","date_gmt":"2021-10-18T12:28:05","guid":{"rendered":"https:\/\/www.sugarfactory.hr\/?post_type=product&#038;p=2431"},"modified":"2026-04-30T14:05:24","modified_gmt":"2026-04-30T13:05:24","slug":"marker-uni-px-21","status":"publish","type":"product","link":"https:\/\/www.sugarfactory.hr\/hu\/termek\/jelolok\/uni-px-markeri\/marker-uni-px-21\/","title":{"rendered":"Uni PX-21"},"content":{"rendered":"<p data-start=\"83\" data-end=\"427\">Profesionalni <strong data-start=\"137\" data-end=\"154\">trajni marker<\/strong> - <strong data-start=\"157\" data-end=\"205\">tintom na bazi ulja i titan-bijelog pigmenta<\/strong> osigurava <strong data-start=\"216\" data-end=\"261\">visok sjaj, o\u0161tre linije i \u017eivopisne boje<\/strong> na svim povr\u0161inama \u2013 od papira, metala, stakla i plastike do tkanina i drugih materijala. Nova boja potpuno prekriva staru, pru\u017eaju\u0107i \u010distu i postojanu aplikaciju.<\/p>\n<p data-start=\"429\" data-end=\"623\">Zahvaljuju\u0107i otpornosti na sve vremenske uvjete, marker je idealan i za <strong data-start=\"501\" data-end=\"526\">industrijsku upotrebu<\/strong> (brodogradnja, strojarstvo, automobilska industrija) i za <strong data-start=\"585\" data-end=\"620\">kreativne projekte ili popravke<\/strong>.<\/p>\n<p data-start=\"625\" data-end=\"826\">Jel\u00f6l\u0151 felhaszn\u00e1l\u00e1sa <strong data-start=\"640\" data-end=\"656\">felt-tip vrh<\/strong> i ima <strong data-start=\"663\" data-end=\"683\">kuglicu u refilu<\/strong> za mije\u0161anje tinte. Aktivira se laganim udarcem i protresanjem, a vijek trajanja tinte po\u010dinje tek od prve upotrebe, \u0161to jam\u010di dugotrajnost.<\/p>\n<ul data-start=\"828\" data-end=\"993\">\n<li data-start=\"828\" data-end=\"865\">\n<p data-start=\"830\" data-end=\"865\"><strong data-start=\"830\" data-end=\"850\">Vonalvastags\u00e1g:<\/strong> 0,8 \u2013 1,2 mm<\/p>\n<\/li>\n<li data-start=\"866\" data-end=\"913\">\n<p data-start=\"868\" data-end=\"913\"><strong data-start=\"868\" data-end=\"883\">Baza tinte:<\/strong> ulje + titan-bijeli pigment<\/p>\n<\/li>\n<li data-start=\"914\" data-end=\"993\">\n<p data-start=\"916\" data-end=\"993\"><strong data-start=\"916\" data-end=\"930\">Otpornost:<\/strong> trajna, vremenski postojana, za unutarnju i vanjsku upotrebu<\/p>\n<\/li>\n<\/ul>\n<p data-start=\"995\" data-end=\"1063\">Cijena je za <strong data-start=\"1008\" data-end=\"1019\">1 komad<\/strong>.<br data-start=\"1020\" data-end=\"1023\" \/><strong data-start=\"1023\" data-end=\"1050\">Komercijalno pakiranje:<\/strong> 12 komada.<\/p>","protected":false},"excerpt":{"rendered":"<p>Profesionalni trajni marker s tintom na bazi ulja i titan-bijelog pigmenta osigurava visok sjaj, o\u0161tre linije i \u017eivopisne boje na svim povr\u0161inama \u2013 od papira, metala, stakla i plastike do tkanina i drugih materijala. Nova boja potpuno prekriva staru, pru\u017eaju\u0107i \u010distu i postojanu aplikaciju. Zahvaljuju\u0107i otpornosti na sve vremenske uvjete, marker je idealan i za [&hellip;]<\/p>","protected":false},"featured_media":12483,"template":"","meta":{"_acf_changed":false},"product_brand":[110],"product_cat":[22,81],"product_tag":[],"class_list":{"0":"post-2431","1":"product","2":"type-product","3":"status-publish","4":"has-post-thumbnail","6":"product_brand-uni","7":"product_cat-markeri","8":"product_cat-uni-px-markeri","10":"first","11":"instock","12":"shipping-taxable","13":"purchasable","14":"product-type-variable"},"acf":[],"yoast_head":"<!-- This site is optimized with the Yoast SEO plugin v26.3 - https:\/\/yoast.com\/wordpress\/plugins\/seo\/ -->\n<title>Uni PX-21 - Sugar Factory<\/title>\n<meta name=\"robots\" content=\"index, follow, max-snippet:-1, max-image-preview:large, max-video-preview:-1\" \/>\n<link rel=\"canonical\" href=\"https:\/\/www.sugarfactory.hr\/hu\/termek\/jelolok\/uni-px-markeri\/marker-uni-px-21\/\" \/>\n<meta property=\"og:locale\" content=\"hu_HU\" \/>\n<meta property=\"og:type\" content=\"article\" \/>\n<meta property=\"og:title\" content=\"Uni PX-21 - Sugar Factory\" \/>\n<meta property=\"og:description\" content=\"Profesionalni trajni marker s tintom na bazi ulja i titan-bijelog pigmenta osigurava visok sjaj, o\u0161tre linije i \u017eivopisne boje na svim povr\u0161inama \u2013 od papira, metala, stakla i plastike do tkanina i drugih materijala. Nova boja potpuno prekriva staru, pru\u017eaju\u0107i \u010distu i postojanu aplikaciju. Zahvaljuju\u0107i otpornosti na sve vremenske uvjete, marker je idealan i za [&hellip;]\" \/>\n<meta property=\"og:url\" content=\"https:\/\/www.sugarfactory.hr\/hu\/termek\/jelolok\/uni-px-markeri\/marker-uni-px-21\/\" \/>\n<meta property=\"og:site_name\" content=\"Sugar Factory\" \/>\n<meta property=\"article:modified_time\" content=\"2026-04-30T13:05:24+00:00\" \/>\n<meta property=\"og:image\" content=\"https:\/\/www.sugarfactory.hr\/wp-content\/uploads\/2021\/10\/uni-px21.webp\" \/>\n\t<meta property=\"og:image:width\" content=\"896\" \/>\n\t<meta property=\"og:image:height\" content=\"1120\" \/>\n\t<meta property=\"og:image:type\" content=\"image\/webp\" \/>\n<meta name=\"twitter:card\" content=\"summary_large_image\" \/>\n<meta name=\"twitter:label1\" content=\"Becs\u00fclt olvas\u00e1si id\u0151\" \/>\n\t<meta name=\"twitter:data1\" content=\"1 perc\" \/>\n<script type=\"application\/ld+json\" class=\"yoast-schema-graph\">{\"@context\":\"https:\/\/schema.org\",\"@graph\":[{\"@type\":\"WebPage\",\"@id\":\"https:\/\/www.sugarfactory.hr\/proizvod\/markeri\/uni-px-markeri\/marker-uni-px-21\/\",\"url\":\"https:\/\/www.sugarfactory.hr\/proizvod\/markeri\/uni-px-markeri\/marker-uni-px-21\/\",\"name\":\"Uni PX-21 - Sugar Factory\",\"isPartOf\":{\"@id\":\"https:\/\/www.sugarfactory.hr\/#website\"},\"primaryImageOfPage\":{\"@id\":\"https:\/\/www.sugarfactory.hr\/proizvod\/markeri\/uni-px-markeri\/marker-uni-px-21\/#primaryimage\"},\"image\":{\"@id\":\"https:\/\/www.sugarfactory.hr\/proizvod\/markeri\/uni-px-markeri\/marker-uni-px-21\/#primaryimage\"},\"thumbnailUrl\":\"https:\/\/www.sugarfactory.hr\/wp-content\/uploads\/2021\/10\/uni-px21.webp\",\"datePublished\":\"2021-10-18T12:28:05+00:00\",\"dateModified\":\"2026-04-30T13:05:24+00:00\",\"breadcrumb\":{\"@id\":\"https:\/\/www.sugarfactory.hr\/proizvod\/markeri\/uni-px-markeri\/marker-uni-px-21\/#breadcrumb\"},\"inLanguage\":\"hu\",\"potentialAction\":[{\"@type\":\"ReadAction\",\"target\":[\"https:\/\/www.sugarfactory.hr\/proizvod\/markeri\/uni-px-markeri\/marker-uni-px-21\/\"]}]},{\"@type\":\"ImageObject\",\"inLanguage\":\"hu\",\"@id\":\"https:\/\/www.sugarfactory.hr\/proizvod\/markeri\/uni-px-markeri\/marker-uni-px-21\/#primaryimage\",\"url\":\"https:\/\/www.sugarfactory.hr\/wp-content\/uploads\/2021\/10\/uni-px21.webp\",\"contentUrl\":\"https:\/\/www.sugarfactory.hr\/wp-content\/uploads\/2021\/10\/uni-px21.webp\",\"width\":896,\"height\":1120},{\"@type\":\"BreadcrumbList\",\"@id\":\"https:\/\/www.sugarfactory.hr\/proizvod\/markeri\/uni-px-markeri\/marker-uni-px-21\/#breadcrumb\",\"itemListElement\":[{\"@type\":\"ListItem\",\"position\":1,\"name\":\"Po\u010detna stranica\",\"item\":\"https:\/\/www.sugarfactory.hr\/\"},{\"@type\":\"ListItem\",\"position\":2,\"name\":\"Proizvodi\",\"item\":\"https:\/\/www.sugarfactory.hr\/shop\/\"},{\"@type\":\"ListItem\",\"position\":3,\"name\":\"Uni PX-21\"}]},{\"@type\":\"WebSite\",\"@id\":\"https:\/\/www.sugarfactory.hr\/#website\",\"url\":\"https:\/\/www.sugarfactory.hr\/\",\"name\":\"Sugar Factory\",\"description\":\"Create your sweetest pieces!\",\"potentialAction\":[{\"@type\":\"SearchAction\",\"target\":{\"@type\":\"EntryPoint\",\"urlTemplate\":\"https:\/\/www.sugarfactory.hr\/?s={search_term_string}\"},\"query-input\":{\"@type\":\"PropertyValueSpecification\",\"valueRequired\":true,\"valueName\":\"search_term_string\"}}],\"inLanguage\":\"hu\"}]}<\/script>\n<!-- \/ Yoast SEO plugin. -->","yoast_head_json":{"title":"Uni PX-21 - Sugar Factory","robots":{"index":"index","follow":"follow","max-snippet":"max-snippet:-1","max-image-preview":"max-image-preview:large","max-video-preview":"max-video-preview:-1"},"canonical":"https:\/\/www.sugarfactory.hr\/hu\/termek\/jelolok\/uni-px-markeri\/marker-uni-px-21\/","og_locale":"hu_HU","og_type":"article","og_title":"Uni PX-21 - Sugar Factory","og_description":"Profesionalni trajni marker s tintom na bazi ulja i titan-bijelog pigmenta osigurava visok sjaj, o\u0161tre linije i \u017eivopisne boje na svim povr\u0161inama \u2013 od papira, metala, stakla i plastike do tkanina i drugih materijala. Nova boja potpuno prekriva staru, pru\u017eaju\u0107i \u010distu i postojanu aplikaciju. Zahvaljuju\u0107i otpornosti na sve vremenske uvjete, marker je idealan i za [&hellip;]","og_url":"https:\/\/www.sugarfactory.hr\/hu\/termek\/jelolok\/uni-px-markeri\/marker-uni-px-21\/","og_site_name":"Sugar Factory","article_modified_time":"2026-04-30T13:05:24+00:00","og_image":[{"width":896,"height":1120,"url":"https:\/\/www.sugarfactory.hr\/wp-content\/uploads\/2021\/10\/uni-px21.webp","type":"image\/webp"}],"twitter_card":"summary_large_image","twitter_misc":{"Becs\u00fclt olvas\u00e1si id\u0151":"1 perc"},"schema":{"@context":"https:\/\/schema.org","@graph":[{"@type":"WebPage","@id":"https:\/\/www.sugarfactory.hr\/proizvod\/markeri\/uni-px-markeri\/marker-uni-px-21\/","url":"https:\/\/www.sugarfactory.hr\/proizvod\/markeri\/uni-px-markeri\/marker-uni-px-21\/","name":"Uni PX-21 - Sugar Factory","isPartOf":{"@id":"https:\/\/www.sugarfactory.hr\/#website"},"primaryImageOfPage":{"@id":"https:\/\/www.sugarfactory.hr\/proizvod\/markeri\/uni-px-markeri\/marker-uni-px-21\/#primaryimage"},"image":{"@id":"https:\/\/www.sugarfactory.hr\/proizvod\/markeri\/uni-px-markeri\/marker-uni-px-21\/#primaryimage"},"thumbnailUrl":"https:\/\/www.sugarfactory.hr\/wp-content\/uploads\/2021\/10\/uni-px21.webp","datePublished":"2021-10-18T12:28:05+00:00","dateModified":"2026-04-30T13:05:24+00:00","breadcrumb":{"@id":"https:\/\/www.sugarfactory.hr\/proizvod\/markeri\/uni-px-markeri\/marker-uni-px-21\/#breadcrumb"},"inLanguage":"hu","potentialAction":[{"@type":"ReadAction","target":["https:\/\/www.sugarfactory.hr\/proizvod\/markeri\/uni-px-markeri\/marker-uni-px-21\/"]}]},{"@type":"ImageObject","inLanguage":"hu","@id":"https:\/\/www.sugarfactory.hr\/proizvod\/markeri\/uni-px-markeri\/marker-uni-px-21\/#primaryimage","url":"https:\/\/www.sugarfactory.hr\/wp-content\/uploads\/2021\/10\/uni-px21.webp","contentUrl":"https:\/\/www.sugarfactory.hr\/wp-content\/uploads\/2021\/10\/uni-px21.webp","width":896,"height":1120},{"@type":"BreadcrumbList","@id":"https:\/\/www.sugarfactory.hr\/proizvod\/markeri\/uni-px-markeri\/marker-uni-px-21\/#breadcrumb","itemListElement":[{"@type":"ListItem","position":1,"name":"Po\u010detna stranica","item":"https:\/\/www.sugarfactory.hr\/"},{"@type":"ListItem","position":2,"name":"Proizvodi","item":"https:\/\/www.sugarfactory.hr\/shop\/"},{"@type":"ListItem","position":3,"name":"Uni PX-21"}]},{"@type":"WebSite","@id":"https:\/\/www.sugarfactory.hr\/#website","url":"https:\/\/www.sugarfactory.hr\/","name":"Cukorgy\u00e1r","description":"Create your sweetest pieces!","potentialAction":[{"@type":"SearchAction","target":{"@type":"EntryPoint","urlTemplate":"https:\/\/www.sugarfactory.hr\/?s={search_term_string}"},"query-input":{"@type":"PropertyValueSpecification","valueRequired":true,"valueName":"search_term_string"}}],"inLanguage":"hu"}]}},"_links":{"self":[{"href":"https:\/\/www.sugarfactory.hr\/hu\/wp-json\/wp\/v2\/product\/2431","targetHints":{"allow":["GET"]}}],"collection":[{"href":"https:\/\/www.sugarfactory.hr\/hu\/wp-json\/wp\/v2\/product"}],"about":[{"href":"https:\/\/www.sugarfactory.hr\/hu\/wp-json\/wp\/v2\/types\/product"}],"wp:featuredmedia":[{"embeddable":true,"href":"https:\/\/www.sugarfactory.hr\/hu\/wp-json\/wp\/v2\/media\/12483"}],"wp:attachment":[{"href":"https:\/\/www.sugarfactory.hr\/hu\/wp-json\/wp\/v2\/media?parent=2431"}],"wp:term":[{"taxonomy":"product_brand","embeddable":true,"href":"https:\/\/www.sugarfactory.hr\/hu\/wp-json\/wp\/v2\/product_brand?post=2431"},{"taxonomy":"product_cat","embeddable":true,"href":"https:\/\/www.sugarfactory.hr\/hu\/wp-json\/wp\/v2\/product_cat?post=2431"},{"taxonomy":"product_tag","embeddable":true,"href":"https:\/\/www.sugarfactory.hr\/hu\/wp-json\/wp\/v2\/product_tag?post=2431"}],"curies":[{"name":"wp","href":"https:\/\/api.w.org\/{rel}","templated":true}]}}