{"id":2759,"date":"2022-01-13T15:16:59","date_gmt":"2022-01-13T15:16:59","guid":{"rendered":"https:\/\/www.sugarfactory.hr\/?post_type=product&#038;p=2759"},"modified":"2026-04-29T14:21:23","modified_gmt":"2026-04-29T13:21:23","slug":"montana-black-400-ml","status":"publish","type":"product","link":"https:\/\/www.sugarfactory.hr\/hu\/termek\/spray-k\/montana-black-400-ml\/","title":{"rendered":"Montana fekete 400 ml"},"content":{"rendered":"<p data-start=\"73\" data-end=\"371\"><strong data-start=\"135\" data-end=\"152\">Montana BLACK<\/strong> je boja u spreju na bazi <strong data-start=\"178\" data-end=\"199\">nitro-kombinacije<\/strong> - <strong data-start=\"202\" data-end=\"220\">visokim tlakom<\/strong>, razvijena za maksimalne performanse i pouzdanost. Ova linija slovi kao jedna od najboljih u svojoj klasi, omiljena me\u0111u umjetnicima diljem svijeta.<\/p>\n<p data-start=\"373\" data-end=\"596\">Boja je <strong data-start=\"381\" data-end=\"414\">visokopokrivna, mat zavr\u0161nice<\/strong> i mo\u017ee se nanositi na gotovo sve povr\u0161ine. Kratko vrijeme su\u0161enja omogu\u0107uje <strong data-start=\"491\" data-end=\"547\">brzo ponovno nano\u0161enje i preklapanje s drugim bojama<\/strong>, \u010dime se posti\u017ee maksimalna efikasnost u radu.<\/p>\n<p data-start=\"598\" data-end=\"739\"><strong data-start=\"598\" data-end=\"615\">Montana BLACK<\/strong> je otporna na vremenske uvjete i niske temperature, a nove crne nijanse s lako\u0107om prekrivaju i <strong data-start=\"711\" data-end=\"736\">Montana Silver Chrome<\/strong>.<\/p>\n<p>Legalacsonyabb \u00e1r az elm\u00falt 30 napban: <strong>4,5 \u20ac<\/strong><\/p>","protected":false},"excerpt":{"rendered":"<p>Montana BLACK je boja u spreju na bazi nitro-kombinacije s visokim tlakom, razvijena za maksimalne performanse i pouzdanost. Ova linija slovi kao jedna od najboljih u svojoj klasi, omiljena me\u0111u umjetnicima diljem svijeta. Boja je visokopokrivna, mat zavr\u0161nice i mo\u017ee se nanositi na gotovo sve povr\u0161ine. Kratko vrijeme su\u0161enja omogu\u0107uje brzo ponovno nano\u0161enje i preklapanje [&hellip;]<\/p>","protected":false},"featured_media":12330,"template":"","meta":{"_acf_changed":false},"product_brand":[105],"product_cat":[16,75],"product_tag":[],"class_list":{"0":"post-2759","1":"product","2":"type-product","3":"status-publish","4":"has-post-thumbnail","6":"product_brand-montana","7":"product_cat-sprejevi","8":"product_cat-graffiti","10":"first","11":"outofstock","12":"shipping-taxable","13":"purchasable","14":"product-type-variable"},"acf":[],"yoast_head":"<!-- This site is optimized with the Yoast SEO plugin v26.3 - https:\/\/yoast.com\/wordpress\/plugins\/seo\/ -->\n<title>Montana Black 400 ml - Sugar Factory<\/title>\n<meta name=\"robots\" content=\"index, follow, max-snippet:-1, max-image-preview:large, max-video-preview:-1\" \/>\n<link rel=\"canonical\" href=\"https:\/\/www.sugarfactory.hr\/hu\/termek\/spray-k\/montana-black-400-ml\/\" \/>\n<meta property=\"og:locale\" content=\"hu_HU\" \/>\n<meta property=\"og:type\" content=\"article\" \/>\n<meta property=\"og:title\" content=\"Montana Black 400 ml - Sugar Factory\" \/>\n<meta property=\"og:description\" content=\"Montana BLACK je boja u spreju na bazi nitro-kombinacije s visokim tlakom, razvijena za maksimalne performanse i pouzdanost. Ova linija slovi kao jedna od najboljih u svojoj klasi, omiljena me\u0111u umjetnicima diljem svijeta. Boja je visokopokrivna, mat zavr\u0161nice i mo\u017ee se nanositi na gotovo sve povr\u0161ine. Kratko vrijeme su\u0161enja omogu\u0107uje brzo ponovno nano\u0161enje i preklapanje [&hellip;]\" \/>\n<meta property=\"og:url\" content=\"https:\/\/www.sugarfactory.hr\/hu\/termek\/spray-k\/montana-black-400-ml\/\" \/>\n<meta property=\"og:site_name\" content=\"Sugar Factory\" \/>\n<meta property=\"article:modified_time\" content=\"2026-04-29T13:21:23+00:00\" \/>\n<meta property=\"og:image\" content=\"https:\/\/www.sugarfactory.hr\/wp-content\/uploads\/2022\/01\/montana-black-400.webp\" \/>\n\t<meta property=\"og:image:width\" content=\"896\" \/>\n\t<meta property=\"og:image:height\" content=\"1120\" \/>\n\t<meta property=\"og:image:type\" content=\"image\/webp\" \/>\n<meta name=\"twitter:card\" content=\"summary_large_image\" \/>\n<meta name=\"twitter:label1\" content=\"Becs\u00fclt olvas\u00e1si id\u0151\" \/>\n\t<meta name=\"twitter:data1\" content=\"1 perc\" \/>\n<script type=\"application\/ld+json\" class=\"yoast-schema-graph\">{\"@context\":\"https:\/\/schema.org\",\"@graph\":[{\"@type\":\"WebPage\",\"@id\":\"https:\/\/www.sugarfactory.hr\/proizvod\/sprejevi\/montana-black-400-ml\/\",\"url\":\"https:\/\/www.sugarfactory.hr\/proizvod\/sprejevi\/montana-black-400-ml\/\",\"name\":\"Montana Black 400 ml - Sugar Factory\",\"isPartOf\":{\"@id\":\"https:\/\/www.sugarfactory.hr\/#website\"},\"primaryImageOfPage\":{\"@id\":\"https:\/\/www.sugarfactory.hr\/proizvod\/sprejevi\/montana-black-400-ml\/#primaryimage\"},\"image\":{\"@id\":\"https:\/\/www.sugarfactory.hr\/proizvod\/sprejevi\/montana-black-400-ml\/#primaryimage\"},\"thumbnailUrl\":\"https:\/\/www.sugarfactory.hr\/wp-content\/uploads\/2022\/01\/montana-black-400.webp\",\"datePublished\":\"2022-01-13T15:16:59+00:00\",\"dateModified\":\"2026-04-29T13:21:23+00:00\",\"breadcrumb\":{\"@id\":\"https:\/\/www.sugarfactory.hr\/proizvod\/sprejevi\/montana-black-400-ml\/#breadcrumb\"},\"inLanguage\":\"hu\",\"potentialAction\":[{\"@type\":\"ReadAction\",\"target\":[\"https:\/\/www.sugarfactory.hr\/proizvod\/sprejevi\/montana-black-400-ml\/\"]}]},{\"@type\":\"ImageObject\",\"inLanguage\":\"hu\",\"@id\":\"https:\/\/www.sugarfactory.hr\/proizvod\/sprejevi\/montana-black-400-ml\/#primaryimage\",\"url\":\"https:\/\/www.sugarfactory.hr\/wp-content\/uploads\/2022\/01\/montana-black-400.webp\",\"contentUrl\":\"https:\/\/www.sugarfactory.hr\/wp-content\/uploads\/2022\/01\/montana-black-400.webp\",\"width\":896,\"height\":1120},{\"@type\":\"BreadcrumbList\",\"@id\":\"https:\/\/www.sugarfactory.hr\/proizvod\/sprejevi\/montana-black-400-ml\/#breadcrumb\",\"itemListElement\":[{\"@type\":\"ListItem\",\"position\":1,\"name\":\"Po\u010detna stranica\",\"item\":\"https:\/\/www.sugarfactory.hr\/\"},{\"@type\":\"ListItem\",\"position\":2,\"name\":\"Proizvodi\",\"item\":\"https:\/\/www.sugarfactory.hr\/shop\/\"},{\"@type\":\"ListItem\",\"position\":3,\"name\":\"Montana Black 400 ml\"}]},{\"@type\":\"WebSite\",\"@id\":\"https:\/\/www.sugarfactory.hr\/#website\",\"url\":\"https:\/\/www.sugarfactory.hr\/\",\"name\":\"Sugar Factory\",\"description\":\"Create your sweetest pieces!\",\"potentialAction\":[{\"@type\":\"SearchAction\",\"target\":{\"@type\":\"EntryPoint\",\"urlTemplate\":\"https:\/\/www.sugarfactory.hr\/?s={search_term_string}\"},\"query-input\":{\"@type\":\"PropertyValueSpecification\",\"valueRequired\":true,\"valueName\":\"search_term_string\"}}],\"inLanguage\":\"hu\"}]}<\/script>\n<!-- \/ Yoast SEO plugin. -->","yoast_head_json":{"title":"Montana Black 400 ml - Sugar Factory","robots":{"index":"index","follow":"follow","max-snippet":"max-snippet:-1","max-image-preview":"max-image-preview:large","max-video-preview":"max-video-preview:-1"},"canonical":"https:\/\/www.sugarfactory.hr\/hu\/termek\/spray-k\/montana-black-400-ml\/","og_locale":"hu_HU","og_type":"article","og_title":"Montana Black 400 ml - Sugar Factory","og_description":"Montana BLACK je boja u spreju na bazi nitro-kombinacije s visokim tlakom, razvijena za maksimalne performanse i pouzdanost. Ova linija slovi kao jedna od najboljih u svojoj klasi, omiljena me\u0111u umjetnicima diljem svijeta. Boja je visokopokrivna, mat zavr\u0161nice i mo\u017ee se nanositi na gotovo sve povr\u0161ine. Kratko vrijeme su\u0161enja omogu\u0107uje brzo ponovno nano\u0161enje i preklapanje [&hellip;]","og_url":"https:\/\/www.sugarfactory.hr\/hu\/termek\/spray-k\/montana-black-400-ml\/","og_site_name":"Sugar Factory","article_modified_time":"2026-04-29T13:21:23+00:00","og_image":[{"width":896,"height":1120,"url":"https:\/\/www.sugarfactory.hr\/wp-content\/uploads\/2022\/01\/montana-black-400.webp","type":"image\/webp"}],"twitter_card":"summary_large_image","twitter_misc":{"Becs\u00fclt olvas\u00e1si id\u0151":"1 perc"},"schema":{"@context":"https:\/\/schema.org","@graph":[{"@type":"WebPage","@id":"https:\/\/www.sugarfactory.hr\/proizvod\/sprejevi\/montana-black-400-ml\/","url":"https:\/\/www.sugarfactory.hr\/proizvod\/sprejevi\/montana-black-400-ml\/","name":"Montana Black 400 ml - Sugar Factory","isPartOf":{"@id":"https:\/\/www.sugarfactory.hr\/#website"},"primaryImageOfPage":{"@id":"https:\/\/www.sugarfactory.hr\/proizvod\/sprejevi\/montana-black-400-ml\/#primaryimage"},"image":{"@id":"https:\/\/www.sugarfactory.hr\/proizvod\/sprejevi\/montana-black-400-ml\/#primaryimage"},"thumbnailUrl":"https:\/\/www.sugarfactory.hr\/wp-content\/uploads\/2022\/01\/montana-black-400.webp","datePublished":"2022-01-13T15:16:59+00:00","dateModified":"2026-04-29T13:21:23+00:00","breadcrumb":{"@id":"https:\/\/www.sugarfactory.hr\/proizvod\/sprejevi\/montana-black-400-ml\/#breadcrumb"},"inLanguage":"hu","potentialAction":[{"@type":"ReadAction","target":["https:\/\/www.sugarfactory.hr\/proizvod\/sprejevi\/montana-black-400-ml\/"]}]},{"@type":"ImageObject","inLanguage":"hu","@id":"https:\/\/www.sugarfactory.hr\/proizvod\/sprejevi\/montana-black-400-ml\/#primaryimage","url":"https:\/\/www.sugarfactory.hr\/wp-content\/uploads\/2022\/01\/montana-black-400.webp","contentUrl":"https:\/\/www.sugarfactory.hr\/wp-content\/uploads\/2022\/01\/montana-black-400.webp","width":896,"height":1120},{"@type":"BreadcrumbList","@id":"https:\/\/www.sugarfactory.hr\/proizvod\/sprejevi\/montana-black-400-ml\/#breadcrumb","itemListElement":[{"@type":"ListItem","position":1,"name":"Po\u010detna stranica","item":"https:\/\/www.sugarfactory.hr\/"},{"@type":"ListItem","position":2,"name":"Proizvodi","item":"https:\/\/www.sugarfactory.hr\/shop\/"},{"@type":"ListItem","position":3,"name":"Montana Black 400 ml"}]},{"@type":"WebSite","@id":"https:\/\/www.sugarfactory.hr\/#website","url":"https:\/\/www.sugarfactory.hr\/","name":"Cukorgy\u00e1r","description":"Create your sweetest pieces!","potentialAction":[{"@type":"SearchAction","target":{"@type":"EntryPoint","urlTemplate":"https:\/\/www.sugarfactory.hr\/?s={search_term_string}"},"query-input":{"@type":"PropertyValueSpecification","valueRequired":true,"valueName":"search_term_string"}}],"inLanguage":"hu"}]}},"_links":{"self":[{"href":"https:\/\/www.sugarfactory.hr\/hu\/wp-json\/wp\/v2\/product\/2759","targetHints":{"allow":["GET"]}}],"collection":[{"href":"https:\/\/www.sugarfactory.hr\/hu\/wp-json\/wp\/v2\/product"}],"about":[{"href":"https:\/\/www.sugarfactory.hr\/hu\/wp-json\/wp\/v2\/types\/product"}],"wp:featuredmedia":[{"embeddable":true,"href":"https:\/\/www.sugarfactory.hr\/hu\/wp-json\/wp\/v2\/media\/12330"}],"wp:attachment":[{"href":"https:\/\/www.sugarfactory.hr\/hu\/wp-json\/wp\/v2\/media?parent=2759"}],"wp:term":[{"taxonomy":"product_brand","embeddable":true,"href":"https:\/\/www.sugarfactory.hr\/hu\/wp-json\/wp\/v2\/product_brand?post=2759"},{"taxonomy":"product_cat","embeddable":true,"href":"https:\/\/www.sugarfactory.hr\/hu\/wp-json\/wp\/v2\/product_cat?post=2759"},{"taxonomy":"product_tag","embeddable":true,"href":"https:\/\/www.sugarfactory.hr\/hu\/wp-json\/wp\/v2\/product_tag?post=2759"}],"curies":[{"name":"wp","href":"https:\/\/api.w.org\/{rel}","templated":true}]}}