{"id":2834,"date":"2022-01-13T15:33:51","date_gmt":"2022-01-13T15:33:51","guid":{"rendered":"https:\/\/www.sugarfactory.hr\/?post_type=product&#038;p=2834"},"modified":"2026-04-17T12:53:11","modified_gmt":"2026-04-17T11:53:11","slug":"montana-gold-400-ml","status":"publish","type":"product","link":"https:\/\/www.sugarfactory.hr\/hu\/termek\/spray-k\/montana-gold-400-ml\/","title":{"rendered":"Montana Gold 400 ml"},"content":{"rendered":"<p data-start=\"97\" data-end=\"343\"><strong data-start=\"97\" data-end=\"130\">Montana GOLD NC-Acrylic 400ml<\/strong> je profesionalni sprej s <strong data-start=\"156\" data-end=\"179\">NC-Acrylic formulom<\/strong> koja omogu\u0107uje brzo su\u0161enje i izvrsnu otpornost na vremenske uvjete. Boja se odlikuje <strong data-start=\"266\" data-end=\"291\">visokom pigmentacijom<\/strong> i preciznim raspr\u0161ivanjem za maksimalnu kontrolu.<\/p>\n<p data-start=\"345\" data-end=\"552\">Sprej pru\u017ea <strong data-start=\"357\" data-end=\"374\">mat zavr\u0161nicu<\/strong> bez refleksija, \u0161to ga \u010dini idealnim za rad na detaljima i ve\u0107im povr\u0161inama. Zahvaljuju\u0107i inovativnom ventilu, mogu\u0107e je ravnomjerno nano\u0161enje i pri vrlo niskim temperaturama.<\/p>\n<p data-start=\"554\" data-end=\"717\"><strong data-start=\"554\" data-end=\"596\">Kompatibilan je s razli\u010ditim podlogama<\/strong> poput zida, platna, drveta, metala i plastike. Dostupan je u <strong data-start=\"658\" data-end=\"681\">\u0161irokoj paleti boja<\/strong> koja pokriva vi\u0161e od 200 nijansi.<\/p>\n<p data-start=\"719\" data-end=\"893\">Montana GOLD je poznata kao <strong data-start=\"747\" data-end=\"799\">industrijski standard u graffiti i art zajednici<\/strong>, pru\u017eaju\u0107i umjetnicima, dizajnerima i DIY korisnicima pouzdan alat za kvalitetne rezultate.<\/p>","protected":false},"excerpt":{"rendered":"<p>Montana GOLD NC-Acrylic 400ml je profesionalni sprej s NC-Acrylic formulom koja omogu\u0107uje brzo su\u0161enje i izvrsnu otpornost na vremenske uvjete. Boja se odlikuje visokom pigmentacijom i preciznim raspr\u0161ivanjem za maksimalnu kontrolu. Sprej pru\u017ea mat zavr\u0161nicu bez refleksija, \u0161to ga \u010dini idealnim za rad na detaljima i ve\u0107im povr\u0161inama. Zahvaljuju\u0107i inovativnom ventilu, mogu\u0107e je ravnomjerno nano\u0161enje [&hellip;]<\/p>","protected":false},"featured_media":12720,"template":"","meta":{"_acf_changed":false},"product_brand":[105],"product_cat":[16,75],"product_tag":[],"class_list":{"0":"post-2834","1":"product","2":"type-product","3":"status-publish","4":"has-post-thumbnail","6":"product_brand-montana","7":"product_cat-sprejevi","8":"product_cat-graffiti","10":"first","11":"outofstock","12":"sale","13":"shipping-taxable","14":"purchasable","15":"product-type-variable"},"acf":[],"yoast_head":"<!-- This site is optimized with the Yoast SEO plugin v26.3 - https:\/\/yoast.com\/wordpress\/plugins\/seo\/ -->\n<title>Montana Gold 400 ml - Sugar Factory<\/title>\n<meta name=\"robots\" content=\"index, follow, max-snippet:-1, max-image-preview:large, max-video-preview:-1\" \/>\n<link rel=\"canonical\" href=\"https:\/\/www.sugarfactory.hr\/hu\/termek\/spray-k\/montana-gold-400-ml\/\" \/>\n<meta property=\"og:locale\" content=\"hu_HU\" \/>\n<meta property=\"og:type\" content=\"article\" \/>\n<meta property=\"og:title\" content=\"Montana Gold 400 ml - Sugar Factory\" \/>\n<meta property=\"og:description\" content=\"Montana GOLD NC-Acrylic 400ml je profesionalni sprej s NC-Acrylic formulom koja omogu\u0107uje brzo su\u0161enje i izvrsnu otpornost na vremenske uvjete. Boja se odlikuje visokom pigmentacijom i preciznim raspr\u0161ivanjem za maksimalnu kontrolu. Sprej pru\u017ea mat zavr\u0161nicu bez refleksija, \u0161to ga \u010dini idealnim za rad na detaljima i ve\u0107im povr\u0161inama. Zahvaljuju\u0107i inovativnom ventilu, mogu\u0107e je ravnomjerno nano\u0161enje [&hellip;]\" \/>\n<meta property=\"og:url\" content=\"https:\/\/www.sugarfactory.hr\/hu\/termek\/spray-k\/montana-gold-400-ml\/\" \/>\n<meta property=\"og:site_name\" content=\"Sugar Factory\" \/>\n<meta property=\"article:modified_time\" content=\"2026-04-17T11:53:11+00:00\" \/>\n<meta property=\"og:image\" content=\"https:\/\/www.sugarfactory.hr\/wp-content\/uploads\/2022\/01\/fb799858fbbb46949e96987729c97dbe.webp\" \/>\n\t<meta property=\"og:image:width\" content=\"896\" \/>\n\t<meta property=\"og:image:height\" content=\"1120\" \/>\n\t<meta property=\"og:image:type\" content=\"image\/webp\" \/>\n<meta name=\"twitter:card\" content=\"summary_large_image\" \/>\n<meta name=\"twitter:label1\" content=\"Becs\u00fclt olvas\u00e1si id\u0151\" \/>\n\t<meta name=\"twitter:data1\" content=\"1 perc\" \/>\n<script type=\"application\/ld+json\" class=\"yoast-schema-graph\">{\"@context\":\"https:\/\/schema.org\",\"@graph\":[{\"@type\":\"WebPage\",\"@id\":\"https:\/\/www.sugarfactory.hr\/proizvod\/sprejevi\/montana-gold-400-ml\/\",\"url\":\"https:\/\/www.sugarfactory.hr\/proizvod\/sprejevi\/montana-gold-400-ml\/\",\"name\":\"Montana Gold 400 ml - Sugar Factory\",\"isPartOf\":{\"@id\":\"https:\/\/www.sugarfactory.hr\/#website\"},\"primaryImageOfPage\":{\"@id\":\"https:\/\/www.sugarfactory.hr\/proizvod\/sprejevi\/montana-gold-400-ml\/#primaryimage\"},\"image\":{\"@id\":\"https:\/\/www.sugarfactory.hr\/proizvod\/sprejevi\/montana-gold-400-ml\/#primaryimage\"},\"thumbnailUrl\":\"https:\/\/www.sugarfactory.hr\/wp-content\/uploads\/2022\/01\/fb799858fbbb46949e96987729c97dbe.webp\",\"datePublished\":\"2022-01-13T15:33:51+00:00\",\"dateModified\":\"2026-04-17T11:53:11+00:00\",\"breadcrumb\":{\"@id\":\"https:\/\/www.sugarfactory.hr\/proizvod\/sprejevi\/montana-gold-400-ml\/#breadcrumb\"},\"inLanguage\":\"hu\",\"potentialAction\":[{\"@type\":\"ReadAction\",\"target\":[\"https:\/\/www.sugarfactory.hr\/proizvod\/sprejevi\/montana-gold-400-ml\/\"]}]},{\"@type\":\"ImageObject\",\"inLanguage\":\"hu\",\"@id\":\"https:\/\/www.sugarfactory.hr\/proizvod\/sprejevi\/montana-gold-400-ml\/#primaryimage\",\"url\":\"https:\/\/www.sugarfactory.hr\/wp-content\/uploads\/2022\/01\/fb799858fbbb46949e96987729c97dbe.webp\",\"contentUrl\":\"https:\/\/www.sugarfactory.hr\/wp-content\/uploads\/2022\/01\/fb799858fbbb46949e96987729c97dbe.webp\",\"width\":896,\"height\":1120},{\"@type\":\"BreadcrumbList\",\"@id\":\"https:\/\/www.sugarfactory.hr\/proizvod\/sprejevi\/montana-gold-400-ml\/#breadcrumb\",\"itemListElement\":[{\"@type\":\"ListItem\",\"position\":1,\"name\":\"Po\u010detna stranica\",\"item\":\"https:\/\/www.sugarfactory.hr\/\"},{\"@type\":\"ListItem\",\"position\":2,\"name\":\"Proizvodi\",\"item\":\"https:\/\/www.sugarfactory.hr\/shop\/\"},{\"@type\":\"ListItem\",\"position\":3,\"name\":\"Montana Gold 400 ml\"}]},{\"@type\":\"WebSite\",\"@id\":\"https:\/\/www.sugarfactory.hr\/#website\",\"url\":\"https:\/\/www.sugarfactory.hr\/\",\"name\":\"Sugar Factory\",\"description\":\"Create your sweetest pieces!\",\"potentialAction\":[{\"@type\":\"SearchAction\",\"target\":{\"@type\":\"EntryPoint\",\"urlTemplate\":\"https:\/\/www.sugarfactory.hr\/?s={search_term_string}\"},\"query-input\":{\"@type\":\"PropertyValueSpecification\",\"valueRequired\":true,\"valueName\":\"search_term_string\"}}],\"inLanguage\":\"hu\"}]}<\/script>\n<!-- \/ Yoast SEO plugin. -->","yoast_head_json":{"title":"Montana Gold 400 ml - Sugar Factory","robots":{"index":"index","follow":"follow","max-snippet":"max-snippet:-1","max-image-preview":"max-image-preview:large","max-video-preview":"max-video-preview:-1"},"canonical":"https:\/\/www.sugarfactory.hr\/hu\/termek\/spray-k\/montana-gold-400-ml\/","og_locale":"hu_HU","og_type":"article","og_title":"Montana Gold 400 ml - Sugar Factory","og_description":"Montana GOLD NC-Acrylic 400ml je profesionalni sprej s NC-Acrylic formulom koja omogu\u0107uje brzo su\u0161enje i izvrsnu otpornost na vremenske uvjete. Boja se odlikuje visokom pigmentacijom i preciznim raspr\u0161ivanjem za maksimalnu kontrolu. Sprej pru\u017ea mat zavr\u0161nicu bez refleksija, \u0161to ga \u010dini idealnim za rad na detaljima i ve\u0107im povr\u0161inama. Zahvaljuju\u0107i inovativnom ventilu, mogu\u0107e je ravnomjerno nano\u0161enje [&hellip;]","og_url":"https:\/\/www.sugarfactory.hr\/hu\/termek\/spray-k\/montana-gold-400-ml\/","og_site_name":"Sugar Factory","article_modified_time":"2026-04-17T11:53:11+00:00","og_image":[{"width":896,"height":1120,"url":"https:\/\/www.sugarfactory.hr\/wp-content\/uploads\/2022\/01\/fb799858fbbb46949e96987729c97dbe.webp","type":"image\/webp"}],"twitter_card":"summary_large_image","twitter_misc":{"Becs\u00fclt olvas\u00e1si id\u0151":"1 perc"},"schema":{"@context":"https:\/\/schema.org","@graph":[{"@type":"WebPage","@id":"https:\/\/www.sugarfactory.hr\/proizvod\/sprejevi\/montana-gold-400-ml\/","url":"https:\/\/www.sugarfactory.hr\/proizvod\/sprejevi\/montana-gold-400-ml\/","name":"Montana Gold 400 ml - Sugar Factory","isPartOf":{"@id":"https:\/\/www.sugarfactory.hr\/#website"},"primaryImageOfPage":{"@id":"https:\/\/www.sugarfactory.hr\/proizvod\/sprejevi\/montana-gold-400-ml\/#primaryimage"},"image":{"@id":"https:\/\/www.sugarfactory.hr\/proizvod\/sprejevi\/montana-gold-400-ml\/#primaryimage"},"thumbnailUrl":"https:\/\/www.sugarfactory.hr\/wp-content\/uploads\/2022\/01\/fb799858fbbb46949e96987729c97dbe.webp","datePublished":"2022-01-13T15:33:51+00:00","dateModified":"2026-04-17T11:53:11+00:00","breadcrumb":{"@id":"https:\/\/www.sugarfactory.hr\/proizvod\/sprejevi\/montana-gold-400-ml\/#breadcrumb"},"inLanguage":"hu","potentialAction":[{"@type":"ReadAction","target":["https:\/\/www.sugarfactory.hr\/proizvod\/sprejevi\/montana-gold-400-ml\/"]}]},{"@type":"ImageObject","inLanguage":"hu","@id":"https:\/\/www.sugarfactory.hr\/proizvod\/sprejevi\/montana-gold-400-ml\/#primaryimage","url":"https:\/\/www.sugarfactory.hr\/wp-content\/uploads\/2022\/01\/fb799858fbbb46949e96987729c97dbe.webp","contentUrl":"https:\/\/www.sugarfactory.hr\/wp-content\/uploads\/2022\/01\/fb799858fbbb46949e96987729c97dbe.webp","width":896,"height":1120},{"@type":"BreadcrumbList","@id":"https:\/\/www.sugarfactory.hr\/proizvod\/sprejevi\/montana-gold-400-ml\/#breadcrumb","itemListElement":[{"@type":"ListItem","position":1,"name":"Po\u010detna stranica","item":"https:\/\/www.sugarfactory.hr\/"},{"@type":"ListItem","position":2,"name":"Proizvodi","item":"https:\/\/www.sugarfactory.hr\/shop\/"},{"@type":"ListItem","position":3,"name":"Montana Gold 400 ml"}]},{"@type":"WebSite","@id":"https:\/\/www.sugarfactory.hr\/#website","url":"https:\/\/www.sugarfactory.hr\/","name":"Cukorgy\u00e1r","description":"Create your sweetest pieces!","potentialAction":[{"@type":"SearchAction","target":{"@type":"EntryPoint","urlTemplate":"https:\/\/www.sugarfactory.hr\/?s={search_term_string}"},"query-input":{"@type":"PropertyValueSpecification","valueRequired":true,"valueName":"search_term_string"}}],"inLanguage":"hu"}]}},"_links":{"self":[{"href":"https:\/\/www.sugarfactory.hr\/hu\/wp-json\/wp\/v2\/product\/2834","targetHints":{"allow":["GET"]}}],"collection":[{"href":"https:\/\/www.sugarfactory.hr\/hu\/wp-json\/wp\/v2\/product"}],"about":[{"href":"https:\/\/www.sugarfactory.hr\/hu\/wp-json\/wp\/v2\/types\/product"}],"wp:featuredmedia":[{"embeddable":true,"href":"https:\/\/www.sugarfactory.hr\/hu\/wp-json\/wp\/v2\/media\/12720"}],"wp:attachment":[{"href":"https:\/\/www.sugarfactory.hr\/hu\/wp-json\/wp\/v2\/media?parent=2834"}],"wp:term":[{"taxonomy":"product_brand","embeddable":true,"href":"https:\/\/www.sugarfactory.hr\/hu\/wp-json\/wp\/v2\/product_brand?post=2834"},{"taxonomy":"product_cat","embeddable":true,"href":"https:\/\/www.sugarfactory.hr\/hu\/wp-json\/wp\/v2\/product_cat?post=2834"},{"taxonomy":"product_tag","embeddable":true,"href":"https:\/\/www.sugarfactory.hr\/hu\/wp-json\/wp\/v2\/product_tag?post=2834"}],"curies":[{"name":"wp","href":"https:\/\/api.w.org\/{rel}","templated":true}]}}