{"id":2915,"date":"2022-01-26T16:03:09","date_gmt":"2022-01-26T16:03:09","guid":{"rendered":"https:\/\/www.sugarfactory.hr\/?post_type=product&#038;p=2915"},"modified":"2026-04-15T18:31:02","modified_gmt":"2026-04-15T17:31:02","slug":"kupak-a-sprayhez-montana-cap-level-4","status":"publish","type":"product","link":"https:\/\/www.sugarfactory.hr\/hu\/termek\/sapkak\/kupak-a-sprayhez-montana-cap-level-4\/","title":{"rendered":"Montana sapka 4. szint"},"content":{"rendered":"<p data-start=\"27\" data-end=\"328\">Montana Cap Level 4 osigurava <strong data-start=\"57\" data-end=\"98\">prosje\u010dnu \u0161irinu nanosa od 3 do 10 cm<\/strong>, \u0161to ga \u010dini idealnim za <strong data-start=\"124\" data-end=\"175\">srednje \u0161iroke linije i ravnomjerno prekrivanje<\/strong>.<br data-start=\"176\" data-end=\"179\" \/>Pru\u017ea odli\u010dnu ravnote\u017eu izme\u0111u <strong data-start=\"210\" data-end=\"234\">preciznosti i brzine<\/strong>, pa je posebno prakti\u010dan za <strong data-start=\"263\" data-end=\"325\">backgrounde, srednje velike povr\u0161ine i kontrolirane poteze<\/strong>.<\/p>\n<p data-start=\"330\" data-end=\"404\" data-is-last-node=\"\" data-is-only-node=\"\">Pouzdan i svestran cap za <strong data-start=\"356\" data-end=\"396\">umjetnike koji trebaju fleksibilnost<\/strong> u radu.<\/p>","protected":false},"excerpt":{"rendered":"<p>Montana Cap Level 4 osigurava prosje\u010dnu \u0161irinu nanosa od 3 do 10 cm, \u0161to ga \u010dini idealnim za srednje \u0161iroke linije i ravnomjerno prekrivanje.Pru\u017ea odli\u010dnu ravnote\u017eu izme\u0111u preciznosti i brzine, pa je posebno prakti\u010dan za backgrounde, srednje velike povr\u0161ine i kontrolirane poteze. Pouzdan i svestran cap za umjetnike koji trebaju fleksibilnost u radu.<\/p>","protected":false},"featured_media":2916,"template":"","meta":{"_acf_changed":false},"product_brand":[],"product_cat":[19,97],"product_tag":[],"class_list":{"0":"post-2915","1":"product","2":"type-product","3":"status-publish","4":"has-post-thumbnail","6":"product_cat-kapice","7":"product_cat-medium-caps","9":"first","10":"instock","11":"shipping-taxable","12":"purchasable","13":"product-type-simple"},"acf":[],"yoast_head":"<!-- This site is optimized with the Yoast SEO plugin v26.3 - https:\/\/yoast.com\/wordpress\/plugins\/seo\/ -->\n<title>Montana Cap Level 4 - Sugar Factory<\/title>\n<meta name=\"robots\" content=\"index, follow, max-snippet:-1, max-image-preview:large, max-video-preview:-1\" \/>\n<link rel=\"canonical\" href=\"https:\/\/www.sugarfactory.hr\/hu\/termek\/sapkak\/kupak-a-sprayhez-montana-cap-level-4\/\" \/>\n<meta property=\"og:locale\" content=\"hu_HU\" \/>\n<meta property=\"og:type\" content=\"article\" \/>\n<meta property=\"og:title\" content=\"Montana Cap Level 4 - Sugar Factory\" \/>\n<meta property=\"og:description\" content=\"Montana Cap Level 4 osigurava prosje\u010dnu \u0161irinu nanosa od 3 do 10 cm, \u0161to ga \u010dini idealnim za srednje \u0161iroke linije i ravnomjerno prekrivanje.Pru\u017ea odli\u010dnu ravnote\u017eu izme\u0111u preciznosti i brzine, pa je posebno prakti\u010dan za backgrounde, srednje velike povr\u0161ine i kontrolirane poteze. Pouzdan i svestran cap za umjetnike koji trebaju fleksibilnost u radu.\" \/>\n<meta property=\"og:url\" content=\"https:\/\/www.sugarfactory.hr\/hu\/termek\/sapkak\/kupak-a-sprayhez-montana-cap-level-4\/\" \/>\n<meta property=\"og:site_name\" content=\"Sugar Factory\" \/>\n<meta property=\"article:modified_time\" content=\"2026-04-15T17:31:02+00:00\" \/>\n<meta property=\"og:image\" content=\"https:\/\/www.sugarfactory.hr\/wp-content\/uploads\/2022\/01\/Cap-level-4-Montana-1.png\" \/>\n\t<meta property=\"og:image:width\" content=\"300\" \/>\n\t<meta property=\"og:image:height\" content=\"300\" \/>\n\t<meta property=\"og:image:type\" content=\"image\/png\" \/>\n<meta name=\"twitter:card\" content=\"summary_large_image\" \/>\n<script type=\"application\/ld+json\" class=\"yoast-schema-graph\">{\"@context\":\"https:\/\/schema.org\",\"@graph\":[{\"@type\":\"WebPage\",\"@id\":\"https:\/\/www.sugarfactory.hr\/proizvod\/kapice\/kapica-za-sprej-montana-cap-level-4\/\",\"url\":\"https:\/\/www.sugarfactory.hr\/proizvod\/kapice\/kapica-za-sprej-montana-cap-level-4\/\",\"name\":\"Montana Cap Level 4 - Sugar Factory\",\"isPartOf\":{\"@id\":\"https:\/\/www.sugarfactory.hr\/#website\"},\"primaryImageOfPage\":{\"@id\":\"https:\/\/www.sugarfactory.hr\/proizvod\/kapice\/kapica-za-sprej-montana-cap-level-4\/#primaryimage\"},\"image\":{\"@id\":\"https:\/\/www.sugarfactory.hr\/proizvod\/kapice\/kapica-za-sprej-montana-cap-level-4\/#primaryimage\"},\"thumbnailUrl\":\"https:\/\/www.sugarfactory.hr\/wp-content\/uploads\/2022\/01\/Cap-level-4-Montana-1.png\",\"datePublished\":\"2022-01-26T16:03:09+00:00\",\"dateModified\":\"2026-04-15T17:31:02+00:00\",\"breadcrumb\":{\"@id\":\"https:\/\/www.sugarfactory.hr\/proizvod\/kapice\/kapica-za-sprej-montana-cap-level-4\/#breadcrumb\"},\"inLanguage\":\"hu\",\"potentialAction\":[{\"@type\":\"ReadAction\",\"target\":[\"https:\/\/www.sugarfactory.hr\/proizvod\/kapice\/kapica-za-sprej-montana-cap-level-4\/\"]}]},{\"@type\":\"ImageObject\",\"inLanguage\":\"hu\",\"@id\":\"https:\/\/www.sugarfactory.hr\/proizvod\/kapice\/kapica-za-sprej-montana-cap-level-4\/#primaryimage\",\"url\":\"https:\/\/www.sugarfactory.hr\/wp-content\/uploads\/2022\/01\/Cap-level-4-Montana-1.png\",\"contentUrl\":\"https:\/\/www.sugarfactory.hr\/wp-content\/uploads\/2022\/01\/Cap-level-4-Montana-1.png\",\"width\":300,\"height\":300},{\"@type\":\"BreadcrumbList\",\"@id\":\"https:\/\/www.sugarfactory.hr\/proizvod\/kapice\/kapica-za-sprej-montana-cap-level-4\/#breadcrumb\",\"itemListElement\":[{\"@type\":\"ListItem\",\"position\":1,\"name\":\"Po\u010detna stranica\",\"item\":\"https:\/\/www.sugarfactory.hr\/\"},{\"@type\":\"ListItem\",\"position\":2,\"name\":\"Proizvodi\",\"item\":\"https:\/\/www.sugarfactory.hr\/shop\/\"},{\"@type\":\"ListItem\",\"position\":3,\"name\":\"Montana Cap Level 4\"}]},{\"@type\":\"WebSite\",\"@id\":\"https:\/\/www.sugarfactory.hr\/#website\",\"url\":\"https:\/\/www.sugarfactory.hr\/\",\"name\":\"Sugar Factory\",\"description\":\"Create your sweetest pieces!\",\"potentialAction\":[{\"@type\":\"SearchAction\",\"target\":{\"@type\":\"EntryPoint\",\"urlTemplate\":\"https:\/\/www.sugarfactory.hr\/?s={search_term_string}\"},\"query-input\":{\"@type\":\"PropertyValueSpecification\",\"valueRequired\":true,\"valueName\":\"search_term_string\"}}],\"inLanguage\":\"hu\"}]}<\/script>\n<!-- \/ Yoast SEO plugin. -->","yoast_head_json":{"title":"Montana Cap Level 4 - Sugar Factory","robots":{"index":"index","follow":"follow","max-snippet":"max-snippet:-1","max-image-preview":"max-image-preview:large","max-video-preview":"max-video-preview:-1"},"canonical":"https:\/\/www.sugarfactory.hr\/hu\/termek\/sapkak\/kupak-a-sprayhez-montana-cap-level-4\/","og_locale":"hu_HU","og_type":"article","og_title":"Montana Cap Level 4 - Sugar Factory","og_description":"Montana Cap Level 4 osigurava prosje\u010dnu \u0161irinu nanosa od 3 do 10 cm, \u0161to ga \u010dini idealnim za srednje \u0161iroke linije i ravnomjerno prekrivanje.Pru\u017ea odli\u010dnu ravnote\u017eu izme\u0111u preciznosti i brzine, pa je posebno prakti\u010dan za backgrounde, srednje velike povr\u0161ine i kontrolirane poteze. Pouzdan i svestran cap za umjetnike koji trebaju fleksibilnost u radu.","og_url":"https:\/\/www.sugarfactory.hr\/hu\/termek\/sapkak\/kupak-a-sprayhez-montana-cap-level-4\/","og_site_name":"Sugar Factory","article_modified_time":"2026-04-15T17:31:02+00:00","og_image":[{"width":300,"height":300,"url":"https:\/\/www.sugarfactory.hr\/wp-content\/uploads\/2022\/01\/Cap-level-4-Montana-1.png","type":"image\/png"}],"twitter_card":"summary_large_image","schema":{"@context":"https:\/\/schema.org","@graph":[{"@type":"WebPage","@id":"https:\/\/www.sugarfactory.hr\/proizvod\/kapice\/kapica-za-sprej-montana-cap-level-4\/","url":"https:\/\/www.sugarfactory.hr\/proizvod\/kapice\/kapica-za-sprej-montana-cap-level-4\/","name":"Montana Cap Level 4 - Sugar Factory","isPartOf":{"@id":"https:\/\/www.sugarfactory.hr\/#website"},"primaryImageOfPage":{"@id":"https:\/\/www.sugarfactory.hr\/proizvod\/kapice\/kapica-za-sprej-montana-cap-level-4\/#primaryimage"},"image":{"@id":"https:\/\/www.sugarfactory.hr\/proizvod\/kapice\/kapica-za-sprej-montana-cap-level-4\/#primaryimage"},"thumbnailUrl":"https:\/\/www.sugarfactory.hr\/wp-content\/uploads\/2022\/01\/Cap-level-4-Montana-1.png","datePublished":"2022-01-26T16:03:09+00:00","dateModified":"2026-04-15T17:31:02+00:00","breadcrumb":{"@id":"https:\/\/www.sugarfactory.hr\/proizvod\/kapice\/kapica-za-sprej-montana-cap-level-4\/#breadcrumb"},"inLanguage":"hu","potentialAction":[{"@type":"ReadAction","target":["https:\/\/www.sugarfactory.hr\/proizvod\/kapice\/kapica-za-sprej-montana-cap-level-4\/"]}]},{"@type":"ImageObject","inLanguage":"hu","@id":"https:\/\/www.sugarfactory.hr\/proizvod\/kapice\/kapica-za-sprej-montana-cap-level-4\/#primaryimage","url":"https:\/\/www.sugarfactory.hr\/wp-content\/uploads\/2022\/01\/Cap-level-4-Montana-1.png","contentUrl":"https:\/\/www.sugarfactory.hr\/wp-content\/uploads\/2022\/01\/Cap-level-4-Montana-1.png","width":300,"height":300},{"@type":"BreadcrumbList","@id":"https:\/\/www.sugarfactory.hr\/proizvod\/kapice\/kapica-za-sprej-montana-cap-level-4\/#breadcrumb","itemListElement":[{"@type":"ListItem","position":1,"name":"Po\u010detna stranica","item":"https:\/\/www.sugarfactory.hr\/"},{"@type":"ListItem","position":2,"name":"Proizvodi","item":"https:\/\/www.sugarfactory.hr\/shop\/"},{"@type":"ListItem","position":3,"name":"Montana Cap Level 4"}]},{"@type":"WebSite","@id":"https:\/\/www.sugarfactory.hr\/#website","url":"https:\/\/www.sugarfactory.hr\/","name":"Cukorgy\u00e1r","description":"Create your sweetest pieces!","potentialAction":[{"@type":"SearchAction","target":{"@type":"EntryPoint","urlTemplate":"https:\/\/www.sugarfactory.hr\/?s={search_term_string}"},"query-input":{"@type":"PropertyValueSpecification","valueRequired":true,"valueName":"search_term_string"}}],"inLanguage":"hu"}]}},"_links":{"self":[{"href":"https:\/\/www.sugarfactory.hr\/hu\/wp-json\/wp\/v2\/product\/2915","targetHints":{"allow":["GET"]}}],"collection":[{"href":"https:\/\/www.sugarfactory.hr\/hu\/wp-json\/wp\/v2\/product"}],"about":[{"href":"https:\/\/www.sugarfactory.hr\/hu\/wp-json\/wp\/v2\/types\/product"}],"wp:featuredmedia":[{"embeddable":true,"href":"https:\/\/www.sugarfactory.hr\/hu\/wp-json\/wp\/v2\/media\/2916"}],"wp:attachment":[{"href":"https:\/\/www.sugarfactory.hr\/hu\/wp-json\/wp\/v2\/media?parent=2915"}],"wp:term":[{"taxonomy":"product_brand","embeddable":true,"href":"https:\/\/www.sugarfactory.hr\/hu\/wp-json\/wp\/v2\/product_brand?post=2915"},{"taxonomy":"product_cat","embeddable":true,"href":"https:\/\/www.sugarfactory.hr\/hu\/wp-json\/wp\/v2\/product_cat?post=2915"},{"taxonomy":"product_tag","embeddable":true,"href":"https:\/\/www.sugarfactory.hr\/hu\/wp-json\/wp\/v2\/product_tag?post=2915"}],"curies":[{"name":"wp","href":"https:\/\/api.w.org\/{rel}","templated":true}]}}