{"id":3062,"date":"2022-03-22T17:26:27","date_gmt":"2022-03-22T17:26:27","guid":{"rendered":"https:\/\/www.sugarfactory.hr\/?post_type=product&#038;p=3062"},"modified":"2026-03-25T15:38:25","modified_gmt":"2026-03-25T14:38:25","slug":"fabriano-mixed-media-250-g-rajztomb","status":"publish","type":"product","link":"https:\/\/www.sugarfactory.hr\/hu\/termek\/sketch-book\/fabriano-mixed-media-250-g-rajztomb\/","title":{"rendered":"Fabriano vegyes technika 250 g"},"content":{"rendered":"<p data-start=\"80\" data-end=\"228\"><strong data-start=\"113\" data-end=\"137\">Fabriano Mixed Media<\/strong> papir idealan je za <strong data-start=\"158\" data-end=\"187\">razli\u010dite likovne tehnike<\/strong>, pru\u017eaju\u0107i svestranost i izdr\u017eljivost.<\/p>\n<p data-start=\"230\" data-end=\"498\">Papir te\u017eine <strong data-start=\"243\" data-end=\"255\">250 g\/m\u00b2<\/strong> van <strong data-start=\"260\" data-end=\"285\">blago zrnatu teksturu<\/strong>, \u0161to ga \u010dini pogodnim za suhe tehnike (olovka, ugljen, pastel), ali i za mokre medije poput akvarela, gva\u0161a i tinte. Njegova <strong data-start=\"411\" data-end=\"436\">otpornost i kvaliteta<\/strong> omogu\u0107uju vi\u0161eslojno nano\u0161enje boja bez deformacije papira.<\/p>\n<ul data-start=\"500\" data-end=\"714\">\n<li data-start=\"500\" data-end=\"527\">\n<p data-start=\"502\" data-end=\"527\"><strong data-start=\"502\" data-end=\"516\">Pap\u00edr s\u00falya:<\/strong> 250 g\/m\u00b2<\/p>\n<\/li>\n<li data-start=\"528\" data-end=\"558\">\n<p data-start=\"530\" data-end=\"558\"><strong data-start=\"530\" data-end=\"543\">Povr\u0161ina:<\/strong> blago zrnata<\/p>\n<\/li>\n<li data-start=\"559\" data-end=\"645\">\n<p data-start=\"561\" data-end=\"645\"><strong data-start=\"561\" data-end=\"574\">Alkalmaz\u00e1s:<\/strong> suhe i mokre tehnike (olovka, pastel, akvarel, gva\u0161, tinta, markeri)<\/p>\n<\/li>\n<li data-start=\"646\" data-end=\"714\">\n<p data-start=\"648\" data-end=\"714\"><strong data-start=\"648\" data-end=\"660\">C\u00e9l:<\/strong> ilustracija, slikanje, skiciranje, mije\u0161ane tehnike<\/p>\n<\/li>\n<\/ul>\n<p data-start=\"716\" data-end=\"871\"><strong data-start=\"716\" data-end=\"746\">Fabriano vegyes technika 250 g<\/strong> je savr\u0161en izbor za <strong data-start=\"767\" data-end=\"791\">umjetnike i studente<\/strong> koji tra\u017ee <strong data-start=\"803\" data-end=\"868\">univerzalni papir za eksperimentiranje s razli\u010ditim tehnikama<\/strong>.<\/p>","protected":false},"excerpt":{"rendered":"<p>Fabriano Mixed Media papir idealan je za razli\u010dite likovne tehnike, pru\u017eaju\u0107i svestranost i izdr\u017eljivost. Papir te\u017eine 250 g\/m\u00b2 ima blago zrnatu teksturu, \u0161to ga \u010dini pogodnim za suhe tehnike (olovka, ugljen, pastel), ali i za mokre medije poput akvarela, gva\u0161a i tinte. Njegova otpornost i kvaliteta omogu\u0107uju vi\u0161eslojno nano\u0161enje boja bez deformacije papira. Gramatura: 250 [&hellip;]<\/p>","protected":false},"featured_media":12524,"template":"","meta":{"_acf_changed":false},"product_brand":[122],"product_cat":[23],"product_tag":[],"class_list":{"0":"post-3062","1":"product","2":"type-product","3":"status-publish","4":"has-post-thumbnail","6":"product_brand-fabriano","7":"product_cat-sketch-book","9":"first","10":"instock","11":"shipping-taxable","12":"purchasable","13":"product-type-variable"},"acf":[],"yoast_head":"<!-- This site is optimized with the Yoast SEO plugin v26.3 - https:\/\/yoast.com\/wordpress\/plugins\/seo\/ -->\n<title>Fabriano Mixed Media 250 g - Sugar Factory<\/title>\n<meta name=\"robots\" content=\"index, follow, max-snippet:-1, max-image-preview:large, max-video-preview:-1\" \/>\n<link rel=\"canonical\" href=\"https:\/\/www.sugarfactory.hr\/hu\/termek\/sketch-book\/fabriano-mixed-media-250-g-rajztomb\/\" \/>\n<meta property=\"og:locale\" content=\"hu_HU\" \/>\n<meta property=\"og:type\" content=\"article\" \/>\n<meta property=\"og:title\" content=\"Fabriano Mixed Media 250 g - Sugar Factory\" \/>\n<meta property=\"og:description\" content=\"Fabriano Mixed Media papir idealan je za razli\u010dite likovne tehnike, pru\u017eaju\u0107i svestranost i izdr\u017eljivost. Papir te\u017eine 250 g\/m\u00b2 ima blago zrnatu teksturu, \u0161to ga \u010dini pogodnim za suhe tehnike (olovka, ugljen, pastel), ali i za mokre medije poput akvarela, gva\u0161a i tinte. Njegova otpornost i kvaliteta omogu\u0107uju vi\u0161eslojno nano\u0161enje boja bez deformacije papira. Gramatura: 250 [&hellip;]\" \/>\n<meta property=\"og:url\" content=\"https:\/\/www.sugarfactory.hr\/hu\/termek\/sketch-book\/fabriano-mixed-media-250-g-rajztomb\/\" \/>\n<meta property=\"og:site_name\" content=\"Sugar Factory\" \/>\n<meta property=\"article:modified_time\" content=\"2026-03-25T14:38:25+00:00\" \/>\n<meta property=\"og:image\" content=\"https:\/\/www.sugarfactory.hr\/wp-content\/uploads\/2022\/03\/fabriano-mixed-250.webp\" \/>\n\t<meta property=\"og:image:width\" content=\"896\" \/>\n\t<meta property=\"og:image:height\" content=\"1120\" \/>\n\t<meta property=\"og:image:type\" content=\"image\/webp\" \/>\n<meta name=\"twitter:card\" content=\"summary_large_image\" \/>\n<meta name=\"twitter:label1\" content=\"Becs\u00fclt olvas\u00e1si id\u0151\" \/>\n\t<meta name=\"twitter:data1\" content=\"1 perc\" \/>\n<script type=\"application\/ld+json\" class=\"yoast-schema-graph\">{\"@context\":\"https:\/\/schema.org\",\"@graph\":[{\"@type\":\"WebPage\",\"@id\":\"https:\/\/www.sugarfactory.hr\/proizvod\/sketch-book\/fabriano-mixed-media-250-g-blok\/\",\"url\":\"https:\/\/www.sugarfactory.hr\/proizvod\/sketch-book\/fabriano-mixed-media-250-g-blok\/\",\"name\":\"Fabriano Mixed Media 250 g - Sugar Factory\",\"isPartOf\":{\"@id\":\"https:\/\/www.sugarfactory.hr\/#website\"},\"primaryImageOfPage\":{\"@id\":\"https:\/\/www.sugarfactory.hr\/proizvod\/sketch-book\/fabriano-mixed-media-250-g-blok\/#primaryimage\"},\"image\":{\"@id\":\"https:\/\/www.sugarfactory.hr\/proizvod\/sketch-book\/fabriano-mixed-media-250-g-blok\/#primaryimage\"},\"thumbnailUrl\":\"https:\/\/www.sugarfactory.hr\/wp-content\/uploads\/2022\/03\/fabriano-mixed-250.webp\",\"datePublished\":\"2022-03-22T17:26:27+00:00\",\"dateModified\":\"2026-03-25T14:38:25+00:00\",\"breadcrumb\":{\"@id\":\"https:\/\/www.sugarfactory.hr\/proizvod\/sketch-book\/fabriano-mixed-media-250-g-blok\/#breadcrumb\"},\"inLanguage\":\"hu\",\"potentialAction\":[{\"@type\":\"ReadAction\",\"target\":[\"https:\/\/www.sugarfactory.hr\/proizvod\/sketch-book\/fabriano-mixed-media-250-g-blok\/\"]}]},{\"@type\":\"ImageObject\",\"inLanguage\":\"hu\",\"@id\":\"https:\/\/www.sugarfactory.hr\/proizvod\/sketch-book\/fabriano-mixed-media-250-g-blok\/#primaryimage\",\"url\":\"https:\/\/www.sugarfactory.hr\/wp-content\/uploads\/2022\/03\/fabriano-mixed-250.webp\",\"contentUrl\":\"https:\/\/www.sugarfactory.hr\/wp-content\/uploads\/2022\/03\/fabriano-mixed-250.webp\",\"width\":896,\"height\":1120},{\"@type\":\"BreadcrumbList\",\"@id\":\"https:\/\/www.sugarfactory.hr\/proizvod\/sketch-book\/fabriano-mixed-media-250-g-blok\/#breadcrumb\",\"itemListElement\":[{\"@type\":\"ListItem\",\"position\":1,\"name\":\"Po\u010detna stranica\",\"item\":\"https:\/\/www.sugarfactory.hr\/\"},{\"@type\":\"ListItem\",\"position\":2,\"name\":\"Proizvodi\",\"item\":\"https:\/\/www.sugarfactory.hr\/shop\/\"},{\"@type\":\"ListItem\",\"position\":3,\"name\":\"Fabriano Mixed Media 250 g\"}]},{\"@type\":\"WebSite\",\"@id\":\"https:\/\/www.sugarfactory.hr\/#website\",\"url\":\"https:\/\/www.sugarfactory.hr\/\",\"name\":\"Sugar Factory\",\"description\":\"Create your sweetest pieces!\",\"potentialAction\":[{\"@type\":\"SearchAction\",\"target\":{\"@type\":\"EntryPoint\",\"urlTemplate\":\"https:\/\/www.sugarfactory.hr\/?s={search_term_string}\"},\"query-input\":{\"@type\":\"PropertyValueSpecification\",\"valueRequired\":true,\"valueName\":\"search_term_string\"}}],\"inLanguage\":\"hu\"}]}<\/script>\n<!-- \/ Yoast SEO plugin. -->","yoast_head_json":{"title":"Fabriano Mixed Media 250 g - Sugar Factory","robots":{"index":"index","follow":"follow","max-snippet":"max-snippet:-1","max-image-preview":"max-image-preview:large","max-video-preview":"max-video-preview:-1"},"canonical":"https:\/\/www.sugarfactory.hr\/hu\/termek\/sketch-book\/fabriano-mixed-media-250-g-rajztomb\/","og_locale":"hu_HU","og_type":"article","og_title":"Fabriano Mixed Media 250 g - Sugar Factory","og_description":"Fabriano Mixed Media papir idealan je za razli\u010dite likovne tehnike, pru\u017eaju\u0107i svestranost i izdr\u017eljivost. Papir te\u017eine 250 g\/m\u00b2 ima blago zrnatu teksturu, \u0161to ga \u010dini pogodnim za suhe tehnike (olovka, ugljen, pastel), ali i za mokre medije poput akvarela, gva\u0161a i tinte. Njegova otpornost i kvaliteta omogu\u0107uju vi\u0161eslojno nano\u0161enje boja bez deformacije papira. Gramatura: 250 [&hellip;]","og_url":"https:\/\/www.sugarfactory.hr\/hu\/termek\/sketch-book\/fabriano-mixed-media-250-g-rajztomb\/","og_site_name":"Sugar Factory","article_modified_time":"2026-03-25T14:38:25+00:00","og_image":[{"width":896,"height":1120,"url":"https:\/\/www.sugarfactory.hr\/wp-content\/uploads\/2022\/03\/fabriano-mixed-250.webp","type":"image\/webp"}],"twitter_card":"summary_large_image","twitter_misc":{"Becs\u00fclt olvas\u00e1si id\u0151":"1 perc"},"schema":{"@context":"https:\/\/schema.org","@graph":[{"@type":"WebPage","@id":"https:\/\/www.sugarfactory.hr\/proizvod\/sketch-book\/fabriano-mixed-media-250-g-blok\/","url":"https:\/\/www.sugarfactory.hr\/proizvod\/sketch-book\/fabriano-mixed-media-250-g-blok\/","name":"Fabriano Mixed Media 250 g - Sugar Factory","isPartOf":{"@id":"https:\/\/www.sugarfactory.hr\/#website"},"primaryImageOfPage":{"@id":"https:\/\/www.sugarfactory.hr\/proizvod\/sketch-book\/fabriano-mixed-media-250-g-blok\/#primaryimage"},"image":{"@id":"https:\/\/www.sugarfactory.hr\/proizvod\/sketch-book\/fabriano-mixed-media-250-g-blok\/#primaryimage"},"thumbnailUrl":"https:\/\/www.sugarfactory.hr\/wp-content\/uploads\/2022\/03\/fabriano-mixed-250.webp","datePublished":"2022-03-22T17:26:27+00:00","dateModified":"2026-03-25T14:38:25+00:00","breadcrumb":{"@id":"https:\/\/www.sugarfactory.hr\/proizvod\/sketch-book\/fabriano-mixed-media-250-g-blok\/#breadcrumb"},"inLanguage":"hu","potentialAction":[{"@type":"ReadAction","target":["https:\/\/www.sugarfactory.hr\/proizvod\/sketch-book\/fabriano-mixed-media-250-g-blok\/"]}]},{"@type":"ImageObject","inLanguage":"hu","@id":"https:\/\/www.sugarfactory.hr\/proizvod\/sketch-book\/fabriano-mixed-media-250-g-blok\/#primaryimage","url":"https:\/\/www.sugarfactory.hr\/wp-content\/uploads\/2022\/03\/fabriano-mixed-250.webp","contentUrl":"https:\/\/www.sugarfactory.hr\/wp-content\/uploads\/2022\/03\/fabriano-mixed-250.webp","width":896,"height":1120},{"@type":"BreadcrumbList","@id":"https:\/\/www.sugarfactory.hr\/proizvod\/sketch-book\/fabriano-mixed-media-250-g-blok\/#breadcrumb","itemListElement":[{"@type":"ListItem","position":1,"name":"Po\u010detna stranica","item":"https:\/\/www.sugarfactory.hr\/"},{"@type":"ListItem","position":2,"name":"Proizvodi","item":"https:\/\/www.sugarfactory.hr\/shop\/"},{"@type":"ListItem","position":3,"name":"Fabriano Mixed Media 250 g"}]},{"@type":"WebSite","@id":"https:\/\/www.sugarfactory.hr\/#website","url":"https:\/\/www.sugarfactory.hr\/","name":"Cukorgy\u00e1r","description":"Create your sweetest pieces!","potentialAction":[{"@type":"SearchAction","target":{"@type":"EntryPoint","urlTemplate":"https:\/\/www.sugarfactory.hr\/?s={search_term_string}"},"query-input":{"@type":"PropertyValueSpecification","valueRequired":true,"valueName":"search_term_string"}}],"inLanguage":"hu"}]}},"_links":{"self":[{"href":"https:\/\/www.sugarfactory.hr\/hu\/wp-json\/wp\/v2\/product\/3062","targetHints":{"allow":["GET"]}}],"collection":[{"href":"https:\/\/www.sugarfactory.hr\/hu\/wp-json\/wp\/v2\/product"}],"about":[{"href":"https:\/\/www.sugarfactory.hr\/hu\/wp-json\/wp\/v2\/types\/product"}],"wp:featuredmedia":[{"embeddable":true,"href":"https:\/\/www.sugarfactory.hr\/hu\/wp-json\/wp\/v2\/media\/12524"}],"wp:attachment":[{"href":"https:\/\/www.sugarfactory.hr\/hu\/wp-json\/wp\/v2\/media?parent=3062"}],"wp:term":[{"taxonomy":"product_brand","embeddable":true,"href":"https:\/\/www.sugarfactory.hr\/hu\/wp-json\/wp\/v2\/product_brand?post=3062"},{"taxonomy":"product_cat","embeddable":true,"href":"https:\/\/www.sugarfactory.hr\/hu\/wp-json\/wp\/v2\/product_cat?post=3062"},{"taxonomy":"product_tag","embeddable":true,"href":"https:\/\/www.sugarfactory.hr\/hu\/wp-json\/wp\/v2\/product_tag?post=3062"}],"curies":[{"name":"wp","href":"https:\/\/api.w.org\/{rel}","templated":true}]}}