{"id":3392,"date":"2022-05-31T11:23:05","date_gmt":"2022-05-31T11:23:05","guid":{"rendered":"https:\/\/www.sugarfactory.hr\/?post_type=product&#038;p=3392"},"modified":"2026-04-08T09:24:27","modified_gmt":"2026-04-08T08:24:27","slug":"montana-ures-daralo-18-mm-200-ml","status":"publish","type":"product","link":"https:\/\/www.sugarfactory.hr\/hu\/termek\/jelolok\/montana-ures-daralo-18-mm-200-ml\/","title":{"rendered":"Montana Empty Crusher 18 mm\/200 ml"},"content":{"rendered":"<p data-start=\"89\" data-end=\"307\"><strong data-start=\"134\" data-end=\"159\">Montana \u00fcres dar\u00e1l\u00f3<\/strong> Jel\u00f6l\u0151 a <strong data-start=\"170\" data-end=\"186\">\u00dcRES sorok<\/strong> tervezett <strong data-start=\"203\" data-end=\"249\">fest\u00e9k vagy tinta \u00e1raml\u00e1s\u00e1nak k\u00e9zi vez\u00e9rl\u00e9se<\/strong> rugalmas, \u00f6sszenyomhat\u00f3 test\u00e9nek k\u00f6sz\u00f6nhet\u0151en.<\/p>\n<p data-start=\"309\" data-end=\"466\">Fel van szerelve. <strong data-start=\"322\" data-end=\"351\">Mohair fels\u0151, 18 mm sz\u00e9les<\/strong>, ide\u00e1lis mer\u00e9sz von\u00e1sokhoz \u00e9s intenz\u00edv jelekhez. Ez a legjobb. <strong data-start=\"408\" data-end=\"421\">cser\u00e9lhet\u0151<\/strong>, ez\u00e1ltal meghosszabb\u00edtva a jel\u00f6l\u0151 \u00e9lettartam\u00e1t.<\/p>\n<p data-start=\"468\" data-end=\"647\">A jel\u00f6l\u0151 kapacit\u00e1sa <strong data-start=\"492\" data-end=\"502\">200 ml<\/strong>, \u00e9s kompatibilis olyan t\u00f6lt\u0151kkel, mint p\u00e9ld\u00e1ul <strong data-start=\"541\" data-end=\"580\">Montana DYE INK Er\u0151s fekete 200 ml<\/strong>. N\u00e9metorsz\u00e1gban gy\u00e1rtott\u00e1k, a legmagasabb min\u0151s\u00e9gi k\u00f6vetelm\u00e9nyeknek megfelel\u0151en.<\/p>\n<ul data-start=\"649\" data-end=\"831\">\n<li data-start=\"649\" data-end=\"674\">\n<p data-start=\"651\" data-end=\"674\"><strong data-start=\"651\" data-end=\"665\">Kapacit\u00e1s:<\/strong> 200 ml<\/p>\n<\/li>\n<li data-start=\"675\" data-end=\"712\">\n<p data-start=\"677\" data-end=\"712\"><strong data-start=\"677\" data-end=\"685\">Fel\u00fcl:<\/strong> 18 mm mohair (cser\u00e9lhet\u0151)<\/p>\n<\/li>\n<li data-start=\"713\" data-end=\"778\">\n<p data-start=\"715\" data-end=\"778\"><strong data-start=\"715\" data-end=\"734\">Jellemz\u0151k:<\/strong> A test \u00f6sszenyom\u00e1s\u00e1val szab\u00e1lyozza a fest\u00e9k \u00e1raml\u00e1s\u00e1t<\/p>\n<\/li>\n<li data-start=\"779\" data-end=\"831\">\n<p data-start=\"781\" data-end=\"831\"><strong data-start=\"781\" data-end=\"793\">C\u00e9l:<\/strong> T\u00f6ltse fel a v\u00e1lasztott tint\u00e1val vagy fest\u00e9kkel<\/p>\n<\/li>\n<\/ul>\n<p data-start=\"833\" data-end=\"966\"><strong data-start=\"833\" data-end=\"873\">Montana \u00fcres dar\u00e1l\u00f3 18 mm \/ 200 ml<\/strong> Ez a t\u00f6k\u00e9letes v\u00e1laszt\u00e1s azoknak a m\u0171v\u00e9szeknek, akik <strong data-start=\"914\" data-end=\"963\">maxim\u00e1lis kontroll, rugalmass\u00e1g \u00e9s tart\u00f3ss\u00e1g<\/strong>.<\/p>","protected":false},"excerpt":{"rendered":"<p>Montana Empty Crusher marker iz EMPTY linije osmi\u0161ljen je za ru\u010dno kontroliranje protoka boje ili tinte zahvaljuju\u0107i fleksibilnom tijelu koje se mo\u017ee stisnuti. Opremljen je mohair vrhom \u0161irine 18 mm, idealnim za sna\u017ene poteze i intenzivne tragove. Vrh je zamjenjiv, \u010dime se produ\u017euje vijek trajanja markera. Marker ima kapacitet od 200 ml, a kompatibilan je [&hellip;]<\/p>","protected":false},"featured_media":12471,"template":"","meta":{"_acf_changed":false},"product_brand":[105],"product_cat":[22,84],"product_tag":[],"class_list":{"0":"post-3392","1":"product","2":"type-product","3":"status-publish","4":"has-post-thumbnail","6":"product_brand-montana","7":"product_cat-markeri","8":"product_cat-prazni-markeri-i-nastavci","10":"first","11":"instock","12":"sale","13":"shipping-taxable","14":"purchasable","15":"product-type-simple"},"acf":[],"yoast_head":"<!-- This site is optimized with the Yoast SEO plugin v26.3 - https:\/\/yoast.com\/wordpress\/plugins\/seo\/ -->\n<title>Montana Empty Crusher 18 mm\/200 ml - Sugar Factory<\/title>\n<meta name=\"robots\" content=\"index, follow, max-snippet:-1, max-image-preview:large, max-video-preview:-1\" \/>\n<link rel=\"canonical\" href=\"https:\/\/www.sugarfactory.hr\/hu\/termek\/jelolok\/montana-ures-daralo-18-mm-200-ml\/\" \/>\n<meta property=\"og:locale\" content=\"hu_HU\" \/>\n<meta property=\"og:type\" content=\"article\" \/>\n<meta property=\"og:title\" content=\"Montana Empty Crusher 18 mm\/200 ml - Sugar Factory\" \/>\n<meta property=\"og:description\" content=\"Montana Empty Crusher marker iz EMPTY linije osmi\u0161ljen je za ru\u010dno kontroliranje protoka boje ili tinte zahvaljuju\u0107i fleksibilnom tijelu koje se mo\u017ee stisnuti. Opremljen je mohair vrhom \u0161irine 18 mm, idealnim za sna\u017ene poteze i intenzivne tragove. Vrh je zamjenjiv, \u010dime se produ\u017euje vijek trajanja markera. Marker ima kapacitet od 200 ml, a kompatibilan je [&hellip;]\" \/>\n<meta property=\"og:url\" content=\"https:\/\/www.sugarfactory.hr\/hu\/termek\/jelolok\/montana-ures-daralo-18-mm-200-ml\/\" \/>\n<meta property=\"og:site_name\" content=\"Sugar Factory\" \/>\n<meta property=\"article:modified_time\" content=\"2026-04-08T08:24:27+00:00\" \/>\n<meta property=\"og:image\" content=\"https:\/\/www.sugarfactory.hr\/wp-content\/uploads\/2022\/05\/empty-crusher.webp\" \/>\n\t<meta property=\"og:image:width\" content=\"896\" \/>\n\t<meta property=\"og:image:height\" content=\"1120\" \/>\n\t<meta property=\"og:image:type\" content=\"image\/webp\" \/>\n<meta name=\"twitter:card\" content=\"summary_large_image\" \/>\n<meta name=\"twitter:label1\" content=\"Becs\u00fclt olvas\u00e1si id\u0151\" \/>\n\t<meta name=\"twitter:data1\" content=\"1 perc\" \/>\n<script type=\"application\/ld+json\" class=\"yoast-schema-graph\">{\"@context\":\"https:\/\/schema.org\",\"@graph\":[{\"@type\":\"WebPage\",\"@id\":\"https:\/\/www.sugarfactory.hr\/proizvod\/markeri\/montana-empty-crusher-18-mm-200-ml\/\",\"url\":\"https:\/\/www.sugarfactory.hr\/proizvod\/markeri\/montana-empty-crusher-18-mm-200-ml\/\",\"name\":\"Montana Empty Crusher 18 mm\/200 ml - Sugar Factory\",\"isPartOf\":{\"@id\":\"https:\/\/www.sugarfactory.hr\/#website\"},\"primaryImageOfPage\":{\"@id\":\"https:\/\/www.sugarfactory.hr\/proizvod\/markeri\/montana-empty-crusher-18-mm-200-ml\/#primaryimage\"},\"image\":{\"@id\":\"https:\/\/www.sugarfactory.hr\/proizvod\/markeri\/montana-empty-crusher-18-mm-200-ml\/#primaryimage\"},\"thumbnailUrl\":\"https:\/\/www.sugarfactory.hr\/wp-content\/uploads\/2022\/05\/empty-crusher.webp\",\"datePublished\":\"2022-05-31T11:23:05+00:00\",\"dateModified\":\"2026-04-08T08:24:27+00:00\",\"breadcrumb\":{\"@id\":\"https:\/\/www.sugarfactory.hr\/proizvod\/markeri\/montana-empty-crusher-18-mm-200-ml\/#breadcrumb\"},\"inLanguage\":\"hu\",\"potentialAction\":[{\"@type\":\"ReadAction\",\"target\":[\"https:\/\/www.sugarfactory.hr\/proizvod\/markeri\/montana-empty-crusher-18-mm-200-ml\/\"]}]},{\"@type\":\"ImageObject\",\"inLanguage\":\"hu\",\"@id\":\"https:\/\/www.sugarfactory.hr\/proizvod\/markeri\/montana-empty-crusher-18-mm-200-ml\/#primaryimage\",\"url\":\"https:\/\/www.sugarfactory.hr\/wp-content\/uploads\/2022\/05\/empty-crusher.webp\",\"contentUrl\":\"https:\/\/www.sugarfactory.hr\/wp-content\/uploads\/2022\/05\/empty-crusher.webp\",\"width\":896,\"height\":1120},{\"@type\":\"BreadcrumbList\",\"@id\":\"https:\/\/www.sugarfactory.hr\/proizvod\/markeri\/montana-empty-crusher-18-mm-200-ml\/#breadcrumb\",\"itemListElement\":[{\"@type\":\"ListItem\",\"position\":1,\"name\":\"Po\u010detna stranica\",\"item\":\"https:\/\/www.sugarfactory.hr\/\"},{\"@type\":\"ListItem\",\"position\":2,\"name\":\"Proizvodi\",\"item\":\"https:\/\/www.sugarfactory.hr\/shop\/\"},{\"@type\":\"ListItem\",\"position\":3,\"name\":\"Montana Empty Crusher 18 mm\/200 ml\"}]},{\"@type\":\"WebSite\",\"@id\":\"https:\/\/www.sugarfactory.hr\/#website\",\"url\":\"https:\/\/www.sugarfactory.hr\/\",\"name\":\"Sugar Factory\",\"description\":\"Create your sweetest pieces!\",\"potentialAction\":[{\"@type\":\"SearchAction\",\"target\":{\"@type\":\"EntryPoint\",\"urlTemplate\":\"https:\/\/www.sugarfactory.hr\/?s={search_term_string}\"},\"query-input\":{\"@type\":\"PropertyValueSpecification\",\"valueRequired\":true,\"valueName\":\"search_term_string\"}}],\"inLanguage\":\"hu\"}]}<\/script>\n<!-- \/ Yoast SEO plugin. -->","yoast_head_json":{"title":"Montana \u00fcres dar\u00e1l\u00f3 18 mm\/200 ml - Cukorgy\u00e1r","robots":{"index":"index","follow":"follow","max-snippet":"max-snippet:-1","max-image-preview":"max-image-preview:large","max-video-preview":"max-video-preview:-1"},"canonical":"https:\/\/www.sugarfactory.hr\/hu\/termek\/jelolok\/montana-ures-daralo-18-mm-200-ml\/","og_locale":"hu_HU","og_type":"article","og_title":"Montana Empty Crusher 18 mm\/200 ml - Sugar Factory","og_description":"Montana Empty Crusher marker iz EMPTY linije osmi\u0161ljen je za ru\u010dno kontroliranje protoka boje ili tinte zahvaljuju\u0107i fleksibilnom tijelu koje se mo\u017ee stisnuti. Opremljen je mohair vrhom \u0161irine 18 mm, idealnim za sna\u017ene poteze i intenzivne tragove. Vrh je zamjenjiv, \u010dime se produ\u017euje vijek trajanja markera. Marker ima kapacitet od 200 ml, a kompatibilan je [&hellip;]","og_url":"https:\/\/www.sugarfactory.hr\/hu\/termek\/jelolok\/montana-ures-daralo-18-mm-200-ml\/","og_site_name":"Sugar Factory","article_modified_time":"2026-04-08T08:24:27+00:00","og_image":[{"width":896,"height":1120,"url":"https:\/\/www.sugarfactory.hr\/wp-content\/uploads\/2022\/05\/empty-crusher.webp","type":"image\/webp"}],"twitter_card":"summary_large_image","twitter_misc":{"Becs\u00fclt olvas\u00e1si id\u0151":"1 perc"},"schema":{"@context":"https:\/\/schema.org","@graph":[{"@type":"WebPage","@id":"https:\/\/www.sugarfactory.hr\/proizvod\/markeri\/montana-empty-crusher-18-mm-200-ml\/","url":"https:\/\/www.sugarfactory.hr\/proizvod\/markeri\/montana-empty-crusher-18-mm-200-ml\/","name":"Montana \u00fcres dar\u00e1l\u00f3 18 mm\/200 ml - Cukorgy\u00e1r","isPartOf":{"@id":"https:\/\/www.sugarfactory.hr\/#website"},"primaryImageOfPage":{"@id":"https:\/\/www.sugarfactory.hr\/proizvod\/markeri\/montana-empty-crusher-18-mm-200-ml\/#primaryimage"},"image":{"@id":"https:\/\/www.sugarfactory.hr\/proizvod\/markeri\/montana-empty-crusher-18-mm-200-ml\/#primaryimage"},"thumbnailUrl":"https:\/\/www.sugarfactory.hr\/wp-content\/uploads\/2022\/05\/empty-crusher.webp","datePublished":"2022-05-31T11:23:05+00:00","dateModified":"2026-04-08T08:24:27+00:00","breadcrumb":{"@id":"https:\/\/www.sugarfactory.hr\/proizvod\/markeri\/montana-empty-crusher-18-mm-200-ml\/#breadcrumb"},"inLanguage":"hu","potentialAction":[{"@type":"ReadAction","target":["https:\/\/www.sugarfactory.hr\/proizvod\/markeri\/montana-empty-crusher-18-mm-200-ml\/"]}]},{"@type":"ImageObject","inLanguage":"hu","@id":"https:\/\/www.sugarfactory.hr\/proizvod\/markeri\/montana-empty-crusher-18-mm-200-ml\/#primaryimage","url":"https:\/\/www.sugarfactory.hr\/wp-content\/uploads\/2022\/05\/empty-crusher.webp","contentUrl":"https:\/\/www.sugarfactory.hr\/wp-content\/uploads\/2022\/05\/empty-crusher.webp","width":896,"height":1120},{"@type":"BreadcrumbList","@id":"https:\/\/www.sugarfactory.hr\/proizvod\/markeri\/montana-empty-crusher-18-mm-200-ml\/#breadcrumb","itemListElement":[{"@type":"ListItem","position":1,"name":"Po\u010detna stranica","item":"https:\/\/www.sugarfactory.hr\/"},{"@type":"ListItem","position":2,"name":"Proizvodi","item":"https:\/\/www.sugarfactory.hr\/shop\/"},{"@type":"ListItem","position":3,"name":"Montana Empty Crusher 18 mm\/200 ml"}]},{"@type":"WebSite","@id":"https:\/\/www.sugarfactory.hr\/#website","url":"https:\/\/www.sugarfactory.hr\/","name":"Cukorgy\u00e1r","description":"Create your sweetest pieces!","potentialAction":[{"@type":"SearchAction","target":{"@type":"EntryPoint","urlTemplate":"https:\/\/www.sugarfactory.hr\/?s={search_term_string}"},"query-input":{"@type":"PropertyValueSpecification","valueRequired":true,"valueName":"search_term_string"}}],"inLanguage":"hu"}]}},"_links":{"self":[{"href":"https:\/\/www.sugarfactory.hr\/hu\/wp-json\/wp\/v2\/product\/3392","targetHints":{"allow":["GET"]}}],"collection":[{"href":"https:\/\/www.sugarfactory.hr\/hu\/wp-json\/wp\/v2\/product"}],"about":[{"href":"https:\/\/www.sugarfactory.hr\/hu\/wp-json\/wp\/v2\/types\/product"}],"wp:featuredmedia":[{"embeddable":true,"href":"https:\/\/www.sugarfactory.hr\/hu\/wp-json\/wp\/v2\/media\/12471"}],"wp:attachment":[{"href":"https:\/\/www.sugarfactory.hr\/hu\/wp-json\/wp\/v2\/media?parent=3392"}],"wp:term":[{"taxonomy":"product_brand","embeddable":true,"href":"https:\/\/www.sugarfactory.hr\/hu\/wp-json\/wp\/v2\/product_brand?post=3392"},{"taxonomy":"product_cat","embeddable":true,"href":"https:\/\/www.sugarfactory.hr\/hu\/wp-json\/wp\/v2\/product_cat?post=3392"},{"taxonomy":"product_tag","embeddable":true,"href":"https:\/\/www.sugarfactory.hr\/hu\/wp-json\/wp\/v2\/product_tag?post=3392"}],"curies":[{"name":"wp","href":"https:\/\/api.w.org\/{rel}","templated":true}]}}