{"id":3670,"date":"2022-07-12T14:04:33","date_gmt":"2022-07-12T14:04:33","guid":{"rendered":"https:\/\/www.sugarfactory.hr\/?post_type=product&#038;p=3670"},"modified":"2026-03-31T18:52:32","modified_gmt":"2026-03-31T17:52:32","slug":"taska-montana-pp-panel-bag","status":"publish","type":"product","link":"https:\/\/www.sugarfactory.hr\/hu\/termek\/kiegeszitok\/taska-montana-pp-panel-bag\/","title":{"rendered":"Montana PP panel t\u00e1ska"},"content":{"rendered":"<p data-start=\"0\" data-end=\"114\"><strong data-start=\"0\" data-end=\"24\">Montana PP panel t\u00e1ska<\/strong> van <strong data-start=\"28\" data-end=\"60\" data-is-only-node=\"\">izdr\u017eljiva i prakti\u010dna torba<\/strong> dizajnirana za <strong data-start=\"76\" data-end=\"111\">siguran transport sprej limenki<\/strong>.<\/p>\n<p data-start=\"116\" data-end=\"427\" data-is-last-node=\"\" data-is-only-node=\"\">Ide\u00e1lis <strong data-start=\"130\" data-end=\"157\">10\u201314 limenki od 400 ml<\/strong> ili <strong data-start=\"162\" data-end=\"188\">8\u201310 limenki od 600 ml<\/strong>, biztos\u00edtva <strong data-start=\"200\" data-end=\"241\">organiziran i prakti\u010dan na\u010din no\u0161enja<\/strong> boja.<br data-start=\"247\" data-end=\"250\" \/><strong data-start=\"250\" data-end=\"274\">Montana PP panel t\u00e1ska<\/strong> kombinira <strong data-start=\"285\" data-end=\"342\">lagan materijal, \u010dvrstu konstrukciju i funkcionalnost<\/strong>, ami azt jelenti, hogy <strong data-start=\"354\" data-end=\"416\">savr\u0161enim dodatkom za umjetnike i street art profesionalce<\/strong> u pokretu.<\/p>","protected":false},"excerpt":{"rendered":"<p>Montana PP Panel Bag je izdr\u017eljiva i prakti\u010dna torba dizajnirana za siguran transport sprej limenki. Idealna je za 10\u201314 limenki od 400 ml ili 8\u201310 limenki od 600 ml, pru\u017eaju\u0107i organiziran i prakti\u010dan na\u010din no\u0161enja boja.Montana PP Panel Bag kombinira lagan materijal, \u010dvrstu konstrukciju i funkcionalnost, \u010dine\u0107i je savr\u0161enim dodatkom za umjetnike i street art [&hellip;]<\/p>","protected":false},"featured_media":12580,"template":"","meta":{"_acf_changed":false},"product_brand":[105],"product_cat":[21,87],"product_tag":[],"class_list":{"0":"post-3670","1":"product","2":"type-product","3":"status-publish","4":"has-post-thumbnail","6":"product_brand-montana","7":"product_cat-accessories","8":"product_cat-torbe-i-pojasi","10":"first","11":"instock","12":"shipping-taxable","13":"purchasable","14":"product-type-simple"},"acf":[],"yoast_head":"<!-- This site is optimized with the Yoast SEO plugin v26.3 - https:\/\/yoast.com\/wordpress\/plugins\/seo\/ -->\n<title>Montana PP Panel Bag - Sugar Factory<\/title>\n<meta name=\"robots\" content=\"index, follow, max-snippet:-1, max-image-preview:large, max-video-preview:-1\" \/>\n<link rel=\"canonical\" href=\"https:\/\/www.sugarfactory.hr\/hu\/termek\/kiegeszitok\/taska-montana-pp-panel-bag\/\" \/>\n<meta property=\"og:locale\" content=\"hu_HU\" \/>\n<meta property=\"og:type\" content=\"article\" \/>\n<meta property=\"og:title\" content=\"Montana PP Panel Bag - Sugar Factory\" \/>\n<meta property=\"og:description\" content=\"Montana PP Panel Bag je izdr\u017eljiva i prakti\u010dna torba dizajnirana za siguran transport sprej limenki. Idealna je za 10\u201314 limenki od 400 ml ili 8\u201310 limenki od 600 ml, pru\u017eaju\u0107i organiziran i prakti\u010dan na\u010din no\u0161enja boja.Montana PP Panel Bag kombinira lagan materijal, \u010dvrstu konstrukciju i funkcionalnost, \u010dine\u0107i je savr\u0161enim dodatkom za umjetnike i street art [&hellip;]\" \/>\n<meta property=\"og:url\" content=\"https:\/\/www.sugarfactory.hr\/hu\/termek\/kiegeszitok\/taska-montana-pp-panel-bag\/\" \/>\n<meta property=\"og:site_name\" content=\"Sugar Factory\" \/>\n<meta property=\"article:modified_time\" content=\"2026-03-31T17:52:32+00:00\" \/>\n<meta property=\"og:image\" content=\"https:\/\/www.sugarfactory.hr\/wp-content\/uploads\/2022\/07\/0835e83336584984871dba95cd93589a.webp\" \/>\n\t<meta property=\"og:image:width\" content=\"896\" \/>\n\t<meta property=\"og:image:height\" content=\"1120\" \/>\n\t<meta property=\"og:image:type\" content=\"image\/webp\" \/>\n<meta name=\"twitter:card\" content=\"summary_large_image\" \/>\n<script type=\"application\/ld+json\" class=\"yoast-schema-graph\">{\"@context\":\"https:\/\/schema.org\",\"@graph\":[{\"@type\":\"WebPage\",\"@id\":\"https:\/\/www.sugarfactory.hr\/proizvod\/accessories\/torba-montana-pp-panel-bag\/\",\"url\":\"https:\/\/www.sugarfactory.hr\/proizvod\/accessories\/torba-montana-pp-panel-bag\/\",\"name\":\"Montana PP Panel Bag - Sugar Factory\",\"isPartOf\":{\"@id\":\"https:\/\/www.sugarfactory.hr\/#website\"},\"primaryImageOfPage\":{\"@id\":\"https:\/\/www.sugarfactory.hr\/proizvod\/accessories\/torba-montana-pp-panel-bag\/#primaryimage\"},\"image\":{\"@id\":\"https:\/\/www.sugarfactory.hr\/proizvod\/accessories\/torba-montana-pp-panel-bag\/#primaryimage\"},\"thumbnailUrl\":\"https:\/\/www.sugarfactory.hr\/wp-content\/uploads\/2022\/07\/0835e83336584984871dba95cd93589a.webp\",\"datePublished\":\"2022-07-12T14:04:33+00:00\",\"dateModified\":\"2026-03-31T17:52:32+00:00\",\"breadcrumb\":{\"@id\":\"https:\/\/www.sugarfactory.hr\/proizvod\/accessories\/torba-montana-pp-panel-bag\/#breadcrumb\"},\"inLanguage\":\"hu\",\"potentialAction\":[{\"@type\":\"ReadAction\",\"target\":[\"https:\/\/www.sugarfactory.hr\/proizvod\/accessories\/torba-montana-pp-panel-bag\/\"]}]},{\"@type\":\"ImageObject\",\"inLanguage\":\"hu\",\"@id\":\"https:\/\/www.sugarfactory.hr\/proizvod\/accessories\/torba-montana-pp-panel-bag\/#primaryimage\",\"url\":\"https:\/\/www.sugarfactory.hr\/wp-content\/uploads\/2022\/07\/0835e83336584984871dba95cd93589a.webp\",\"contentUrl\":\"https:\/\/www.sugarfactory.hr\/wp-content\/uploads\/2022\/07\/0835e83336584984871dba95cd93589a.webp\",\"width\":896,\"height\":1120},{\"@type\":\"BreadcrumbList\",\"@id\":\"https:\/\/www.sugarfactory.hr\/proizvod\/accessories\/torba-montana-pp-panel-bag\/#breadcrumb\",\"itemListElement\":[{\"@type\":\"ListItem\",\"position\":1,\"name\":\"Po\u010detna stranica\",\"item\":\"https:\/\/www.sugarfactory.hr\/\"},{\"@type\":\"ListItem\",\"position\":2,\"name\":\"Proizvodi\",\"item\":\"https:\/\/www.sugarfactory.hr\/shop\/\"},{\"@type\":\"ListItem\",\"position\":3,\"name\":\"Montana PP Panel Bag\"}]},{\"@type\":\"WebSite\",\"@id\":\"https:\/\/www.sugarfactory.hr\/#website\",\"url\":\"https:\/\/www.sugarfactory.hr\/\",\"name\":\"Sugar Factory\",\"description\":\"Create your sweetest pieces!\",\"potentialAction\":[{\"@type\":\"SearchAction\",\"target\":{\"@type\":\"EntryPoint\",\"urlTemplate\":\"https:\/\/www.sugarfactory.hr\/?s={search_term_string}\"},\"query-input\":{\"@type\":\"PropertyValueSpecification\",\"valueRequired\":true,\"valueName\":\"search_term_string\"}}],\"inLanguage\":\"hu\"}]}<\/script>\n<!-- \/ Yoast SEO plugin. -->","yoast_head_json":{"title":"Montana PP Panel Bag - Sugar Factory","robots":{"index":"index","follow":"follow","max-snippet":"max-snippet:-1","max-image-preview":"max-image-preview:large","max-video-preview":"max-video-preview:-1"},"canonical":"https:\/\/www.sugarfactory.hr\/hu\/termek\/kiegeszitok\/taska-montana-pp-panel-bag\/","og_locale":"hu_HU","og_type":"article","og_title":"Montana PP Panel Bag - Sugar Factory","og_description":"Montana PP Panel Bag je izdr\u017eljiva i prakti\u010dna torba dizajnirana za siguran transport sprej limenki. Idealna je za 10\u201314 limenki od 400 ml ili 8\u201310 limenki od 600 ml, pru\u017eaju\u0107i organiziran i prakti\u010dan na\u010din no\u0161enja boja.Montana PP Panel Bag kombinira lagan materijal, \u010dvrstu konstrukciju i funkcionalnost, \u010dine\u0107i je savr\u0161enim dodatkom za umjetnike i street art [&hellip;]","og_url":"https:\/\/www.sugarfactory.hr\/hu\/termek\/kiegeszitok\/taska-montana-pp-panel-bag\/","og_site_name":"Sugar Factory","article_modified_time":"2026-03-31T17:52:32+00:00","og_image":[{"width":896,"height":1120,"url":"https:\/\/www.sugarfactory.hr\/wp-content\/uploads\/2022\/07\/0835e83336584984871dba95cd93589a.webp","type":"image\/webp"}],"twitter_card":"summary_large_image","schema":{"@context":"https:\/\/schema.org","@graph":[{"@type":"WebPage","@id":"https:\/\/www.sugarfactory.hr\/proizvod\/accessories\/torba-montana-pp-panel-bag\/","url":"https:\/\/www.sugarfactory.hr\/proizvod\/accessories\/torba-montana-pp-panel-bag\/","name":"Montana PP Panel Bag - Sugar Factory","isPartOf":{"@id":"https:\/\/www.sugarfactory.hr\/#website"},"primaryImageOfPage":{"@id":"https:\/\/www.sugarfactory.hr\/proizvod\/accessories\/torba-montana-pp-panel-bag\/#primaryimage"},"image":{"@id":"https:\/\/www.sugarfactory.hr\/proizvod\/accessories\/torba-montana-pp-panel-bag\/#primaryimage"},"thumbnailUrl":"https:\/\/www.sugarfactory.hr\/wp-content\/uploads\/2022\/07\/0835e83336584984871dba95cd93589a.webp","datePublished":"2022-07-12T14:04:33+00:00","dateModified":"2026-03-31T17:52:32+00:00","breadcrumb":{"@id":"https:\/\/www.sugarfactory.hr\/proizvod\/accessories\/torba-montana-pp-panel-bag\/#breadcrumb"},"inLanguage":"hu","potentialAction":[{"@type":"ReadAction","target":["https:\/\/www.sugarfactory.hr\/proizvod\/accessories\/torba-montana-pp-panel-bag\/"]}]},{"@type":"ImageObject","inLanguage":"hu","@id":"https:\/\/www.sugarfactory.hr\/proizvod\/accessories\/torba-montana-pp-panel-bag\/#primaryimage","url":"https:\/\/www.sugarfactory.hr\/wp-content\/uploads\/2022\/07\/0835e83336584984871dba95cd93589a.webp","contentUrl":"https:\/\/www.sugarfactory.hr\/wp-content\/uploads\/2022\/07\/0835e83336584984871dba95cd93589a.webp","width":896,"height":1120},{"@type":"BreadcrumbList","@id":"https:\/\/www.sugarfactory.hr\/proizvod\/accessories\/torba-montana-pp-panel-bag\/#breadcrumb","itemListElement":[{"@type":"ListItem","position":1,"name":"Po\u010detna stranica","item":"https:\/\/www.sugarfactory.hr\/"},{"@type":"ListItem","position":2,"name":"Proizvodi","item":"https:\/\/www.sugarfactory.hr\/shop\/"},{"@type":"ListItem","position":3,"name":"Montana PP Panel Bag"}]},{"@type":"WebSite","@id":"https:\/\/www.sugarfactory.hr\/#website","url":"https:\/\/www.sugarfactory.hr\/","name":"Cukorgy\u00e1r","description":"Create your sweetest pieces!","potentialAction":[{"@type":"SearchAction","target":{"@type":"EntryPoint","urlTemplate":"https:\/\/www.sugarfactory.hr\/?s={search_term_string}"},"query-input":{"@type":"PropertyValueSpecification","valueRequired":true,"valueName":"search_term_string"}}],"inLanguage":"hu"}]}},"_links":{"self":[{"href":"https:\/\/www.sugarfactory.hr\/hu\/wp-json\/wp\/v2\/product\/3670","targetHints":{"allow":["GET"]}}],"collection":[{"href":"https:\/\/www.sugarfactory.hr\/hu\/wp-json\/wp\/v2\/product"}],"about":[{"href":"https:\/\/www.sugarfactory.hr\/hu\/wp-json\/wp\/v2\/types\/product"}],"wp:featuredmedia":[{"embeddable":true,"href":"https:\/\/www.sugarfactory.hr\/hu\/wp-json\/wp\/v2\/media\/12580"}],"wp:attachment":[{"href":"https:\/\/www.sugarfactory.hr\/hu\/wp-json\/wp\/v2\/media?parent=3670"}],"wp:term":[{"taxonomy":"product_brand","embeddable":true,"href":"https:\/\/www.sugarfactory.hr\/hu\/wp-json\/wp\/v2\/product_brand?post=3670"},{"taxonomy":"product_cat","embeddable":true,"href":"https:\/\/www.sugarfactory.hr\/hu\/wp-json\/wp\/v2\/product_cat?post=3670"},{"taxonomy":"product_tag","embeddable":true,"href":"https:\/\/www.sugarfactory.hr\/hu\/wp-json\/wp\/v2\/product_tag?post=3670"}],"curies":[{"name":"wp","href":"https:\/\/api.w.org\/{rel}","templated":true}]}}