{"id":3691,"date":"2022-07-12T14:11:47","date_gmt":"2022-07-12T14:11:47","guid":{"rendered":"https:\/\/www.sugarfactory.hr\/?post_type=product&#038;p=3691"},"modified":"2026-03-03T12:23:44","modified_gmt":"2026-03-03T11:23:44","slug":"montana-hello-my-name-is-matrica","status":"publish","type":"product","link":"https:\/\/www.sugarfactory.hr\/hu\/termek\/stickeri\/montana-hello-my-name-is-matrica\/","title":{"rendered":"Montana \u201eHello my name is\u2026\u201c matrica"},"content":{"rendered":"<p data-start=\"0\" data-end=\"148\"><strong data-start=\"0\" data-end=\"39\">Montana \u201cHello My Name Is\u2026\u201d Sticker<\/strong> vra\u0107a <strong data-start=\"46\" data-end=\"69\">klasi\u010dnu naljepnicu<\/strong> s old school twistom, dostupnu u <strong data-start=\"103\" data-end=\"145\" data-is-only-node=\"\">tradicionalnim crvenim i plavim bojama<\/strong>.<\/p>\n<p data-start=\"150\" data-end=\"460\">Naljepnice dolaze <strong data-start=\"168\" data-end=\"202\">pakirane po 100 komada po boji<\/strong>, a set uklju\u010duje i <strong data-start=\"222\" data-end=\"257\">4 mm permanentni okrugli marker<\/strong> - <strong data-start=\"260\" data-end=\"288\">intenzivnom crnom tintom<\/strong>, \u010diji je <strong data-start=\"298\" data-end=\"348\">tijelo markera u boji odgovaraju\u0107oj naljepnici<\/strong>.<br data-start=\"349\" data-end=\"352\" \/>Dimenzije naljepnice su <strong data-start=\"376\" data-end=\"393\">12,5 \u00d7 9,5 cm<\/strong>, ide\u00e1lis <strong data-start=\"406\" data-end=\"457\">tagging, street art ili kolekcionarske projekte<\/strong>.<\/p>\n<p data-start=\"462\" data-end=\"624\" data-is-last-node=\"\" data-is-only-node=\"\">Ovaj set pru\u017ea <strong data-start=\"477\" data-end=\"538\">savr\u0161enu kombinaciju klasi\u010dnog dizajna i prakti\u010dnih alata<\/strong>, lehet\u0151v\u00e9 t\u00e9ve <strong data-start=\"552\" data-end=\"588\">precizno i izra\u017eajno ozna\u010davanje<\/strong> u urbanim i kreativnim okru\u017eenjima.<\/p>","protected":false},"excerpt":{"rendered":"<p>Montana \u201cHello My Name Is\u2026\u201d Sticker vra\u0107a klasi\u010dnu naljepnicu s old school twistom, dostupnu u tradicionalnim crvenim i plavim bojama. Naljepnice dolaze pakirane po 100 komada po boji, a set uklju\u010duje i 4 mm permanentni okrugli marker s intenzivnom crnom tintom, \u010diji je tijelo markera u boji odgovaraju\u0107oj naljepnici.Dimenzije naljepnice su 12,5 \u00d7 9,5 cm, [&hellip;]<\/p>","protected":false},"featured_media":12579,"template":"","meta":{"_acf_changed":false},"product_brand":[105],"product_cat":[31],"product_tag":[],"class_list":{"0":"post-3691","1":"product","2":"type-product","3":"status-publish","4":"has-post-thumbnail","6":"product_brand-montana","7":"product_cat-stickeri","9":"first","10":"outofstock","11":"shipping-taxable","12":"purchasable","13":"product-type-simple"},"acf":[],"yoast_head":"<!-- This site is optimized with the Yoast SEO plugin v26.3 - https:\/\/yoast.com\/wordpress\/plugins\/seo\/ -->\n<title>Montana \u201eHello my name is\u2026\u201c Sticker - Sugar Factory<\/title>\n<meta name=\"robots\" content=\"index, follow, max-snippet:-1, max-image-preview:large, max-video-preview:-1\" \/>\n<link rel=\"canonical\" href=\"https:\/\/www.sugarfactory.hr\/hu\/termek\/stickeri\/montana-hello-my-name-is-matrica\/\" \/>\n<meta property=\"og:locale\" content=\"hu_HU\" \/>\n<meta property=\"og:type\" content=\"article\" \/>\n<meta property=\"og:title\" content=\"Montana \u201eHello my name is\u2026\u201c Sticker - Sugar Factory\" \/>\n<meta property=\"og:description\" content=\"Montana \u201cHello My Name Is\u2026\u201d Sticker vra\u0107a klasi\u010dnu naljepnicu s old school twistom, dostupnu u tradicionalnim crvenim i plavim bojama. Naljepnice dolaze pakirane po 100 komada po boji, a set uklju\u010duje i 4 mm permanentni okrugli marker s intenzivnom crnom tintom, \u010diji je tijelo markera u boji odgovaraju\u0107oj naljepnici.Dimenzije naljepnice su 12,5 \u00d7 9,5 cm, [&hellip;]\" \/>\n<meta property=\"og:url\" content=\"https:\/\/www.sugarfactory.hr\/hu\/termek\/stickeri\/montana-hello-my-name-is-matrica\/\" \/>\n<meta property=\"og:site_name\" content=\"Sugar Factory\" \/>\n<meta property=\"article:modified_time\" content=\"2026-03-03T11:23:44+00:00\" \/>\n<meta property=\"og:image\" content=\"https:\/\/www.sugarfactory.hr\/wp-content\/uploads\/2022\/07\/fd9c91292ca94b5e9ef6733466e5af00.webp\" \/>\n\t<meta property=\"og:image:width\" content=\"896\" \/>\n\t<meta property=\"og:image:height\" content=\"1120\" \/>\n\t<meta property=\"og:image:type\" content=\"image\/webp\" \/>\n<meta name=\"twitter:card\" content=\"summary_large_image\" \/>\n<script type=\"application\/ld+json\" class=\"yoast-schema-graph\">{\"@context\":\"https:\/\/schema.org\",\"@graph\":[{\"@type\":\"WebPage\",\"@id\":\"https:\/\/www.sugarfactory.hr\/proizvod\/stickeri\/montana-hello-my-name-is-sticker\/\",\"url\":\"https:\/\/www.sugarfactory.hr\/proizvod\/stickeri\/montana-hello-my-name-is-sticker\/\",\"name\":\"Montana \u201eHello my name is\u2026\u201c Sticker - Sugar Factory\",\"isPartOf\":{\"@id\":\"https:\/\/www.sugarfactory.hr\/#website\"},\"primaryImageOfPage\":{\"@id\":\"https:\/\/www.sugarfactory.hr\/proizvod\/stickeri\/montana-hello-my-name-is-sticker\/#primaryimage\"},\"image\":{\"@id\":\"https:\/\/www.sugarfactory.hr\/proizvod\/stickeri\/montana-hello-my-name-is-sticker\/#primaryimage\"},\"thumbnailUrl\":\"https:\/\/www.sugarfactory.hr\/wp-content\/uploads\/2022\/07\/fd9c91292ca94b5e9ef6733466e5af00.webp\",\"datePublished\":\"2022-07-12T14:11:47+00:00\",\"dateModified\":\"2026-03-03T11:23:44+00:00\",\"breadcrumb\":{\"@id\":\"https:\/\/www.sugarfactory.hr\/proizvod\/stickeri\/montana-hello-my-name-is-sticker\/#breadcrumb\"},\"inLanguage\":\"hu\",\"potentialAction\":[{\"@type\":\"ReadAction\",\"target\":[\"https:\/\/www.sugarfactory.hr\/proizvod\/stickeri\/montana-hello-my-name-is-sticker\/\"]}]},{\"@type\":\"ImageObject\",\"inLanguage\":\"hu\",\"@id\":\"https:\/\/www.sugarfactory.hr\/proizvod\/stickeri\/montana-hello-my-name-is-sticker\/#primaryimage\",\"url\":\"https:\/\/www.sugarfactory.hr\/wp-content\/uploads\/2022\/07\/fd9c91292ca94b5e9ef6733466e5af00.webp\",\"contentUrl\":\"https:\/\/www.sugarfactory.hr\/wp-content\/uploads\/2022\/07\/fd9c91292ca94b5e9ef6733466e5af00.webp\",\"width\":896,\"height\":1120},{\"@type\":\"BreadcrumbList\",\"@id\":\"https:\/\/www.sugarfactory.hr\/proizvod\/stickeri\/montana-hello-my-name-is-sticker\/#breadcrumb\",\"itemListElement\":[{\"@type\":\"ListItem\",\"position\":1,\"name\":\"Po\u010detna stranica\",\"item\":\"https:\/\/www.sugarfactory.hr\/\"},{\"@type\":\"ListItem\",\"position\":2,\"name\":\"Proizvodi\",\"item\":\"https:\/\/www.sugarfactory.hr\/shop\/\"},{\"@type\":\"ListItem\",\"position\":3,\"name\":\"Montana \u201eHello my name is\u2026\u201c Sticker\"}]},{\"@type\":\"WebSite\",\"@id\":\"https:\/\/www.sugarfactory.hr\/#website\",\"url\":\"https:\/\/www.sugarfactory.hr\/\",\"name\":\"Sugar Factory\",\"description\":\"Create your sweetest pieces!\",\"potentialAction\":[{\"@type\":\"SearchAction\",\"target\":{\"@type\":\"EntryPoint\",\"urlTemplate\":\"https:\/\/www.sugarfactory.hr\/?s={search_term_string}\"},\"query-input\":{\"@type\":\"PropertyValueSpecification\",\"valueRequired\":true,\"valueName\":\"search_term_string\"}}],\"inLanguage\":\"hu\"}]}<\/script>\n<!-- \/ Yoast SEO plugin. -->","yoast_head_json":{"title":"Montana \u201eHello my name is\u2026\u201c matrica - Sugar Factory","robots":{"index":"index","follow":"follow","max-snippet":"max-snippet:-1","max-image-preview":"max-image-preview:large","max-video-preview":"max-video-preview:-1"},"canonical":"https:\/\/www.sugarfactory.hr\/hu\/termek\/stickeri\/montana-hello-my-name-is-matrica\/","og_locale":"hu_HU","og_type":"article","og_title":"Montana \u201eHello my name is\u2026\u201c Sticker - Sugar Factory","og_description":"Montana \u201cHello My Name Is\u2026\u201d Sticker vra\u0107a klasi\u010dnu naljepnicu s old school twistom, dostupnu u tradicionalnim crvenim i plavim bojama. Naljepnice dolaze pakirane po 100 komada po boji, a set uklju\u010duje i 4 mm permanentni okrugli marker s intenzivnom crnom tintom, \u010diji je tijelo markera u boji odgovaraju\u0107oj naljepnici.Dimenzije naljepnice su 12,5 \u00d7 9,5 cm, [&hellip;]","og_url":"https:\/\/www.sugarfactory.hr\/hu\/termek\/stickeri\/montana-hello-my-name-is-matrica\/","og_site_name":"Sugar Factory","article_modified_time":"2026-03-03T11:23:44+00:00","og_image":[{"width":896,"height":1120,"url":"https:\/\/www.sugarfactory.hr\/wp-content\/uploads\/2022\/07\/fd9c91292ca94b5e9ef6733466e5af00.webp","type":"image\/webp"}],"twitter_card":"summary_large_image","schema":{"@context":"https:\/\/schema.org","@graph":[{"@type":"WebPage","@id":"https:\/\/www.sugarfactory.hr\/proizvod\/stickeri\/montana-hello-my-name-is-sticker\/","url":"https:\/\/www.sugarfactory.hr\/proizvod\/stickeri\/montana-hello-my-name-is-sticker\/","name":"Montana \u201eHello my name is\u2026\u201c matrica - Sugar Factory","isPartOf":{"@id":"https:\/\/www.sugarfactory.hr\/#website"},"primaryImageOfPage":{"@id":"https:\/\/www.sugarfactory.hr\/proizvod\/stickeri\/montana-hello-my-name-is-sticker\/#primaryimage"},"image":{"@id":"https:\/\/www.sugarfactory.hr\/proizvod\/stickeri\/montana-hello-my-name-is-sticker\/#primaryimage"},"thumbnailUrl":"https:\/\/www.sugarfactory.hr\/wp-content\/uploads\/2022\/07\/fd9c91292ca94b5e9ef6733466e5af00.webp","datePublished":"2022-07-12T14:11:47+00:00","dateModified":"2026-03-03T11:23:44+00:00","breadcrumb":{"@id":"https:\/\/www.sugarfactory.hr\/proizvod\/stickeri\/montana-hello-my-name-is-sticker\/#breadcrumb"},"inLanguage":"hu","potentialAction":[{"@type":"ReadAction","target":["https:\/\/www.sugarfactory.hr\/proizvod\/stickeri\/montana-hello-my-name-is-sticker\/"]}]},{"@type":"ImageObject","inLanguage":"hu","@id":"https:\/\/www.sugarfactory.hr\/proizvod\/stickeri\/montana-hello-my-name-is-sticker\/#primaryimage","url":"https:\/\/www.sugarfactory.hr\/wp-content\/uploads\/2022\/07\/fd9c91292ca94b5e9ef6733466e5af00.webp","contentUrl":"https:\/\/www.sugarfactory.hr\/wp-content\/uploads\/2022\/07\/fd9c91292ca94b5e9ef6733466e5af00.webp","width":896,"height":1120},{"@type":"BreadcrumbList","@id":"https:\/\/www.sugarfactory.hr\/proizvod\/stickeri\/montana-hello-my-name-is-sticker\/#breadcrumb","itemListElement":[{"@type":"ListItem","position":1,"name":"Po\u010detna stranica","item":"https:\/\/www.sugarfactory.hr\/"},{"@type":"ListItem","position":2,"name":"Proizvodi","item":"https:\/\/www.sugarfactory.hr\/shop\/"},{"@type":"ListItem","position":3,"name":"Montana \u201eHello my name is\u2026\u201c Sticker"}]},{"@type":"WebSite","@id":"https:\/\/www.sugarfactory.hr\/#website","url":"https:\/\/www.sugarfactory.hr\/","name":"Cukorgy\u00e1r","description":"Create your sweetest pieces!","potentialAction":[{"@type":"SearchAction","target":{"@type":"EntryPoint","urlTemplate":"https:\/\/www.sugarfactory.hr\/?s={search_term_string}"},"query-input":{"@type":"PropertyValueSpecification","valueRequired":true,"valueName":"search_term_string"}}],"inLanguage":"hu"}]}},"_links":{"self":[{"href":"https:\/\/www.sugarfactory.hr\/hu\/wp-json\/wp\/v2\/product\/3691","targetHints":{"allow":["GET"]}}],"collection":[{"href":"https:\/\/www.sugarfactory.hr\/hu\/wp-json\/wp\/v2\/product"}],"about":[{"href":"https:\/\/www.sugarfactory.hr\/hu\/wp-json\/wp\/v2\/types\/product"}],"wp:featuredmedia":[{"embeddable":true,"href":"https:\/\/www.sugarfactory.hr\/hu\/wp-json\/wp\/v2\/media\/12579"}],"wp:attachment":[{"href":"https:\/\/www.sugarfactory.hr\/hu\/wp-json\/wp\/v2\/media?parent=3691"}],"wp:term":[{"taxonomy":"product_brand","embeddable":true,"href":"https:\/\/www.sugarfactory.hr\/hu\/wp-json\/wp\/v2\/product_brand?post=3691"},{"taxonomy":"product_cat","embeddable":true,"href":"https:\/\/www.sugarfactory.hr\/hu\/wp-json\/wp\/v2\/product_cat?post=3691"},{"taxonomy":"product_tag","embeddable":true,"href":"https:\/\/www.sugarfactory.hr\/hu\/wp-json\/wp\/v2\/product_tag?post=3691"}],"curies":[{"name":"wp","href":"https:\/\/api.w.org\/{rel}","templated":true}]}}