{"id":3773,"date":"2022-07-29T17:12:16","date_gmt":"2022-07-29T17:12:16","guid":{"rendered":"https:\/\/www.sugarfactory.hr\/?post_type=product&#038;p=3773"},"modified":"2026-04-14T16:09:04","modified_gmt":"2026-04-14T15:09:04","slug":"kupak-a-sprayhez-super-boost-cap","status":"publish","type":"product","link":"https:\/\/www.sugarfactory.hr\/hu\/termek\/sapkak\/kupak-a-sprayhez-super-boost-cap\/","title":{"rendered":"Szuper Boost sapka"},"content":{"rendered":"<p>A Super Booster Cap egy ultra sz\u00e9les kalligrafikus sapka, amely ide\u00e1lis nagy fel\u00fcletek kit\u00f6lt\u00e9s\u00e9hez \u00e9s kalligrafikus fest\u00e9shez.<\/p>","protected":false},"excerpt":{"rendered":"<p>A Super Booster Cap egy ultra sz\u00e9les kalligrafikus sapka, amely ide\u00e1lis nagy fel\u00fcletek kit\u00f6lt\u00e9s\u00e9hez \u00e9s kalligrafikus fest\u00e9shez.<\/p>","protected":false},"featured_media":3774,"template":"","meta":{"_acf_changed":false},"product_brand":[],"product_cat":[19,96],"product_tag":[],"class_list":{"0":"post-3773","1":"product","2":"type-product","3":"status-publish","4":"has-post-thumbnail","6":"product_cat-kapice","7":"product_cat-fat-caps","9":"first","10":"instock","11":"shipping-taxable","12":"purchasable","13":"product-type-simple"},"acf":[],"yoast_head":"<!-- This site is optimized with the Yoast SEO plugin v26.3 - https:\/\/yoast.com\/wordpress\/plugins\/seo\/ -->\n<title>Super Boost Cap - Sugar Factory<\/title>\n<meta name=\"robots\" content=\"index, follow, max-snippet:-1, max-image-preview:large, max-video-preview:-1\" \/>\n<link rel=\"canonical\" href=\"https:\/\/www.sugarfactory.hr\/hu\/termek\/sapkak\/kupak-a-sprayhez-super-boost-cap\/\" \/>\n<meta property=\"og:locale\" content=\"hu_HU\" \/>\n<meta property=\"og:type\" content=\"article\" \/>\n<meta property=\"og:title\" content=\"Super Boost Cap - Sugar Factory\" \/>\n<meta property=\"og:description\" content=\"Super Booster Cap je ultra \u0161iroka kaligrafska kapica, idealna za ispunjavanje velikih povr\u0161ina i kaligrafsko slikanje.\" \/>\n<meta property=\"og:url\" content=\"https:\/\/www.sugarfactory.hr\/hu\/termek\/sapkak\/kupak-a-sprayhez-super-boost-cap\/\" \/>\n<meta property=\"og:site_name\" content=\"Sugar Factory\" \/>\n<meta property=\"article:modified_time\" content=\"2026-04-14T15:09:04+00:00\" \/>\n<meta property=\"og:image\" content=\"https:\/\/www.sugarfactory.hr\/wp-content\/uploads\/2022\/07\/Super-Boost-Caps.png\" \/>\n\t<meta property=\"og:image:width\" content=\"300\" \/>\n\t<meta property=\"og:image:height\" content=\"300\" \/>\n\t<meta property=\"og:image:type\" content=\"image\/png\" \/>\n<meta name=\"twitter:card\" content=\"summary_large_image\" \/>\n<script type=\"application\/ld+json\" class=\"yoast-schema-graph\">{\"@context\":\"https:\/\/schema.org\",\"@graph\":[{\"@type\":\"WebPage\",\"@id\":\"https:\/\/www.sugarfactory.hr\/proizvod\/kapice\/kapica-za-sprej-super-boost-cap\/\",\"url\":\"https:\/\/www.sugarfactory.hr\/proizvod\/kapice\/kapica-za-sprej-super-boost-cap\/\",\"name\":\"Super Boost Cap - Sugar Factory\",\"isPartOf\":{\"@id\":\"https:\/\/www.sugarfactory.hr\/#website\"},\"primaryImageOfPage\":{\"@id\":\"https:\/\/www.sugarfactory.hr\/proizvod\/kapice\/kapica-za-sprej-super-boost-cap\/#primaryimage\"},\"image\":{\"@id\":\"https:\/\/www.sugarfactory.hr\/proizvod\/kapice\/kapica-za-sprej-super-boost-cap\/#primaryimage\"},\"thumbnailUrl\":\"https:\/\/www.sugarfactory.hr\/wp-content\/uploads\/2022\/07\/Super-Boost-Caps.png\",\"datePublished\":\"2022-07-29T17:12:16+00:00\",\"dateModified\":\"2026-04-14T15:09:04+00:00\",\"breadcrumb\":{\"@id\":\"https:\/\/www.sugarfactory.hr\/proizvod\/kapice\/kapica-za-sprej-super-boost-cap\/#breadcrumb\"},\"inLanguage\":\"hu\",\"potentialAction\":[{\"@type\":\"ReadAction\",\"target\":[\"https:\/\/www.sugarfactory.hr\/proizvod\/kapice\/kapica-za-sprej-super-boost-cap\/\"]}]},{\"@type\":\"ImageObject\",\"inLanguage\":\"hu\",\"@id\":\"https:\/\/www.sugarfactory.hr\/proizvod\/kapice\/kapica-za-sprej-super-boost-cap\/#primaryimage\",\"url\":\"https:\/\/www.sugarfactory.hr\/wp-content\/uploads\/2022\/07\/Super-Boost-Caps.png\",\"contentUrl\":\"https:\/\/www.sugarfactory.hr\/wp-content\/uploads\/2022\/07\/Super-Boost-Caps.png\",\"width\":300,\"height\":300},{\"@type\":\"BreadcrumbList\",\"@id\":\"https:\/\/www.sugarfactory.hr\/proizvod\/kapice\/kapica-za-sprej-super-boost-cap\/#breadcrumb\",\"itemListElement\":[{\"@type\":\"ListItem\",\"position\":1,\"name\":\"Po\u010detna stranica\",\"item\":\"https:\/\/www.sugarfactory.hr\/\"},{\"@type\":\"ListItem\",\"position\":2,\"name\":\"Proizvodi\",\"item\":\"https:\/\/www.sugarfactory.hr\/shop\/\"},{\"@type\":\"ListItem\",\"position\":3,\"name\":\"Super Boost Cap\"}]},{\"@type\":\"WebSite\",\"@id\":\"https:\/\/www.sugarfactory.hr\/#website\",\"url\":\"https:\/\/www.sugarfactory.hr\/\",\"name\":\"Sugar Factory\",\"description\":\"Create your sweetest pieces!\",\"potentialAction\":[{\"@type\":\"SearchAction\",\"target\":{\"@type\":\"EntryPoint\",\"urlTemplate\":\"https:\/\/www.sugarfactory.hr\/?s={search_term_string}\"},\"query-input\":{\"@type\":\"PropertyValueSpecification\",\"valueRequired\":true,\"valueName\":\"search_term_string\"}}],\"inLanguage\":\"hu\"}]}<\/script>\n<!-- \/ Yoast SEO plugin. -->","yoast_head_json":{"title":"Szuper Boost sapka - Cukorgy\u00e1r","robots":{"index":"index","follow":"follow","max-snippet":"max-snippet:-1","max-image-preview":"max-image-preview:large","max-video-preview":"max-video-preview:-1"},"canonical":"https:\/\/www.sugarfactory.hr\/hu\/termek\/sapkak\/kupak-a-sprayhez-super-boost-cap\/","og_locale":"hu_HU","og_type":"article","og_title":"Super Boost Cap - Sugar Factory","og_description":"Super Booster Cap je ultra \u0161iroka kaligrafska kapica, idealna za ispunjavanje velikih povr\u0161ina i kaligrafsko slikanje.","og_url":"https:\/\/www.sugarfactory.hr\/hu\/termek\/sapkak\/kupak-a-sprayhez-super-boost-cap\/","og_site_name":"Sugar Factory","article_modified_time":"2026-04-14T15:09:04+00:00","og_image":[{"width":300,"height":300,"url":"https:\/\/www.sugarfactory.hr\/wp-content\/uploads\/2022\/07\/Super-Boost-Caps.png","type":"image\/png"}],"twitter_card":"summary_large_image","schema":{"@context":"https:\/\/schema.org","@graph":[{"@type":"WebPage","@id":"https:\/\/www.sugarfactory.hr\/proizvod\/kapice\/kapica-za-sprej-super-boost-cap\/","url":"https:\/\/www.sugarfactory.hr\/proizvod\/kapice\/kapica-za-sprej-super-boost-cap\/","name":"Szuper Boost sapka - Cukorgy\u00e1r","isPartOf":{"@id":"https:\/\/www.sugarfactory.hr\/#website"},"primaryImageOfPage":{"@id":"https:\/\/www.sugarfactory.hr\/proizvod\/kapice\/kapica-za-sprej-super-boost-cap\/#primaryimage"},"image":{"@id":"https:\/\/www.sugarfactory.hr\/proizvod\/kapice\/kapica-za-sprej-super-boost-cap\/#primaryimage"},"thumbnailUrl":"https:\/\/www.sugarfactory.hr\/wp-content\/uploads\/2022\/07\/Super-Boost-Caps.png","datePublished":"2022-07-29T17:12:16+00:00","dateModified":"2026-04-14T15:09:04+00:00","breadcrumb":{"@id":"https:\/\/www.sugarfactory.hr\/proizvod\/kapice\/kapica-za-sprej-super-boost-cap\/#breadcrumb"},"inLanguage":"hu","potentialAction":[{"@type":"ReadAction","target":["https:\/\/www.sugarfactory.hr\/proizvod\/kapice\/kapica-za-sprej-super-boost-cap\/"]}]},{"@type":"ImageObject","inLanguage":"hu","@id":"https:\/\/www.sugarfactory.hr\/proizvod\/kapice\/kapica-za-sprej-super-boost-cap\/#primaryimage","url":"https:\/\/www.sugarfactory.hr\/wp-content\/uploads\/2022\/07\/Super-Boost-Caps.png","contentUrl":"https:\/\/www.sugarfactory.hr\/wp-content\/uploads\/2022\/07\/Super-Boost-Caps.png","width":300,"height":300},{"@type":"BreadcrumbList","@id":"https:\/\/www.sugarfactory.hr\/proizvod\/kapice\/kapica-za-sprej-super-boost-cap\/#breadcrumb","itemListElement":[{"@type":"ListItem","position":1,"name":"Po\u010detna stranica","item":"https:\/\/www.sugarfactory.hr\/"},{"@type":"ListItem","position":2,"name":"Proizvodi","item":"https:\/\/www.sugarfactory.hr\/shop\/"},{"@type":"ListItem","position":3,"name":"Super Boost Cap"}]},{"@type":"WebSite","@id":"https:\/\/www.sugarfactory.hr\/#website","url":"https:\/\/www.sugarfactory.hr\/","name":"Cukorgy\u00e1r","description":"Create your sweetest pieces!","potentialAction":[{"@type":"SearchAction","target":{"@type":"EntryPoint","urlTemplate":"https:\/\/www.sugarfactory.hr\/?s={search_term_string}"},"query-input":{"@type":"PropertyValueSpecification","valueRequired":true,"valueName":"search_term_string"}}],"inLanguage":"hu"}]}},"_links":{"self":[{"href":"https:\/\/www.sugarfactory.hr\/hu\/wp-json\/wp\/v2\/product\/3773","targetHints":{"allow":["GET"]}}],"collection":[{"href":"https:\/\/www.sugarfactory.hr\/hu\/wp-json\/wp\/v2\/product"}],"about":[{"href":"https:\/\/www.sugarfactory.hr\/hu\/wp-json\/wp\/v2\/types\/product"}],"wp:featuredmedia":[{"embeddable":true,"href":"https:\/\/www.sugarfactory.hr\/hu\/wp-json\/wp\/v2\/media\/3774"}],"wp:attachment":[{"href":"https:\/\/www.sugarfactory.hr\/hu\/wp-json\/wp\/v2\/media?parent=3773"}],"wp:term":[{"taxonomy":"product_brand","embeddable":true,"href":"https:\/\/www.sugarfactory.hr\/hu\/wp-json\/wp\/v2\/product_brand?post=3773"},{"taxonomy":"product_cat","embeddable":true,"href":"https:\/\/www.sugarfactory.hr\/hu\/wp-json\/wp\/v2\/product_cat?post=3773"},{"taxonomy":"product_tag","embeddable":true,"href":"https:\/\/www.sugarfactory.hr\/hu\/wp-json\/wp\/v2\/product_tag?post=3773"}],"curies":[{"name":"wp","href":"https:\/\/api.w.org\/{rel}","templated":true}]}}