{"id":4006,"date":"2022-10-17T15:37:20","date_gmt":"2022-10-17T15:37:20","guid":{"rendered":"https:\/\/www.sugarfactory.hr\/?post_type=product&#038;p=4006"},"modified":"2026-04-30T14:05:17","modified_gmt":"2026-04-30T13:05:17","slug":"montana-eggshell-matrica-feher","status":"publish","type":"product","link":"https:\/\/www.sugarfactory.hr\/hu\/termek\/stickeri\/montana-eggshell-matrica-feher\/","title":{"rendered":"Montana Eggshell matrica feh\u00e9r"},"content":{"rendered":"<article class=\"text-token-text-primary w-full focus:outline-none [--shadow-height:45px] has-data-writing-block:pointer-events-none has-data-writing-block:-mt-(--shadow-height) has-data-writing-block:pt-(--shadow-height) [&amp;:has([data-writing-block])&gt;*]:pointer-events-auto [content-visibility:auto] supports-[content-visibility:auto]:[contain-intrinsic-size:auto_100lvh] scroll-mt-[calc(var(--header-height)+min(200px,max(70px,20svh)))]\" dir=\"auto\" tabindex=\"-1\" data-turn-id=\"request-68efa993-52ac-832e-8b05-72f745a06f07-13\" data-testid=\"conversation-turn-56\" data-scroll-anchor=\"true\" data-turn=\"assistant\">\n<div class=\"text-base my-auto mx-auto pb-10 [--thread-content-margin:--spacing(4)] thread-sm:[--thread-content-margin:--spacing(6)] thread-lg:[--thread-content-margin:--spacing(16)] px-(--thread-content-margin)\">\n<div class=\"[--thread-content-max-width:40rem] thread-lg:[--thread-content-max-width:48rem] mx-auto max-w-(--thread-content-max-width) flex-1 group\/turn-messages focus-visible:outline-hidden relative flex w-full min-w-0 flex-col agent-turn\" tabindex=\"-1\">\n<div class=\"flex max-w-full flex-col grow\">\n<div class=\"min-h-8 text-message relative flex w-full flex-col items-end gap-2 text-start break-words whitespace-normal [.text-message+&amp;]:mt-1\" dir=\"auto\" data-message-author-role=\"assistant\" data-message-id=\"3d47353f-b21c-433f-bad6-0c550e244e14\" data-message-model-slug=\"gpt-5-mini\">\n<div class=\"flex w-full flex-col gap-1 empty:hidden first:pt-[1px]\">\n<div class=\"markdown prose dark:prose-invert w-full break-words light markdown-new-styling\">\n<p data-start=\"0\" data-end=\"211\"><strong data-start=\"0\" data-end=\"34\">Montana Eggshell matrica feh\u00e9r<\/strong> aj\u00e1nlatok <strong data-start=\"40\" data-end=\"79\">bijele, visoke kvalitete naljepnice<\/strong> dimenzija <strong data-start=\"90\" data-end=\"105\" data-is-only-node=\"\">120 x 70 mm<\/strong>, dostupne u <strong data-start=\"118\" data-end=\"146\">pakiranjima od 50 komada<\/strong>, ide\u00e1lis <strong data-start=\"159\" data-end=\"208\">graffiti, kaligrafiju i kreativno izra\u017eavanje<\/strong>.<\/p>\n<p data-start=\"213\" data-end=\"510\">Naljepnica ima <strong data-start=\"228\" data-end=\"259\">besprijekornu bijelu osnovu<\/strong> - <strong data-start=\"262\" data-end=\"288\">diskretnim sivim rubom<\/strong>, biztos\u00edtva <strong data-start=\"300\" data-end=\"320\">savr\u0161enu podlogu<\/strong> za va\u0161e rukopise ili javne umjetni\u010dke radove. Kompatibilna je sa <strong data-start=\"386\" data-end=\"452\">Montana BOLD, ACRYLIC, Permanent Short i Sketchliner markerima<\/strong>, lehet\u0151v\u00e9 t\u00e9ve <strong data-start=\"466\" data-end=\"507\">potpunu kontrolu i raznolikost poteza<\/strong>.<\/p>\n<p data-start=\"512\" data-end=\"737\" data-is-last-node=\"\" data-is-only-node=\"\">Zahvaljuju\u0107i posebnoj konstrukciji, naljepnice se <strong data-start=\"562\" data-end=\"608\">lju\u0161te u pahuljice pri poku\u0161aju uklanjanja<\/strong>, \u010desto ostavljaju\u0107i <strong data-start=\"629\" data-end=\"664\">ve\u0107i dio naljepnice na povr\u0161ini<\/strong>, \u0161to ih \u010dini <strong data-start=\"678\" data-end=\"736\">savr\u0161enima za privla\u010denje pa\u017enje u urbanim okru\u017eenjima<\/strong>.<\/p>\n<\/div>\n<\/div>\n<\/div>\n<\/div>\n<div class=\"z-0 flex min-h-[46px] justify-start\"><\/div>\n<div class=\"mt-3 w-full empty:hidden\">\n<div class=\"text-center\"><\/div>\n<\/div>\n<\/div>\n<\/div>\n<\/article>\n<div class=\"pointer-events-none h-px w-px\" aria-hidden=\"true\" data-edge=\"true\"><\/div>","protected":false},"excerpt":{"rendered":"<p>Montana Eggshell Sticker White nudi bijele, visoke kvalitete naljepnice dimenzija 120 x 70 mm, dostupne u pakiranjima od 50 komada, idealne za graffiti, kaligrafiju i kreativno izra\u017eavanje. Naljepnica ima besprijekornu bijelu osnovu s diskretnim sivim rubom, pru\u017eaju\u0107i savr\u0161enu podlogu za va\u0161e rukopise ili javne umjetni\u010dke radove. Kompatibilna je sa Montana BOLD, ACRYLIC, Permanent Short i [&hellip;]<\/p>","protected":false},"featured_media":12578,"template":"","meta":{"_acf_changed":false},"product_brand":[105],"product_cat":[31],"product_tag":[],"class_list":{"0":"post-4006","1":"product","2":"type-product","3":"status-publish","4":"has-post-thumbnail","6":"product_brand-montana","7":"product_cat-stickeri","9":"first","10":"instock","11":"shipping-taxable","12":"purchasable","13":"product-type-simple"},"acf":[],"yoast_head":"<!-- This site is optimized with the Yoast SEO plugin v26.3 - https:\/\/yoast.com\/wordpress\/plugins\/seo\/ -->\n<title>Montana Eggshell Sticker White - Sugar Factory<\/title>\n<meta name=\"robots\" content=\"index, follow, max-snippet:-1, max-image-preview:large, max-video-preview:-1\" \/>\n<link rel=\"canonical\" href=\"https:\/\/www.sugarfactory.hr\/hu\/termek\/stickeri\/montana-eggshell-matrica-feher\/\" \/>\n<meta property=\"og:locale\" content=\"hu_HU\" \/>\n<meta property=\"og:type\" content=\"article\" \/>\n<meta property=\"og:title\" content=\"Montana Eggshell Sticker White - Sugar Factory\" \/>\n<meta property=\"og:description\" content=\"Montana Eggshell Sticker White nudi bijele, visoke kvalitete naljepnice dimenzija 120 x 70 mm, dostupne u pakiranjima od 50 komada, idealne za graffiti, kaligrafiju i kreativno izra\u017eavanje. Naljepnica ima besprijekornu bijelu osnovu s diskretnim sivim rubom, pru\u017eaju\u0107i savr\u0161enu podlogu za va\u0161e rukopise ili javne umjetni\u010dke radove. Kompatibilna je sa Montana BOLD, ACRYLIC, Permanent Short i [&hellip;]\" \/>\n<meta property=\"og:url\" content=\"https:\/\/www.sugarfactory.hr\/hu\/termek\/stickeri\/montana-eggshell-matrica-feher\/\" \/>\n<meta property=\"og:site_name\" content=\"Sugar Factory\" \/>\n<meta property=\"article:modified_time\" content=\"2026-04-30T13:05:17+00:00\" \/>\n<meta property=\"og:image\" content=\"https:\/\/www.sugarfactory.hr\/wp-content\/uploads\/2022\/10\/58aac5dd99934ec29cabcd148e1c4d05.webp\" \/>\n\t<meta property=\"og:image:width\" content=\"896\" \/>\n\t<meta property=\"og:image:height\" content=\"1120\" \/>\n\t<meta property=\"og:image:type\" content=\"image\/webp\" \/>\n<meta name=\"twitter:card\" content=\"summary_large_image\" \/>\n<meta name=\"twitter:label1\" content=\"Becs\u00fclt olvas\u00e1si id\u0151\" \/>\n\t<meta name=\"twitter:data1\" content=\"1 perc\" \/>\n<script type=\"application\/ld+json\" class=\"yoast-schema-graph\">{\"@context\":\"https:\/\/schema.org\",\"@graph\":[{\"@type\":\"WebPage\",\"@id\":\"https:\/\/www.sugarfactory.hr\/proizvod\/stickeri\/montana-eggshell-sticker-white\/\",\"url\":\"https:\/\/www.sugarfactory.hr\/proizvod\/stickeri\/montana-eggshell-sticker-white\/\",\"name\":\"Montana Eggshell Sticker White - Sugar Factory\",\"isPartOf\":{\"@id\":\"https:\/\/www.sugarfactory.hr\/#website\"},\"primaryImageOfPage\":{\"@id\":\"https:\/\/www.sugarfactory.hr\/proizvod\/stickeri\/montana-eggshell-sticker-white\/#primaryimage\"},\"image\":{\"@id\":\"https:\/\/www.sugarfactory.hr\/proizvod\/stickeri\/montana-eggshell-sticker-white\/#primaryimage\"},\"thumbnailUrl\":\"https:\/\/www.sugarfactory.hr\/wp-content\/uploads\/2022\/10\/58aac5dd99934ec29cabcd148e1c4d05.webp\",\"datePublished\":\"2022-10-17T15:37:20+00:00\",\"dateModified\":\"2026-04-30T13:05:17+00:00\",\"breadcrumb\":{\"@id\":\"https:\/\/www.sugarfactory.hr\/proizvod\/stickeri\/montana-eggshell-sticker-white\/#breadcrumb\"},\"inLanguage\":\"hu\",\"potentialAction\":[{\"@type\":\"ReadAction\",\"target\":[\"https:\/\/www.sugarfactory.hr\/proizvod\/stickeri\/montana-eggshell-sticker-white\/\"]}]},{\"@type\":\"ImageObject\",\"inLanguage\":\"hu\",\"@id\":\"https:\/\/www.sugarfactory.hr\/proizvod\/stickeri\/montana-eggshell-sticker-white\/#primaryimage\",\"url\":\"https:\/\/www.sugarfactory.hr\/wp-content\/uploads\/2022\/10\/58aac5dd99934ec29cabcd148e1c4d05.webp\",\"contentUrl\":\"https:\/\/www.sugarfactory.hr\/wp-content\/uploads\/2022\/10\/58aac5dd99934ec29cabcd148e1c4d05.webp\",\"width\":896,\"height\":1120},{\"@type\":\"BreadcrumbList\",\"@id\":\"https:\/\/www.sugarfactory.hr\/proizvod\/stickeri\/montana-eggshell-sticker-white\/#breadcrumb\",\"itemListElement\":[{\"@type\":\"ListItem\",\"position\":1,\"name\":\"Po\u010detna stranica\",\"item\":\"https:\/\/www.sugarfactory.hr\/\"},{\"@type\":\"ListItem\",\"position\":2,\"name\":\"Proizvodi\",\"item\":\"https:\/\/www.sugarfactory.hr\/shop\/\"},{\"@type\":\"ListItem\",\"position\":3,\"name\":\"Montana Eggshell Sticker White\"}]},{\"@type\":\"WebSite\",\"@id\":\"https:\/\/www.sugarfactory.hr\/#website\",\"url\":\"https:\/\/www.sugarfactory.hr\/\",\"name\":\"Sugar Factory\",\"description\":\"Create your sweetest pieces!\",\"potentialAction\":[{\"@type\":\"SearchAction\",\"target\":{\"@type\":\"EntryPoint\",\"urlTemplate\":\"https:\/\/www.sugarfactory.hr\/?s={search_term_string}\"},\"query-input\":{\"@type\":\"PropertyValueSpecification\",\"valueRequired\":true,\"valueName\":\"search_term_string\"}}],\"inLanguage\":\"hu\"}]}<\/script>\n<!-- \/ Yoast SEO plugin. -->","yoast_head_json":{"title":"Montana Eggshell matrica feh\u00e9r - Sugar Factory","robots":{"index":"index","follow":"follow","max-snippet":"max-snippet:-1","max-image-preview":"max-image-preview:large","max-video-preview":"max-video-preview:-1"},"canonical":"https:\/\/www.sugarfactory.hr\/hu\/termek\/stickeri\/montana-eggshell-matrica-feher\/","og_locale":"hu_HU","og_type":"article","og_title":"Montana Eggshell Sticker White - Sugar Factory","og_description":"Montana Eggshell Sticker White nudi bijele, visoke kvalitete naljepnice dimenzija 120 x 70 mm, dostupne u pakiranjima od 50 komada, idealne za graffiti, kaligrafiju i kreativno izra\u017eavanje. Naljepnica ima besprijekornu bijelu osnovu s diskretnim sivim rubom, pru\u017eaju\u0107i savr\u0161enu podlogu za va\u0161e rukopise ili javne umjetni\u010dke radove. Kompatibilna je sa Montana BOLD, ACRYLIC, Permanent Short i [&hellip;]","og_url":"https:\/\/www.sugarfactory.hr\/hu\/termek\/stickeri\/montana-eggshell-matrica-feher\/","og_site_name":"Sugar Factory","article_modified_time":"2026-04-30T13:05:17+00:00","og_image":[{"width":896,"height":1120,"url":"https:\/\/www.sugarfactory.hr\/wp-content\/uploads\/2022\/10\/58aac5dd99934ec29cabcd148e1c4d05.webp","type":"image\/webp"}],"twitter_card":"summary_large_image","twitter_misc":{"Becs\u00fclt olvas\u00e1si id\u0151":"1 perc"},"schema":{"@context":"https:\/\/schema.org","@graph":[{"@type":"WebPage","@id":"https:\/\/www.sugarfactory.hr\/proizvod\/stickeri\/montana-eggshell-sticker-white\/","url":"https:\/\/www.sugarfactory.hr\/proizvod\/stickeri\/montana-eggshell-sticker-white\/","name":"Montana Eggshell matrica feh\u00e9r - Sugar Factory","isPartOf":{"@id":"https:\/\/www.sugarfactory.hr\/#website"},"primaryImageOfPage":{"@id":"https:\/\/www.sugarfactory.hr\/proizvod\/stickeri\/montana-eggshell-sticker-white\/#primaryimage"},"image":{"@id":"https:\/\/www.sugarfactory.hr\/proizvod\/stickeri\/montana-eggshell-sticker-white\/#primaryimage"},"thumbnailUrl":"https:\/\/www.sugarfactory.hr\/wp-content\/uploads\/2022\/10\/58aac5dd99934ec29cabcd148e1c4d05.webp","datePublished":"2022-10-17T15:37:20+00:00","dateModified":"2026-04-30T13:05:17+00:00","breadcrumb":{"@id":"https:\/\/www.sugarfactory.hr\/proizvod\/stickeri\/montana-eggshell-sticker-white\/#breadcrumb"},"inLanguage":"hu","potentialAction":[{"@type":"ReadAction","target":["https:\/\/www.sugarfactory.hr\/proizvod\/stickeri\/montana-eggshell-sticker-white\/"]}]},{"@type":"ImageObject","inLanguage":"hu","@id":"https:\/\/www.sugarfactory.hr\/proizvod\/stickeri\/montana-eggshell-sticker-white\/#primaryimage","url":"https:\/\/www.sugarfactory.hr\/wp-content\/uploads\/2022\/10\/58aac5dd99934ec29cabcd148e1c4d05.webp","contentUrl":"https:\/\/www.sugarfactory.hr\/wp-content\/uploads\/2022\/10\/58aac5dd99934ec29cabcd148e1c4d05.webp","width":896,"height":1120},{"@type":"BreadcrumbList","@id":"https:\/\/www.sugarfactory.hr\/proizvod\/stickeri\/montana-eggshell-sticker-white\/#breadcrumb","itemListElement":[{"@type":"ListItem","position":1,"name":"Po\u010detna stranica","item":"https:\/\/www.sugarfactory.hr\/"},{"@type":"ListItem","position":2,"name":"Proizvodi","item":"https:\/\/www.sugarfactory.hr\/shop\/"},{"@type":"ListItem","position":3,"name":"Montana Eggshell Sticker White"}]},{"@type":"WebSite","@id":"https:\/\/www.sugarfactory.hr\/#website","url":"https:\/\/www.sugarfactory.hr\/","name":"Cukorgy\u00e1r","description":"Create your sweetest pieces!","potentialAction":[{"@type":"SearchAction","target":{"@type":"EntryPoint","urlTemplate":"https:\/\/www.sugarfactory.hr\/?s={search_term_string}"},"query-input":{"@type":"PropertyValueSpecification","valueRequired":true,"valueName":"search_term_string"}}],"inLanguage":"hu"}]}},"_links":{"self":[{"href":"https:\/\/www.sugarfactory.hr\/hu\/wp-json\/wp\/v2\/product\/4006","targetHints":{"allow":["GET"]}}],"collection":[{"href":"https:\/\/www.sugarfactory.hr\/hu\/wp-json\/wp\/v2\/product"}],"about":[{"href":"https:\/\/www.sugarfactory.hr\/hu\/wp-json\/wp\/v2\/types\/product"}],"wp:featuredmedia":[{"embeddable":true,"href":"https:\/\/www.sugarfactory.hr\/hu\/wp-json\/wp\/v2\/media\/12578"}],"wp:attachment":[{"href":"https:\/\/www.sugarfactory.hr\/hu\/wp-json\/wp\/v2\/media?parent=4006"}],"wp:term":[{"taxonomy":"product_brand","embeddable":true,"href":"https:\/\/www.sugarfactory.hr\/hu\/wp-json\/wp\/v2\/product_brand?post=4006"},{"taxonomy":"product_cat","embeddable":true,"href":"https:\/\/www.sugarfactory.hr\/hu\/wp-json\/wp\/v2\/product_cat?post=4006"},{"taxonomy":"product_tag","embeddable":true,"href":"https:\/\/www.sugarfactory.hr\/hu\/wp-json\/wp\/v2\/product_tag?post=4006"}],"curies":[{"name":"wp","href":"https:\/\/api.w.org\/{rel}","templated":true}]}}