{"id":4544,"date":"2022-11-29T15:46:35","date_gmt":"2022-11-29T15:46:35","guid":{"rendered":"https:\/\/www.sugarfactory.hr\/?post_type=product&#038;p=4544"},"modified":"2026-04-08T09:23:42","modified_gmt":"2026-04-08T08:23:42","slug":"akril-alap-1-l","status":"publish","type":"product","link":"https:\/\/www.sugarfactory.hr\/hu\/termek\/fal-szinek\/akril-alap-1-l\/","title":{"rendered":"Akril alap 1 L"},"content":{"rendered":"<p data-start=\"71\" data-end=\"263\">Koncentrirana otopina namijenjena <strong data-start=\"131\" data-end=\"167\">impregnaciji mineralnih povr\u0161ina<\/strong> prije bojanja unutarnjim, fasadnim ili betonskim bojama te prije izravnavanja akrilnim kitom.<\/p>\n<p data-start=\"265\" data-end=\"425\">Formula u\u010dinkovito <strong data-start=\"284\" data-end=\"316\">izjedna\u010dava upojnost podloge<\/strong>, <strong data-start=\"318\" data-end=\"334\">ve\u017ee pra\u0161inu<\/strong> i osigurava optimalnu pripremu povr\u0161ine. Pogodna je za <strong data-start=\"390\" data-end=\"422\">vanjske i unutarnje primjene<\/strong>.<\/p>\n<ul data-start=\"427\" data-end=\"600\">\n<li data-start=\"427\" data-end=\"449\">\n<p data-start=\"429\" data-end=\"449\"><strong data-start=\"429\" data-end=\"443\">Csomagol\u00e1s:<\/strong> 1 L<\/p>\n<\/li>\n<li data-start=\"450\" data-end=\"508\">\n<p data-start=\"452\" data-end=\"508\"><strong data-start=\"452\" data-end=\"464\">C\u00e9l:<\/strong> priprema podloge prije bojanja i gletanja<\/p>\n<\/li>\n<li data-start=\"509\" data-end=\"600\">\n<p data-start=\"511\" data-end=\"600\"><strong data-start=\"511\" data-end=\"525\">Prednosti:<\/strong> izjedna\u010dava upojnost, ve\u017ee pra\u0161inu, pobolj\u0161ava prianjanje zavr\u0161nog sloja<\/p>\n<\/li>\n<\/ul>\n<p data-start=\"602\" data-end=\"693\"><strong data-start=\"602\" data-end=\"623\">Akril alap 1 L<\/strong> biztos\u00edt <strong data-start=\"630\" data-end=\"648\">pouzdan temelj<\/strong> za dugotrajan i kvalitetan zavr\u0161ni premaz.<\/p>","protected":false},"excerpt":{"rendered":"<p>Koncentrirana otopina namijenjena impregnaciji mineralnih povr\u0161ina prije bojanja unutarnjim, fasadnim ili betonskim bojama te prije izravnavanja akrilnim kitom. Formula u\u010dinkovito izjedna\u010dava upojnost podloge, ve\u017ee pra\u0161inu i osigurava optimalnu pripremu povr\u0161ine. Pogodna je za vanjske i unutarnje primjene. Pakiranje: 1 L Namjena: priprema podloge prije bojanja i gletanja Prednosti: izjedna\u010dava upojnost, ve\u017ee pra\u0161inu, pobolj\u0161ava prianjanje zavr\u0161nog [&hellip;]<\/p>","protected":false},"featured_media":12500,"template":"","meta":{"_acf_changed":false},"product_brand":[108],"product_cat":[20],"product_tag":[],"class_list":{"0":"post-4544","1":"product","2":"type-product","3":"status-publish","4":"has-post-thumbnail","6":"product_brand-sitolor","7":"product_cat-boje-za-zid","9":"first","10":"instock","11":"shipping-taxable","12":"purchasable","13":"product-type-simple"},"acf":[],"yoast_head":"<!-- This site is optimized with the Yoast SEO plugin v26.3 - https:\/\/yoast.com\/wordpress\/plugins\/seo\/ -->\n<title>Akril podloga 1 L - Sugar Factory<\/title>\n<meta name=\"robots\" content=\"index, follow, max-snippet:-1, max-image-preview:large, max-video-preview:-1\" \/>\n<link rel=\"canonical\" href=\"https:\/\/www.sugarfactory.hr\/hu\/termek\/fal-szinek\/akril-alap-1-l\/\" \/>\n<meta property=\"og:locale\" content=\"hu_HU\" \/>\n<meta property=\"og:type\" content=\"article\" \/>\n<meta property=\"og:title\" content=\"Akril podloga 1 L - Sugar Factory\" \/>\n<meta property=\"og:description\" content=\"Koncentrirana otopina namijenjena impregnaciji mineralnih povr\u0161ina prije bojanja unutarnjim, fasadnim ili betonskim bojama te prije izravnavanja akrilnim kitom. Formula u\u010dinkovito izjedna\u010dava upojnost podloge, ve\u017ee pra\u0161inu i osigurava optimalnu pripremu povr\u0161ine. Pogodna je za vanjske i unutarnje primjene. Pakiranje: 1 L Namjena: priprema podloge prije bojanja i gletanja Prednosti: izjedna\u010dava upojnost, ve\u017ee pra\u0161inu, pobolj\u0161ava prianjanje zavr\u0161nog [&hellip;]\" \/>\n<meta property=\"og:url\" content=\"https:\/\/www.sugarfactory.hr\/hu\/termek\/fal-szinek\/akril-alap-1-l\/\" \/>\n<meta property=\"og:site_name\" content=\"Sugar Factory\" \/>\n<meta property=\"article:modified_time\" content=\"2026-04-08T08:23:42+00:00\" \/>\n<meta property=\"og:image\" content=\"https:\/\/www.sugarfactory.hr\/wp-content\/uploads\/2022\/11\/akril-1L.webp\" \/>\n\t<meta property=\"og:image:width\" content=\"896\" \/>\n\t<meta property=\"og:image:height\" content=\"1120\" \/>\n\t<meta property=\"og:image:type\" content=\"image\/webp\" \/>\n<meta name=\"twitter:card\" content=\"summary_large_image\" \/>\n<script type=\"application\/ld+json\" class=\"yoast-schema-graph\">{\"@context\":\"https:\/\/schema.org\",\"@graph\":[{\"@type\":\"WebPage\",\"@id\":\"https:\/\/www.sugarfactory.hr\/proizvod\/boje-za-zid\/akril-podloga-1-l\/\",\"url\":\"https:\/\/www.sugarfactory.hr\/proizvod\/boje-za-zid\/akril-podloga-1-l\/\",\"name\":\"Akril podloga 1 L - Sugar Factory\",\"isPartOf\":{\"@id\":\"https:\/\/www.sugarfactory.hr\/#website\"},\"primaryImageOfPage\":{\"@id\":\"https:\/\/www.sugarfactory.hr\/proizvod\/boje-za-zid\/akril-podloga-1-l\/#primaryimage\"},\"image\":{\"@id\":\"https:\/\/www.sugarfactory.hr\/proizvod\/boje-za-zid\/akril-podloga-1-l\/#primaryimage\"},\"thumbnailUrl\":\"https:\/\/www.sugarfactory.hr\/wp-content\/uploads\/2022\/11\/akril-1L.webp\",\"datePublished\":\"2022-11-29T15:46:35+00:00\",\"dateModified\":\"2026-04-08T08:23:42+00:00\",\"breadcrumb\":{\"@id\":\"https:\/\/www.sugarfactory.hr\/proizvod\/boje-za-zid\/akril-podloga-1-l\/#breadcrumb\"},\"inLanguage\":\"hu\",\"potentialAction\":[{\"@type\":\"ReadAction\",\"target\":[\"https:\/\/www.sugarfactory.hr\/proizvod\/boje-za-zid\/akril-podloga-1-l\/\"]}]},{\"@type\":\"ImageObject\",\"inLanguage\":\"hu\",\"@id\":\"https:\/\/www.sugarfactory.hr\/proizvod\/boje-za-zid\/akril-podloga-1-l\/#primaryimage\",\"url\":\"https:\/\/www.sugarfactory.hr\/wp-content\/uploads\/2022\/11\/akril-1L.webp\",\"contentUrl\":\"https:\/\/www.sugarfactory.hr\/wp-content\/uploads\/2022\/11\/akril-1L.webp\",\"width\":896,\"height\":1120},{\"@type\":\"BreadcrumbList\",\"@id\":\"https:\/\/www.sugarfactory.hr\/proizvod\/boje-za-zid\/akril-podloga-1-l\/#breadcrumb\",\"itemListElement\":[{\"@type\":\"ListItem\",\"position\":1,\"name\":\"Po\u010detna stranica\",\"item\":\"https:\/\/www.sugarfactory.hr\/\"},{\"@type\":\"ListItem\",\"position\":2,\"name\":\"Proizvodi\",\"item\":\"https:\/\/www.sugarfactory.hr\/shop\/\"},{\"@type\":\"ListItem\",\"position\":3,\"name\":\"Akril podloga 1 L\"}]},{\"@type\":\"WebSite\",\"@id\":\"https:\/\/www.sugarfactory.hr\/#website\",\"url\":\"https:\/\/www.sugarfactory.hr\/\",\"name\":\"Sugar Factory\",\"description\":\"Create your sweetest pieces!\",\"potentialAction\":[{\"@type\":\"SearchAction\",\"target\":{\"@type\":\"EntryPoint\",\"urlTemplate\":\"https:\/\/www.sugarfactory.hr\/?s={search_term_string}\"},\"query-input\":{\"@type\":\"PropertyValueSpecification\",\"valueRequired\":true,\"valueName\":\"search_term_string\"}}],\"inLanguage\":\"hu\"}]}<\/script>\n<!-- \/ Yoast SEO plugin. -->","yoast_head_json":{"title":"Akril alap 1 L - Sugar Factory","robots":{"index":"index","follow":"follow","max-snippet":"max-snippet:-1","max-image-preview":"max-image-preview:large","max-video-preview":"max-video-preview:-1"},"canonical":"https:\/\/www.sugarfactory.hr\/hu\/termek\/fal-szinek\/akril-alap-1-l\/","og_locale":"hu_HU","og_type":"article","og_title":"Akril podloga 1 L - Sugar Factory","og_description":"Koncentrirana otopina namijenjena impregnaciji mineralnih povr\u0161ina prije bojanja unutarnjim, fasadnim ili betonskim bojama te prije izravnavanja akrilnim kitom. Formula u\u010dinkovito izjedna\u010dava upojnost podloge, ve\u017ee pra\u0161inu i osigurava optimalnu pripremu povr\u0161ine. Pogodna je za vanjske i unutarnje primjene. Pakiranje: 1 L Namjena: priprema podloge prije bojanja i gletanja Prednosti: izjedna\u010dava upojnost, ve\u017ee pra\u0161inu, pobolj\u0161ava prianjanje zavr\u0161nog [&hellip;]","og_url":"https:\/\/www.sugarfactory.hr\/hu\/termek\/fal-szinek\/akril-alap-1-l\/","og_site_name":"Sugar Factory","article_modified_time":"2026-04-08T08:23:42+00:00","og_image":[{"width":896,"height":1120,"url":"https:\/\/www.sugarfactory.hr\/wp-content\/uploads\/2022\/11\/akril-1L.webp","type":"image\/webp"}],"twitter_card":"summary_large_image","schema":{"@context":"https:\/\/schema.org","@graph":[{"@type":"WebPage","@id":"https:\/\/www.sugarfactory.hr\/proizvod\/boje-za-zid\/akril-podloga-1-l\/","url":"https:\/\/www.sugarfactory.hr\/proizvod\/boje-za-zid\/akril-podloga-1-l\/","name":"Akril alap 1 L - Sugar Factory","isPartOf":{"@id":"https:\/\/www.sugarfactory.hr\/#website"},"primaryImageOfPage":{"@id":"https:\/\/www.sugarfactory.hr\/proizvod\/boje-za-zid\/akril-podloga-1-l\/#primaryimage"},"image":{"@id":"https:\/\/www.sugarfactory.hr\/proizvod\/boje-za-zid\/akril-podloga-1-l\/#primaryimage"},"thumbnailUrl":"https:\/\/www.sugarfactory.hr\/wp-content\/uploads\/2022\/11\/akril-1L.webp","datePublished":"2022-11-29T15:46:35+00:00","dateModified":"2026-04-08T08:23:42+00:00","breadcrumb":{"@id":"https:\/\/www.sugarfactory.hr\/proizvod\/boje-za-zid\/akril-podloga-1-l\/#breadcrumb"},"inLanguage":"hu","potentialAction":[{"@type":"ReadAction","target":["https:\/\/www.sugarfactory.hr\/proizvod\/boje-za-zid\/akril-podloga-1-l\/"]}]},{"@type":"ImageObject","inLanguage":"hu","@id":"https:\/\/www.sugarfactory.hr\/proizvod\/boje-za-zid\/akril-podloga-1-l\/#primaryimage","url":"https:\/\/www.sugarfactory.hr\/wp-content\/uploads\/2022\/11\/akril-1L.webp","contentUrl":"https:\/\/www.sugarfactory.hr\/wp-content\/uploads\/2022\/11\/akril-1L.webp","width":896,"height":1120},{"@type":"BreadcrumbList","@id":"https:\/\/www.sugarfactory.hr\/proizvod\/boje-za-zid\/akril-podloga-1-l\/#breadcrumb","itemListElement":[{"@type":"ListItem","position":1,"name":"Po\u010detna stranica","item":"https:\/\/www.sugarfactory.hr\/"},{"@type":"ListItem","position":2,"name":"Proizvodi","item":"https:\/\/www.sugarfactory.hr\/shop\/"},{"@type":"ListItem","position":3,"name":"Akril podloga 1 L"}]},{"@type":"WebSite","@id":"https:\/\/www.sugarfactory.hr\/#website","url":"https:\/\/www.sugarfactory.hr\/","name":"Cukorgy\u00e1r","description":"Create your sweetest pieces!","potentialAction":[{"@type":"SearchAction","target":{"@type":"EntryPoint","urlTemplate":"https:\/\/www.sugarfactory.hr\/?s={search_term_string}"},"query-input":{"@type":"PropertyValueSpecification","valueRequired":true,"valueName":"search_term_string"}}],"inLanguage":"hu"}]}},"_links":{"self":[{"href":"https:\/\/www.sugarfactory.hr\/hu\/wp-json\/wp\/v2\/product\/4544","targetHints":{"allow":["GET"]}}],"collection":[{"href":"https:\/\/www.sugarfactory.hr\/hu\/wp-json\/wp\/v2\/product"}],"about":[{"href":"https:\/\/www.sugarfactory.hr\/hu\/wp-json\/wp\/v2\/types\/product"}],"wp:featuredmedia":[{"embeddable":true,"href":"https:\/\/www.sugarfactory.hr\/hu\/wp-json\/wp\/v2\/media\/12500"}],"wp:attachment":[{"href":"https:\/\/www.sugarfactory.hr\/hu\/wp-json\/wp\/v2\/media?parent=4544"}],"wp:term":[{"taxonomy":"product_brand","embeddable":true,"href":"https:\/\/www.sugarfactory.hr\/hu\/wp-json\/wp\/v2\/product_brand?post=4544"},{"taxonomy":"product_cat","embeddable":true,"href":"https:\/\/www.sugarfactory.hr\/hu\/wp-json\/wp\/v2\/product_cat?post=4544"},{"taxonomy":"product_tag","embeddable":true,"href":"https:\/\/www.sugarfactory.hr\/hu\/wp-json\/wp\/v2\/product_tag?post=4544"}],"curies":[{"name":"wp","href":"https:\/\/api.w.org\/{rel}","templated":true}]}}