{"id":4561,"date":"2022-11-29T15:53:54","date_gmt":"2022-11-29T15:53:54","guid":{"rendered":"https:\/\/www.sugarfactory.hr\/?post_type=product&#038;p=4561"},"modified":"2026-03-14T09:06:35","modified_gmt":"2026-03-14T08:06:35","slug":"mtn-squared-bag-taska","status":"publish","type":"product","link":"https:\/\/www.sugarfactory.hr\/hu\/termek\/kiegeszitok\/mtn-squared-bag-taska\/","title":{"rendered":"MTN Squared bag"},"content":{"rendered":"<h6 class=\"sr-only\"><strong style=\"font-size: 16px;\" data-start=\"0\" data-end=\"19\">MTN Squared Bag<\/strong><span style=\"font-size: 16px;\"> van <\/span><strong style=\"font-size: 16px;\" data-start=\"23\" data-end=\"52\" data-is-only-node=\"\">lagana i izdr\u017eljiva torba<\/strong><span style=\"font-size: 16px;\"> izra\u0111ena od <\/span><strong style=\"font-size: 16px;\" data-start=\"65\" data-end=\"84\">netkane tkanine<\/strong><span style=\"font-size: 16px;\">, dizajnirana za <\/span><strong style=\"font-size: 16px;\" data-start=\"101\" data-end=\"131\">prakti\u010dno no\u0161enje sprejeva<\/strong><span style=\"font-size: 16px;\">.<\/span><\/h6>\n<div class=\"text-base my-auto mx-auto pb-10 [--thread-content-margin:--spacing(4)] thread-sm:[--thread-content-margin:--spacing(6)] thread-lg:[--thread-content-margin:--spacing(16)] px-(--thread-content-margin)\">\n<div class=\"[--thread-content-max-width:40rem] thread-lg:[--thread-content-max-width:48rem] mx-auto max-w-(--thread-content-max-width) flex-1 group\/turn-messages focus-visible:outline-hidden relative flex w-full min-w-0 flex-col agent-turn\" tabindex=\"-1\">\n<div class=\"flex max-w-full flex-col grow\">\n<div class=\"min-h-8 text-message relative flex w-full flex-col items-end gap-2 text-start break-words whitespace-normal [.text-message+&amp;]:mt-1\" dir=\"auto\" data-message-author-role=\"assistant\" data-message-id=\"b704c069-ce4f-41c0-8c15-80ef268111af\" data-message-model-slug=\"gpt-5\">\n<div class=\"flex w-full flex-col gap-1 empty:hidden first:pt-[1px]\">\n<div class=\"markdown prose dark:prose-invert w-full break-words light markdown-new-styling\">\n<p data-start=\"136\" data-end=\"348\" data-is-last-node=\"\" data-is-only-node=\"\">Ima <strong data-start=\"140\" data-end=\"177\">kapacitet do 12 limenki od 400 ml<\/strong>, \u0161to je \u010dini savr\u0161enim izborom za <strong data-start=\"212\" data-end=\"235\">umjetnike u pokretu<\/strong>. Nudi <strong data-start=\"244\" data-end=\"300\">diskretan, udoban i pristupa\u010dan na\u010din prijenosa boja<\/strong>, ide\u00e1lis a <strong data-start=\"313\" data-end=\"347\">akcije na terenu ili radionice<\/strong>.<\/p>\n<\/div>\n<\/div>\n<\/div>\n<\/div>\n<\/div>\n<\/div>","protected":false},"excerpt":{"rendered":"<p>MTN Squared Bag je lagana i izdr\u017eljiva torba izra\u0111ena od netkane tkanine, dizajnirana za prakti\u010dno no\u0161enje sprejeva. Ima kapacitet do 12 limenki od 400 ml, \u0161to je \u010dini savr\u0161enim izborom za umjetnike u pokretu. Nudi diskretan, udoban i pristupa\u010dan na\u010din prijenosa boja, idealan za akcije na terenu ili radionice.<\/p>","protected":false},"featured_media":12658,"template":"","meta":{"_acf_changed":false},"product_brand":[104],"product_cat":[21,87],"product_tag":[],"class_list":{"0":"post-4561","1":"product","2":"type-product","3":"status-publish","4":"has-post-thumbnail","6":"product_brand-mtn","7":"product_cat-accessories","8":"product_cat-torbe-i-pojasi","10":"first","11":"instock","12":"shipping-taxable","13":"purchasable","14":"product-type-simple"},"acf":[],"yoast_head":"<!-- This site is optimized with the Yoast SEO plugin v26.3 - https:\/\/yoast.com\/wordpress\/plugins\/seo\/ -->\n<title>MTN Squared bag - Sugar Factory<\/title>\n<meta name=\"robots\" content=\"index, follow, max-snippet:-1, max-image-preview:large, max-video-preview:-1\" \/>\n<link rel=\"canonical\" href=\"https:\/\/www.sugarfactory.hr\/hu\/termek\/kiegeszitok\/mtn-squared-bag-taska\/\" \/>\n<meta property=\"og:locale\" content=\"hu_HU\" \/>\n<meta property=\"og:type\" content=\"article\" \/>\n<meta property=\"og:title\" content=\"MTN Squared bag - Sugar Factory\" \/>\n<meta property=\"og:description\" content=\"MTN Squared Bag je lagana i izdr\u017eljiva torba izra\u0111ena od netkane tkanine, dizajnirana za prakti\u010dno no\u0161enje sprejeva. Ima kapacitet do 12 limenki od 400 ml, \u0161to je \u010dini savr\u0161enim izborom za umjetnike u pokretu. Nudi diskretan, udoban i pristupa\u010dan na\u010din prijenosa boja, idealan za akcije na terenu ili radionice.\" \/>\n<meta property=\"og:url\" content=\"https:\/\/www.sugarfactory.hr\/hu\/termek\/kiegeszitok\/mtn-squared-bag-taska\/\" \/>\n<meta property=\"og:site_name\" content=\"Sugar Factory\" \/>\n<meta property=\"article:modified_time\" content=\"2026-03-14T08:06:35+00:00\" \/>\n<meta property=\"og:image\" content=\"https:\/\/www.sugarfactory.hr\/wp-content\/uploads\/2022\/11\/b939f27e4b1c49c1bc76ec9a2bb78ade.webp\" \/>\n\t<meta property=\"og:image:width\" content=\"896\" \/>\n\t<meta property=\"og:image:height\" content=\"1120\" \/>\n\t<meta property=\"og:image:type\" content=\"image\/webp\" \/>\n<meta name=\"twitter:card\" content=\"summary_large_image\" \/>\n<script type=\"application\/ld+json\" class=\"yoast-schema-graph\">{\"@context\":\"https:\/\/schema.org\",\"@graph\":[{\"@type\":\"WebPage\",\"@id\":\"https:\/\/www.sugarfactory.hr\/proizvod\/accessories\/mtn-squared-bag-torba\/\",\"url\":\"https:\/\/www.sugarfactory.hr\/proizvod\/accessories\/mtn-squared-bag-torba\/\",\"name\":\"MTN Squared bag - Sugar Factory\",\"isPartOf\":{\"@id\":\"https:\/\/www.sugarfactory.hr\/#website\"},\"primaryImageOfPage\":{\"@id\":\"https:\/\/www.sugarfactory.hr\/proizvod\/accessories\/mtn-squared-bag-torba\/#primaryimage\"},\"image\":{\"@id\":\"https:\/\/www.sugarfactory.hr\/proizvod\/accessories\/mtn-squared-bag-torba\/#primaryimage\"},\"thumbnailUrl\":\"https:\/\/www.sugarfactory.hr\/wp-content\/uploads\/2022\/11\/b939f27e4b1c49c1bc76ec9a2bb78ade.webp\",\"datePublished\":\"2022-11-29T15:53:54+00:00\",\"dateModified\":\"2026-03-14T08:06:35+00:00\",\"breadcrumb\":{\"@id\":\"https:\/\/www.sugarfactory.hr\/proizvod\/accessories\/mtn-squared-bag-torba\/#breadcrumb\"},\"inLanguage\":\"hu\",\"potentialAction\":[{\"@type\":\"ReadAction\",\"target\":[\"https:\/\/www.sugarfactory.hr\/proizvod\/accessories\/mtn-squared-bag-torba\/\"]}]},{\"@type\":\"ImageObject\",\"inLanguage\":\"hu\",\"@id\":\"https:\/\/www.sugarfactory.hr\/proizvod\/accessories\/mtn-squared-bag-torba\/#primaryimage\",\"url\":\"https:\/\/www.sugarfactory.hr\/wp-content\/uploads\/2022\/11\/b939f27e4b1c49c1bc76ec9a2bb78ade.webp\",\"contentUrl\":\"https:\/\/www.sugarfactory.hr\/wp-content\/uploads\/2022\/11\/b939f27e4b1c49c1bc76ec9a2bb78ade.webp\",\"width\":896,\"height\":1120},{\"@type\":\"BreadcrumbList\",\"@id\":\"https:\/\/www.sugarfactory.hr\/proizvod\/accessories\/mtn-squared-bag-torba\/#breadcrumb\",\"itemListElement\":[{\"@type\":\"ListItem\",\"position\":1,\"name\":\"Po\u010detna stranica\",\"item\":\"https:\/\/www.sugarfactory.hr\/\"},{\"@type\":\"ListItem\",\"position\":2,\"name\":\"Proizvodi\",\"item\":\"https:\/\/www.sugarfactory.hr\/shop\/\"},{\"@type\":\"ListItem\",\"position\":3,\"name\":\"MTN Squared bag\"}]},{\"@type\":\"WebSite\",\"@id\":\"https:\/\/www.sugarfactory.hr\/#website\",\"url\":\"https:\/\/www.sugarfactory.hr\/\",\"name\":\"Sugar Factory\",\"description\":\"Create your sweetest pieces!\",\"potentialAction\":[{\"@type\":\"SearchAction\",\"target\":{\"@type\":\"EntryPoint\",\"urlTemplate\":\"https:\/\/www.sugarfactory.hr\/?s={search_term_string}\"},\"query-input\":{\"@type\":\"PropertyValueSpecification\",\"valueRequired\":true,\"valueName\":\"search_term_string\"}}],\"inLanguage\":\"hu\"}]}<\/script>\n<!-- \/ Yoast SEO plugin. -->","yoast_head_json":{"title":"MTN Squared bag - Sugar Factory","robots":{"index":"index","follow":"follow","max-snippet":"max-snippet:-1","max-image-preview":"max-image-preview:large","max-video-preview":"max-video-preview:-1"},"canonical":"https:\/\/www.sugarfactory.hr\/hu\/termek\/kiegeszitok\/mtn-squared-bag-taska\/","og_locale":"hu_HU","og_type":"article","og_title":"MTN Squared bag - Sugar Factory","og_description":"MTN Squared Bag je lagana i izdr\u017eljiva torba izra\u0111ena od netkane tkanine, dizajnirana za prakti\u010dno no\u0161enje sprejeva. Ima kapacitet do 12 limenki od 400 ml, \u0161to je \u010dini savr\u0161enim izborom za umjetnike u pokretu. Nudi diskretan, udoban i pristupa\u010dan na\u010din prijenosa boja, idealan za akcije na terenu ili radionice.","og_url":"https:\/\/www.sugarfactory.hr\/hu\/termek\/kiegeszitok\/mtn-squared-bag-taska\/","og_site_name":"Sugar Factory","article_modified_time":"2026-03-14T08:06:35+00:00","og_image":[{"width":896,"height":1120,"url":"https:\/\/www.sugarfactory.hr\/wp-content\/uploads\/2022\/11\/b939f27e4b1c49c1bc76ec9a2bb78ade.webp","type":"image\/webp"}],"twitter_card":"summary_large_image","schema":{"@context":"https:\/\/schema.org","@graph":[{"@type":"WebPage","@id":"https:\/\/www.sugarfactory.hr\/proizvod\/accessories\/mtn-squared-bag-torba\/","url":"https:\/\/www.sugarfactory.hr\/proizvod\/accessories\/mtn-squared-bag-torba\/","name":"MTN Squared bag - Sugar Factory","isPartOf":{"@id":"https:\/\/www.sugarfactory.hr\/#website"},"primaryImageOfPage":{"@id":"https:\/\/www.sugarfactory.hr\/proizvod\/accessories\/mtn-squared-bag-torba\/#primaryimage"},"image":{"@id":"https:\/\/www.sugarfactory.hr\/proizvod\/accessories\/mtn-squared-bag-torba\/#primaryimage"},"thumbnailUrl":"https:\/\/www.sugarfactory.hr\/wp-content\/uploads\/2022\/11\/b939f27e4b1c49c1bc76ec9a2bb78ade.webp","datePublished":"2022-11-29T15:53:54+00:00","dateModified":"2026-03-14T08:06:35+00:00","breadcrumb":{"@id":"https:\/\/www.sugarfactory.hr\/proizvod\/accessories\/mtn-squared-bag-torba\/#breadcrumb"},"inLanguage":"hu","potentialAction":[{"@type":"ReadAction","target":["https:\/\/www.sugarfactory.hr\/proizvod\/accessories\/mtn-squared-bag-torba\/"]}]},{"@type":"ImageObject","inLanguage":"hu","@id":"https:\/\/www.sugarfactory.hr\/proizvod\/accessories\/mtn-squared-bag-torba\/#primaryimage","url":"https:\/\/www.sugarfactory.hr\/wp-content\/uploads\/2022\/11\/b939f27e4b1c49c1bc76ec9a2bb78ade.webp","contentUrl":"https:\/\/www.sugarfactory.hr\/wp-content\/uploads\/2022\/11\/b939f27e4b1c49c1bc76ec9a2bb78ade.webp","width":896,"height":1120},{"@type":"BreadcrumbList","@id":"https:\/\/www.sugarfactory.hr\/proizvod\/accessories\/mtn-squared-bag-torba\/#breadcrumb","itemListElement":[{"@type":"ListItem","position":1,"name":"Po\u010detna stranica","item":"https:\/\/www.sugarfactory.hr\/"},{"@type":"ListItem","position":2,"name":"Proizvodi","item":"https:\/\/www.sugarfactory.hr\/shop\/"},{"@type":"ListItem","position":3,"name":"MTN Squared bag"}]},{"@type":"WebSite","@id":"https:\/\/www.sugarfactory.hr\/#website","url":"https:\/\/www.sugarfactory.hr\/","name":"Cukorgy\u00e1r","description":"Create your sweetest pieces!","potentialAction":[{"@type":"SearchAction","target":{"@type":"EntryPoint","urlTemplate":"https:\/\/www.sugarfactory.hr\/?s={search_term_string}"},"query-input":{"@type":"PropertyValueSpecification","valueRequired":true,"valueName":"search_term_string"}}],"inLanguage":"hu"}]}},"_links":{"self":[{"href":"https:\/\/www.sugarfactory.hr\/hu\/wp-json\/wp\/v2\/product\/4561","targetHints":{"allow":["GET"]}}],"collection":[{"href":"https:\/\/www.sugarfactory.hr\/hu\/wp-json\/wp\/v2\/product"}],"about":[{"href":"https:\/\/www.sugarfactory.hr\/hu\/wp-json\/wp\/v2\/types\/product"}],"wp:featuredmedia":[{"embeddable":true,"href":"https:\/\/www.sugarfactory.hr\/hu\/wp-json\/wp\/v2\/media\/12658"}],"wp:attachment":[{"href":"https:\/\/www.sugarfactory.hr\/hu\/wp-json\/wp\/v2\/media?parent=4561"}],"wp:term":[{"taxonomy":"product_brand","embeddable":true,"href":"https:\/\/www.sugarfactory.hr\/hu\/wp-json\/wp\/v2\/product_brand?post=4561"},{"taxonomy":"product_cat","embeddable":true,"href":"https:\/\/www.sugarfactory.hr\/hu\/wp-json\/wp\/v2\/product_cat?post=4561"},{"taxonomy":"product_tag","embeddable":true,"href":"https:\/\/www.sugarfactory.hr\/hu\/wp-json\/wp\/v2\/product_tag?post=4561"}],"curies":[{"name":"wp","href":"https:\/\/api.w.org\/{rel}","templated":true}]}}