{"id":5202,"date":"2023-02-21T12:54:02","date_gmt":"2023-02-21T12:54:02","guid":{"rendered":"https:\/\/www.sugarfactory.hr\/?post_type=product&#038;p=5202"},"modified":"2026-04-17T12:53:12","modified_gmt":"2026-04-17T11:53:12","slug":"halal-utani-csaszarmetszes-utani-szules-utani","status":"publish","type":"product","link":"https:\/\/www.sugarfactory.hr\/hu\/termek\/jelolok\/halal-utani-csaszarmetszes-utani-szules-utani\/","title":{"rendered":"Posca Felmos\u00f3 PCM-22"},"content":{"rendered":"<p data-start=\"71\" data-end=\"356\"><strong data-start=\"129\" data-end=\"151\">Posca Mop'r PCM-22<\/strong> A Posca csal\u00e1d \u00faj tagja, t\u00f6lt\u00f6tt. <strong data-start=\"188\" data-end=\"222\">v\u00edzb\u00e1zis\u00fa pigmentfest\u00e9k<\/strong> hasonl\u00f3 az akrilhoz. K\u00f6sz\u00f6nhet\u0151en <strong data-start=\"252\" data-end=\"269\">feh\u00e9r \u00f6rd\u00f6g<\/strong>, minden sz\u00edn teljesen eltakarja az el\u0151z\u0151t, \u00edgy <strong data-start=\"326\" data-end=\"353\">Kompakt \u00e9s ragyog\u00f3 r\u00e9teg<\/strong>.<\/p>\n<p data-start=\"358\" data-end=\"704\">A sz\u00ednek a k\u00f6vetkez\u0151k: <strong data-start=\"366\" data-end=\"398\">min\u0151s\u00e9gi, \u00e9l\u00e9nk \u00e9s tart\u00f3s<\/strong>, Nem \u00e1thatolnak a pap\u00edron, \u00e9s k\u00fcl\u00f6nb\u00f6z\u0151 \u00e1rnyalatok kever\u00e9s\u00e9vel sz\u00e1mtalan t\u00f3nus hozhat\u00f3 l\u00e9tre. A filctoll szinte b\u00e1rmilyen fel\u00fcletre \u00edr: <strong data-start=\"531\" data-end=\"619\">pap\u00edr, f\u00e9m, fa, m\u0171anyag, ker\u00e1mia, porcel\u00e1n, \u00fcveg, vinil, sz\u00f6vet \u00e9s agyag<\/strong>. Sima fel\u00fcleteken a nyom k\u00f6nnyen elt\u00e1vol\u00edthat\u00f3, de h\u0151 vagy bevonat hat\u00e1s\u00e1ra tart\u00f3s lesz.<\/p>\n<p data-start=\"706\" data-end=\"981\"><strong data-start=\"706\" data-end=\"721\">Posca Mop'r<\/strong> van <strong data-start=\"726\" data-end=\"748\">ergonomikus h\u00e1z<\/strong> amelyet gyeng\u00e9d nyom\u00e1ssal haszn\u00e1lnak, \u00e9s <strong data-start=\"787\" data-end=\"839\">speci\u00e1lis kerek habszivacs hegy (3 \u2013 19 mm)<\/strong>. Ez sz\u00e1mos technik\u00e1t tesz lehet\u0151v\u00e9: <strong data-start=\"874\" data-end=\"936\">cseppek, foltok, fr\u00f6ccsen\u00e9shat\u00e1sok, b\u00e9lyegek \u00e9s hangs\u00falyos ecsetvon\u00e1sok<\/strong> amit hagyom\u00e1nyos jel\u00f6l\u0151kkel neh\u00e9z megval\u00f3s\u00edtani.<\/p>\n<p data-start=\"983\" data-end=\"1118\">Tervez\u00e9s <strong data-start=\"997\" data-end=\"1067\">utcai m\u0171v\u00e9szet, graffiti, k\u00e9pz\u0151m\u0171v\u00e9szet, illusztr\u00e1ci\u00f3 \u00e9s DIY projektek<\/strong>, Ez a jel\u00f6l\u0151 maxim\u00e1lis kreativit\u00e1st biztos\u00edt.<\/p>\n<ul data-start=\"1120\" data-end=\"1207\">\n<li data-start=\"1120\" data-end=\"1151\">\n<p data-start=\"1122\" data-end=\"1151\"><strong data-start=\"1122\" data-end=\"1139\">A hegy \u00e1tm\u00e9r\u0151je:<\/strong> 3 \u2013 19 mm<\/p>\n<\/li>\n<li data-start=\"1152\" data-end=\"1207\">\n<p data-start=\"1154\" data-end=\"1207\"><strong data-start=\"1154\" data-end=\"1165\">\u00c1r:<\/strong> darabonk\u00e9nt (kereskedelmi csomagol\u00e1s: 1 k\u00e9szlet)<\/p>\n<\/li>\n<\/ul>\n<p>Legalacsonyabb \u00e1r az elm\u00falt 30 napban: <strong>15,99\u00a0\u20ac<\/strong><\/p>","protected":false},"excerpt":{"rendered":"<p>Posca Mop\u2019r PCM-22 novi je \u010dlan Posca obitelji, punjen pigmentnom tintom na bazi vode sli\u010dnom akrilu. Zahvaljuju\u0107i bijelom opaku, svaka boja u potpunosti prekriva prethodnu, stvaraju\u0107i kompaktan i sjajan sloj. Boje su kvalitetne, \u017eivahne i trajne, ne probijaju kroz papir, a mije\u0161anjem razli\u010ditih nijansi mogu\u0107e je stvoriti bezbroj tonova. Marker pi\u0161e na gotovo svim povr\u0161inama: [&hellip;]<\/p>","protected":false},"featured_media":12421,"template":"","meta":{"_acf_changed":false},"product_brand":[111],"product_cat":[22,80],"product_tag":[],"class_list":{"0":"post-5202","1":"product","2":"type-product","3":"status-publish","4":"has-post-thumbnail","6":"product_brand-posca","7":"product_cat-markeri","8":"product_cat-posca-markeri","10":"first","11":"outofstock","12":"shipping-taxable","13":"purchasable","14":"product-type-variable"},"acf":[],"yoast_head":"<!-- This site is optimized with the Yoast SEO plugin v26.3 - https:\/\/yoast.com\/wordpress\/plugins\/seo\/ -->\n<title>Posca Mop&#039;r PCM-22 - Sugar Factory<\/title>\n<meta name=\"robots\" content=\"index, follow, max-snippet:-1, max-image-preview:large, max-video-preview:-1\" \/>\n<link rel=\"canonical\" href=\"https:\/\/www.sugarfactory.hr\/hu\/termek\/jelolok\/halal-utani-csaszarmetszes-utani-szules-utani\/\" \/>\n<meta property=\"og:locale\" content=\"hu_HU\" \/>\n<meta property=\"og:type\" content=\"article\" \/>\n<meta property=\"og:title\" content=\"Posca Mop&#039;r PCM-22 - Sugar Factory\" \/>\n<meta property=\"og:description\" content=\"Posca Mop\u2019r PCM-22 novi je \u010dlan Posca obitelji, punjen pigmentnom tintom na bazi vode sli\u010dnom akrilu. Zahvaljuju\u0107i bijelom opaku, svaka boja u potpunosti prekriva prethodnu, stvaraju\u0107i kompaktan i sjajan sloj. Boje su kvalitetne, \u017eivahne i trajne, ne probijaju kroz papir, a mije\u0161anjem razli\u010ditih nijansi mogu\u0107e je stvoriti bezbroj tonova. Marker pi\u0161e na gotovo svim povr\u0161inama: [&hellip;]\" \/>\n<meta property=\"og:url\" content=\"https:\/\/www.sugarfactory.hr\/hu\/termek\/jelolok\/halal-utani-csaszarmetszes-utani-szules-utani\/\" \/>\n<meta property=\"og:site_name\" content=\"Sugar Factory\" \/>\n<meta property=\"article:modified_time\" content=\"2026-04-17T11:53:12+00:00\" \/>\n<meta property=\"og:image\" content=\"https:\/\/www.sugarfactory.hr\/wp-content\/uploads\/2023\/02\/posca-mopr.webp\" \/>\n\t<meta property=\"og:image:width\" content=\"896\" \/>\n\t<meta property=\"og:image:height\" content=\"1120\" \/>\n\t<meta property=\"og:image:type\" content=\"image\/webp\" \/>\n<meta name=\"twitter:card\" content=\"summary_large_image\" \/>\n<meta name=\"twitter:label1\" content=\"Becs\u00fclt olvas\u00e1si id\u0151\" \/>\n\t<meta name=\"twitter:data1\" content=\"1 perc\" \/>\n<script type=\"application\/ld+json\" class=\"yoast-schema-graph\">{\"@context\":\"https:\/\/schema.org\",\"@graph\":[{\"@type\":\"WebPage\",\"@id\":\"https:\/\/www.sugarfactory.hr\/proizvod\/markeri\/posca-mopr-pcm-22\/\",\"url\":\"https:\/\/www.sugarfactory.hr\/proizvod\/markeri\/posca-mopr-pcm-22\/\",\"name\":\"Posca Mop'r PCM-22 - Sugar Factory\",\"isPartOf\":{\"@id\":\"https:\/\/www.sugarfactory.hr\/#website\"},\"primaryImageOfPage\":{\"@id\":\"https:\/\/www.sugarfactory.hr\/proizvod\/markeri\/posca-mopr-pcm-22\/#primaryimage\"},\"image\":{\"@id\":\"https:\/\/www.sugarfactory.hr\/proizvod\/markeri\/posca-mopr-pcm-22\/#primaryimage\"},\"thumbnailUrl\":\"https:\/\/www.sugarfactory.hr\/wp-content\/uploads\/2023\/02\/posca-mopr.webp\",\"datePublished\":\"2023-02-21T12:54:02+00:00\",\"dateModified\":\"2026-04-17T11:53:12+00:00\",\"breadcrumb\":{\"@id\":\"https:\/\/www.sugarfactory.hr\/proizvod\/markeri\/posca-mopr-pcm-22\/#breadcrumb\"},\"inLanguage\":\"hu\",\"potentialAction\":[{\"@type\":\"ReadAction\",\"target\":[\"https:\/\/www.sugarfactory.hr\/proizvod\/markeri\/posca-mopr-pcm-22\/\"]}]},{\"@type\":\"ImageObject\",\"inLanguage\":\"hu\",\"@id\":\"https:\/\/www.sugarfactory.hr\/proizvod\/markeri\/posca-mopr-pcm-22\/#primaryimage\",\"url\":\"https:\/\/www.sugarfactory.hr\/wp-content\/uploads\/2023\/02\/posca-mopr.webp\",\"contentUrl\":\"https:\/\/www.sugarfactory.hr\/wp-content\/uploads\/2023\/02\/posca-mopr.webp\",\"width\":896,\"height\":1120},{\"@type\":\"BreadcrumbList\",\"@id\":\"https:\/\/www.sugarfactory.hr\/proizvod\/markeri\/posca-mopr-pcm-22\/#breadcrumb\",\"itemListElement\":[{\"@type\":\"ListItem\",\"position\":1,\"name\":\"Po\u010detna stranica\",\"item\":\"https:\/\/www.sugarfactory.hr\/\"},{\"@type\":\"ListItem\",\"position\":2,\"name\":\"Proizvodi\",\"item\":\"https:\/\/www.sugarfactory.hr\/shop\/\"},{\"@type\":\"ListItem\",\"position\":3,\"name\":\"Posca Mop'r PCM-22\"}]},{\"@type\":\"WebSite\",\"@id\":\"https:\/\/www.sugarfactory.hr\/#website\",\"url\":\"https:\/\/www.sugarfactory.hr\/\",\"name\":\"Sugar Factory\",\"description\":\"Create your sweetest pieces!\",\"potentialAction\":[{\"@type\":\"SearchAction\",\"target\":{\"@type\":\"EntryPoint\",\"urlTemplate\":\"https:\/\/www.sugarfactory.hr\/?s={search_term_string}\"},\"query-input\":{\"@type\":\"PropertyValueSpecification\",\"valueRequired\":true,\"valueName\":\"search_term_string\"}}],\"inLanguage\":\"hu\"}]}<\/script>\n<!-- \/ Yoast SEO plugin. -->","yoast_head_json":{"title":"Posca Mop'r PCM-22 - Sugar Factory","robots":{"index":"index","follow":"follow","max-snippet":"max-snippet:-1","max-image-preview":"max-image-preview:large","max-video-preview":"max-video-preview:-1"},"canonical":"https:\/\/www.sugarfactory.hr\/hu\/termek\/jelolok\/halal-utani-csaszarmetszes-utani-szules-utani\/","og_locale":"hu_HU","og_type":"article","og_title":"Posca Mop'r PCM-22 - Sugar Factory","og_description":"Posca Mop\u2019r PCM-22 novi je \u010dlan Posca obitelji, punjen pigmentnom tintom na bazi vode sli\u010dnom akrilu. Zahvaljuju\u0107i bijelom opaku, svaka boja u potpunosti prekriva prethodnu, stvaraju\u0107i kompaktan i sjajan sloj. Boje su kvalitetne, \u017eivahne i trajne, ne probijaju kroz papir, a mije\u0161anjem razli\u010ditih nijansi mogu\u0107e je stvoriti bezbroj tonova. Marker pi\u0161e na gotovo svim povr\u0161inama: [&hellip;]","og_url":"https:\/\/www.sugarfactory.hr\/hu\/termek\/jelolok\/halal-utani-csaszarmetszes-utani-szules-utani\/","og_site_name":"Sugar Factory","article_modified_time":"2026-04-17T11:53:12+00:00","og_image":[{"width":896,"height":1120,"url":"https:\/\/www.sugarfactory.hr\/wp-content\/uploads\/2023\/02\/posca-mopr.webp","type":"image\/webp"}],"twitter_card":"summary_large_image","twitter_misc":{"Becs\u00fclt olvas\u00e1si id\u0151":"1 perc"},"schema":{"@context":"https:\/\/schema.org","@graph":[{"@type":"WebPage","@id":"https:\/\/www.sugarfactory.hr\/proizvod\/markeri\/posca-mopr-pcm-22\/","url":"https:\/\/www.sugarfactory.hr\/proizvod\/markeri\/posca-mopr-pcm-22\/","name":"Posca Mop'r PCM-22 - Sugar Factory","isPartOf":{"@id":"https:\/\/www.sugarfactory.hr\/#website"},"primaryImageOfPage":{"@id":"https:\/\/www.sugarfactory.hr\/proizvod\/markeri\/posca-mopr-pcm-22\/#primaryimage"},"image":{"@id":"https:\/\/www.sugarfactory.hr\/proizvod\/markeri\/posca-mopr-pcm-22\/#primaryimage"},"thumbnailUrl":"https:\/\/www.sugarfactory.hr\/wp-content\/uploads\/2023\/02\/posca-mopr.webp","datePublished":"2023-02-21T12:54:02+00:00","dateModified":"2026-04-17T11:53:12+00:00","breadcrumb":{"@id":"https:\/\/www.sugarfactory.hr\/proizvod\/markeri\/posca-mopr-pcm-22\/#breadcrumb"},"inLanguage":"hu","potentialAction":[{"@type":"ReadAction","target":["https:\/\/www.sugarfactory.hr\/proizvod\/markeri\/posca-mopr-pcm-22\/"]}]},{"@type":"ImageObject","inLanguage":"hu","@id":"https:\/\/www.sugarfactory.hr\/proizvod\/markeri\/posca-mopr-pcm-22\/#primaryimage","url":"https:\/\/www.sugarfactory.hr\/wp-content\/uploads\/2023\/02\/posca-mopr.webp","contentUrl":"https:\/\/www.sugarfactory.hr\/wp-content\/uploads\/2023\/02\/posca-mopr.webp","width":896,"height":1120},{"@type":"BreadcrumbList","@id":"https:\/\/www.sugarfactory.hr\/proizvod\/markeri\/posca-mopr-pcm-22\/#breadcrumb","itemListElement":[{"@type":"ListItem","position":1,"name":"Po\u010detna stranica","item":"https:\/\/www.sugarfactory.hr\/"},{"@type":"ListItem","position":2,"name":"Proizvodi","item":"https:\/\/www.sugarfactory.hr\/shop\/"},{"@type":"ListItem","position":3,"name":"Posca Mop'r PCM-22"}]},{"@type":"WebSite","@id":"https:\/\/www.sugarfactory.hr\/#website","url":"https:\/\/www.sugarfactory.hr\/","name":"Cukorgy\u00e1r","description":"Create your sweetest pieces!","potentialAction":[{"@type":"SearchAction","target":{"@type":"EntryPoint","urlTemplate":"https:\/\/www.sugarfactory.hr\/?s={search_term_string}"},"query-input":{"@type":"PropertyValueSpecification","valueRequired":true,"valueName":"search_term_string"}}],"inLanguage":"hu"}]}},"_links":{"self":[{"href":"https:\/\/www.sugarfactory.hr\/hu\/wp-json\/wp\/v2\/product\/5202","targetHints":{"allow":["GET"]}}],"collection":[{"href":"https:\/\/www.sugarfactory.hr\/hu\/wp-json\/wp\/v2\/product"}],"about":[{"href":"https:\/\/www.sugarfactory.hr\/hu\/wp-json\/wp\/v2\/types\/product"}],"wp:featuredmedia":[{"embeddable":true,"href":"https:\/\/www.sugarfactory.hr\/hu\/wp-json\/wp\/v2\/media\/12421"}],"wp:attachment":[{"href":"https:\/\/www.sugarfactory.hr\/hu\/wp-json\/wp\/v2\/media?parent=5202"}],"wp:term":[{"taxonomy":"product_brand","embeddable":true,"href":"https:\/\/www.sugarfactory.hr\/hu\/wp-json\/wp\/v2\/product_brand?post=5202"},{"taxonomy":"product_cat","embeddable":true,"href":"https:\/\/www.sugarfactory.hr\/hu\/wp-json\/wp\/v2\/product_cat?post=5202"},{"taxonomy":"product_tag","embeddable":true,"href":"https:\/\/www.sugarfactory.hr\/hu\/wp-json\/wp\/v2\/product_tag?post=5202"}],"curies":[{"name":"wp","href":"https:\/\/api.w.org\/{rel}","templated":true}]}}