{"id":5468,"date":"2023-05-29T14:30:07","date_gmt":"2023-05-29T14:30:07","guid":{"rendered":"https:\/\/www.sugarfactory.hr\/?post_type=product&#038;p=5468"},"modified":"2025-10-20T10:37:11","modified_gmt":"2025-10-20T09:37:11","slug":"mtn-keztisztito","status":"publish","type":"product","link":"https:\/\/www.sugarfactory.hr\/hu\/termek\/kiegeszitok\/mtn-keztisztito\/","title":{"rendered":"MTN k\u00e9ztiszt\u00edt\u00f3"},"content":{"rendered":"<p data-start=\"0\" data-end=\"128\"><strong data-start=\"0\" data-end=\"20\">MTN k\u00e9ztiszt\u00edt\u00f3<\/strong> vannak <strong data-start=\"24\" data-end=\"60\" data-is-only-node=\"\">vla\u017ene maramice dvostrukog sloja<\/strong> - <strong data-start=\"63\" data-end=\"87\">inovativnom formulom<\/strong> mert <strong data-start=\"91\" data-end=\"125\">\u010di\u0161\u0107enje, za\u0161titu i njegu ko\u017ee<\/strong>.<\/p>\n<p data-start=\"130\" data-end=\"436\" data-is-last-node=\"\" data-is-only-node=\"\">U\u010dinkovito uklanjaju <strong data-start=\"151\" data-end=\"182\">boju, pra\u0161inu i prljav\u0161tinu<\/strong> s ruku nakon slikanja, ostavljaju\u0107i ih <strong data-start=\"222\" data-end=\"244\">mekima i bez mrlja<\/strong>. Maramice su <strong data-start=\"260\" data-end=\"298\">blago namirisane citrusnim mirisom<\/strong>, pru\u017eaju\u0107i osje\u0107aj svje\u017eine.<\/p>\n<p data-start=\"130\" data-end=\"436\" data-is-last-node=\"\" data-is-only-node=\"\">Savr\u0161ene su za <strong data-start=\"345\" data-end=\"370\">umjetnike i tehni\u010dare<\/strong> koji \u017eele <strong data-start=\"381\" data-end=\"435\">brzo i prakti\u010dno \u010di\u0161\u0107enje nakon rada sa sprejevima<\/strong>.<\/p>","protected":false},"excerpt":{"rendered":"<p>MTN Hand Cleaner su vla\u017ene maramice dvostrukog sloja s inovativnom formulom za \u010di\u0161\u0107enje, za\u0161titu i njegu ko\u017ee. U\u010dinkovito uklanjaju boju, pra\u0161inu i prljav\u0161tinu s ruku nakon slikanja, ostavljaju\u0107i ih mekima i bez mrlja. Maramice su blago namirisane citrusnim mirisom, pru\u017eaju\u0107i osje\u0107aj svje\u017eine. Savr\u0161ene su za umjetnike i tehni\u010dare koji \u017eele brzo i prakti\u010dno \u010di\u0161\u0107enje nakon [&hellip;]<\/p>","protected":false},"featured_media":12654,"template":"","meta":{"_acf_changed":false},"product_brand":[104],"product_cat":[21,88,94],"product_tag":[],"class_list":{"0":"post-5468","1":"product","2":"type-product","3":"status-publish","4":"has-post-thumbnail","6":"product_brand-mtn","7":"product_cat-accessories","8":"product_cat-odjeca","9":"product_cat-zastitna-oprema","11":"first","12":"outofstock","13":"shipping-taxable","14":"purchasable","15":"product-type-simple"},"acf":[],"yoast_head":"<!-- This site is optimized with the Yoast SEO plugin v26.3 - https:\/\/yoast.com\/wordpress\/plugins\/seo\/ -->\n<title>MTN Hand Cleaner - Sugar Factory<\/title>\n<meta name=\"robots\" content=\"index, follow, max-snippet:-1, max-image-preview:large, max-video-preview:-1\" \/>\n<link rel=\"canonical\" href=\"https:\/\/www.sugarfactory.hr\/hu\/termek\/kiegeszitok\/mtn-keztisztito\/\" \/>\n<meta property=\"og:locale\" content=\"hu_HU\" \/>\n<meta property=\"og:type\" content=\"article\" \/>\n<meta property=\"og:title\" content=\"MTN Hand Cleaner - Sugar Factory\" \/>\n<meta property=\"og:description\" content=\"MTN Hand Cleaner su vla\u017ene maramice dvostrukog sloja s inovativnom formulom za \u010di\u0161\u0107enje, za\u0161titu i njegu ko\u017ee. U\u010dinkovito uklanjaju boju, pra\u0161inu i prljav\u0161tinu s ruku nakon slikanja, ostavljaju\u0107i ih mekima i bez mrlja. Maramice su blago namirisane citrusnim mirisom, pru\u017eaju\u0107i osje\u0107aj svje\u017eine. Savr\u0161ene su za umjetnike i tehni\u010dare koji \u017eele brzo i prakti\u010dno \u010di\u0161\u0107enje nakon [&hellip;]\" \/>\n<meta property=\"og:url\" content=\"https:\/\/www.sugarfactory.hr\/hu\/termek\/kiegeszitok\/mtn-keztisztito\/\" \/>\n<meta property=\"og:site_name\" content=\"Sugar Factory\" \/>\n<meta property=\"article:modified_time\" content=\"2025-10-20T09:37:11+00:00\" \/>\n<meta property=\"og:image\" content=\"https:\/\/www.sugarfactory.hr\/wp-content\/uploads\/2023\/05\/ea67cefd6908466489ceb4eae499efea.webp\" \/>\n\t<meta property=\"og:image:width\" content=\"896\" \/>\n\t<meta property=\"og:image:height\" content=\"1120\" \/>\n\t<meta property=\"og:image:type\" content=\"image\/webp\" \/>\n<meta name=\"twitter:card\" content=\"summary_large_image\" \/>\n<script type=\"application\/ld+json\" class=\"yoast-schema-graph\">{\"@context\":\"https:\/\/schema.org\",\"@graph\":[{\"@type\":\"WebPage\",\"@id\":\"https:\/\/www.sugarfactory.hr\/proizvod\/accessories\/mtn-hand-cleaner\/\",\"url\":\"https:\/\/www.sugarfactory.hr\/proizvod\/accessories\/mtn-hand-cleaner\/\",\"name\":\"MTN Hand Cleaner - Sugar Factory\",\"isPartOf\":{\"@id\":\"https:\/\/www.sugarfactory.hr\/#website\"},\"primaryImageOfPage\":{\"@id\":\"https:\/\/www.sugarfactory.hr\/proizvod\/accessories\/mtn-hand-cleaner\/#primaryimage\"},\"image\":{\"@id\":\"https:\/\/www.sugarfactory.hr\/proizvod\/accessories\/mtn-hand-cleaner\/#primaryimage\"},\"thumbnailUrl\":\"https:\/\/www.sugarfactory.hr\/wp-content\/uploads\/2023\/05\/ea67cefd6908466489ceb4eae499efea.webp\",\"datePublished\":\"2023-05-29T14:30:07+00:00\",\"dateModified\":\"2025-10-20T09:37:11+00:00\",\"breadcrumb\":{\"@id\":\"https:\/\/www.sugarfactory.hr\/proizvod\/accessories\/mtn-hand-cleaner\/#breadcrumb\"},\"inLanguage\":\"hu\",\"potentialAction\":[{\"@type\":\"ReadAction\",\"target\":[\"https:\/\/www.sugarfactory.hr\/proizvod\/accessories\/mtn-hand-cleaner\/\"]}]},{\"@type\":\"ImageObject\",\"inLanguage\":\"hu\",\"@id\":\"https:\/\/www.sugarfactory.hr\/proizvod\/accessories\/mtn-hand-cleaner\/#primaryimage\",\"url\":\"https:\/\/www.sugarfactory.hr\/wp-content\/uploads\/2023\/05\/ea67cefd6908466489ceb4eae499efea.webp\",\"contentUrl\":\"https:\/\/www.sugarfactory.hr\/wp-content\/uploads\/2023\/05\/ea67cefd6908466489ceb4eae499efea.webp\",\"width\":896,\"height\":1120},{\"@type\":\"BreadcrumbList\",\"@id\":\"https:\/\/www.sugarfactory.hr\/proizvod\/accessories\/mtn-hand-cleaner\/#breadcrumb\",\"itemListElement\":[{\"@type\":\"ListItem\",\"position\":1,\"name\":\"Po\u010detna stranica\",\"item\":\"https:\/\/www.sugarfactory.hr\/\"},{\"@type\":\"ListItem\",\"position\":2,\"name\":\"Proizvodi\",\"item\":\"https:\/\/www.sugarfactory.hr\/shop\/\"},{\"@type\":\"ListItem\",\"position\":3,\"name\":\"MTN Hand Cleaner\"}]},{\"@type\":\"WebSite\",\"@id\":\"https:\/\/www.sugarfactory.hr\/#website\",\"url\":\"https:\/\/www.sugarfactory.hr\/\",\"name\":\"Sugar Factory\",\"description\":\"Create your sweetest pieces!\",\"potentialAction\":[{\"@type\":\"SearchAction\",\"target\":{\"@type\":\"EntryPoint\",\"urlTemplate\":\"https:\/\/www.sugarfactory.hr\/?s={search_term_string}\"},\"query-input\":{\"@type\":\"PropertyValueSpecification\",\"valueRequired\":true,\"valueName\":\"search_term_string\"}}],\"inLanguage\":\"hu\"}]}<\/script>\n<!-- \/ Yoast SEO plugin. -->","yoast_head_json":{"title":"MTN k\u00e9ztiszt\u00edt\u00f3 - Sugar Factory","robots":{"index":"index","follow":"follow","max-snippet":"max-snippet:-1","max-image-preview":"max-image-preview:large","max-video-preview":"max-video-preview:-1"},"canonical":"https:\/\/www.sugarfactory.hr\/hu\/termek\/kiegeszitok\/mtn-keztisztito\/","og_locale":"hu_HU","og_type":"article","og_title":"MTN Hand Cleaner - Sugar Factory","og_description":"MTN Hand Cleaner su vla\u017ene maramice dvostrukog sloja s inovativnom formulom za \u010di\u0161\u0107enje, za\u0161titu i njegu ko\u017ee. U\u010dinkovito uklanjaju boju, pra\u0161inu i prljav\u0161tinu s ruku nakon slikanja, ostavljaju\u0107i ih mekima i bez mrlja. Maramice su blago namirisane citrusnim mirisom, pru\u017eaju\u0107i osje\u0107aj svje\u017eine. Savr\u0161ene su za umjetnike i tehni\u010dare koji \u017eele brzo i prakti\u010dno \u010di\u0161\u0107enje nakon [&hellip;]","og_url":"https:\/\/www.sugarfactory.hr\/hu\/termek\/kiegeszitok\/mtn-keztisztito\/","og_site_name":"Sugar Factory","article_modified_time":"2025-10-20T09:37:11+00:00","og_image":[{"width":896,"height":1120,"url":"https:\/\/www.sugarfactory.hr\/wp-content\/uploads\/2023\/05\/ea67cefd6908466489ceb4eae499efea.webp","type":"image\/webp"}],"twitter_card":"summary_large_image","schema":{"@context":"https:\/\/schema.org","@graph":[{"@type":"WebPage","@id":"https:\/\/www.sugarfactory.hr\/proizvod\/accessories\/mtn-hand-cleaner\/","url":"https:\/\/www.sugarfactory.hr\/proizvod\/accessories\/mtn-hand-cleaner\/","name":"MTN k\u00e9ztiszt\u00edt\u00f3 - Sugar Factory","isPartOf":{"@id":"https:\/\/www.sugarfactory.hr\/#website"},"primaryImageOfPage":{"@id":"https:\/\/www.sugarfactory.hr\/proizvod\/accessories\/mtn-hand-cleaner\/#primaryimage"},"image":{"@id":"https:\/\/www.sugarfactory.hr\/proizvod\/accessories\/mtn-hand-cleaner\/#primaryimage"},"thumbnailUrl":"https:\/\/www.sugarfactory.hr\/wp-content\/uploads\/2023\/05\/ea67cefd6908466489ceb4eae499efea.webp","datePublished":"2023-05-29T14:30:07+00:00","dateModified":"2025-10-20T09:37:11+00:00","breadcrumb":{"@id":"https:\/\/www.sugarfactory.hr\/proizvod\/accessories\/mtn-hand-cleaner\/#breadcrumb"},"inLanguage":"hu","potentialAction":[{"@type":"ReadAction","target":["https:\/\/www.sugarfactory.hr\/proizvod\/accessories\/mtn-hand-cleaner\/"]}]},{"@type":"ImageObject","inLanguage":"hu","@id":"https:\/\/www.sugarfactory.hr\/proizvod\/accessories\/mtn-hand-cleaner\/#primaryimage","url":"https:\/\/www.sugarfactory.hr\/wp-content\/uploads\/2023\/05\/ea67cefd6908466489ceb4eae499efea.webp","contentUrl":"https:\/\/www.sugarfactory.hr\/wp-content\/uploads\/2023\/05\/ea67cefd6908466489ceb4eae499efea.webp","width":896,"height":1120},{"@type":"BreadcrumbList","@id":"https:\/\/www.sugarfactory.hr\/proizvod\/accessories\/mtn-hand-cleaner\/#breadcrumb","itemListElement":[{"@type":"ListItem","position":1,"name":"Po\u010detna stranica","item":"https:\/\/www.sugarfactory.hr\/"},{"@type":"ListItem","position":2,"name":"Proizvodi","item":"https:\/\/www.sugarfactory.hr\/shop\/"},{"@type":"ListItem","position":3,"name":"MTN Hand Cleaner"}]},{"@type":"WebSite","@id":"https:\/\/www.sugarfactory.hr\/#website","url":"https:\/\/www.sugarfactory.hr\/","name":"Cukorgy\u00e1r","description":"Create your sweetest pieces!","potentialAction":[{"@type":"SearchAction","target":{"@type":"EntryPoint","urlTemplate":"https:\/\/www.sugarfactory.hr\/?s={search_term_string}"},"query-input":{"@type":"PropertyValueSpecification","valueRequired":true,"valueName":"search_term_string"}}],"inLanguage":"hu"}]}},"_links":{"self":[{"href":"https:\/\/www.sugarfactory.hr\/hu\/wp-json\/wp\/v2\/product\/5468","targetHints":{"allow":["GET"]}}],"collection":[{"href":"https:\/\/www.sugarfactory.hr\/hu\/wp-json\/wp\/v2\/product"}],"about":[{"href":"https:\/\/www.sugarfactory.hr\/hu\/wp-json\/wp\/v2\/types\/product"}],"wp:featuredmedia":[{"embeddable":true,"href":"https:\/\/www.sugarfactory.hr\/hu\/wp-json\/wp\/v2\/media\/12654"}],"wp:attachment":[{"href":"https:\/\/www.sugarfactory.hr\/hu\/wp-json\/wp\/v2\/media?parent=5468"}],"wp:term":[{"taxonomy":"product_brand","embeddable":true,"href":"https:\/\/www.sugarfactory.hr\/hu\/wp-json\/wp\/v2\/product_brand?post=5468"},{"taxonomy":"product_cat","embeddable":true,"href":"https:\/\/www.sugarfactory.hr\/hu\/wp-json\/wp\/v2\/product_cat?post=5468"},{"taxonomy":"product_tag","embeddable":true,"href":"https:\/\/www.sugarfactory.hr\/hu\/wp-json\/wp\/v2\/product_tag?post=5468"}],"curies":[{"name":"wp","href":"https:\/\/api.w.org\/{rel}","templated":true}]}}