{"id":5505,"date":"2023-05-29T14:48:32","date_gmt":"2023-05-29T14:48:32","guid":{"rendered":"https:\/\/www.sugarfactory.hr\/?post_type=product&#038;p=5505"},"modified":"2026-03-24T09:58:16","modified_gmt":"2026-03-24T08:58:16","slug":"mtn-xxxl-750-ml","status":"publish","type":"product","link":"https:\/\/www.sugarfactory.hr\/hu\/termek\/spray-k\/falfirkalas\/mtn-xxxl-750-ml\/","title":{"rendered":"MTN XXXL 750 ml"},"content":{"rendered":"<p data-start=\"68\" data-end=\"278\"><strong data-start=\"134\" data-end=\"153\">MTN XXXL 750 ml<\/strong> Ez az els\u0151 ilyen t\u00edpus\u00fa spray fest\u00e9k a piacon, amelyet azzal a c\u00e9llal fejlesztettek ki, hogy <strong data-start=\"222\" data-end=\"275\">A lehet\u0151 legnagyobb mennyis\u00e9g\u0171 fest\u00e9k praktikus kiszerel\u00e9sben.<\/strong>.<\/p>\n<p data-start=\"280\" data-end=\"446\">\u00d6sszet\u00e9tel\u00e9nek k\u00f6sz\u00f6nhet\u0151en a fest\u00e9k a k\u00f6vetkez\u0151 fel\u00fcleteken is haszn\u00e1lhat\u00f3: <strong data-start=\"340\" data-end=\"363\">sz\u00e9ls\u0151s\u00e9ges k\u00f6r\u00fclm\u00e9nyek k\u00f6z\u00f6tt<\/strong>, \u00e9s a nagy t\u00e9rfogat miatt nem sz\u00fcks\u00e9ges a palackot haszn\u00e1lat el\u0151tt alaposan felr\u00e1zni.<\/p>\n<p data-start=\"448\" data-end=\"594\">A fedetts\u00e9g a sz\u00ednt\u0151l f\u00fcgg\u0151en v\u00e1ltozik: <strong data-start=\"481\" data-end=\"498\">feh\u00e9r \u00e9s fekete<\/strong> A MAXIMO verzi\u00f3 ak\u00e1r <strong data-start=\"531\" data-end=\"539\">7 m\u00b2<\/strong>, m\u00edg <strong data-start=\"545\" data-end=\"556\">ez\u00fcst<\/strong> A verzi\u00f3 leny\u0171g\u00f6z\u0151 <strong data-start=\"582\" data-end=\"591\">14 m\u00b2<\/strong>.<\/p>\n<p data-start=\"596\" data-end=\"752\"><strong data-start=\"596\" data-end=\"615\">MTN XXXL 750 ml<\/strong> Ide\u00e1lis v\u00e1laszt\u00e1s m\u0171v\u00e9szek \u00e9s felhaszn\u00e1l\u00f3k sz\u00e1m\u00e1ra, akik szeretn\u00e9nek <strong data-start=\"668\" data-end=\"714\">Nagy ter\u00fcletek gyors \u00e9s hat\u00e9kony lefed\u00e9se.<\/strong> megb\u00edzhat\u00f3 \u00e9s tart\u00f3s eredm\u00e9nyekkel.<\/p>","protected":false},"excerpt":{"rendered":"<p>MTN XXXL 750 ml prva je sprej boja ove vrste na tr\u017ei\u0161tu, razvijena kako bi ponudila najve\u0107u mogu\u0107u koli\u010dinu boje u prakti\u010dnom formatu. Zahvaljuju\u0107i svojoj formuli, boja je prilago\u0111ena za rad i u ekstremnim uvjetima, a zbog velikog volumena nije potrebno temeljito mu\u0107kanje bo\u010dice prije upotrebe. Pokrivnost varira ovisno o boji: bijela i crna verzija [&hellip;]<\/p>","protected":false},"featured_media":12363,"template":"","meta":{"_acf_changed":false},"product_brand":[104],"product_cat":[75,16],"product_tag":[],"class_list":{"0":"post-5505","1":"product","2":"type-product","3":"status-publish","4":"has-post-thumbnail","6":"product_brand-mtn","7":"product_cat-graffiti","8":"product_cat-sprejevi","10":"first","11":"instock","12":"shipping-taxable","13":"purchasable","14":"product-type-variable"},"acf":[],"yoast_head":"<!-- This site is optimized with the Yoast SEO plugin v26.3 - https:\/\/yoast.com\/wordpress\/plugins\/seo\/ -->\n<title>MTN XXXL 750 ml - Sugar Factory<\/title>\n<meta name=\"robots\" content=\"index, follow, max-snippet:-1, max-image-preview:large, max-video-preview:-1\" \/>\n<link rel=\"canonical\" href=\"https:\/\/www.sugarfactory.hr\/hu\/termek\/spray-k\/falfirkalas\/mtn-xxxl-750-ml\/\" \/>\n<meta property=\"og:locale\" content=\"hu_HU\" \/>\n<meta property=\"og:type\" content=\"article\" \/>\n<meta property=\"og:title\" content=\"MTN XXXL 750 ml - Sugar Factory\" \/>\n<meta property=\"og:description\" content=\"MTN XXXL 750 ml prva je sprej boja ove vrste na tr\u017ei\u0161tu, razvijena kako bi ponudila najve\u0107u mogu\u0107u koli\u010dinu boje u prakti\u010dnom formatu. Zahvaljuju\u0107i svojoj formuli, boja je prilago\u0111ena za rad i u ekstremnim uvjetima, a zbog velikog volumena nije potrebno temeljito mu\u0107kanje bo\u010dice prije upotrebe. Pokrivnost varira ovisno o boji: bijela i crna verzija [&hellip;]\" \/>\n<meta property=\"og:url\" content=\"https:\/\/www.sugarfactory.hr\/hu\/termek\/spray-k\/falfirkalas\/mtn-xxxl-750-ml\/\" \/>\n<meta property=\"og:site_name\" content=\"Sugar Factory\" \/>\n<meta property=\"article:modified_time\" content=\"2026-03-24T08:58:16+00:00\" \/>\n<meta property=\"og:image\" content=\"https:\/\/www.sugarfactory.hr\/wp-content\/uploads\/2023\/05\/mtn-xxxl-750.webp\" \/>\n\t<meta property=\"og:image:width\" content=\"896\" \/>\n\t<meta property=\"og:image:height\" content=\"1120\" \/>\n\t<meta property=\"og:image:type\" content=\"image\/webp\" \/>\n<meta name=\"twitter:card\" content=\"summary_large_image\" \/>\n<meta name=\"twitter:label1\" content=\"Becs\u00fclt olvas\u00e1si id\u0151\" \/>\n\t<meta name=\"twitter:data1\" content=\"1 perc\" \/>\n<script type=\"application\/ld+json\" class=\"yoast-schema-graph\">{\"@context\":\"https:\/\/schema.org\",\"@graph\":[{\"@type\":\"WebPage\",\"@id\":\"https:\/\/www.sugarfactory.hr\/proizvod\/sprejevi\/graffiti\/mtn-xxxl-750-ml\/\",\"url\":\"https:\/\/www.sugarfactory.hr\/proizvod\/sprejevi\/graffiti\/mtn-xxxl-750-ml\/\",\"name\":\"MTN XXXL 750 ml - Sugar Factory\",\"isPartOf\":{\"@id\":\"https:\/\/www.sugarfactory.hr\/#website\"},\"primaryImageOfPage\":{\"@id\":\"https:\/\/www.sugarfactory.hr\/proizvod\/sprejevi\/graffiti\/mtn-xxxl-750-ml\/#primaryimage\"},\"image\":{\"@id\":\"https:\/\/www.sugarfactory.hr\/proizvod\/sprejevi\/graffiti\/mtn-xxxl-750-ml\/#primaryimage\"},\"thumbnailUrl\":\"https:\/\/www.sugarfactory.hr\/wp-content\/uploads\/2023\/05\/mtn-xxxl-750.webp\",\"datePublished\":\"2023-05-29T14:48:32+00:00\",\"dateModified\":\"2026-03-24T08:58:16+00:00\",\"breadcrumb\":{\"@id\":\"https:\/\/www.sugarfactory.hr\/proizvod\/sprejevi\/graffiti\/mtn-xxxl-750-ml\/#breadcrumb\"},\"inLanguage\":\"hu\",\"potentialAction\":[{\"@type\":\"ReadAction\",\"target\":[\"https:\/\/www.sugarfactory.hr\/proizvod\/sprejevi\/graffiti\/mtn-xxxl-750-ml\/\"]}]},{\"@type\":\"ImageObject\",\"inLanguage\":\"hu\",\"@id\":\"https:\/\/www.sugarfactory.hr\/proizvod\/sprejevi\/graffiti\/mtn-xxxl-750-ml\/#primaryimage\",\"url\":\"https:\/\/www.sugarfactory.hr\/wp-content\/uploads\/2023\/05\/mtn-xxxl-750.webp\",\"contentUrl\":\"https:\/\/www.sugarfactory.hr\/wp-content\/uploads\/2023\/05\/mtn-xxxl-750.webp\",\"width\":896,\"height\":1120},{\"@type\":\"BreadcrumbList\",\"@id\":\"https:\/\/www.sugarfactory.hr\/proizvod\/sprejevi\/graffiti\/mtn-xxxl-750-ml\/#breadcrumb\",\"itemListElement\":[{\"@type\":\"ListItem\",\"position\":1,\"name\":\"Po\u010detna stranica\",\"item\":\"https:\/\/www.sugarfactory.hr\/\"},{\"@type\":\"ListItem\",\"position\":2,\"name\":\"Proizvodi\",\"item\":\"https:\/\/www.sugarfactory.hr\/shop\/\"},{\"@type\":\"ListItem\",\"position\":3,\"name\":\"MTN XXXL 750 ml\"}]},{\"@type\":\"WebSite\",\"@id\":\"https:\/\/www.sugarfactory.hr\/#website\",\"url\":\"https:\/\/www.sugarfactory.hr\/\",\"name\":\"Sugar Factory\",\"description\":\"Create your sweetest pieces!\",\"potentialAction\":[{\"@type\":\"SearchAction\",\"target\":{\"@type\":\"EntryPoint\",\"urlTemplate\":\"https:\/\/www.sugarfactory.hr\/?s={search_term_string}\"},\"query-input\":{\"@type\":\"PropertyValueSpecification\",\"valueRequired\":true,\"valueName\":\"search_term_string\"}}],\"inLanguage\":\"hu\"}]}<\/script>\n<!-- \/ Yoast SEO plugin. -->","yoast_head_json":{"title":"MTN XXXL 750 ml - Cukorgy\u00e1r","robots":{"index":"index","follow":"follow","max-snippet":"max-snippet:-1","max-image-preview":"max-image-preview:large","max-video-preview":"max-video-preview:-1"},"canonical":"https:\/\/www.sugarfactory.hr\/hu\/termek\/spray-k\/falfirkalas\/mtn-xxxl-750-ml\/","og_locale":"hu_HU","og_type":"article","og_title":"MTN XXXL 750 ml - Sugar Factory","og_description":"MTN XXXL 750 ml prva je sprej boja ove vrste na tr\u017ei\u0161tu, razvijena kako bi ponudila najve\u0107u mogu\u0107u koli\u010dinu boje u prakti\u010dnom formatu. Zahvaljuju\u0107i svojoj formuli, boja je prilago\u0111ena za rad i u ekstremnim uvjetima, a zbog velikog volumena nije potrebno temeljito mu\u0107kanje bo\u010dice prije upotrebe. Pokrivnost varira ovisno o boji: bijela i crna verzija [&hellip;]","og_url":"https:\/\/www.sugarfactory.hr\/hu\/termek\/spray-k\/falfirkalas\/mtn-xxxl-750-ml\/","og_site_name":"Sugar Factory","article_modified_time":"2026-03-24T08:58:16+00:00","og_image":[{"width":896,"height":1120,"url":"https:\/\/www.sugarfactory.hr\/wp-content\/uploads\/2023\/05\/mtn-xxxl-750.webp","type":"image\/webp"}],"twitter_card":"summary_large_image","twitter_misc":{"Becs\u00fclt olvas\u00e1si id\u0151":"1 perc"},"schema":{"@context":"https:\/\/schema.org","@graph":[{"@type":"WebPage","@id":"https:\/\/www.sugarfactory.hr\/proizvod\/sprejevi\/graffiti\/mtn-xxxl-750-ml\/","url":"https:\/\/www.sugarfactory.hr\/proizvod\/sprejevi\/graffiti\/mtn-xxxl-750-ml\/","name":"MTN XXXL 750 ml - Cukorgy\u00e1r","isPartOf":{"@id":"https:\/\/www.sugarfactory.hr\/#website"},"primaryImageOfPage":{"@id":"https:\/\/www.sugarfactory.hr\/proizvod\/sprejevi\/graffiti\/mtn-xxxl-750-ml\/#primaryimage"},"image":{"@id":"https:\/\/www.sugarfactory.hr\/proizvod\/sprejevi\/graffiti\/mtn-xxxl-750-ml\/#primaryimage"},"thumbnailUrl":"https:\/\/www.sugarfactory.hr\/wp-content\/uploads\/2023\/05\/mtn-xxxl-750.webp","datePublished":"2023-05-29T14:48:32+00:00","dateModified":"2026-03-24T08:58:16+00:00","breadcrumb":{"@id":"https:\/\/www.sugarfactory.hr\/proizvod\/sprejevi\/graffiti\/mtn-xxxl-750-ml\/#breadcrumb"},"inLanguage":"hu","potentialAction":[{"@type":"ReadAction","target":["https:\/\/www.sugarfactory.hr\/proizvod\/sprejevi\/graffiti\/mtn-xxxl-750-ml\/"]}]},{"@type":"ImageObject","inLanguage":"hu","@id":"https:\/\/www.sugarfactory.hr\/proizvod\/sprejevi\/graffiti\/mtn-xxxl-750-ml\/#primaryimage","url":"https:\/\/www.sugarfactory.hr\/wp-content\/uploads\/2023\/05\/mtn-xxxl-750.webp","contentUrl":"https:\/\/www.sugarfactory.hr\/wp-content\/uploads\/2023\/05\/mtn-xxxl-750.webp","width":896,"height":1120},{"@type":"BreadcrumbList","@id":"https:\/\/www.sugarfactory.hr\/proizvod\/sprejevi\/graffiti\/mtn-xxxl-750-ml\/#breadcrumb","itemListElement":[{"@type":"ListItem","position":1,"name":"Po\u010detna stranica","item":"https:\/\/www.sugarfactory.hr\/"},{"@type":"ListItem","position":2,"name":"Proizvodi","item":"https:\/\/www.sugarfactory.hr\/shop\/"},{"@type":"ListItem","position":3,"name":"MTN XXXL 750 ml"}]},{"@type":"WebSite","@id":"https:\/\/www.sugarfactory.hr\/#website","url":"https:\/\/www.sugarfactory.hr\/","name":"Cukorgy\u00e1r","description":"Create your sweetest pieces!","potentialAction":[{"@type":"SearchAction","target":{"@type":"EntryPoint","urlTemplate":"https:\/\/www.sugarfactory.hr\/?s={search_term_string}"},"query-input":{"@type":"PropertyValueSpecification","valueRequired":true,"valueName":"search_term_string"}}],"inLanguage":"hu"}]}},"_links":{"self":[{"href":"https:\/\/www.sugarfactory.hr\/hu\/wp-json\/wp\/v2\/product\/5505","targetHints":{"allow":["GET"]}}],"collection":[{"href":"https:\/\/www.sugarfactory.hr\/hu\/wp-json\/wp\/v2\/product"}],"about":[{"href":"https:\/\/www.sugarfactory.hr\/hu\/wp-json\/wp\/v2\/types\/product"}],"wp:featuredmedia":[{"embeddable":true,"href":"https:\/\/www.sugarfactory.hr\/hu\/wp-json\/wp\/v2\/media\/12363"}],"wp:attachment":[{"href":"https:\/\/www.sugarfactory.hr\/hu\/wp-json\/wp\/v2\/media?parent=5505"}],"wp:term":[{"taxonomy":"product_brand","embeddable":true,"href":"https:\/\/www.sugarfactory.hr\/hu\/wp-json\/wp\/v2\/product_brand?post=5505"},{"taxonomy":"product_cat","embeddable":true,"href":"https:\/\/www.sugarfactory.hr\/hu\/wp-json\/wp\/v2\/product_cat?post=5505"},{"taxonomy":"product_tag","embeddable":true,"href":"https:\/\/www.sugarfactory.hr\/hu\/wp-json\/wp\/v2\/product_tag?post=5505"}],"curies":[{"name":"wp","href":"https:\/\/api.w.org\/{rel}","templated":true}]}}