{"id":6202,"date":"2024-08-03T12:05:53","date_gmt":"2024-08-03T12:05:53","guid":{"rendered":"https:\/\/www.sugarfactory.hr\/?post_type=product&#038;p=6202"},"modified":"2026-02-12T17:17:01","modified_gmt":"2026-02-12T16:17:01","slug":"drvene-bojice-uni-posca-kpe-200-4-0-u-luksuznoj-kutiji-36-1","status":"publish","type":"product","link":"https:\/\/www.sugarfactory.hr\/hu\/termek\/jelolok\/postabelyegzok\/drvene-bojice-uni-posca-kpe-200-4-0-u-luksuznoj-kutiji-36-1\/","title":{"rendered":"Uni Posca KPE-200 (4.0) sz\u00ednes ceruz\u00e1k luxusdobozban 36\/1"},"content":{"rendered":"<p data-start=\"118\" data-end=\"417\"><strong data-start=\"183\" data-end=\"200\">Posca KPE-200<\/strong> umjetni\u010dke bojice na bazi ulja kombiniraju <strong data-start=\"244\" data-end=\"271\">pigmente, vosak i smolu<\/strong> kako bi pru\u017eile efekt uljane boje. Zahvaljuju\u0107i ve\u0107em udjelu ulja, boje su <strong data-start=\"347\" data-end=\"392\">duboke, intenzivne i otporne na svjetlost<\/strong>, bez ne\u017eeljenog sjaja.<\/p>\n<p data-start=\"419\" data-end=\"681\">Ku\u0107i\u0161te je drveno, vrh se lako o\u0161tri, a mina je <strong data-start=\"467\" data-end=\"494\">izdr\u017eljiva i ne lomi se<\/strong>. Bojice omogu\u0107uju glatko nano\u0161enje, visoku pokrivnost i dugovje\u010dnost, uz <strong data-start=\"568\" data-end=\"598\">debljinu ispisa oko 4.0 mm<\/strong> (ovisno o pritisku). <strong data-start=\"620\" data-end=\"637\">Du\u017eina ispisa<\/strong>: 150\u2013200 m. <strong data-start=\"650\" data-end=\"668\">Vijek trajanja<\/strong>: 5 godina.<\/p>\n<p data-start=\"683\" data-end=\"1094\"><strong data-start=\"683\" data-end=\"705\">Set sadr\u017ei 36 boja<\/strong>, uklju\u010duju\u0107i: crna, bijela, siva (vi\u0161e nijansi), sme\u0111a (vi\u0161e nijansi), ivory, oker i svijetli oker, mornarsko plava, prussian plava, svijetlo plava, nebesko plava, ljubi\u010dasta, lilac, mauve, fuksija, roza (vi\u0161e nijansi), crvena, tamno crvena, vermilion, naran\u010dasta i svijetlo naran\u010dasta, \u017euta, limun \u017euta, te \u0161irok raspon zelenih tonova poput smaragdne, borove, kaki i maslinaste zelene.<\/p>","protected":false},"excerpt":{"rendered":"<p>Posca KPE-200 umjetni\u010dke bojice na bazi ulja kombiniraju pigmente, vosak i smolu kako bi pru\u017eile efekt uljane boje. Zahvaljuju\u0107i ve\u0107em udjelu ulja, boje su duboke, intenzivne i otporne na svjetlost, bez ne\u017eeljenog sjaja. Ku\u0107i\u0161te je drveno, vrh se lako o\u0161tri, a mina je izdr\u017eljiva i ne lomi se. Bojice omogu\u0107uju glatko nano\u0161enje, visoku pokrivnost i [&hellip;]<\/p>","protected":false},"featured_media":12449,"template":"","meta":{"_acf_changed":false},"product_brand":[111],"product_cat":[22,80],"product_tag":[],"class_list":{"0":"post-6202","1":"product","2":"type-product","3":"status-publish","4":"has-post-thumbnail","6":"product_brand-posca","7":"product_cat-markeri","8":"product_cat-posca-markeri","10":"first","11":"instock","12":"shipping-taxable","13":"purchasable","14":"product-type-simple"},"acf":[],"yoast_head":"<!-- This site is optimized with the Yoast SEO plugin v26.3 - https:\/\/yoast.com\/wordpress\/plugins\/seo\/ -->\n<title>Drvene bojice Uni Posca kpe-200 (4.0) u luksuznoj kutiji 36\/1 - Sugar Factory<\/title>\n<meta name=\"robots\" content=\"index, follow, max-snippet:-1, max-image-preview:large, max-video-preview:-1\" \/>\n<link rel=\"canonical\" href=\"https:\/\/www.sugarfactory.hr\/hu\/termek\/jelolok\/postabelyegzok\/drvene-bojice-uni-posca-kpe-200-4-0-u-luksuznoj-kutiji-36-1\/\" \/>\n<meta property=\"og:locale\" content=\"hu_HU\" \/>\n<meta property=\"og:type\" content=\"article\" \/>\n<meta property=\"og:title\" content=\"Drvene bojice Uni Posca kpe-200 (4.0) u luksuznoj kutiji 36\/1 - Sugar Factory\" \/>\n<meta property=\"og:description\" content=\"Posca KPE-200 umjetni\u010dke bojice na bazi ulja kombiniraju pigmente, vosak i smolu kako bi pru\u017eile efekt uljane boje. Zahvaljuju\u0107i ve\u0107em udjelu ulja, boje su duboke, intenzivne i otporne na svjetlost, bez ne\u017eeljenog sjaja. Ku\u0107i\u0161te je drveno, vrh se lako o\u0161tri, a mina je izdr\u017eljiva i ne lomi se. Bojice omogu\u0107uju glatko nano\u0161enje, visoku pokrivnost i [&hellip;]\" \/>\n<meta property=\"og:url\" content=\"https:\/\/www.sugarfactory.hr\/hu\/termek\/jelolok\/postabelyegzok\/drvene-bojice-uni-posca-kpe-200-4-0-u-luksuznoj-kutiji-36-1\/\" \/>\n<meta property=\"og:site_name\" content=\"Sugar Factory\" \/>\n<meta property=\"article:modified_time\" content=\"2026-02-12T16:17:01+00:00\" \/>\n<meta property=\"og:image\" content=\"https:\/\/www.sugarfactory.hr\/wp-content\/uploads\/2024\/08\/drvene-bojice.webp\" \/>\n\t<meta property=\"og:image:width\" content=\"896\" \/>\n\t<meta property=\"og:image:height\" content=\"1120\" \/>\n\t<meta property=\"og:image:type\" content=\"image\/webp\" \/>\n<meta name=\"twitter:card\" content=\"summary_large_image\" \/>\n<meta name=\"twitter:label1\" content=\"Becs\u00fclt olvas\u00e1si id\u0151\" \/>\n\t<meta name=\"twitter:data1\" content=\"1 perc\" \/>\n<script type=\"application\/ld+json\" class=\"yoast-schema-graph\">{\"@context\":\"https:\/\/schema.org\",\"@graph\":[{\"@type\":\"WebPage\",\"@id\":\"https:\/\/www.sugarfactory.hr\/proizvod\/markeri\/posca-markeri\/drvene-bojice-uni-posca-kpe-200-4-0-u-luksuznoj-kutiji-36-1\/\",\"url\":\"https:\/\/www.sugarfactory.hr\/proizvod\/markeri\/posca-markeri\/drvene-bojice-uni-posca-kpe-200-4-0-u-luksuznoj-kutiji-36-1\/\",\"name\":\"Drvene bojice Uni Posca kpe-200 (4.0) u luksuznoj kutiji 36\/1 - Sugar Factory\",\"isPartOf\":{\"@id\":\"https:\/\/www.sugarfactory.hr\/#website\"},\"primaryImageOfPage\":{\"@id\":\"https:\/\/www.sugarfactory.hr\/proizvod\/markeri\/posca-markeri\/drvene-bojice-uni-posca-kpe-200-4-0-u-luksuznoj-kutiji-36-1\/#primaryimage\"},\"image\":{\"@id\":\"https:\/\/www.sugarfactory.hr\/proizvod\/markeri\/posca-markeri\/drvene-bojice-uni-posca-kpe-200-4-0-u-luksuznoj-kutiji-36-1\/#primaryimage\"},\"thumbnailUrl\":\"https:\/\/www.sugarfactory.hr\/wp-content\/uploads\/2024\/08\/drvene-bojice.webp\",\"datePublished\":\"2024-08-03T12:05:53+00:00\",\"dateModified\":\"2026-02-12T16:17:01+00:00\",\"breadcrumb\":{\"@id\":\"https:\/\/www.sugarfactory.hr\/proizvod\/markeri\/posca-markeri\/drvene-bojice-uni-posca-kpe-200-4-0-u-luksuznoj-kutiji-36-1\/#breadcrumb\"},\"inLanguage\":\"hu\",\"potentialAction\":[{\"@type\":\"ReadAction\",\"target\":[\"https:\/\/www.sugarfactory.hr\/proizvod\/markeri\/posca-markeri\/drvene-bojice-uni-posca-kpe-200-4-0-u-luksuznoj-kutiji-36-1\/\"]}]},{\"@type\":\"ImageObject\",\"inLanguage\":\"hu\",\"@id\":\"https:\/\/www.sugarfactory.hr\/proizvod\/markeri\/posca-markeri\/drvene-bojice-uni-posca-kpe-200-4-0-u-luksuznoj-kutiji-36-1\/#primaryimage\",\"url\":\"https:\/\/www.sugarfactory.hr\/wp-content\/uploads\/2024\/08\/drvene-bojice.webp\",\"contentUrl\":\"https:\/\/www.sugarfactory.hr\/wp-content\/uploads\/2024\/08\/drvene-bojice.webp\",\"width\":896,\"height\":1120},{\"@type\":\"BreadcrumbList\",\"@id\":\"https:\/\/www.sugarfactory.hr\/proizvod\/markeri\/posca-markeri\/drvene-bojice-uni-posca-kpe-200-4-0-u-luksuznoj-kutiji-36-1\/#breadcrumb\",\"itemListElement\":[{\"@type\":\"ListItem\",\"position\":1,\"name\":\"Po\u010detna stranica\",\"item\":\"https:\/\/www.sugarfactory.hr\/\"},{\"@type\":\"ListItem\",\"position\":2,\"name\":\"Proizvodi\",\"item\":\"https:\/\/www.sugarfactory.hr\/shop\/\"},{\"@type\":\"ListItem\",\"position\":3,\"name\":\"Drvene bojice Uni Posca kpe-200 (4.0) u luksuznoj kutiji 36\/1\"}]},{\"@type\":\"WebSite\",\"@id\":\"https:\/\/www.sugarfactory.hr\/#website\",\"url\":\"https:\/\/www.sugarfactory.hr\/\",\"name\":\"Sugar Factory\",\"description\":\"Create your sweetest pieces!\",\"potentialAction\":[{\"@type\":\"SearchAction\",\"target\":{\"@type\":\"EntryPoint\",\"urlTemplate\":\"https:\/\/www.sugarfactory.hr\/?s={search_term_string}\"},\"query-input\":{\"@type\":\"PropertyValueSpecification\",\"valueRequired\":true,\"valueName\":\"search_term_string\"}}],\"inLanguage\":\"hu\"}]}<\/script>\n<!-- \/ Yoast SEO plugin. -->","yoast_head_json":{"title":"Drvene bojice Uni Posca kpe-200 (4.0) u luksuznoj kutiji 36\/1 - Sugar Factory","robots":{"index":"index","follow":"follow","max-snippet":"max-snippet:-1","max-image-preview":"max-image-preview:large","max-video-preview":"max-video-preview:-1"},"canonical":"https:\/\/www.sugarfactory.hr\/hu\/termek\/jelolok\/postabelyegzok\/drvene-bojice-uni-posca-kpe-200-4-0-u-luksuznoj-kutiji-36-1\/","og_locale":"hu_HU","og_type":"article","og_title":"Drvene bojice Uni Posca kpe-200 (4.0) u luksuznoj kutiji 36\/1 - Sugar Factory","og_description":"Posca KPE-200 umjetni\u010dke bojice na bazi ulja kombiniraju pigmente, vosak i smolu kako bi pru\u017eile efekt uljane boje. Zahvaljuju\u0107i ve\u0107em udjelu ulja, boje su duboke, intenzivne i otporne na svjetlost, bez ne\u017eeljenog sjaja. Ku\u0107i\u0161te je drveno, vrh se lako o\u0161tri, a mina je izdr\u017eljiva i ne lomi se. Bojice omogu\u0107uju glatko nano\u0161enje, visoku pokrivnost i [&hellip;]","og_url":"https:\/\/www.sugarfactory.hr\/hu\/termek\/jelolok\/postabelyegzok\/drvene-bojice-uni-posca-kpe-200-4-0-u-luksuznoj-kutiji-36-1\/","og_site_name":"Sugar Factory","article_modified_time":"2026-02-12T16:17:01+00:00","og_image":[{"width":896,"height":1120,"url":"https:\/\/www.sugarfactory.hr\/wp-content\/uploads\/2024\/08\/drvene-bojice.webp","type":"image\/webp"}],"twitter_card":"summary_large_image","twitter_misc":{"Becs\u00fclt olvas\u00e1si id\u0151":"1 perc"},"schema":{"@context":"https:\/\/schema.org","@graph":[{"@type":"WebPage","@id":"https:\/\/www.sugarfactory.hr\/proizvod\/markeri\/posca-markeri\/drvene-bojice-uni-posca-kpe-200-4-0-u-luksuznoj-kutiji-36-1\/","url":"https:\/\/www.sugarfactory.hr\/proizvod\/markeri\/posca-markeri\/drvene-bojice-uni-posca-kpe-200-4-0-u-luksuznoj-kutiji-36-1\/","name":"Drvene bojice Uni Posca kpe-200 (4.0) u luksuznoj kutiji 36\/1 - Sugar Factory","isPartOf":{"@id":"https:\/\/www.sugarfactory.hr\/#website"},"primaryImageOfPage":{"@id":"https:\/\/www.sugarfactory.hr\/proizvod\/markeri\/posca-markeri\/drvene-bojice-uni-posca-kpe-200-4-0-u-luksuznoj-kutiji-36-1\/#primaryimage"},"image":{"@id":"https:\/\/www.sugarfactory.hr\/proizvod\/markeri\/posca-markeri\/drvene-bojice-uni-posca-kpe-200-4-0-u-luksuznoj-kutiji-36-1\/#primaryimage"},"thumbnailUrl":"https:\/\/www.sugarfactory.hr\/wp-content\/uploads\/2024\/08\/drvene-bojice.webp","datePublished":"2024-08-03T12:05:53+00:00","dateModified":"2026-02-12T16:17:01+00:00","breadcrumb":{"@id":"https:\/\/www.sugarfactory.hr\/proizvod\/markeri\/posca-markeri\/drvene-bojice-uni-posca-kpe-200-4-0-u-luksuznoj-kutiji-36-1\/#breadcrumb"},"inLanguage":"hu","potentialAction":[{"@type":"ReadAction","target":["https:\/\/www.sugarfactory.hr\/proizvod\/markeri\/posca-markeri\/drvene-bojice-uni-posca-kpe-200-4-0-u-luksuznoj-kutiji-36-1\/"]}]},{"@type":"ImageObject","inLanguage":"hu","@id":"https:\/\/www.sugarfactory.hr\/proizvod\/markeri\/posca-markeri\/drvene-bojice-uni-posca-kpe-200-4-0-u-luksuznoj-kutiji-36-1\/#primaryimage","url":"https:\/\/www.sugarfactory.hr\/wp-content\/uploads\/2024\/08\/drvene-bojice.webp","contentUrl":"https:\/\/www.sugarfactory.hr\/wp-content\/uploads\/2024\/08\/drvene-bojice.webp","width":896,"height":1120},{"@type":"BreadcrumbList","@id":"https:\/\/www.sugarfactory.hr\/proizvod\/markeri\/posca-markeri\/drvene-bojice-uni-posca-kpe-200-4-0-u-luksuznoj-kutiji-36-1\/#breadcrumb","itemListElement":[{"@type":"ListItem","position":1,"name":"Po\u010detna stranica","item":"https:\/\/www.sugarfactory.hr\/"},{"@type":"ListItem","position":2,"name":"Proizvodi","item":"https:\/\/www.sugarfactory.hr\/shop\/"},{"@type":"ListItem","position":3,"name":"Drvene bojice Uni Posca kpe-200 (4.0) u luksuznoj kutiji 36\/1"}]},{"@type":"WebSite","@id":"https:\/\/www.sugarfactory.hr\/#website","url":"https:\/\/www.sugarfactory.hr\/","name":"Cukorgy\u00e1r","description":"Create your sweetest pieces!","potentialAction":[{"@type":"SearchAction","target":{"@type":"EntryPoint","urlTemplate":"https:\/\/www.sugarfactory.hr\/?s={search_term_string}"},"query-input":{"@type":"PropertyValueSpecification","valueRequired":true,"valueName":"search_term_string"}}],"inLanguage":"hu"}]}},"_links":{"self":[{"href":"https:\/\/www.sugarfactory.hr\/hu\/wp-json\/wp\/v2\/product\/6202","targetHints":{"allow":["GET"]}}],"collection":[{"href":"https:\/\/www.sugarfactory.hr\/hu\/wp-json\/wp\/v2\/product"}],"about":[{"href":"https:\/\/www.sugarfactory.hr\/hu\/wp-json\/wp\/v2\/types\/product"}],"wp:featuredmedia":[{"embeddable":true,"href":"https:\/\/www.sugarfactory.hr\/hu\/wp-json\/wp\/v2\/media\/12449"}],"wp:attachment":[{"href":"https:\/\/www.sugarfactory.hr\/hu\/wp-json\/wp\/v2\/media?parent=6202"}],"wp:term":[{"taxonomy":"product_brand","embeddable":true,"href":"https:\/\/www.sugarfactory.hr\/hu\/wp-json\/wp\/v2\/product_brand?post=6202"},{"taxonomy":"product_cat","embeddable":true,"href":"https:\/\/www.sugarfactory.hr\/hu\/wp-json\/wp\/v2\/product_cat?post=6202"},{"taxonomy":"product_tag","embeddable":true,"href":"https:\/\/www.sugarfactory.hr\/hu\/wp-json\/wp\/v2\/product_tag?post=6202"}],"curies":[{"name":"wp","href":"https:\/\/api.w.org\/{rel}","templated":true}]}}