{"id":6326,"date":"2024-03-05T14:54:08","date_gmt":"2024-03-05T14:54:08","guid":{"rendered":"https:\/\/www.sugarfactory.hr\/?post_type=product&#038;p=6326"},"modified":"2026-03-30T06:25:11","modified_gmt":"2026-03-30T05:25:11","slug":"sugar-factory-ov","status":"publish","type":"product","link":"https:\/\/www.sugarfactory.hr\/hu\/termek\/kiegeszitok\/sugar-factory-ov\/","title":{"rendered":"Cukorgy\u00e1r \u00f6v"},"content":{"rendered":"<p data-start=\"0\" data-end=\"170\"><strong data-start=\"0\" data-end=\"22\">Sugar Factory Belt<\/strong> van <strong data-start=\"26\" data-end=\"47\" data-is-only-node=\"\">pojas za sprejeve<\/strong> izra\u0111en od <strong data-start=\"59\" data-end=\"106\">kvalitetnih materijala hrvatske proizvodnje<\/strong>, tervezve <strong data-start=\"122\" data-end=\"167\">sigurno i prakti\u010dno no\u0161enje sprej limenki<\/strong>.<\/p>\n<p data-start=\"172\" data-end=\"435\" data-is-last-node=\"\" data-is-only-node=\"\">Lehet\u0151v\u00e9 teszi <strong data-start=\"182\" data-end=\"205\">brz pristup alatima<\/strong>, udobnost pri no\u0161enju i <strong data-start=\"230\" data-end=\"263\">organizirano dr\u017eanje sprejeva<\/strong> tijekom rada na projektima.<\/p>\n<p data-start=\"172\" data-end=\"435\" data-is-last-node=\"\" data-is-only-node=\"\"><strong data-start=\"294\" data-end=\"316\">Sugar Factory Belt<\/strong> ide\u00e1lis <strong data-start=\"331\" data-end=\"360\">umjetnike i profesionalce<\/strong> koji tra\u017ee <strong data-start=\"372\" data-end=\"434\">pouzdan i izdr\u017eljiv dodatak za street art i grafiti radove<\/strong>.<\/p>","protected":false},"excerpt":{"rendered":"<p>Sugar Factory Belt je pojas za sprejeve izra\u0111en od kvalitetnih materijala hrvatske proizvodnje, dizajniran za sigurno i prakti\u010dno no\u0161enje sprej limenki. Omogu\u0107uje brz pristup alatima, udobnost pri no\u0161enju i organizirano dr\u017eanje sprejeva tijekom rada na projektima. Sugar Factory Belt je idealan za umjetnike i profesionalce koji tra\u017ee pouzdan i izdr\u017eljiv dodatak za street art i [&hellip;]<\/p>","protected":false},"featured_media":12606,"template":"","meta":{"_acf_changed":false},"product_brand":[124],"product_cat":[21,87],"product_tag":[],"class_list":{"0":"post-6326","1":"product","2":"type-product","3":"status-publish","4":"has-post-thumbnail","6":"product_brand-sugar-factory","7":"product_cat-accessories","8":"product_cat-torbe-i-pojasi","10":"first","11":"instock","12":"shipping-taxable","13":"purchasable","14":"product-type-simple"},"acf":[],"yoast_head":"<!-- This site is optimized with the Yoast SEO plugin v26.3 - https:\/\/yoast.com\/wordpress\/plugins\/seo\/ -->\n<title>Sugar Factory belt - Sugar Factory<\/title>\n<meta name=\"robots\" content=\"index, follow, max-snippet:-1, max-image-preview:large, max-video-preview:-1\" \/>\n<link rel=\"canonical\" href=\"https:\/\/www.sugarfactory.hr\/hu\/termek\/kiegeszitok\/sugar-factory-ov\/\" \/>\n<meta property=\"og:locale\" content=\"hu_HU\" \/>\n<meta property=\"og:type\" content=\"article\" \/>\n<meta property=\"og:title\" content=\"Sugar Factory belt - Sugar Factory\" \/>\n<meta property=\"og:description\" content=\"Sugar Factory Belt je pojas za sprejeve izra\u0111en od kvalitetnih materijala hrvatske proizvodnje, dizajniran za sigurno i prakti\u010dno no\u0161enje sprej limenki. Omogu\u0107uje brz pristup alatima, udobnost pri no\u0161enju i organizirano dr\u017eanje sprejeva tijekom rada na projektima. Sugar Factory Belt je idealan za umjetnike i profesionalce koji tra\u017ee pouzdan i izdr\u017eljiv dodatak za street art i [&hellip;]\" \/>\n<meta property=\"og:url\" content=\"https:\/\/www.sugarfactory.hr\/hu\/termek\/kiegeszitok\/sugar-factory-ov\/\" \/>\n<meta property=\"og:site_name\" content=\"Sugar Factory\" \/>\n<meta property=\"article:modified_time\" content=\"2026-03-30T05:25:11+00:00\" \/>\n<meta property=\"og:image\" content=\"https:\/\/www.sugarfactory.hr\/wp-content\/uploads\/2024\/03\/beba83ca799f490f9c05afd8b69cce92.webp\" \/>\n\t<meta property=\"og:image:width\" content=\"896\" \/>\n\t<meta property=\"og:image:height\" content=\"1120\" \/>\n\t<meta property=\"og:image:type\" content=\"image\/webp\" \/>\n<meta name=\"twitter:card\" content=\"summary_large_image\" \/>\n<script type=\"application\/ld+json\" class=\"yoast-schema-graph\">{\"@context\":\"https:\/\/schema.org\",\"@graph\":[{\"@type\":\"WebPage\",\"@id\":\"https:\/\/www.sugarfactory.hr\/proizvod\/accessories\/sugar-factory-belt\/\",\"url\":\"https:\/\/www.sugarfactory.hr\/proizvod\/accessories\/sugar-factory-belt\/\",\"name\":\"Sugar Factory belt - Sugar Factory\",\"isPartOf\":{\"@id\":\"https:\/\/www.sugarfactory.hr\/#website\"},\"primaryImageOfPage\":{\"@id\":\"https:\/\/www.sugarfactory.hr\/proizvod\/accessories\/sugar-factory-belt\/#primaryimage\"},\"image\":{\"@id\":\"https:\/\/www.sugarfactory.hr\/proizvod\/accessories\/sugar-factory-belt\/#primaryimage\"},\"thumbnailUrl\":\"https:\/\/www.sugarfactory.hr\/wp-content\/uploads\/2024\/03\/beba83ca799f490f9c05afd8b69cce92.webp\",\"datePublished\":\"2024-03-05T14:54:08+00:00\",\"dateModified\":\"2026-03-30T05:25:11+00:00\",\"breadcrumb\":{\"@id\":\"https:\/\/www.sugarfactory.hr\/proizvod\/accessories\/sugar-factory-belt\/#breadcrumb\"},\"inLanguage\":\"hu\",\"potentialAction\":[{\"@type\":\"ReadAction\",\"target\":[\"https:\/\/www.sugarfactory.hr\/proizvod\/accessories\/sugar-factory-belt\/\"]}]},{\"@type\":\"ImageObject\",\"inLanguage\":\"hu\",\"@id\":\"https:\/\/www.sugarfactory.hr\/proizvod\/accessories\/sugar-factory-belt\/#primaryimage\",\"url\":\"https:\/\/www.sugarfactory.hr\/wp-content\/uploads\/2024\/03\/beba83ca799f490f9c05afd8b69cce92.webp\",\"contentUrl\":\"https:\/\/www.sugarfactory.hr\/wp-content\/uploads\/2024\/03\/beba83ca799f490f9c05afd8b69cce92.webp\",\"width\":896,\"height\":1120},{\"@type\":\"BreadcrumbList\",\"@id\":\"https:\/\/www.sugarfactory.hr\/proizvod\/accessories\/sugar-factory-belt\/#breadcrumb\",\"itemListElement\":[{\"@type\":\"ListItem\",\"position\":1,\"name\":\"Po\u010detna stranica\",\"item\":\"https:\/\/www.sugarfactory.hr\/\"},{\"@type\":\"ListItem\",\"position\":2,\"name\":\"Proizvodi\",\"item\":\"https:\/\/www.sugarfactory.hr\/shop\/\"},{\"@type\":\"ListItem\",\"position\":3,\"name\":\"Sugar Factory belt\"}]},{\"@type\":\"WebSite\",\"@id\":\"https:\/\/www.sugarfactory.hr\/#website\",\"url\":\"https:\/\/www.sugarfactory.hr\/\",\"name\":\"Sugar Factory\",\"description\":\"Create your sweetest pieces!\",\"potentialAction\":[{\"@type\":\"SearchAction\",\"target\":{\"@type\":\"EntryPoint\",\"urlTemplate\":\"https:\/\/www.sugarfactory.hr\/?s={search_term_string}\"},\"query-input\":{\"@type\":\"PropertyValueSpecification\",\"valueRequired\":true,\"valueName\":\"search_term_string\"}}],\"inLanguage\":\"hu\"}]}<\/script>\n<!-- \/ Yoast SEO plugin. -->","yoast_head_json":{"title":"Sugar Factory \u00f6v - Sugar Factory","robots":{"index":"index","follow":"follow","max-snippet":"max-snippet:-1","max-image-preview":"max-image-preview:large","max-video-preview":"max-video-preview:-1"},"canonical":"https:\/\/www.sugarfactory.hr\/hu\/termek\/kiegeszitok\/sugar-factory-ov\/","og_locale":"hu_HU","og_type":"article","og_title":"Sugar Factory belt - Sugar Factory","og_description":"Sugar Factory Belt je pojas za sprejeve izra\u0111en od kvalitetnih materijala hrvatske proizvodnje, dizajniran za sigurno i prakti\u010dno no\u0161enje sprej limenki. Omogu\u0107uje brz pristup alatima, udobnost pri no\u0161enju i organizirano dr\u017eanje sprejeva tijekom rada na projektima. Sugar Factory Belt je idealan za umjetnike i profesionalce koji tra\u017ee pouzdan i izdr\u017eljiv dodatak za street art i [&hellip;]","og_url":"https:\/\/www.sugarfactory.hr\/hu\/termek\/kiegeszitok\/sugar-factory-ov\/","og_site_name":"Sugar Factory","article_modified_time":"2026-03-30T05:25:11+00:00","og_image":[{"width":896,"height":1120,"url":"https:\/\/www.sugarfactory.hr\/wp-content\/uploads\/2024\/03\/beba83ca799f490f9c05afd8b69cce92.webp","type":"image\/webp"}],"twitter_card":"summary_large_image","schema":{"@context":"https:\/\/schema.org","@graph":[{"@type":"WebPage","@id":"https:\/\/www.sugarfactory.hr\/proizvod\/accessories\/sugar-factory-belt\/","url":"https:\/\/www.sugarfactory.hr\/proizvod\/accessories\/sugar-factory-belt\/","name":"Sugar Factory \u00f6v - Sugar Factory","isPartOf":{"@id":"https:\/\/www.sugarfactory.hr\/#website"},"primaryImageOfPage":{"@id":"https:\/\/www.sugarfactory.hr\/proizvod\/accessories\/sugar-factory-belt\/#primaryimage"},"image":{"@id":"https:\/\/www.sugarfactory.hr\/proizvod\/accessories\/sugar-factory-belt\/#primaryimage"},"thumbnailUrl":"https:\/\/www.sugarfactory.hr\/wp-content\/uploads\/2024\/03\/beba83ca799f490f9c05afd8b69cce92.webp","datePublished":"2024-03-05T14:54:08+00:00","dateModified":"2026-03-30T05:25:11+00:00","breadcrumb":{"@id":"https:\/\/www.sugarfactory.hr\/proizvod\/accessories\/sugar-factory-belt\/#breadcrumb"},"inLanguage":"hu","potentialAction":[{"@type":"ReadAction","target":["https:\/\/www.sugarfactory.hr\/proizvod\/accessories\/sugar-factory-belt\/"]}]},{"@type":"ImageObject","inLanguage":"hu","@id":"https:\/\/www.sugarfactory.hr\/proizvod\/accessories\/sugar-factory-belt\/#primaryimage","url":"https:\/\/www.sugarfactory.hr\/wp-content\/uploads\/2024\/03\/beba83ca799f490f9c05afd8b69cce92.webp","contentUrl":"https:\/\/www.sugarfactory.hr\/wp-content\/uploads\/2024\/03\/beba83ca799f490f9c05afd8b69cce92.webp","width":896,"height":1120},{"@type":"BreadcrumbList","@id":"https:\/\/www.sugarfactory.hr\/proizvod\/accessories\/sugar-factory-belt\/#breadcrumb","itemListElement":[{"@type":"ListItem","position":1,"name":"Po\u010detna stranica","item":"https:\/\/www.sugarfactory.hr\/"},{"@type":"ListItem","position":2,"name":"Proizvodi","item":"https:\/\/www.sugarfactory.hr\/shop\/"},{"@type":"ListItem","position":3,"name":"Sugar Factory belt"}]},{"@type":"WebSite","@id":"https:\/\/www.sugarfactory.hr\/#website","url":"https:\/\/www.sugarfactory.hr\/","name":"Cukorgy\u00e1r","description":"Create your sweetest pieces!","potentialAction":[{"@type":"SearchAction","target":{"@type":"EntryPoint","urlTemplate":"https:\/\/www.sugarfactory.hr\/?s={search_term_string}"},"query-input":{"@type":"PropertyValueSpecification","valueRequired":true,"valueName":"search_term_string"}}],"inLanguage":"hu"}]}},"_links":{"self":[{"href":"https:\/\/www.sugarfactory.hr\/hu\/wp-json\/wp\/v2\/product\/6326","targetHints":{"allow":["GET"]}}],"collection":[{"href":"https:\/\/www.sugarfactory.hr\/hu\/wp-json\/wp\/v2\/product"}],"about":[{"href":"https:\/\/www.sugarfactory.hr\/hu\/wp-json\/wp\/v2\/types\/product"}],"wp:featuredmedia":[{"embeddable":true,"href":"https:\/\/www.sugarfactory.hr\/hu\/wp-json\/wp\/v2\/media\/12606"}],"wp:attachment":[{"href":"https:\/\/www.sugarfactory.hr\/hu\/wp-json\/wp\/v2\/media?parent=6326"}],"wp:term":[{"taxonomy":"product_brand","embeddable":true,"href":"https:\/\/www.sugarfactory.hr\/hu\/wp-json\/wp\/v2\/product_brand?post=6326"},{"taxonomy":"product_cat","embeddable":true,"href":"https:\/\/www.sugarfactory.hr\/hu\/wp-json\/wp\/v2\/product_cat?post=6326"},{"taxonomy":"product_tag","embeddable":true,"href":"https:\/\/www.sugarfactory.hr\/hu\/wp-json\/wp\/v2\/product_tag?post=6326"}],"curies":[{"name":"wp","href":"https:\/\/api.w.org\/{rel}","templated":true}]}}