{"id":7263,"date":"2023-03-25T13:01:37","date_gmt":"2023-03-25T13:01:37","guid":{"rendered":"https:\/\/www.sugarfactory.hr\/product\/loop-transparent-400-ml\/"},"modified":"2026-03-06T11:18:21","modified_gmt":"2026-03-06T10:18:21","slug":"loop-transparent-400-ml","status":"publish","type":"product","link":"https:\/\/www.sugarfactory.hr\/hu\/termek\/spray-k\/falfirkalas\/loop-transparent-400-ml\/","title":{"rendered":"\u00c1tl\u00e1tsz\u00f3 hurok 400 ml"},"content":{"rendered":"<p data-start=\"76\" data-end=\"346\"><strong data-start=\"144\" data-end=\"171\">\u00c1tl\u00e1tsz\u00f3 hurok 400 ml<\/strong> razvijen je s <strong data-start=\"186\" data-end=\"211\">brzo su\u0161e\u0107om formulom<\/strong> \u00e9s <strong data-start=\"214\" data-end=\"237\">niskom atomizacijom<\/strong>, \u0161to omogu\u0107uje preciznu primjenu i jednostavno kontroliranje prijelaza izme\u0111u svjetlih i tamnih elemenata.<\/p>\n<p data-start=\"348\" data-end=\"481\">Boja dolazi u prakti\u010dnoj limenci od <strong data-start=\"384\" data-end=\"394\">400 ml<\/strong> s posebnim ventilom koji osigurava optimalnu raspr\u0161enost upravo za prozirne nijanse.<\/p>\n<p data-start=\"483\" data-end=\"691\">Zbog <strong data-start=\"488\" data-end=\"518\">niskog udjela pigmentacije<\/strong>, Loop Transparent je idealan za <strong data-start=\"551\" data-end=\"595\">plasti\u010dne efekte, sjen\u010danje i gradijente<\/strong>. Osim u graffiti umjetnosti, koristi se i za <strong data-start=\"641\" data-end=\"688\">ukra\u0161avanje te za\u0161titno brtvljenje povr\u0161ina<\/strong>.<\/p>\n<p data-start=\"693\" data-end=\"804\">Linija je dostupna u <strong data-start=\"714\" data-end=\"737\">6 klasi\u010dnih nijansi<\/strong>, nude\u0107i \u0161iroke mogu\u0107nosti za kreativne i profesionalne primjene.<\/p>","protected":false},"excerpt":{"rendered":"<p>Loop Transparent 400 ml razvijen je s brzo su\u0161e\u0107om formulom i niskom atomizacijom, \u0161to omogu\u0107uje preciznu primjenu i jednostavno kontroliranje prijelaza izme\u0111u svjetlih i tamnih elemenata. Boja dolazi u prakti\u010dnoj limenci od 400 ml s posebnim ventilom koji osigurava optimalnu raspr\u0161enost upravo za prozirne nijanse. Zbog niskog udjela pigmentacije, Loop Transparent je idealan za plasti\u010dne [&hellip;]<\/p>","protected":false},"featured_media":12357,"template":"","meta":{"_acf_changed":false},"product_brand":[103],"product_cat":[75,16],"product_tag":[],"class_list":{"0":"post-7263","1":"product","2":"type-product","3":"status-publish","4":"has-post-thumbnail","6":"product_brand-loop","7":"product_cat-graffiti","8":"product_cat-sprejevi","10":"first","11":"outofstock","12":"shipping-taxable","13":"purchasable","14":"product-type-variable"},"acf":[],"yoast_head":"<!-- This site is optimized with the Yoast SEO plugin v26.3 - https:\/\/yoast.com\/wordpress\/plugins\/seo\/ -->\n<title>Loop Transparent 400 ml - Sugar Factory<\/title>\n<meta name=\"robots\" content=\"index, follow, max-snippet:-1, max-image-preview:large, max-video-preview:-1\" \/>\n<link rel=\"canonical\" href=\"https:\/\/www.sugarfactory.hr\/hu\/termek\/spray-k\/falfirkalas\/loop-transparent-400-ml\/\" \/>\n<meta property=\"og:locale\" content=\"hu_HU\" \/>\n<meta property=\"og:type\" content=\"article\" \/>\n<meta property=\"og:title\" content=\"Loop Transparent 400 ml - Sugar Factory\" \/>\n<meta property=\"og:description\" content=\"Loop Transparent 400 ml razvijen je s brzo su\u0161e\u0107om formulom i niskom atomizacijom, \u0161to omogu\u0107uje preciznu primjenu i jednostavno kontroliranje prijelaza izme\u0111u svjetlih i tamnih elemenata. Boja dolazi u prakti\u010dnoj limenci od 400 ml s posebnim ventilom koji osigurava optimalnu raspr\u0161enost upravo za prozirne nijanse. Zbog niskog udjela pigmentacije, Loop Transparent je idealan za plasti\u010dne [&hellip;]\" \/>\n<meta property=\"og:url\" content=\"https:\/\/www.sugarfactory.hr\/hu\/termek\/spray-k\/falfirkalas\/loop-transparent-400-ml\/\" \/>\n<meta property=\"og:site_name\" content=\"Sugar Factory\" \/>\n<meta property=\"article:modified_time\" content=\"2026-03-06T10:18:21+00:00\" \/>\n<meta property=\"og:image\" content=\"https:\/\/www.sugarfactory.hr\/wp-content\/uploads\/2023\/03\/loop-transparent-400.webp\" \/>\n\t<meta property=\"og:image:width\" content=\"896\" \/>\n\t<meta property=\"og:image:height\" content=\"1120\" \/>\n\t<meta property=\"og:image:type\" content=\"image\/webp\" \/>\n<meta name=\"twitter:card\" content=\"summary_large_image\" \/>\n<script type=\"application\/ld+json\" class=\"yoast-schema-graph\">{\"@context\":\"https:\/\/schema.org\",\"@graph\":[{\"@type\":\"WebPage\",\"@id\":\"https:\/\/www.sugarfactory.hr\/proizvod\/sprejevi\/graffiti\/loop-transparent-400-ml\/\",\"url\":\"https:\/\/www.sugarfactory.hr\/proizvod\/sprejevi\/graffiti\/loop-transparent-400-ml\/\",\"name\":\"Loop Transparent 400 ml - Sugar Factory\",\"isPartOf\":{\"@id\":\"https:\/\/www.sugarfactory.hr\/#website\"},\"primaryImageOfPage\":{\"@id\":\"https:\/\/www.sugarfactory.hr\/proizvod\/sprejevi\/graffiti\/loop-transparent-400-ml\/#primaryimage\"},\"image\":{\"@id\":\"https:\/\/www.sugarfactory.hr\/proizvod\/sprejevi\/graffiti\/loop-transparent-400-ml\/#primaryimage\"},\"thumbnailUrl\":\"https:\/\/www.sugarfactory.hr\/wp-content\/uploads\/2023\/03\/loop-transparent-400.webp\",\"datePublished\":\"2023-03-25T13:01:37+00:00\",\"dateModified\":\"2026-03-06T10:18:21+00:00\",\"breadcrumb\":{\"@id\":\"https:\/\/www.sugarfactory.hr\/proizvod\/sprejevi\/graffiti\/loop-transparent-400-ml\/#breadcrumb\"},\"inLanguage\":\"hu\",\"potentialAction\":[{\"@type\":\"ReadAction\",\"target\":[\"https:\/\/www.sugarfactory.hr\/proizvod\/sprejevi\/graffiti\/loop-transparent-400-ml\/\"]}]},{\"@type\":\"ImageObject\",\"inLanguage\":\"hu\",\"@id\":\"https:\/\/www.sugarfactory.hr\/proizvod\/sprejevi\/graffiti\/loop-transparent-400-ml\/#primaryimage\",\"url\":\"https:\/\/www.sugarfactory.hr\/wp-content\/uploads\/2023\/03\/loop-transparent-400.webp\",\"contentUrl\":\"https:\/\/www.sugarfactory.hr\/wp-content\/uploads\/2023\/03\/loop-transparent-400.webp\",\"width\":896,\"height\":1120},{\"@type\":\"BreadcrumbList\",\"@id\":\"https:\/\/www.sugarfactory.hr\/proizvod\/sprejevi\/graffiti\/loop-transparent-400-ml\/#breadcrumb\",\"itemListElement\":[{\"@type\":\"ListItem\",\"position\":1,\"name\":\"Po\u010detna stranica\",\"item\":\"https:\/\/www.sugarfactory.hr\/\"},{\"@type\":\"ListItem\",\"position\":2,\"name\":\"Proizvodi\",\"item\":\"https:\/\/www.sugarfactory.hr\/shop\/\"},{\"@type\":\"ListItem\",\"position\":3,\"name\":\"Loop Transparent 400 ml\"}]},{\"@type\":\"WebSite\",\"@id\":\"https:\/\/www.sugarfactory.hr\/#website\",\"url\":\"https:\/\/www.sugarfactory.hr\/\",\"name\":\"Sugar Factory\",\"description\":\"Create your sweetest pieces!\",\"potentialAction\":[{\"@type\":\"SearchAction\",\"target\":{\"@type\":\"EntryPoint\",\"urlTemplate\":\"https:\/\/www.sugarfactory.hr\/?s={search_term_string}\"},\"query-input\":{\"@type\":\"PropertyValueSpecification\",\"valueRequired\":true,\"valueName\":\"search_term_string\"}}],\"inLanguage\":\"hu\"}]}<\/script>\n<!-- \/ Yoast SEO plugin. -->","yoast_head_json":{"title":"Loop Transparent 400 ml - Sugar Factory","robots":{"index":"index","follow":"follow","max-snippet":"max-snippet:-1","max-image-preview":"max-image-preview:large","max-video-preview":"max-video-preview:-1"},"canonical":"https:\/\/www.sugarfactory.hr\/hu\/termek\/spray-k\/falfirkalas\/loop-transparent-400-ml\/","og_locale":"hu_HU","og_type":"article","og_title":"Loop Transparent 400 ml - Sugar Factory","og_description":"Loop Transparent 400 ml razvijen je s brzo su\u0161e\u0107om formulom i niskom atomizacijom, \u0161to omogu\u0107uje preciznu primjenu i jednostavno kontroliranje prijelaza izme\u0111u svjetlih i tamnih elemenata. Boja dolazi u prakti\u010dnoj limenci od 400 ml s posebnim ventilom koji osigurava optimalnu raspr\u0161enost upravo za prozirne nijanse. Zbog niskog udjela pigmentacije, Loop Transparent je idealan za plasti\u010dne [&hellip;]","og_url":"https:\/\/www.sugarfactory.hr\/hu\/termek\/spray-k\/falfirkalas\/loop-transparent-400-ml\/","og_site_name":"Sugar Factory","article_modified_time":"2026-03-06T10:18:21+00:00","og_image":[{"width":896,"height":1120,"url":"https:\/\/www.sugarfactory.hr\/wp-content\/uploads\/2023\/03\/loop-transparent-400.webp","type":"image\/webp"}],"twitter_card":"summary_large_image","schema":{"@context":"https:\/\/schema.org","@graph":[{"@type":"WebPage","@id":"https:\/\/www.sugarfactory.hr\/proizvod\/sprejevi\/graffiti\/loop-transparent-400-ml\/","url":"https:\/\/www.sugarfactory.hr\/proizvod\/sprejevi\/graffiti\/loop-transparent-400-ml\/","name":"Loop Transparent 400 ml - Sugar Factory","isPartOf":{"@id":"https:\/\/www.sugarfactory.hr\/#website"},"primaryImageOfPage":{"@id":"https:\/\/www.sugarfactory.hr\/proizvod\/sprejevi\/graffiti\/loop-transparent-400-ml\/#primaryimage"},"image":{"@id":"https:\/\/www.sugarfactory.hr\/proizvod\/sprejevi\/graffiti\/loop-transparent-400-ml\/#primaryimage"},"thumbnailUrl":"https:\/\/www.sugarfactory.hr\/wp-content\/uploads\/2023\/03\/loop-transparent-400.webp","datePublished":"2023-03-25T13:01:37+00:00","dateModified":"2026-03-06T10:18:21+00:00","breadcrumb":{"@id":"https:\/\/www.sugarfactory.hr\/proizvod\/sprejevi\/graffiti\/loop-transparent-400-ml\/#breadcrumb"},"inLanguage":"hu","potentialAction":[{"@type":"ReadAction","target":["https:\/\/www.sugarfactory.hr\/proizvod\/sprejevi\/graffiti\/loop-transparent-400-ml\/"]}]},{"@type":"ImageObject","inLanguage":"hu","@id":"https:\/\/www.sugarfactory.hr\/proizvod\/sprejevi\/graffiti\/loop-transparent-400-ml\/#primaryimage","url":"https:\/\/www.sugarfactory.hr\/wp-content\/uploads\/2023\/03\/loop-transparent-400.webp","contentUrl":"https:\/\/www.sugarfactory.hr\/wp-content\/uploads\/2023\/03\/loop-transparent-400.webp","width":896,"height":1120},{"@type":"BreadcrumbList","@id":"https:\/\/www.sugarfactory.hr\/proizvod\/sprejevi\/graffiti\/loop-transparent-400-ml\/#breadcrumb","itemListElement":[{"@type":"ListItem","position":1,"name":"Po\u010detna stranica","item":"https:\/\/www.sugarfactory.hr\/"},{"@type":"ListItem","position":2,"name":"Proizvodi","item":"https:\/\/www.sugarfactory.hr\/shop\/"},{"@type":"ListItem","position":3,"name":"Loop Transparent 400 ml"}]},{"@type":"WebSite","@id":"https:\/\/www.sugarfactory.hr\/#website","url":"https:\/\/www.sugarfactory.hr\/","name":"Cukorgy\u00e1r","description":"Create your sweetest pieces!","potentialAction":[{"@type":"SearchAction","target":{"@type":"EntryPoint","urlTemplate":"https:\/\/www.sugarfactory.hr\/?s={search_term_string}"},"query-input":{"@type":"PropertyValueSpecification","valueRequired":true,"valueName":"search_term_string"}}],"inLanguage":"hu"}]}},"_links":{"self":[{"href":"https:\/\/www.sugarfactory.hr\/hu\/wp-json\/wp\/v2\/product\/7263","targetHints":{"allow":["GET"]}}],"collection":[{"href":"https:\/\/www.sugarfactory.hr\/hu\/wp-json\/wp\/v2\/product"}],"about":[{"href":"https:\/\/www.sugarfactory.hr\/hu\/wp-json\/wp\/v2\/types\/product"}],"wp:featuredmedia":[{"embeddable":true,"href":"https:\/\/www.sugarfactory.hr\/hu\/wp-json\/wp\/v2\/media\/12357"}],"wp:attachment":[{"href":"https:\/\/www.sugarfactory.hr\/hu\/wp-json\/wp\/v2\/media?parent=7263"}],"wp:term":[{"taxonomy":"product_brand","embeddable":true,"href":"https:\/\/www.sugarfactory.hr\/hu\/wp-json\/wp\/v2\/product_brand?post=7263"},{"taxonomy":"product_cat","embeddable":true,"href":"https:\/\/www.sugarfactory.hr\/hu\/wp-json\/wp\/v2\/product_cat?post=7263"},{"taxonomy":"product_tag","embeddable":true,"href":"https:\/\/www.sugarfactory.hr\/hu\/wp-json\/wp\/v2\/product_tag?post=7263"}],"curies":[{"name":"wp","href":"https:\/\/api.w.org\/{rel}","templated":true}]}}