{"id":7272,"date":"2023-03-25T13:24:10","date_gmt":"2023-03-25T13:24:10","guid":{"rendered":"https:\/\/www.sugarfactory.hr\/product\/loop-fluo-400-ml\/"},"modified":"2026-04-09T16:24:38","modified_gmt":"2026-04-09T15:24:38","slug":"loop-fluo-400-ml","status":"publish","type":"product","link":"https:\/\/www.sugarfactory.hr\/hu\/termek\/spray-k\/falfirkalas\/loop-fluo-400-ml\/","title":{"rendered":"Loop Fluo 400 ml"},"content":{"rendered":"<p data-start=\"69\" data-end=\"366\"><strong data-start=\"133\" data-end=\"153\">Loop Fluo 400 ml<\/strong> dio je linije <strong data-start=\"168\" data-end=\"200\">Loopcolors Pro Writing Tools<\/strong> i donosi \u0161est sna\u017enih fluorescentnih nijansi \u2013 od <strong data-start=\"251\" data-end=\"284\">neonsko \u017eute do neonsko plave<\/strong>. Ove boje pru\u017eaju <strong data-start=\"303\" data-end=\"332\">intenzivan vizualni efekt<\/strong> i isti\u010du se u svakom okru\u017eenju.<\/p>\n<p data-start=\"368\" data-end=\"524\">K\u00f6sz\u00f6net <strong data-start=\"381\" data-end=\"405\">samo\u010diste\u0107em ventilu<\/strong> \u00e9s <strong data-start=\"408\" data-end=\"441\">konstantnim omjerima pritiska<\/strong>, boja se nanosi ravnomjerno i precizno, \u0161to omogu\u0107uje jednostavan i pouzdan rad.<\/p>\n<p data-start=\"526\" data-end=\"702\">Fluorescentne nijanse imaju <strong data-start=\"554\" data-end=\"576\">odli\u010dnu pokrivnost<\/strong> i prilago\u0111ene su razli\u010ditim primjenama: od <strong data-start=\"620\" data-end=\"657\">obilje\u017eavanja i uli\u010dne umjetnosti<\/strong> do <strong data-start=\"661\" data-end=\"699\">DIY projekata i umjetni\u010dkih radova<\/strong>.<\/p>\n<p data-start=\"704\" data-end=\"807\"><strong data-start=\"704\" data-end=\"724\">Loop Fluo 400 ml<\/strong> uklanja granice kreativnosti i daje svakoj povr\u0161ini sna\u017ean, prepoznatljiv efekt.<\/p>","protected":false},"excerpt":{"rendered":"<p>Loop Fluo 400 ml dio je linije Loopcolors Pro Writing Tools i donosi \u0161est sna\u017enih fluorescentnih nijansi \u2013 od neonsko \u017eute do neonsko plave. Ove boje pru\u017eaju intenzivan vizualni efekt i isti\u010du se u svakom okru\u017eenju. Zahvaljuju\u0107i samo\u010diste\u0107em ventilu i konstantnim omjerima pritiska, boja se nanosi ravnomjerno i precizno, \u0161to omogu\u0107uje jednostavan i pouzdan rad. [&hellip;]<\/p>","protected":false},"featured_media":12356,"template":"","meta":{"_acf_changed":false},"product_brand":[103],"product_cat":[75,16],"product_tag":[],"class_list":{"0":"post-7272","1":"product","2":"type-product","3":"status-publish","4":"has-post-thumbnail","6":"product_brand-loop","7":"product_cat-graffiti","8":"product_cat-sprejevi","10":"first","11":"outofstock","12":"shipping-taxable","13":"purchasable","14":"product-type-variable"},"acf":[],"yoast_head":"<!-- This site is optimized with the Yoast SEO plugin v26.3 - https:\/\/yoast.com\/wordpress\/plugins\/seo\/ -->\n<title>Loop Fluo 400 ml - Sugar Factory<\/title>\n<meta name=\"robots\" content=\"index, follow, max-snippet:-1, max-image-preview:large, max-video-preview:-1\" \/>\n<link rel=\"canonical\" href=\"https:\/\/www.sugarfactory.hr\/hu\/termek\/spray-k\/falfirkalas\/loop-fluo-400-ml\/\" \/>\n<meta property=\"og:locale\" content=\"hu_HU\" \/>\n<meta property=\"og:type\" content=\"article\" \/>\n<meta property=\"og:title\" content=\"Loop Fluo 400 ml - Sugar Factory\" \/>\n<meta property=\"og:description\" content=\"Loop Fluo 400 ml dio je linije Loopcolors Pro Writing Tools i donosi \u0161est sna\u017enih fluorescentnih nijansi \u2013 od neonsko \u017eute do neonsko plave. Ove boje pru\u017eaju intenzivan vizualni efekt i isti\u010du se u svakom okru\u017eenju. Zahvaljuju\u0107i samo\u010diste\u0107em ventilu i konstantnim omjerima pritiska, boja se nanosi ravnomjerno i precizno, \u0161to omogu\u0107uje jednostavan i pouzdan rad. [&hellip;]\" \/>\n<meta property=\"og:url\" content=\"https:\/\/www.sugarfactory.hr\/hu\/termek\/spray-k\/falfirkalas\/loop-fluo-400-ml\/\" \/>\n<meta property=\"og:site_name\" content=\"Sugar Factory\" \/>\n<meta property=\"article:modified_time\" content=\"2026-04-09T15:24:38+00:00\" \/>\n<meta property=\"og:image\" content=\"https:\/\/www.sugarfactory.hr\/wp-content\/uploads\/2023\/03\/loop-fluo.webp\" \/>\n\t<meta property=\"og:image:width\" content=\"896\" \/>\n\t<meta property=\"og:image:height\" content=\"1120\" \/>\n\t<meta property=\"og:image:type\" content=\"image\/webp\" \/>\n<meta name=\"twitter:card\" content=\"summary_large_image\" \/>\n<meta name=\"twitter:label1\" content=\"Becs\u00fclt olvas\u00e1si id\u0151\" \/>\n\t<meta name=\"twitter:data1\" content=\"1 perc\" \/>\n<script type=\"application\/ld+json\" class=\"yoast-schema-graph\">{\"@context\":\"https:\/\/schema.org\",\"@graph\":[{\"@type\":\"WebPage\",\"@id\":\"https:\/\/www.sugarfactory.hr\/proizvod\/sprejevi\/graffiti\/loop-fluo-400-ml\/\",\"url\":\"https:\/\/www.sugarfactory.hr\/proizvod\/sprejevi\/graffiti\/loop-fluo-400-ml\/\",\"name\":\"Loop Fluo 400 ml - Sugar Factory\",\"isPartOf\":{\"@id\":\"https:\/\/www.sugarfactory.hr\/#website\"},\"primaryImageOfPage\":{\"@id\":\"https:\/\/www.sugarfactory.hr\/proizvod\/sprejevi\/graffiti\/loop-fluo-400-ml\/#primaryimage\"},\"image\":{\"@id\":\"https:\/\/www.sugarfactory.hr\/proizvod\/sprejevi\/graffiti\/loop-fluo-400-ml\/#primaryimage\"},\"thumbnailUrl\":\"https:\/\/www.sugarfactory.hr\/wp-content\/uploads\/2023\/03\/loop-fluo.webp\",\"datePublished\":\"2023-03-25T13:24:10+00:00\",\"dateModified\":\"2026-04-09T15:24:38+00:00\",\"breadcrumb\":{\"@id\":\"https:\/\/www.sugarfactory.hr\/proizvod\/sprejevi\/graffiti\/loop-fluo-400-ml\/#breadcrumb\"},\"inLanguage\":\"hu\",\"potentialAction\":[{\"@type\":\"ReadAction\",\"target\":[\"https:\/\/www.sugarfactory.hr\/proizvod\/sprejevi\/graffiti\/loop-fluo-400-ml\/\"]}]},{\"@type\":\"ImageObject\",\"inLanguage\":\"hu\",\"@id\":\"https:\/\/www.sugarfactory.hr\/proizvod\/sprejevi\/graffiti\/loop-fluo-400-ml\/#primaryimage\",\"url\":\"https:\/\/www.sugarfactory.hr\/wp-content\/uploads\/2023\/03\/loop-fluo.webp\",\"contentUrl\":\"https:\/\/www.sugarfactory.hr\/wp-content\/uploads\/2023\/03\/loop-fluo.webp\",\"width\":896,\"height\":1120},{\"@type\":\"BreadcrumbList\",\"@id\":\"https:\/\/www.sugarfactory.hr\/proizvod\/sprejevi\/graffiti\/loop-fluo-400-ml\/#breadcrumb\",\"itemListElement\":[{\"@type\":\"ListItem\",\"position\":1,\"name\":\"Po\u010detna stranica\",\"item\":\"https:\/\/www.sugarfactory.hr\/\"},{\"@type\":\"ListItem\",\"position\":2,\"name\":\"Proizvodi\",\"item\":\"https:\/\/www.sugarfactory.hr\/shop\/\"},{\"@type\":\"ListItem\",\"position\":3,\"name\":\"Loop Fluo 400 ml\"}]},{\"@type\":\"WebSite\",\"@id\":\"https:\/\/www.sugarfactory.hr\/#website\",\"url\":\"https:\/\/www.sugarfactory.hr\/\",\"name\":\"Sugar Factory\",\"description\":\"Create your sweetest pieces!\",\"potentialAction\":[{\"@type\":\"SearchAction\",\"target\":{\"@type\":\"EntryPoint\",\"urlTemplate\":\"https:\/\/www.sugarfactory.hr\/?s={search_term_string}\"},\"query-input\":{\"@type\":\"PropertyValueSpecification\",\"valueRequired\":true,\"valueName\":\"search_term_string\"}}],\"inLanguage\":\"hu\"}]}<\/script>\n<!-- \/ Yoast SEO plugin. -->","yoast_head_json":{"title":"Loop Fluo 400 ml - Sugar Factory","robots":{"index":"index","follow":"follow","max-snippet":"max-snippet:-1","max-image-preview":"max-image-preview:large","max-video-preview":"max-video-preview:-1"},"canonical":"https:\/\/www.sugarfactory.hr\/hu\/termek\/spray-k\/falfirkalas\/loop-fluo-400-ml\/","og_locale":"hu_HU","og_type":"article","og_title":"Loop Fluo 400 ml - Sugar Factory","og_description":"Loop Fluo 400 ml dio je linije Loopcolors Pro Writing Tools i donosi \u0161est sna\u017enih fluorescentnih nijansi \u2013 od neonsko \u017eute do neonsko plave. Ove boje pru\u017eaju intenzivan vizualni efekt i isti\u010du se u svakom okru\u017eenju. Zahvaljuju\u0107i samo\u010diste\u0107em ventilu i konstantnim omjerima pritiska, boja se nanosi ravnomjerno i precizno, \u0161to omogu\u0107uje jednostavan i pouzdan rad. [&hellip;]","og_url":"https:\/\/www.sugarfactory.hr\/hu\/termek\/spray-k\/falfirkalas\/loop-fluo-400-ml\/","og_site_name":"Sugar Factory","article_modified_time":"2026-04-09T15:24:38+00:00","og_image":[{"width":896,"height":1120,"url":"https:\/\/www.sugarfactory.hr\/wp-content\/uploads\/2023\/03\/loop-fluo.webp","type":"image\/webp"}],"twitter_card":"summary_large_image","twitter_misc":{"Becs\u00fclt olvas\u00e1si id\u0151":"1 perc"},"schema":{"@context":"https:\/\/schema.org","@graph":[{"@type":"WebPage","@id":"https:\/\/www.sugarfactory.hr\/proizvod\/sprejevi\/graffiti\/loop-fluo-400-ml\/","url":"https:\/\/www.sugarfactory.hr\/proizvod\/sprejevi\/graffiti\/loop-fluo-400-ml\/","name":"Loop Fluo 400 ml - Sugar Factory","isPartOf":{"@id":"https:\/\/www.sugarfactory.hr\/#website"},"primaryImageOfPage":{"@id":"https:\/\/www.sugarfactory.hr\/proizvod\/sprejevi\/graffiti\/loop-fluo-400-ml\/#primaryimage"},"image":{"@id":"https:\/\/www.sugarfactory.hr\/proizvod\/sprejevi\/graffiti\/loop-fluo-400-ml\/#primaryimage"},"thumbnailUrl":"https:\/\/www.sugarfactory.hr\/wp-content\/uploads\/2023\/03\/loop-fluo.webp","datePublished":"2023-03-25T13:24:10+00:00","dateModified":"2026-04-09T15:24:38+00:00","breadcrumb":{"@id":"https:\/\/www.sugarfactory.hr\/proizvod\/sprejevi\/graffiti\/loop-fluo-400-ml\/#breadcrumb"},"inLanguage":"hu","potentialAction":[{"@type":"ReadAction","target":["https:\/\/www.sugarfactory.hr\/proizvod\/sprejevi\/graffiti\/loop-fluo-400-ml\/"]}]},{"@type":"ImageObject","inLanguage":"hu","@id":"https:\/\/www.sugarfactory.hr\/proizvod\/sprejevi\/graffiti\/loop-fluo-400-ml\/#primaryimage","url":"https:\/\/www.sugarfactory.hr\/wp-content\/uploads\/2023\/03\/loop-fluo.webp","contentUrl":"https:\/\/www.sugarfactory.hr\/wp-content\/uploads\/2023\/03\/loop-fluo.webp","width":896,"height":1120},{"@type":"BreadcrumbList","@id":"https:\/\/www.sugarfactory.hr\/proizvod\/sprejevi\/graffiti\/loop-fluo-400-ml\/#breadcrumb","itemListElement":[{"@type":"ListItem","position":1,"name":"Po\u010detna stranica","item":"https:\/\/www.sugarfactory.hr\/"},{"@type":"ListItem","position":2,"name":"Proizvodi","item":"https:\/\/www.sugarfactory.hr\/shop\/"},{"@type":"ListItem","position":3,"name":"Loop Fluo 400 ml"}]},{"@type":"WebSite","@id":"https:\/\/www.sugarfactory.hr\/#website","url":"https:\/\/www.sugarfactory.hr\/","name":"Cukorgy\u00e1r","description":"Create your sweetest pieces!","potentialAction":[{"@type":"SearchAction","target":{"@type":"EntryPoint","urlTemplate":"https:\/\/www.sugarfactory.hr\/?s={search_term_string}"},"query-input":{"@type":"PropertyValueSpecification","valueRequired":true,"valueName":"search_term_string"}}],"inLanguage":"hu"}]}},"_links":{"self":[{"href":"https:\/\/www.sugarfactory.hr\/hu\/wp-json\/wp\/v2\/product\/7272","targetHints":{"allow":["GET"]}}],"collection":[{"href":"https:\/\/www.sugarfactory.hr\/hu\/wp-json\/wp\/v2\/product"}],"about":[{"href":"https:\/\/www.sugarfactory.hr\/hu\/wp-json\/wp\/v2\/types\/product"}],"wp:featuredmedia":[{"embeddable":true,"href":"https:\/\/www.sugarfactory.hr\/hu\/wp-json\/wp\/v2\/media\/12356"}],"wp:attachment":[{"href":"https:\/\/www.sugarfactory.hr\/hu\/wp-json\/wp\/v2\/media?parent=7272"}],"wp:term":[{"taxonomy":"product_brand","embeddable":true,"href":"https:\/\/www.sugarfactory.hr\/hu\/wp-json\/wp\/v2\/product_brand?post=7272"},{"taxonomy":"product_cat","embeddable":true,"href":"https:\/\/www.sugarfactory.hr\/hu\/wp-json\/wp\/v2\/product_cat?post=7272"},{"taxonomy":"product_tag","embeddable":true,"href":"https:\/\/www.sugarfactory.hr\/hu\/wp-json\/wp\/v2\/product_tag?post=7272"}],"curies":[{"name":"wp","href":"https:\/\/api.w.org\/{rel}","templated":true}]}}