{"id":7288,"date":"2023-04-01T14:31:33","date_gmt":"2023-04-01T14:31:33","guid":{"rendered":"https:\/\/www.sugarfactory.hr\/product\/loop-maxi-600-ml\/"},"modified":"2026-04-17T12:53:13","modified_gmt":"2026-04-17T11:53:13","slug":"loop-maxi-600-ml","status":"publish","type":"product","link":"https:\/\/www.sugarfactory.hr\/hu\/termek\/spray-k\/falfirkalas\/loop-maxi-600-ml\/","title":{"rendered":"Loop Maxi 600 ml"},"content":{"rendered":"<p data-start=\"69\" data-end=\"387\"><strong data-start=\"127\" data-end=\"153\">Loopcolors Maxi 600 ml<\/strong> akrilne boje razvijene su od strane <strong data-start=\"190\" data-end=\"207\">Ital G.E.T.E.<\/strong> i odlikuju se <strong data-start=\"222\" data-end=\"259\">vrlo visokim stupnjem prekrivanja<\/strong> \u00e9s <strong data-start=\"262\" data-end=\"288\">otpornosti na UV zrake<\/strong>. Boja je dugotrajna, brzo se su\u0161i i dolazi u paleti od <strong data-start=\"344\" data-end=\"366\">17 sna\u017enih nijansi<\/strong> Loopcolors linije.<\/p>\n<p data-start=\"389\" data-end=\"584\">Formulacija je bez <strong data-start=\"408\" data-end=\"435\">olovnih i CFC pigmenata<\/strong>, \u0161to je \u010dini sigurnijom i ekolo\u0161ki prihvatljivijom opcijom. <strong data-start=\"496\" data-end=\"517\">Niska atomizacija<\/strong> omogu\u0107uje precizno rukovanje i kontrolu u razli\u010ditim primjenama.<\/p>\n<p data-start=\"586\" data-end=\"760\">Bilo da radite na <strong data-start=\"604\" data-end=\"668\">interijeru, eksterijeru, vozilima ili umjetni\u010dkim projektima<\/strong>, <strong data-start=\"670\" data-end=\"696\">Loopcolors Maxi 600 ml<\/strong> jam\u010di <strong data-start=\"703\" data-end=\"757\">profesionalne rezultate, trajnost i postojanu boju<\/strong>.<\/p>","protected":false},"excerpt":{"rendered":"<p>Loopcolors Maxi 600 ml akrilne boje razvijene su od strane Ital G.E.T.E. i odlikuju se vrlo visokim stupnjem prekrivanja i otpornosti na UV zrake. Boja je dugotrajna, brzo se su\u0161i i dolazi u paleti od 17 sna\u017enih nijansi Loopcolors linije. Formulacija je bez olovnih i CFC pigmenata, \u0161to je \u010dini sigurnijom i ekolo\u0161ki prihvatljivijom opcijom. [&hellip;]<\/p>","protected":false},"featured_media":12352,"template":"","meta":{"_acf_changed":false},"product_brand":[103],"product_cat":[75,16],"product_tag":[],"class_list":{"0":"post-7288","1":"product","2":"type-product","3":"status-publish","4":"has-post-thumbnail","6":"product_brand-loop","7":"product_cat-graffiti","8":"product_cat-sprejevi","10":"first","11":"outofstock","12":"shipping-taxable","13":"purchasable","14":"product-type-variable"},"acf":[],"yoast_head":"<!-- This site is optimized with the Yoast SEO plugin v26.3 - https:\/\/yoast.com\/wordpress\/plugins\/seo\/ -->\n<title>Loop Maxi 600 ml - Sugar Factory<\/title>\n<meta name=\"robots\" content=\"index, follow, max-snippet:-1, max-image-preview:large, max-video-preview:-1\" \/>\n<link rel=\"canonical\" href=\"https:\/\/www.sugarfactory.hr\/hu\/termek\/spray-k\/falfirkalas\/loop-maxi-600-ml\/\" \/>\n<meta property=\"og:locale\" content=\"hu_HU\" \/>\n<meta property=\"og:type\" content=\"article\" \/>\n<meta property=\"og:title\" content=\"Loop Maxi 600 ml - Sugar Factory\" \/>\n<meta property=\"og:description\" content=\"Loopcolors Maxi 600 ml akrilne boje razvijene su od strane Ital G.E.T.E. i odlikuju se vrlo visokim stupnjem prekrivanja i otpornosti na UV zrake. Boja je dugotrajna, brzo se su\u0161i i dolazi u paleti od 17 sna\u017enih nijansi Loopcolors linije. Formulacija je bez olovnih i CFC pigmenata, \u0161to je \u010dini sigurnijom i ekolo\u0161ki prihvatljivijom opcijom. [&hellip;]\" \/>\n<meta property=\"og:url\" content=\"https:\/\/www.sugarfactory.hr\/hu\/termek\/spray-k\/falfirkalas\/loop-maxi-600-ml\/\" \/>\n<meta property=\"og:site_name\" content=\"Sugar Factory\" \/>\n<meta property=\"article:modified_time\" content=\"2026-04-17T11:53:13+00:00\" \/>\n<meta property=\"og:image\" content=\"https:\/\/www.sugarfactory.hr\/wp-content\/uploads\/2023\/04\/loop-maxi-600.webp\" \/>\n\t<meta property=\"og:image:width\" content=\"896\" \/>\n\t<meta property=\"og:image:height\" content=\"1120\" \/>\n\t<meta property=\"og:image:type\" content=\"image\/webp\" \/>\n<meta name=\"twitter:card\" content=\"summary_large_image\" \/>\n<script type=\"application\/ld+json\" class=\"yoast-schema-graph\">{\"@context\":\"https:\/\/schema.org\",\"@graph\":[{\"@type\":\"WebPage\",\"@id\":\"https:\/\/www.sugarfactory.hr\/proizvod\/sprejevi\/graffiti\/loop-maxi-600-ml\/\",\"url\":\"https:\/\/www.sugarfactory.hr\/proizvod\/sprejevi\/graffiti\/loop-maxi-600-ml\/\",\"name\":\"Loop Maxi 600 ml - Sugar Factory\",\"isPartOf\":{\"@id\":\"https:\/\/www.sugarfactory.hr\/#website\"},\"primaryImageOfPage\":{\"@id\":\"https:\/\/www.sugarfactory.hr\/proizvod\/sprejevi\/graffiti\/loop-maxi-600-ml\/#primaryimage\"},\"image\":{\"@id\":\"https:\/\/www.sugarfactory.hr\/proizvod\/sprejevi\/graffiti\/loop-maxi-600-ml\/#primaryimage\"},\"thumbnailUrl\":\"https:\/\/www.sugarfactory.hr\/wp-content\/uploads\/2023\/04\/loop-maxi-600.webp\",\"datePublished\":\"2023-04-01T14:31:33+00:00\",\"dateModified\":\"2026-04-17T11:53:13+00:00\",\"breadcrumb\":{\"@id\":\"https:\/\/www.sugarfactory.hr\/proizvod\/sprejevi\/graffiti\/loop-maxi-600-ml\/#breadcrumb\"},\"inLanguage\":\"hu\",\"potentialAction\":[{\"@type\":\"ReadAction\",\"target\":[\"https:\/\/www.sugarfactory.hr\/proizvod\/sprejevi\/graffiti\/loop-maxi-600-ml\/\"]}]},{\"@type\":\"ImageObject\",\"inLanguage\":\"hu\",\"@id\":\"https:\/\/www.sugarfactory.hr\/proizvod\/sprejevi\/graffiti\/loop-maxi-600-ml\/#primaryimage\",\"url\":\"https:\/\/www.sugarfactory.hr\/wp-content\/uploads\/2023\/04\/loop-maxi-600.webp\",\"contentUrl\":\"https:\/\/www.sugarfactory.hr\/wp-content\/uploads\/2023\/04\/loop-maxi-600.webp\",\"width\":896,\"height\":1120},{\"@type\":\"BreadcrumbList\",\"@id\":\"https:\/\/www.sugarfactory.hr\/proizvod\/sprejevi\/graffiti\/loop-maxi-600-ml\/#breadcrumb\",\"itemListElement\":[{\"@type\":\"ListItem\",\"position\":1,\"name\":\"Po\u010detna stranica\",\"item\":\"https:\/\/www.sugarfactory.hr\/\"},{\"@type\":\"ListItem\",\"position\":2,\"name\":\"Proizvodi\",\"item\":\"https:\/\/www.sugarfactory.hr\/shop\/\"},{\"@type\":\"ListItem\",\"position\":3,\"name\":\"Loop Maxi 600 ml\"}]},{\"@type\":\"WebSite\",\"@id\":\"https:\/\/www.sugarfactory.hr\/#website\",\"url\":\"https:\/\/www.sugarfactory.hr\/\",\"name\":\"Sugar Factory\",\"description\":\"Create your sweetest pieces!\",\"potentialAction\":[{\"@type\":\"SearchAction\",\"target\":{\"@type\":\"EntryPoint\",\"urlTemplate\":\"https:\/\/www.sugarfactory.hr\/?s={search_term_string}\"},\"query-input\":{\"@type\":\"PropertyValueSpecification\",\"valueRequired\":true,\"valueName\":\"search_term_string\"}}],\"inLanguage\":\"hu\"}]}<\/script>\n<!-- \/ Yoast SEO plugin. -->","yoast_head_json":{"title":"Loop Maxi 600 ml - Sugar Factory","robots":{"index":"index","follow":"follow","max-snippet":"max-snippet:-1","max-image-preview":"max-image-preview:large","max-video-preview":"max-video-preview:-1"},"canonical":"https:\/\/www.sugarfactory.hr\/hu\/termek\/spray-k\/falfirkalas\/loop-maxi-600-ml\/","og_locale":"hu_HU","og_type":"article","og_title":"Loop Maxi 600 ml - Sugar Factory","og_description":"Loopcolors Maxi 600 ml akrilne boje razvijene su od strane Ital G.E.T.E. i odlikuju se vrlo visokim stupnjem prekrivanja i otpornosti na UV zrake. Boja je dugotrajna, brzo se su\u0161i i dolazi u paleti od 17 sna\u017enih nijansi Loopcolors linije. Formulacija je bez olovnih i CFC pigmenata, \u0161to je \u010dini sigurnijom i ekolo\u0161ki prihvatljivijom opcijom. [&hellip;]","og_url":"https:\/\/www.sugarfactory.hr\/hu\/termek\/spray-k\/falfirkalas\/loop-maxi-600-ml\/","og_site_name":"Sugar Factory","article_modified_time":"2026-04-17T11:53:13+00:00","og_image":[{"width":896,"height":1120,"url":"https:\/\/www.sugarfactory.hr\/wp-content\/uploads\/2023\/04\/loop-maxi-600.webp","type":"image\/webp"}],"twitter_card":"summary_large_image","schema":{"@context":"https:\/\/schema.org","@graph":[{"@type":"WebPage","@id":"https:\/\/www.sugarfactory.hr\/proizvod\/sprejevi\/graffiti\/loop-maxi-600-ml\/","url":"https:\/\/www.sugarfactory.hr\/proizvod\/sprejevi\/graffiti\/loop-maxi-600-ml\/","name":"Loop Maxi 600 ml - Sugar Factory","isPartOf":{"@id":"https:\/\/www.sugarfactory.hr\/#website"},"primaryImageOfPage":{"@id":"https:\/\/www.sugarfactory.hr\/proizvod\/sprejevi\/graffiti\/loop-maxi-600-ml\/#primaryimage"},"image":{"@id":"https:\/\/www.sugarfactory.hr\/proizvod\/sprejevi\/graffiti\/loop-maxi-600-ml\/#primaryimage"},"thumbnailUrl":"https:\/\/www.sugarfactory.hr\/wp-content\/uploads\/2023\/04\/loop-maxi-600.webp","datePublished":"2023-04-01T14:31:33+00:00","dateModified":"2026-04-17T11:53:13+00:00","breadcrumb":{"@id":"https:\/\/www.sugarfactory.hr\/proizvod\/sprejevi\/graffiti\/loop-maxi-600-ml\/#breadcrumb"},"inLanguage":"hu","potentialAction":[{"@type":"ReadAction","target":["https:\/\/www.sugarfactory.hr\/proizvod\/sprejevi\/graffiti\/loop-maxi-600-ml\/"]}]},{"@type":"ImageObject","inLanguage":"hu","@id":"https:\/\/www.sugarfactory.hr\/proizvod\/sprejevi\/graffiti\/loop-maxi-600-ml\/#primaryimage","url":"https:\/\/www.sugarfactory.hr\/wp-content\/uploads\/2023\/04\/loop-maxi-600.webp","contentUrl":"https:\/\/www.sugarfactory.hr\/wp-content\/uploads\/2023\/04\/loop-maxi-600.webp","width":896,"height":1120},{"@type":"BreadcrumbList","@id":"https:\/\/www.sugarfactory.hr\/proizvod\/sprejevi\/graffiti\/loop-maxi-600-ml\/#breadcrumb","itemListElement":[{"@type":"ListItem","position":1,"name":"Po\u010detna stranica","item":"https:\/\/www.sugarfactory.hr\/"},{"@type":"ListItem","position":2,"name":"Proizvodi","item":"https:\/\/www.sugarfactory.hr\/shop\/"},{"@type":"ListItem","position":3,"name":"Loop Maxi 600 ml"}]},{"@type":"WebSite","@id":"https:\/\/www.sugarfactory.hr\/#website","url":"https:\/\/www.sugarfactory.hr\/","name":"Cukorgy\u00e1r","description":"Create your sweetest pieces!","potentialAction":[{"@type":"SearchAction","target":{"@type":"EntryPoint","urlTemplate":"https:\/\/www.sugarfactory.hr\/?s={search_term_string}"},"query-input":{"@type":"PropertyValueSpecification","valueRequired":true,"valueName":"search_term_string"}}],"inLanguage":"hu"}]}},"_links":{"self":[{"href":"https:\/\/www.sugarfactory.hr\/hu\/wp-json\/wp\/v2\/product\/7288","targetHints":{"allow":["GET"]}}],"collection":[{"href":"https:\/\/www.sugarfactory.hr\/hu\/wp-json\/wp\/v2\/product"}],"about":[{"href":"https:\/\/www.sugarfactory.hr\/hu\/wp-json\/wp\/v2\/types\/product"}],"wp:featuredmedia":[{"embeddable":true,"href":"https:\/\/www.sugarfactory.hr\/hu\/wp-json\/wp\/v2\/media\/12352"}],"wp:attachment":[{"href":"https:\/\/www.sugarfactory.hr\/hu\/wp-json\/wp\/v2\/media?parent=7288"}],"wp:term":[{"taxonomy":"product_brand","embeddable":true,"href":"https:\/\/www.sugarfactory.hr\/hu\/wp-json\/wp\/v2\/product_brand?post=7288"},{"taxonomy":"product_cat","embeddable":true,"href":"https:\/\/www.sugarfactory.hr\/hu\/wp-json\/wp\/v2\/product_cat?post=7288"},{"taxonomy":"product_tag","embeddable":true,"href":"https:\/\/www.sugarfactory.hr\/hu\/wp-json\/wp\/v2\/product_tag?post=7288"}],"curies":[{"name":"wp","href":"https:\/\/api.w.org\/{rel}","templated":true}]}}