{"id":7338,"date":"2024-04-11T17:37:13","date_gmt":"2024-04-11T17:37:13","guid":{"rendered":"https:\/\/www.sugarfactory.hr\/?post_type=product&#038;p=7338"},"modified":"2026-04-09T16:24:25","modified_gmt":"2026-04-09T15:24:25","slug":"loop-gold-600-ml","status":"publish","type":"product","link":"https:\/\/www.sugarfactory.hr\/hu\/termek\/spray-k\/loop-gold-600-ml\/","title":{"rendered":"Loop Gold 600 ml"},"content":{"rendered":"<p data-start=\"69\" data-end=\"320\"><strong data-start=\"126\" data-end=\"146\">Loop Gold 600 ml<\/strong> olyan m\u0171v\u00e9szek sz\u00e1m\u00e1ra fejlesztett\u00e9k ki, akik <strong data-start=\"183\" data-end=\"225\">Nagy lefedetts\u00e9g \u00e9s pontos vez\u00e9rl\u00e9s<\/strong>. K\u00f6sz\u00f6net <strong data-start=\"240\" data-end=\"259\">a mechanikus szelep \u00e1ltal<\/strong>, k\u00e9nyelmesebb\u00e9 \u00e9s k\u00f6nnyebb\u00e9 teszi a munk\u00e1t, ide\u00e1lis hosszabb munkamenetekhez.<\/p>\n<p data-start=\"322\" data-end=\"504\">A spray k\u00edn\u00e1l <strong data-start=\"333\" data-end=\"360\">Egyenletes sz\u00ednvisszaad\u00e1s<\/strong> \u00e9s egyenletes fed\u00e9st biztos\u00edt k\u00fcl\u00f6nb\u00f6z\u0151 fel\u00fcleteken, \u00edgy megb\u00edzhat\u00f3 v\u00e1laszt\u00e1s ig\u00e9nyes graffiti projektekhez \u00e9s nagyobb m\u00e9ret\u0171 m\u0171alkot\u00e1sokhoz.<\/p>\n<p data-start=\"506\" data-end=\"648\"><strong data-start=\"506\" data-end=\"526\">Loop Gold 600 ml<\/strong> csatlakozik <strong data-start=\"533\" data-end=\"594\">professzion\u00e1lis min\u0151s\u00e9g, tart\u00f3ss\u00e1g \u00e9s k\u00f6nny\u0171 kezelhet\u0151s\u00e9g<\/strong>, amely a m\u0171v\u00e9szeknek t\u00f6k\u00e9letes kifejez\u00e9si eszk\u00f6zt biztos\u00edt.<\/p>","protected":false},"excerpt":{"rendered":"<p>Loop Gold 600 ml razvijen je za umjetnike koji tra\u017ee visoku pokrivenost i preciznu kontrolu. Zahvaljuju\u0107i mekanom ventilu, omogu\u0107uje ugodniji i lak\u0161i rad, idealan i za du\u017ee sesije. Sprej nudi konzistentan izlaz boje i jednaku pokrivnost na razli\u010ditim podlogama, \u0161to ga \u010dini pouzdanim izborom za zahtjevne graffiti projekte i umjetni\u010dke radove ve\u0107eg formata. Loop Gold [&hellip;]<\/p>","protected":false},"featured_media":12340,"template":"","meta":{"_acf_changed":false},"product_brand":[103],"product_cat":[16,75],"product_tag":[],"class_list":{"0":"post-7338","1":"product","2":"type-product","3":"status-publish","4":"has-post-thumbnail","6":"product_brand-loop","7":"product_cat-sprejevi","8":"product_cat-graffiti","10":"first","11":"instock","12":"shipping-taxable","13":"purchasable","14":"product-type-simple"},"acf":[],"yoast_head":"<!-- This site is optimized with the Yoast SEO plugin v26.3 - https:\/\/yoast.com\/wordpress\/plugins\/seo\/ -->\n<title>Loop Gold 600 ml - Sugar Factory<\/title>\n<meta name=\"robots\" content=\"index, follow, max-snippet:-1, max-image-preview:large, max-video-preview:-1\" \/>\n<link rel=\"canonical\" href=\"https:\/\/www.sugarfactory.hr\/hu\/termek\/spray-k\/loop-gold-600-ml\/\" \/>\n<meta property=\"og:locale\" content=\"hu_HU\" \/>\n<meta property=\"og:type\" content=\"article\" \/>\n<meta property=\"og:title\" content=\"Loop Gold 600 ml - Sugar Factory\" \/>\n<meta property=\"og:description\" content=\"Loop Gold 600 ml razvijen je za umjetnike koji tra\u017ee visoku pokrivenost i preciznu kontrolu. Zahvaljuju\u0107i mekanom ventilu, omogu\u0107uje ugodniji i lak\u0161i rad, idealan i za du\u017ee sesije. Sprej nudi konzistentan izlaz boje i jednaku pokrivnost na razli\u010ditim podlogama, \u0161to ga \u010dini pouzdanim izborom za zahtjevne graffiti projekte i umjetni\u010dke radove ve\u0107eg formata. Loop Gold [&hellip;]\" \/>\n<meta property=\"og:url\" content=\"https:\/\/www.sugarfactory.hr\/hu\/termek\/spray-k\/loop-gold-600-ml\/\" \/>\n<meta property=\"og:site_name\" content=\"Sugar Factory\" \/>\n<meta property=\"article:modified_time\" content=\"2026-04-09T15:24:25+00:00\" \/>\n<meta property=\"og:image\" content=\"https:\/\/www.sugarfactory.hr\/wp-content\/uploads\/2024\/04\/loop-gold-600.webp\" \/>\n\t<meta property=\"og:image:width\" content=\"896\" \/>\n\t<meta property=\"og:image:height\" content=\"1120\" \/>\n\t<meta property=\"og:image:type\" content=\"image\/webp\" \/>\n<meta name=\"twitter:card\" content=\"summary_large_image\" \/>\n<script type=\"application\/ld+json\" class=\"yoast-schema-graph\">{\"@context\":\"https:\/\/schema.org\",\"@graph\":[{\"@type\":\"WebPage\",\"@id\":\"https:\/\/www.sugarfactory.hr\/proizvod\/sprejevi\/loop-gold-600-ml\/\",\"url\":\"https:\/\/www.sugarfactory.hr\/proizvod\/sprejevi\/loop-gold-600-ml\/\",\"name\":\"Loop Gold 600 ml - Sugar Factory\",\"isPartOf\":{\"@id\":\"https:\/\/www.sugarfactory.hr\/#website\"},\"primaryImageOfPage\":{\"@id\":\"https:\/\/www.sugarfactory.hr\/proizvod\/sprejevi\/loop-gold-600-ml\/#primaryimage\"},\"image\":{\"@id\":\"https:\/\/www.sugarfactory.hr\/proizvod\/sprejevi\/loop-gold-600-ml\/#primaryimage\"},\"thumbnailUrl\":\"https:\/\/www.sugarfactory.hr\/wp-content\/uploads\/2024\/04\/loop-gold-600.webp\",\"datePublished\":\"2024-04-11T17:37:13+00:00\",\"dateModified\":\"2026-04-09T15:24:25+00:00\",\"breadcrumb\":{\"@id\":\"https:\/\/www.sugarfactory.hr\/proizvod\/sprejevi\/loop-gold-600-ml\/#breadcrumb\"},\"inLanguage\":\"hu\",\"potentialAction\":[{\"@type\":\"ReadAction\",\"target\":[\"https:\/\/www.sugarfactory.hr\/proizvod\/sprejevi\/loop-gold-600-ml\/\"]}]},{\"@type\":\"ImageObject\",\"inLanguage\":\"hu\",\"@id\":\"https:\/\/www.sugarfactory.hr\/proizvod\/sprejevi\/loop-gold-600-ml\/#primaryimage\",\"url\":\"https:\/\/www.sugarfactory.hr\/wp-content\/uploads\/2024\/04\/loop-gold-600.webp\",\"contentUrl\":\"https:\/\/www.sugarfactory.hr\/wp-content\/uploads\/2024\/04\/loop-gold-600.webp\",\"width\":896,\"height\":1120},{\"@type\":\"BreadcrumbList\",\"@id\":\"https:\/\/www.sugarfactory.hr\/proizvod\/sprejevi\/loop-gold-600-ml\/#breadcrumb\",\"itemListElement\":[{\"@type\":\"ListItem\",\"position\":1,\"name\":\"Po\u010detna stranica\",\"item\":\"https:\/\/www.sugarfactory.hr\/\"},{\"@type\":\"ListItem\",\"position\":2,\"name\":\"Proizvodi\",\"item\":\"https:\/\/www.sugarfactory.hr\/shop\/\"},{\"@type\":\"ListItem\",\"position\":3,\"name\":\"Loop Gold 600 ml\"}]},{\"@type\":\"WebSite\",\"@id\":\"https:\/\/www.sugarfactory.hr\/#website\",\"url\":\"https:\/\/www.sugarfactory.hr\/\",\"name\":\"Sugar Factory\",\"description\":\"Create your sweetest pieces!\",\"potentialAction\":[{\"@type\":\"SearchAction\",\"target\":{\"@type\":\"EntryPoint\",\"urlTemplate\":\"https:\/\/www.sugarfactory.hr\/?s={search_term_string}\"},\"query-input\":{\"@type\":\"PropertyValueSpecification\",\"valueRequired\":true,\"valueName\":\"search_term_string\"}}],\"inLanguage\":\"hu\"}]}<\/script>\n<!-- \/ Yoast SEO plugin. -->","yoast_head_json":{"title":"Loop Gold 600 ml - Cukorgy\u00e1r","robots":{"index":"index","follow":"follow","max-snippet":"max-snippet:-1","max-image-preview":"max-image-preview:large","max-video-preview":"max-video-preview:-1"},"canonical":"https:\/\/www.sugarfactory.hr\/hu\/termek\/spray-k\/loop-gold-600-ml\/","og_locale":"hu_HU","og_type":"article","og_title":"Loop Gold 600 ml - Sugar Factory","og_description":"Loop Gold 600 ml razvijen je za umjetnike koji tra\u017ee visoku pokrivenost i preciznu kontrolu. Zahvaljuju\u0107i mekanom ventilu, omogu\u0107uje ugodniji i lak\u0161i rad, idealan i za du\u017ee sesije. Sprej nudi konzistentan izlaz boje i jednaku pokrivnost na razli\u010ditim podlogama, \u0161to ga \u010dini pouzdanim izborom za zahtjevne graffiti projekte i umjetni\u010dke radove ve\u0107eg formata. Loop Gold [&hellip;]","og_url":"https:\/\/www.sugarfactory.hr\/hu\/termek\/spray-k\/loop-gold-600-ml\/","og_site_name":"Sugar Factory","article_modified_time":"2026-04-09T15:24:25+00:00","og_image":[{"width":896,"height":1120,"url":"https:\/\/www.sugarfactory.hr\/wp-content\/uploads\/2024\/04\/loop-gold-600.webp","type":"image\/webp"}],"twitter_card":"summary_large_image","schema":{"@context":"https:\/\/schema.org","@graph":[{"@type":"WebPage","@id":"https:\/\/www.sugarfactory.hr\/proizvod\/sprejevi\/loop-gold-600-ml\/","url":"https:\/\/www.sugarfactory.hr\/proizvod\/sprejevi\/loop-gold-600-ml\/","name":"Loop Gold 600 ml - Cukorgy\u00e1r","isPartOf":{"@id":"https:\/\/www.sugarfactory.hr\/#website"},"primaryImageOfPage":{"@id":"https:\/\/www.sugarfactory.hr\/proizvod\/sprejevi\/loop-gold-600-ml\/#primaryimage"},"image":{"@id":"https:\/\/www.sugarfactory.hr\/proizvod\/sprejevi\/loop-gold-600-ml\/#primaryimage"},"thumbnailUrl":"https:\/\/www.sugarfactory.hr\/wp-content\/uploads\/2024\/04\/loop-gold-600.webp","datePublished":"2024-04-11T17:37:13+00:00","dateModified":"2026-04-09T15:24:25+00:00","breadcrumb":{"@id":"https:\/\/www.sugarfactory.hr\/proizvod\/sprejevi\/loop-gold-600-ml\/#breadcrumb"},"inLanguage":"hu","potentialAction":[{"@type":"ReadAction","target":["https:\/\/www.sugarfactory.hr\/proizvod\/sprejevi\/loop-gold-600-ml\/"]}]},{"@type":"ImageObject","inLanguage":"hu","@id":"https:\/\/www.sugarfactory.hr\/proizvod\/sprejevi\/loop-gold-600-ml\/#primaryimage","url":"https:\/\/www.sugarfactory.hr\/wp-content\/uploads\/2024\/04\/loop-gold-600.webp","contentUrl":"https:\/\/www.sugarfactory.hr\/wp-content\/uploads\/2024\/04\/loop-gold-600.webp","width":896,"height":1120},{"@type":"BreadcrumbList","@id":"https:\/\/www.sugarfactory.hr\/proizvod\/sprejevi\/loop-gold-600-ml\/#breadcrumb","itemListElement":[{"@type":"ListItem","position":1,"name":"Po\u010detna stranica","item":"https:\/\/www.sugarfactory.hr\/"},{"@type":"ListItem","position":2,"name":"Proizvodi","item":"https:\/\/www.sugarfactory.hr\/shop\/"},{"@type":"ListItem","position":3,"name":"Loop Gold 600 ml"}]},{"@type":"WebSite","@id":"https:\/\/www.sugarfactory.hr\/#website","url":"https:\/\/www.sugarfactory.hr\/","name":"Cukorgy\u00e1r","description":"Create your sweetest pieces!","potentialAction":[{"@type":"SearchAction","target":{"@type":"EntryPoint","urlTemplate":"https:\/\/www.sugarfactory.hr\/?s={search_term_string}"},"query-input":{"@type":"PropertyValueSpecification","valueRequired":true,"valueName":"search_term_string"}}],"inLanguage":"hu"}]}},"_links":{"self":[{"href":"https:\/\/www.sugarfactory.hr\/hu\/wp-json\/wp\/v2\/product\/7338","targetHints":{"allow":["GET"]}}],"collection":[{"href":"https:\/\/www.sugarfactory.hr\/hu\/wp-json\/wp\/v2\/product"}],"about":[{"href":"https:\/\/www.sugarfactory.hr\/hu\/wp-json\/wp\/v2\/types\/product"}],"wp:featuredmedia":[{"embeddable":true,"href":"https:\/\/www.sugarfactory.hr\/hu\/wp-json\/wp\/v2\/media\/12340"}],"wp:attachment":[{"href":"https:\/\/www.sugarfactory.hr\/hu\/wp-json\/wp\/v2\/media?parent=7338"}],"wp:term":[{"taxonomy":"product_brand","embeddable":true,"href":"https:\/\/www.sugarfactory.hr\/hu\/wp-json\/wp\/v2\/product_brand?post=7338"},{"taxonomy":"product_cat","embeddable":true,"href":"https:\/\/www.sugarfactory.hr\/hu\/wp-json\/wp\/v2\/product_cat?post=7338"},{"taxonomy":"product_tag","embeddable":true,"href":"https:\/\/www.sugarfactory.hr\/hu\/wp-json\/wp\/v2\/product_tag?post=7338"}],"curies":[{"name":"wp","href":"https:\/\/api.w.org\/{rel}","templated":true}]}}