{"id":7370,"date":"2024-04-20T12:56:12","date_gmt":"2024-04-20T12:56:12","guid":{"rendered":"https:\/\/www.sugarfactory.hr\/?post_type=product&#038;p=7370"},"modified":"2026-03-31T08:58:20","modified_gmt":"2026-03-31T07:58:20","slug":"8-pack-shoulder-bag-camouflage","status":"publish","type":"product","link":"https:\/\/www.sugarfactory.hr\/hu\/termek\/kiegeszitok\/8-pack-shoulder-bag-camouflage\/","title":{"rendered":"8 darabos kamufl\u00e1zs v\u00e1llt\u00e1ska"},"content":{"rendered":"<p data-start=\"0\" data-end=\"155\"><strong data-start=\"0\" data-end=\"34\">8 darabos kamufl\u00e1zs v\u00e1llt\u00e1ska<\/strong> izra\u0111ena je od <strong data-start=\"50\" data-end=\"99\" data-is-only-node=\"\">500 D ripstop tkanine s vodootpornom podlogom<\/strong>, ide\u00e1lis a <strong data-start=\"112\" data-end=\"152\">siguran transport do 8 sprej limenki<\/strong>.<\/p>\n<p data-start=\"157\" data-end=\"556\" data-is-last-node=\"\" data-is-only-node=\"\">Opremljena je <strong data-start=\"171\" data-end=\"210\">4 cm \u0161irokom uklonjivom naramenicom<\/strong>, glavnim <strong data-start=\"220\" data-end=\"265\">pretincem zatvorenim patentnim zatvara\u010dem<\/strong> \u00e9s <strong data-start=\"268\" data-end=\"308\">kliznim d\u017eepom na preklopu sa \u010di\u010dkom<\/strong> za dodatne sitnice. Sa strane torbe nalaze se <strong data-start=\"355\" data-end=\"383\">2 klizna d\u017eepa za \u010depove<\/strong>, lehet\u0151v\u00e9 t\u00e9ve <strong data-start=\"397\" data-end=\"432\">organizirano spremanje dodataka<\/strong>.<\/p>\n<p data-start=\"157\" data-end=\"556\" data-is-last-node=\"\" data-is-only-node=\"\">Dimenzije torbe: <strong data-start=\"453\" data-end=\"476\">31 x 26,5 x 16,5 cm<\/strong>, biztos\u00edtva <strong data-start=\"488\" data-end=\"555\">kompaktan, prakti\u010dan i pouzdan na\u010din no\u0161enja sprejeva i pribora<\/strong>.<\/p>","protected":false},"excerpt":{"rendered":"<p>8 Pack Shoulder Bag Camouflage izra\u0111ena je od 500 D ripstop tkanine s vodootpornom podlogom, idealna za siguran transport do 8 sprej limenki. Opremljena je 4 cm \u0161irokom uklonjivom naramenicom, glavnim pretincem zatvorenim patentnim zatvara\u010dem i kliznim d\u017eepom na preklopu sa \u010di\u010dkom za dodatne sitnice. Sa strane torbe nalaze se 2 klizna d\u017eepa za \u010depove, [&hellip;]<\/p>","protected":false},"featured_media":12603,"template":"","meta":{"_acf_changed":false},"product_brand":[103],"product_cat":[21,87],"product_tag":[],"class_list":{"0":"post-7370","1":"product","2":"type-product","3":"status-publish","4":"has-post-thumbnail","6":"product_brand-loop","7":"product_cat-accessories","8":"product_cat-torbe-i-pojasi","10":"first","11":"instock","12":"shipping-taxable","13":"purchasable","14":"product-type-simple"},"acf":[],"yoast_head":"<!-- This site is optimized with the Yoast SEO plugin v26.3 - https:\/\/yoast.com\/wordpress\/plugins\/seo\/ -->\n<title>8 Pack Shoulder Bag Camouflage - Sugar Factory<\/title>\n<meta name=\"robots\" content=\"index, follow, max-snippet:-1, max-image-preview:large, max-video-preview:-1\" \/>\n<link rel=\"canonical\" href=\"https:\/\/www.sugarfactory.hr\/hu\/termek\/kiegeszitok\/8-pack-shoulder-bag-camouflage\/\" \/>\n<meta property=\"og:locale\" content=\"hu_HU\" \/>\n<meta property=\"og:type\" content=\"article\" \/>\n<meta property=\"og:title\" content=\"8 Pack Shoulder Bag Camouflage - Sugar Factory\" \/>\n<meta property=\"og:description\" content=\"8 Pack Shoulder Bag Camouflage izra\u0111ena je od 500 D ripstop tkanine s vodootpornom podlogom, idealna za siguran transport do 8 sprej limenki. Opremljena je 4 cm \u0161irokom uklonjivom naramenicom, glavnim pretincem zatvorenim patentnim zatvara\u010dem i kliznim d\u017eepom na preklopu sa \u010di\u010dkom za dodatne sitnice. Sa strane torbe nalaze se 2 klizna d\u017eepa za \u010depove, [&hellip;]\" \/>\n<meta property=\"og:url\" content=\"https:\/\/www.sugarfactory.hr\/hu\/termek\/kiegeszitok\/8-pack-shoulder-bag-camouflage\/\" \/>\n<meta property=\"og:site_name\" content=\"Sugar Factory\" \/>\n<meta property=\"article:modified_time\" content=\"2026-03-31T07:58:20+00:00\" \/>\n<meta property=\"og:image\" content=\"https:\/\/www.sugarfactory.hr\/wp-content\/uploads\/2024\/04\/900014f017b5416cb524f877275c603f.webp\" \/>\n\t<meta property=\"og:image:width\" content=\"896\" \/>\n\t<meta property=\"og:image:height\" content=\"1120\" \/>\n\t<meta property=\"og:image:type\" content=\"image\/webp\" \/>\n<meta name=\"twitter:card\" content=\"summary_large_image\" \/>\n<script type=\"application\/ld+json\" class=\"yoast-schema-graph\">{\"@context\":\"https:\/\/schema.org\",\"@graph\":[{\"@type\":\"WebPage\",\"@id\":\"https:\/\/www.sugarfactory.hr\/proizvod\/accessories\/8-pack-shoulder-bag-camouflage\/\",\"url\":\"https:\/\/www.sugarfactory.hr\/proizvod\/accessories\/8-pack-shoulder-bag-camouflage\/\",\"name\":\"8 Pack Shoulder Bag Camouflage - Sugar Factory\",\"isPartOf\":{\"@id\":\"https:\/\/www.sugarfactory.hr\/#website\"},\"primaryImageOfPage\":{\"@id\":\"https:\/\/www.sugarfactory.hr\/proizvod\/accessories\/8-pack-shoulder-bag-camouflage\/#primaryimage\"},\"image\":{\"@id\":\"https:\/\/www.sugarfactory.hr\/proizvod\/accessories\/8-pack-shoulder-bag-camouflage\/#primaryimage\"},\"thumbnailUrl\":\"https:\/\/www.sugarfactory.hr\/wp-content\/uploads\/2024\/04\/900014f017b5416cb524f877275c603f.webp\",\"datePublished\":\"2024-04-20T12:56:12+00:00\",\"dateModified\":\"2026-03-31T07:58:20+00:00\",\"breadcrumb\":{\"@id\":\"https:\/\/www.sugarfactory.hr\/proizvod\/accessories\/8-pack-shoulder-bag-camouflage\/#breadcrumb\"},\"inLanguage\":\"hu\",\"potentialAction\":[{\"@type\":\"ReadAction\",\"target\":[\"https:\/\/www.sugarfactory.hr\/proizvod\/accessories\/8-pack-shoulder-bag-camouflage\/\"]}]},{\"@type\":\"ImageObject\",\"inLanguage\":\"hu\",\"@id\":\"https:\/\/www.sugarfactory.hr\/proizvod\/accessories\/8-pack-shoulder-bag-camouflage\/#primaryimage\",\"url\":\"https:\/\/www.sugarfactory.hr\/wp-content\/uploads\/2024\/04\/900014f017b5416cb524f877275c603f.webp\",\"contentUrl\":\"https:\/\/www.sugarfactory.hr\/wp-content\/uploads\/2024\/04\/900014f017b5416cb524f877275c603f.webp\",\"width\":896,\"height\":1120},{\"@type\":\"BreadcrumbList\",\"@id\":\"https:\/\/www.sugarfactory.hr\/proizvod\/accessories\/8-pack-shoulder-bag-camouflage\/#breadcrumb\",\"itemListElement\":[{\"@type\":\"ListItem\",\"position\":1,\"name\":\"Po\u010detna stranica\",\"item\":\"https:\/\/www.sugarfactory.hr\/\"},{\"@type\":\"ListItem\",\"position\":2,\"name\":\"Proizvodi\",\"item\":\"https:\/\/www.sugarfactory.hr\/shop\/\"},{\"@type\":\"ListItem\",\"position\":3,\"name\":\"8 Pack Shoulder Bag Camouflage\"}]},{\"@type\":\"WebSite\",\"@id\":\"https:\/\/www.sugarfactory.hr\/#website\",\"url\":\"https:\/\/www.sugarfactory.hr\/\",\"name\":\"Sugar Factory\",\"description\":\"Create your sweetest pieces!\",\"potentialAction\":[{\"@type\":\"SearchAction\",\"target\":{\"@type\":\"EntryPoint\",\"urlTemplate\":\"https:\/\/www.sugarfactory.hr\/?s={search_term_string}\"},\"query-input\":{\"@type\":\"PropertyValueSpecification\",\"valueRequired\":true,\"valueName\":\"search_term_string\"}}],\"inLanguage\":\"hu\"}]}<\/script>\n<!-- \/ Yoast SEO plugin. -->","yoast_head_json":{"title":"8 Pack Shoulder Bag Camouflage - Sugar Factory","robots":{"index":"index","follow":"follow","max-snippet":"max-snippet:-1","max-image-preview":"max-image-preview:large","max-video-preview":"max-video-preview:-1"},"canonical":"https:\/\/www.sugarfactory.hr\/hu\/termek\/kiegeszitok\/8-pack-shoulder-bag-camouflage\/","og_locale":"hu_HU","og_type":"article","og_title":"8 Pack Shoulder Bag Camouflage - Sugar Factory","og_description":"8 Pack Shoulder Bag Camouflage izra\u0111ena je od 500 D ripstop tkanine s vodootpornom podlogom, idealna za siguran transport do 8 sprej limenki. Opremljena je 4 cm \u0161irokom uklonjivom naramenicom, glavnim pretincem zatvorenim patentnim zatvara\u010dem i kliznim d\u017eepom na preklopu sa \u010di\u010dkom za dodatne sitnice. Sa strane torbe nalaze se 2 klizna d\u017eepa za \u010depove, [&hellip;]","og_url":"https:\/\/www.sugarfactory.hr\/hu\/termek\/kiegeszitok\/8-pack-shoulder-bag-camouflage\/","og_site_name":"Sugar Factory","article_modified_time":"2026-03-31T07:58:20+00:00","og_image":[{"width":896,"height":1120,"url":"https:\/\/www.sugarfactory.hr\/wp-content\/uploads\/2024\/04\/900014f017b5416cb524f877275c603f.webp","type":"image\/webp"}],"twitter_card":"summary_large_image","schema":{"@context":"https:\/\/schema.org","@graph":[{"@type":"WebPage","@id":"https:\/\/www.sugarfactory.hr\/proizvod\/accessories\/8-pack-shoulder-bag-camouflage\/","url":"https:\/\/www.sugarfactory.hr\/proizvod\/accessories\/8-pack-shoulder-bag-camouflage\/","name":"8 Pack Shoulder Bag Camouflage - Sugar Factory","isPartOf":{"@id":"https:\/\/www.sugarfactory.hr\/#website"},"primaryImageOfPage":{"@id":"https:\/\/www.sugarfactory.hr\/proizvod\/accessories\/8-pack-shoulder-bag-camouflage\/#primaryimage"},"image":{"@id":"https:\/\/www.sugarfactory.hr\/proizvod\/accessories\/8-pack-shoulder-bag-camouflage\/#primaryimage"},"thumbnailUrl":"https:\/\/www.sugarfactory.hr\/wp-content\/uploads\/2024\/04\/900014f017b5416cb524f877275c603f.webp","datePublished":"2024-04-20T12:56:12+00:00","dateModified":"2026-03-31T07:58:20+00:00","breadcrumb":{"@id":"https:\/\/www.sugarfactory.hr\/proizvod\/accessories\/8-pack-shoulder-bag-camouflage\/#breadcrumb"},"inLanguage":"hu","potentialAction":[{"@type":"ReadAction","target":["https:\/\/www.sugarfactory.hr\/proizvod\/accessories\/8-pack-shoulder-bag-camouflage\/"]}]},{"@type":"ImageObject","inLanguage":"hu","@id":"https:\/\/www.sugarfactory.hr\/proizvod\/accessories\/8-pack-shoulder-bag-camouflage\/#primaryimage","url":"https:\/\/www.sugarfactory.hr\/wp-content\/uploads\/2024\/04\/900014f017b5416cb524f877275c603f.webp","contentUrl":"https:\/\/www.sugarfactory.hr\/wp-content\/uploads\/2024\/04\/900014f017b5416cb524f877275c603f.webp","width":896,"height":1120},{"@type":"BreadcrumbList","@id":"https:\/\/www.sugarfactory.hr\/proizvod\/accessories\/8-pack-shoulder-bag-camouflage\/#breadcrumb","itemListElement":[{"@type":"ListItem","position":1,"name":"Po\u010detna stranica","item":"https:\/\/www.sugarfactory.hr\/"},{"@type":"ListItem","position":2,"name":"Proizvodi","item":"https:\/\/www.sugarfactory.hr\/shop\/"},{"@type":"ListItem","position":3,"name":"8 Pack Shoulder Bag Camouflage"}]},{"@type":"WebSite","@id":"https:\/\/www.sugarfactory.hr\/#website","url":"https:\/\/www.sugarfactory.hr\/","name":"Cukorgy\u00e1r","description":"Create your sweetest pieces!","potentialAction":[{"@type":"SearchAction","target":{"@type":"EntryPoint","urlTemplate":"https:\/\/www.sugarfactory.hr\/?s={search_term_string}"},"query-input":{"@type":"PropertyValueSpecification","valueRequired":true,"valueName":"search_term_string"}}],"inLanguage":"hu"}]}},"_links":{"self":[{"href":"https:\/\/www.sugarfactory.hr\/hu\/wp-json\/wp\/v2\/product\/7370","targetHints":{"allow":["GET"]}}],"collection":[{"href":"https:\/\/www.sugarfactory.hr\/hu\/wp-json\/wp\/v2\/product"}],"about":[{"href":"https:\/\/www.sugarfactory.hr\/hu\/wp-json\/wp\/v2\/types\/product"}],"wp:featuredmedia":[{"embeddable":true,"href":"https:\/\/www.sugarfactory.hr\/hu\/wp-json\/wp\/v2\/media\/12603"}],"wp:attachment":[{"href":"https:\/\/www.sugarfactory.hr\/hu\/wp-json\/wp\/v2\/media?parent=7370"}],"wp:term":[{"taxonomy":"product_brand","embeddable":true,"href":"https:\/\/www.sugarfactory.hr\/hu\/wp-json\/wp\/v2\/product_brand?post=7370"},{"taxonomy":"product_cat","embeddable":true,"href":"https:\/\/www.sugarfactory.hr\/hu\/wp-json\/wp\/v2\/product_cat?post=7370"},{"taxonomy":"product_tag","embeddable":true,"href":"https:\/\/www.sugarfactory.hr\/hu\/wp-json\/wp\/v2\/product_tag?post=7370"}],"curies":[{"name":"wp","href":"https:\/\/api.w.org\/{rel}","templated":true}]}}