{"id":8073,"date":"2024-06-05T14:01:41","date_gmt":"2024-06-05T14:01:41","guid":{"rendered":"https:\/\/www.sugarfactory.hr\/?post_type=product&#038;p=8073"},"modified":"2026-04-08T09:26:02","modified_gmt":"2026-04-08T08:26:02","slug":"dope-the-wall-10-l","status":"publish","type":"product","link":"https:\/\/www.sugarfactory.hr\/hu\/termek\/fal-szinek\/dope-the-wall-10-l\/","title":{"rendered":"Dope The Wall 10 L"},"content":{"rendered":"<p data-start=\"72\" data-end=\"296\"><strong data-start=\"99\" data-end=\"116\">Dope The Wall<\/strong> van <strong data-start=\"120\" data-end=\"152\">profesionalna boja za zidove<\/strong> namijenjena velikim povr\u0161inama i intenzivnoj upotrebi. Boja dolazi u pakiranju od <strong data-start=\"235\" data-end=\"248\">10 litara<\/strong>, pru\u017eaju\u0107i dugotrajnu pokrivnost i otpornost.<\/p>\n<p data-start=\"298\" data-end=\"460\">Formulirana je tako da se <strong data-start=\"324\" data-end=\"337\">brzo su\u0161i<\/strong>, ima <strong data-start=\"343\" data-end=\"367\">Kiv\u00e1l\u00f3 lefedetts\u00e9g<\/strong> i odolijeva vremenskim uvjetima, \u0161to je \u010dini pogodnom za <strong data-start=\"425\" data-end=\"457\">vanjsku i unutarnju upotrebu<\/strong>.<\/p>\n<ul data-start=\"462\" data-end=\"601\">\n<li data-start=\"462\" data-end=\"485\">\n<p data-start=\"464\" data-end=\"485\"><strong data-start=\"464\" data-end=\"478\">Csomagol\u00e1s:<\/strong> 10 L<\/p>\n<\/li>\n<li data-start=\"486\" data-end=\"523\">\n<p data-start=\"488\" data-end=\"523\"><strong data-start=\"488\" data-end=\"501\">Alkalmaz\u00e1s:<\/strong> Bels\u0151 \u00e9s k\u00fcls\u0151<\/p>\n<\/li>\n<li data-start=\"524\" data-end=\"601\">\n<p data-start=\"526\" data-end=\"601\"><strong data-start=\"526\" data-end=\"545\">Jellemz\u0151k:<\/strong> visoka pokrivnost, brzo su\u0161enje, otpornost na habanje<\/p>\n<\/li>\n<\/ul>\n<p data-start=\"603\" data-end=\"760\"><strong data-start=\"603\" data-end=\"625\">Dope The Wall 10 L<\/strong> idealan je izbor za <strong data-start=\"646\" data-end=\"675\">umjetnike i profesionalce<\/strong> kojima je potrebna <strong data-start=\"695\" data-end=\"757\">velika koli\u010dina kvalitetne boje za zidne projekte i murale<\/strong>.<\/p>","protected":false},"excerpt":{"rendered":"<p>Dope The Wall je profesionalna boja za zidove namijenjena velikim povr\u0161inama i intenzivnoj upotrebi. Boja dolazi u pakiranju od 10 litara, pru\u017eaju\u0107i dugotrajnu pokrivnost i otpornost. Formulirana je tako da se brzo su\u0161i, ima odli\u010dnu pokrivnu mo\u0107 i odolijeva vremenskim uvjetima, \u0161to je \u010dini pogodnom za vanjsku i unutarnju upotrebu. Pakiranje: 10 L Primjena: unutarnja [&hellip;]<\/p>","protected":false},"featured_media":12498,"template":"","meta":{"_acf_changed":false},"product_brand":[106],"product_cat":[20],"product_tag":[],"class_list":{"0":"post-8073","1":"product","2":"type-product","3":"status-publish","4":"has-post-thumbnail","6":"product_brand-dope","7":"product_cat-boje-za-zid","9":"first","10":"outofstock","11":"shipping-taxable","12":"purchasable","13":"product-type-variable"},"acf":[],"yoast_head":"<!-- This site is optimized with the Yoast SEO plugin v26.3 - https:\/\/yoast.com\/wordpress\/plugins\/seo\/ -->\n<title>Dope The Wall 10 L - Sugar Factory<\/title>\n<meta name=\"robots\" content=\"index, follow, max-snippet:-1, max-image-preview:large, max-video-preview:-1\" \/>\n<link rel=\"canonical\" href=\"https:\/\/www.sugarfactory.hr\/hu\/termek\/fal-szinek\/dope-the-wall-10-l\/\" \/>\n<meta property=\"og:locale\" content=\"hu_HU\" \/>\n<meta property=\"og:type\" content=\"article\" \/>\n<meta property=\"og:title\" content=\"Dope The Wall 10 L - Sugar Factory\" \/>\n<meta property=\"og:description\" content=\"Dope The Wall je profesionalna boja za zidove namijenjena velikim povr\u0161inama i intenzivnoj upotrebi. Boja dolazi u pakiranju od 10 litara, pru\u017eaju\u0107i dugotrajnu pokrivnost i otpornost. Formulirana je tako da se brzo su\u0161i, ima odli\u010dnu pokrivnu mo\u0107 i odolijeva vremenskim uvjetima, \u0161to je \u010dini pogodnom za vanjsku i unutarnju upotrebu. Pakiranje: 10 L Primjena: unutarnja [&hellip;]\" \/>\n<meta property=\"og:url\" content=\"https:\/\/www.sugarfactory.hr\/hu\/termek\/fal-szinek\/dope-the-wall-10-l\/\" \/>\n<meta property=\"og:site_name\" content=\"Sugar Factory\" \/>\n<meta property=\"article:modified_time\" content=\"2026-04-08T08:26:02+00:00\" \/>\n<meta property=\"og:image\" content=\"https:\/\/www.sugarfactory.hr\/wp-content\/uploads\/2024\/06\/dope-the-wall.webp\" \/>\n\t<meta property=\"og:image:width\" content=\"896\" \/>\n\t<meta property=\"og:image:height\" content=\"1120\" \/>\n\t<meta property=\"og:image:type\" content=\"image\/webp\" \/>\n<meta name=\"twitter:card\" content=\"summary_large_image\" \/>\n<meta name=\"twitter:label1\" content=\"Becs\u00fclt olvas\u00e1si id\u0151\" \/>\n\t<meta name=\"twitter:data1\" content=\"1 perc\" \/>\n<script type=\"application\/ld+json\" class=\"yoast-schema-graph\">{\"@context\":\"https:\/\/schema.org\",\"@graph\":[{\"@type\":\"WebPage\",\"@id\":\"https:\/\/www.sugarfactory.hr\/proizvod\/boje-za-zid\/dope-the-wall-10-l\/\",\"url\":\"https:\/\/www.sugarfactory.hr\/proizvod\/boje-za-zid\/dope-the-wall-10-l\/\",\"name\":\"Dope The Wall 10 L - Sugar Factory\",\"isPartOf\":{\"@id\":\"https:\/\/www.sugarfactory.hr\/#website\"},\"primaryImageOfPage\":{\"@id\":\"https:\/\/www.sugarfactory.hr\/proizvod\/boje-za-zid\/dope-the-wall-10-l\/#primaryimage\"},\"image\":{\"@id\":\"https:\/\/www.sugarfactory.hr\/proizvod\/boje-za-zid\/dope-the-wall-10-l\/#primaryimage\"},\"thumbnailUrl\":\"https:\/\/www.sugarfactory.hr\/wp-content\/uploads\/2024\/06\/dope-the-wall.webp\",\"datePublished\":\"2024-06-05T14:01:41+00:00\",\"dateModified\":\"2026-04-08T08:26:02+00:00\",\"breadcrumb\":{\"@id\":\"https:\/\/www.sugarfactory.hr\/proizvod\/boje-za-zid\/dope-the-wall-10-l\/#breadcrumb\"},\"inLanguage\":\"hu\",\"potentialAction\":[{\"@type\":\"ReadAction\",\"target\":[\"https:\/\/www.sugarfactory.hr\/proizvod\/boje-za-zid\/dope-the-wall-10-l\/\"]}]},{\"@type\":\"ImageObject\",\"inLanguage\":\"hu\",\"@id\":\"https:\/\/www.sugarfactory.hr\/proizvod\/boje-za-zid\/dope-the-wall-10-l\/#primaryimage\",\"url\":\"https:\/\/www.sugarfactory.hr\/wp-content\/uploads\/2024\/06\/dope-the-wall.webp\",\"contentUrl\":\"https:\/\/www.sugarfactory.hr\/wp-content\/uploads\/2024\/06\/dope-the-wall.webp\",\"width\":896,\"height\":1120},{\"@type\":\"BreadcrumbList\",\"@id\":\"https:\/\/www.sugarfactory.hr\/proizvod\/boje-za-zid\/dope-the-wall-10-l\/#breadcrumb\",\"itemListElement\":[{\"@type\":\"ListItem\",\"position\":1,\"name\":\"Po\u010detna stranica\",\"item\":\"https:\/\/www.sugarfactory.hr\/\"},{\"@type\":\"ListItem\",\"position\":2,\"name\":\"Proizvodi\",\"item\":\"https:\/\/www.sugarfactory.hr\/shop\/\"},{\"@type\":\"ListItem\",\"position\":3,\"name\":\"Dope The Wall 10 L\"}]},{\"@type\":\"WebSite\",\"@id\":\"https:\/\/www.sugarfactory.hr\/#website\",\"url\":\"https:\/\/www.sugarfactory.hr\/\",\"name\":\"Sugar Factory\",\"description\":\"Create your sweetest pieces!\",\"potentialAction\":[{\"@type\":\"SearchAction\",\"target\":{\"@type\":\"EntryPoint\",\"urlTemplate\":\"https:\/\/www.sugarfactory.hr\/?s={search_term_string}\"},\"query-input\":{\"@type\":\"PropertyValueSpecification\",\"valueRequired\":true,\"valueName\":\"search_term_string\"}}],\"inLanguage\":\"hu\"}]}<\/script>\n<!-- \/ Yoast SEO plugin. -->","yoast_head_json":{"title":"Dope The Wall 10 L - Sugar Factory","robots":{"index":"index","follow":"follow","max-snippet":"max-snippet:-1","max-image-preview":"max-image-preview:large","max-video-preview":"max-video-preview:-1"},"canonical":"https:\/\/www.sugarfactory.hr\/hu\/termek\/fal-szinek\/dope-the-wall-10-l\/","og_locale":"hu_HU","og_type":"article","og_title":"Dope The Wall 10 L - Sugar Factory","og_description":"Dope The Wall je profesionalna boja za zidove namijenjena velikim povr\u0161inama i intenzivnoj upotrebi. Boja dolazi u pakiranju od 10 litara, pru\u017eaju\u0107i dugotrajnu pokrivnost i otpornost. Formulirana je tako da se brzo su\u0161i, ima odli\u010dnu pokrivnu mo\u0107 i odolijeva vremenskim uvjetima, \u0161to je \u010dini pogodnom za vanjsku i unutarnju upotrebu. Pakiranje: 10 L Primjena: unutarnja [&hellip;]","og_url":"https:\/\/www.sugarfactory.hr\/hu\/termek\/fal-szinek\/dope-the-wall-10-l\/","og_site_name":"Sugar Factory","article_modified_time":"2026-04-08T08:26:02+00:00","og_image":[{"width":896,"height":1120,"url":"https:\/\/www.sugarfactory.hr\/wp-content\/uploads\/2024\/06\/dope-the-wall.webp","type":"image\/webp"}],"twitter_card":"summary_large_image","twitter_misc":{"Becs\u00fclt olvas\u00e1si id\u0151":"1 perc"},"schema":{"@context":"https:\/\/schema.org","@graph":[{"@type":"WebPage","@id":"https:\/\/www.sugarfactory.hr\/proizvod\/boje-za-zid\/dope-the-wall-10-l\/","url":"https:\/\/www.sugarfactory.hr\/proizvod\/boje-za-zid\/dope-the-wall-10-l\/","name":"Dope The Wall 10 L - Sugar Factory","isPartOf":{"@id":"https:\/\/www.sugarfactory.hr\/#website"},"primaryImageOfPage":{"@id":"https:\/\/www.sugarfactory.hr\/proizvod\/boje-za-zid\/dope-the-wall-10-l\/#primaryimage"},"image":{"@id":"https:\/\/www.sugarfactory.hr\/proizvod\/boje-za-zid\/dope-the-wall-10-l\/#primaryimage"},"thumbnailUrl":"https:\/\/www.sugarfactory.hr\/wp-content\/uploads\/2024\/06\/dope-the-wall.webp","datePublished":"2024-06-05T14:01:41+00:00","dateModified":"2026-04-08T08:26:02+00:00","breadcrumb":{"@id":"https:\/\/www.sugarfactory.hr\/proizvod\/boje-za-zid\/dope-the-wall-10-l\/#breadcrumb"},"inLanguage":"hu","potentialAction":[{"@type":"ReadAction","target":["https:\/\/www.sugarfactory.hr\/proizvod\/boje-za-zid\/dope-the-wall-10-l\/"]}]},{"@type":"ImageObject","inLanguage":"hu","@id":"https:\/\/www.sugarfactory.hr\/proizvod\/boje-za-zid\/dope-the-wall-10-l\/#primaryimage","url":"https:\/\/www.sugarfactory.hr\/wp-content\/uploads\/2024\/06\/dope-the-wall.webp","contentUrl":"https:\/\/www.sugarfactory.hr\/wp-content\/uploads\/2024\/06\/dope-the-wall.webp","width":896,"height":1120},{"@type":"BreadcrumbList","@id":"https:\/\/www.sugarfactory.hr\/proizvod\/boje-za-zid\/dope-the-wall-10-l\/#breadcrumb","itemListElement":[{"@type":"ListItem","position":1,"name":"Po\u010detna stranica","item":"https:\/\/www.sugarfactory.hr\/"},{"@type":"ListItem","position":2,"name":"Proizvodi","item":"https:\/\/www.sugarfactory.hr\/shop\/"},{"@type":"ListItem","position":3,"name":"Dope The Wall 10 L"}]},{"@type":"WebSite","@id":"https:\/\/www.sugarfactory.hr\/#website","url":"https:\/\/www.sugarfactory.hr\/","name":"Cukorgy\u00e1r","description":"Create your sweetest pieces!","potentialAction":[{"@type":"SearchAction","target":{"@type":"EntryPoint","urlTemplate":"https:\/\/www.sugarfactory.hr\/?s={search_term_string}"},"query-input":{"@type":"PropertyValueSpecification","valueRequired":true,"valueName":"search_term_string"}}],"inLanguage":"hu"}]}},"_links":{"self":[{"href":"https:\/\/www.sugarfactory.hr\/hu\/wp-json\/wp\/v2\/product\/8073","targetHints":{"allow":["GET"]}}],"collection":[{"href":"https:\/\/www.sugarfactory.hr\/hu\/wp-json\/wp\/v2\/product"}],"about":[{"href":"https:\/\/www.sugarfactory.hr\/hu\/wp-json\/wp\/v2\/types\/product"}],"wp:featuredmedia":[{"embeddable":true,"href":"https:\/\/www.sugarfactory.hr\/hu\/wp-json\/wp\/v2\/media\/12498"}],"wp:attachment":[{"href":"https:\/\/www.sugarfactory.hr\/hu\/wp-json\/wp\/v2\/media?parent=8073"}],"wp:term":[{"taxonomy":"product_brand","embeddable":true,"href":"https:\/\/www.sugarfactory.hr\/hu\/wp-json\/wp\/v2\/product_brand?post=8073"},{"taxonomy":"product_cat","embeddable":true,"href":"https:\/\/www.sugarfactory.hr\/hu\/wp-json\/wp\/v2\/product_cat?post=8073"},{"taxonomy":"product_tag","embeddable":true,"href":"https:\/\/www.sugarfactory.hr\/hu\/wp-json\/wp\/v2\/product_tag?post=8073"}],"curies":[{"name":"wp","href":"https:\/\/api.w.org\/{rel}","templated":true}]}}