{"id":8152,"date":"2024-06-06T16:26:08","date_gmt":"2024-06-06T16:26:08","guid":{"rendered":"https:\/\/www.sugarfactory.hr\/?post_type=product&#038;p=8152"},"modified":"2026-04-09T16:24:40","modified_gmt":"2026-04-09T15:24:40","slug":"mtn-system","status":"publish","type":"product","link":"https:\/\/www.sugarfactory.hr\/hu\/termek\/kiegeszitok\/mtn-system\/","title":{"rendered":"MTN rendszer"},"content":{"rendered":"<p data-start=\"0\" data-end=\"129\"><strong data-start=\"0\" data-end=\"14\">MTN rendszer<\/strong> van <strong data-start=\"18\" data-end=\"38\" data-is-only-node=\"\">minijaturni vlak<\/strong> otisnut na <strong data-start=\"50\" data-end=\"87\">te\u0161kom, visokokvalitetnom kartonu<\/strong>, savr\u0161en za <strong data-start=\"100\" data-end=\"126\">sastavljanje i bojanje<\/strong>.<\/p>\n<p data-start=\"131\" data-end=\"396\" data-is-last-node=\"\" data-is-only-node=\"\">Ovaj set omogu\u0107uje <strong data-start=\"150\" data-end=\"186\">kreativnu igru i razvoj vje\u0161tina<\/strong>, biztos\u00edtva <strong data-start=\"198\" data-end=\"235\">precizne konture i \u010dvrstu podlogu<\/strong> za detaljno bojanje.<br data-start=\"256\" data-end=\"259\" \/><strong data-start=\"259\" data-end=\"273\">MTN rendszer<\/strong> ide\u00e1lis <strong data-start=\"288\" data-end=\"325\">umjetnike, hobiste i kolekcionare<\/strong> koji \u017eele <strong data-start=\"336\" data-end=\"377\">kombinirati modeliranje i ilustraciju<\/strong> u jednom projektu.<\/p>","protected":false},"excerpt":{"rendered":"<p>MTN System je minijaturni vlak otisnut na te\u0161kom, visokokvalitetnom kartonu, savr\u0161en za sastavljanje i bojanje. Ovaj set omogu\u0107uje kreativnu igru i razvoj vje\u0161tina, pru\u017eaju\u0107i precizne konture i \u010dvrstu podlogu za detaljno bojanje.MTN System je idealan za umjetnike, hobiste i kolekcionare koji \u017eele kombinirati modeliranje i ilustraciju u jednom projektu.<\/p>","protected":false},"featured_media":12597,"template":"","meta":{"_acf_changed":false},"product_brand":[104],"product_cat":[21,91],"product_tag":[],"class_list":{"0":"post-8152","1":"product","2":"type-product","3":"status-publish","4":"has-post-thumbnail","6":"product_brand-mtn","7":"product_cat-accessories","8":"product_cat-ostalo","10":"first","11":"outofstock","12":"shipping-taxable","13":"purchasable","14":"product-type-variable"},"acf":[],"yoast_head":"<!-- This site is optimized with the Yoast SEO plugin v26.3 - https:\/\/yoast.com\/wordpress\/plugins\/seo\/ -->\n<title>MTN System - Sugar Factory<\/title>\n<meta name=\"robots\" content=\"index, follow, max-snippet:-1, max-image-preview:large, max-video-preview:-1\" \/>\n<link rel=\"canonical\" href=\"https:\/\/www.sugarfactory.hr\/hu\/termek\/kiegeszitok\/mtn-system\/\" \/>\n<meta property=\"og:locale\" content=\"hu_HU\" \/>\n<meta property=\"og:type\" content=\"article\" \/>\n<meta property=\"og:title\" content=\"MTN System - Sugar Factory\" \/>\n<meta property=\"og:description\" content=\"MTN System je minijaturni vlak otisnut na te\u0161kom, visokokvalitetnom kartonu, savr\u0161en za sastavljanje i bojanje. Ovaj set omogu\u0107uje kreativnu igru i razvoj vje\u0161tina, pru\u017eaju\u0107i precizne konture i \u010dvrstu podlogu za detaljno bojanje.MTN System je idealan za umjetnike, hobiste i kolekcionare koji \u017eele kombinirati modeliranje i ilustraciju u jednom projektu.\" \/>\n<meta property=\"og:url\" content=\"https:\/\/www.sugarfactory.hr\/hu\/termek\/kiegeszitok\/mtn-system\/\" \/>\n<meta property=\"og:site_name\" content=\"Sugar Factory\" \/>\n<meta property=\"article:modified_time\" content=\"2026-04-09T15:24:40+00:00\" \/>\n<meta property=\"og:image\" content=\"https:\/\/www.sugarfactory.hr\/wp-content\/uploads\/2024\/06\/5e308ddcc7234f04b7648f73c3c0f3bd.webp\" \/>\n\t<meta property=\"og:image:width\" content=\"896\" \/>\n\t<meta property=\"og:image:height\" content=\"1120\" \/>\n\t<meta property=\"og:image:type\" content=\"image\/webp\" \/>\n<meta name=\"twitter:card\" content=\"summary_large_image\" \/>\n<script type=\"application\/ld+json\" class=\"yoast-schema-graph\">{\"@context\":\"https:\/\/schema.org\",\"@graph\":[{\"@type\":\"WebPage\",\"@id\":\"https:\/\/www.sugarfactory.hr\/proizvod\/accessories\/mtn-system\/\",\"url\":\"https:\/\/www.sugarfactory.hr\/proizvod\/accessories\/mtn-system\/\",\"name\":\"MTN System - Sugar Factory\",\"isPartOf\":{\"@id\":\"https:\/\/www.sugarfactory.hr\/#website\"},\"primaryImageOfPage\":{\"@id\":\"https:\/\/www.sugarfactory.hr\/proizvod\/accessories\/mtn-system\/#primaryimage\"},\"image\":{\"@id\":\"https:\/\/www.sugarfactory.hr\/proizvod\/accessories\/mtn-system\/#primaryimage\"},\"thumbnailUrl\":\"https:\/\/www.sugarfactory.hr\/wp-content\/uploads\/2024\/06\/5e308ddcc7234f04b7648f73c3c0f3bd.webp\",\"datePublished\":\"2024-06-06T16:26:08+00:00\",\"dateModified\":\"2026-04-09T15:24:40+00:00\",\"breadcrumb\":{\"@id\":\"https:\/\/www.sugarfactory.hr\/proizvod\/accessories\/mtn-system\/#breadcrumb\"},\"inLanguage\":\"hu\",\"potentialAction\":[{\"@type\":\"ReadAction\",\"target\":[\"https:\/\/www.sugarfactory.hr\/proizvod\/accessories\/mtn-system\/\"]}]},{\"@type\":\"ImageObject\",\"inLanguage\":\"hu\",\"@id\":\"https:\/\/www.sugarfactory.hr\/proizvod\/accessories\/mtn-system\/#primaryimage\",\"url\":\"https:\/\/www.sugarfactory.hr\/wp-content\/uploads\/2024\/06\/5e308ddcc7234f04b7648f73c3c0f3bd.webp\",\"contentUrl\":\"https:\/\/www.sugarfactory.hr\/wp-content\/uploads\/2024\/06\/5e308ddcc7234f04b7648f73c3c0f3bd.webp\",\"width\":896,\"height\":1120},{\"@type\":\"BreadcrumbList\",\"@id\":\"https:\/\/www.sugarfactory.hr\/proizvod\/accessories\/mtn-system\/#breadcrumb\",\"itemListElement\":[{\"@type\":\"ListItem\",\"position\":1,\"name\":\"Po\u010detna stranica\",\"item\":\"https:\/\/www.sugarfactory.hr\/\"},{\"@type\":\"ListItem\",\"position\":2,\"name\":\"Proizvodi\",\"item\":\"https:\/\/www.sugarfactory.hr\/shop\/\"},{\"@type\":\"ListItem\",\"position\":3,\"name\":\"MTN System\"}]},{\"@type\":\"WebSite\",\"@id\":\"https:\/\/www.sugarfactory.hr\/#website\",\"url\":\"https:\/\/www.sugarfactory.hr\/\",\"name\":\"Sugar Factory\",\"description\":\"Create your sweetest pieces!\",\"potentialAction\":[{\"@type\":\"SearchAction\",\"target\":{\"@type\":\"EntryPoint\",\"urlTemplate\":\"https:\/\/www.sugarfactory.hr\/?s={search_term_string}\"},\"query-input\":{\"@type\":\"PropertyValueSpecification\",\"valueRequired\":true,\"valueName\":\"search_term_string\"}}],\"inLanguage\":\"hu\"}]}<\/script>\n<!-- \/ Yoast SEO plugin. -->","yoast_head_json":{"title":"MTN System - Sugar Factory","robots":{"index":"index","follow":"follow","max-snippet":"max-snippet:-1","max-image-preview":"max-image-preview:large","max-video-preview":"max-video-preview:-1"},"canonical":"https:\/\/www.sugarfactory.hr\/hu\/termek\/kiegeszitok\/mtn-system\/","og_locale":"hu_HU","og_type":"article","og_title":"MTN System - Sugar Factory","og_description":"MTN System je minijaturni vlak otisnut na te\u0161kom, visokokvalitetnom kartonu, savr\u0161en za sastavljanje i bojanje. Ovaj set omogu\u0107uje kreativnu igru i razvoj vje\u0161tina, pru\u017eaju\u0107i precizne konture i \u010dvrstu podlogu za detaljno bojanje.MTN System je idealan za umjetnike, hobiste i kolekcionare koji \u017eele kombinirati modeliranje i ilustraciju u jednom projektu.","og_url":"https:\/\/www.sugarfactory.hr\/hu\/termek\/kiegeszitok\/mtn-system\/","og_site_name":"Sugar Factory","article_modified_time":"2026-04-09T15:24:40+00:00","og_image":[{"width":896,"height":1120,"url":"https:\/\/www.sugarfactory.hr\/wp-content\/uploads\/2024\/06\/5e308ddcc7234f04b7648f73c3c0f3bd.webp","type":"image\/webp"}],"twitter_card":"summary_large_image","schema":{"@context":"https:\/\/schema.org","@graph":[{"@type":"WebPage","@id":"https:\/\/www.sugarfactory.hr\/proizvod\/accessories\/mtn-system\/","url":"https:\/\/www.sugarfactory.hr\/proizvod\/accessories\/mtn-system\/","name":"MTN System - Sugar Factory","isPartOf":{"@id":"https:\/\/www.sugarfactory.hr\/#website"},"primaryImageOfPage":{"@id":"https:\/\/www.sugarfactory.hr\/proizvod\/accessories\/mtn-system\/#primaryimage"},"image":{"@id":"https:\/\/www.sugarfactory.hr\/proizvod\/accessories\/mtn-system\/#primaryimage"},"thumbnailUrl":"https:\/\/www.sugarfactory.hr\/wp-content\/uploads\/2024\/06\/5e308ddcc7234f04b7648f73c3c0f3bd.webp","datePublished":"2024-06-06T16:26:08+00:00","dateModified":"2026-04-09T15:24:40+00:00","breadcrumb":{"@id":"https:\/\/www.sugarfactory.hr\/proizvod\/accessories\/mtn-system\/#breadcrumb"},"inLanguage":"hu","potentialAction":[{"@type":"ReadAction","target":["https:\/\/www.sugarfactory.hr\/proizvod\/accessories\/mtn-system\/"]}]},{"@type":"ImageObject","inLanguage":"hu","@id":"https:\/\/www.sugarfactory.hr\/proizvod\/accessories\/mtn-system\/#primaryimage","url":"https:\/\/www.sugarfactory.hr\/wp-content\/uploads\/2024\/06\/5e308ddcc7234f04b7648f73c3c0f3bd.webp","contentUrl":"https:\/\/www.sugarfactory.hr\/wp-content\/uploads\/2024\/06\/5e308ddcc7234f04b7648f73c3c0f3bd.webp","width":896,"height":1120},{"@type":"BreadcrumbList","@id":"https:\/\/www.sugarfactory.hr\/proizvod\/accessories\/mtn-system\/#breadcrumb","itemListElement":[{"@type":"ListItem","position":1,"name":"Po\u010detna stranica","item":"https:\/\/www.sugarfactory.hr\/"},{"@type":"ListItem","position":2,"name":"Proizvodi","item":"https:\/\/www.sugarfactory.hr\/shop\/"},{"@type":"ListItem","position":3,"name":"MTN System"}]},{"@type":"WebSite","@id":"https:\/\/www.sugarfactory.hr\/#website","url":"https:\/\/www.sugarfactory.hr\/","name":"Cukorgy\u00e1r","description":"Create your sweetest pieces!","potentialAction":[{"@type":"SearchAction","target":{"@type":"EntryPoint","urlTemplate":"https:\/\/www.sugarfactory.hr\/?s={search_term_string}"},"query-input":{"@type":"PropertyValueSpecification","valueRequired":true,"valueName":"search_term_string"}}],"inLanguage":"hu"}]}},"_links":{"self":[{"href":"https:\/\/www.sugarfactory.hr\/hu\/wp-json\/wp\/v2\/product\/8152","targetHints":{"allow":["GET"]}}],"collection":[{"href":"https:\/\/www.sugarfactory.hr\/hu\/wp-json\/wp\/v2\/product"}],"about":[{"href":"https:\/\/www.sugarfactory.hr\/hu\/wp-json\/wp\/v2\/types\/product"}],"wp:featuredmedia":[{"embeddable":true,"href":"https:\/\/www.sugarfactory.hr\/hu\/wp-json\/wp\/v2\/media\/12597"}],"wp:attachment":[{"href":"https:\/\/www.sugarfactory.hr\/hu\/wp-json\/wp\/v2\/media?parent=8152"}],"wp:term":[{"taxonomy":"product_brand","embeddable":true,"href":"https:\/\/www.sugarfactory.hr\/hu\/wp-json\/wp\/v2\/product_brand?post=8152"},{"taxonomy":"product_cat","embeddable":true,"href":"https:\/\/www.sugarfactory.hr\/hu\/wp-json\/wp\/v2\/product_cat?post=8152"},{"taxonomy":"product_tag","embeddable":true,"href":"https:\/\/www.sugarfactory.hr\/hu\/wp-json\/wp\/v2\/product_tag?post=8152"}],"curies":[{"name":"wp","href":"https:\/\/api.w.org\/{rel}","templated":true}]}}