{"id":8510,"date":"2024-08-08T08:26:57","date_gmt":"2024-08-08T08:26:57","guid":{"rendered":"https:\/\/www.sugarfactory.hr\/?post_type=product&#038;p=8510"},"modified":"2026-03-30T09:45:15","modified_gmt":"2026-03-30T08:45:15","slug":"montana-studio-rack-84","status":"publish","type":"product","link":"https:\/\/www.sugarfactory.hr\/hu\/termek\/kiegeszitok\/montana-studio-rack-84\/","title":{"rendered":"Montana St\u00fadi\u00f3 \u00c1llv\u00e1ny 84"},"content":{"rendered":"<p data-start=\"0\" data-end=\"149\"><strong data-start=\"0\" data-end=\"26\">Montana St\u00fadi\u00f3 \u00c1llv\u00e1ny 84<\/strong> van <strong data-start=\"30\" data-end=\"78\" data-is-only-node=\"\">kompaktno i funkcionalno rje\u0161enje za pohranu<\/strong> umjetni\u010dkog materijala, idealno za <strong data-start=\"114\" data-end=\"146\">studije, ateljee i radionice<\/strong>.<\/p>\n<p data-start=\"151\" data-end=\"508\" data-is-last-node=\"\" data-is-only-node=\"\">Police su dimenzija <strong data-start=\"171\" data-end=\"221\">45 cm \u0161irine, 13,5 cm dubine i 108,5 cm visine<\/strong>, ami lehet\u0151v\u00e9 teszi <strong data-start=\"237\" data-end=\"265\">veliki kapacitet pohrane<\/strong> bez zauzimanja puno <strong data-start=\"286\" data-end=\"316\">zidnog ili podnog prostora<\/strong>.<\/p>\n<p data-start=\"151\" data-end=\"508\" data-is-last-node=\"\" data-is-only-node=\"\"><strong data-start=\"320\" data-end=\"346\">Montana St\u00fadi\u00f3 \u00c1llv\u00e1ny 84<\/strong> biztos\u00edt <strong data-start=\"353\" data-end=\"410\">organiziran, pregledan i prakti\u010dan na\u010din skladi\u0161tenja<\/strong> sprejeva, boja i drugih umjetni\u010dkih potrep\u0161tina, \u010dine\u0107i radni prostor <strong data-start=\"481\" data-end=\"507\">urednim i pristupa\u010dnim<\/strong>.<\/p>","protected":false},"excerpt":{"rendered":"<p>Montana Studio Rack 84 je kompaktno i funkcionalno rje\u0161enje za pohranu umjetni\u010dkog materijala, idealno za studije, ateljee i radionice. Police su dimenzija 45 cm \u0161irine, 13,5 cm dubine i 108,5 cm visine, \u0161to omogu\u0107uje veliki kapacitet pohrane bez zauzimanja puno zidnog ili podnog prostora. Montana Studio Rack 84 pru\u017ea organiziran, pregledan i prakti\u010dan na\u010din skladi\u0161tenja [&hellip;]<\/p>","protected":false},"featured_media":12584,"template":"","meta":{"_acf_changed":false},"product_brand":[105],"product_cat":[21,89],"product_tag":[],"class_list":{"0":"post-8510","1":"product","2":"type-product","3":"status-publish","4":"has-post-thumbnail","6":"product_brand-montana","7":"product_cat-accessories","8":"product_cat-polica-za-sprejeve","10":"first","11":"outofstock","12":"shipping-taxable","13":"purchasable","14":"product-type-simple"},"acf":[],"yoast_head":"<!-- This site is optimized with the Yoast SEO plugin v26.3 - https:\/\/yoast.com\/wordpress\/plugins\/seo\/ -->\n<title>Montana Studio Rack 84 - Sugar Factory<\/title>\n<meta name=\"robots\" content=\"index, follow, max-snippet:-1, max-image-preview:large, max-video-preview:-1\" \/>\n<link rel=\"canonical\" href=\"https:\/\/www.sugarfactory.hr\/hu\/termek\/kiegeszitok\/montana-studio-rack-84\/\" \/>\n<meta property=\"og:locale\" content=\"hu_HU\" \/>\n<meta property=\"og:type\" content=\"article\" \/>\n<meta property=\"og:title\" content=\"Montana Studio Rack 84 - Sugar Factory\" \/>\n<meta property=\"og:description\" content=\"Montana Studio Rack 84 je kompaktno i funkcionalno rje\u0161enje za pohranu umjetni\u010dkog materijala, idealno za studije, ateljee i radionice. Police su dimenzija 45 cm \u0161irine, 13,5 cm dubine i 108,5 cm visine, \u0161to omogu\u0107uje veliki kapacitet pohrane bez zauzimanja puno zidnog ili podnog prostora. Montana Studio Rack 84 pru\u017ea organiziran, pregledan i prakti\u010dan na\u010din skladi\u0161tenja [&hellip;]\" \/>\n<meta property=\"og:url\" content=\"https:\/\/www.sugarfactory.hr\/hu\/termek\/kiegeszitok\/montana-studio-rack-84\/\" \/>\n<meta property=\"og:site_name\" content=\"Sugar Factory\" \/>\n<meta property=\"article:modified_time\" content=\"2026-03-30T08:45:15+00:00\" \/>\n<meta property=\"og:image\" content=\"https:\/\/www.sugarfactory.hr\/wp-content\/uploads\/2024\/08\/b709fb1c14f94be6839ce2af6d50c57f.webp\" \/>\n\t<meta property=\"og:image:width\" content=\"896\" \/>\n\t<meta property=\"og:image:height\" content=\"1120\" \/>\n\t<meta property=\"og:image:type\" content=\"image\/webp\" \/>\n<meta name=\"twitter:card\" content=\"summary_large_image\" \/>\n<script type=\"application\/ld+json\" class=\"yoast-schema-graph\">{\"@context\":\"https:\/\/schema.org\",\"@graph\":[{\"@type\":\"WebPage\",\"@id\":\"https:\/\/www.sugarfactory.hr\/proizvod\/accessories\/montana-studio-rack-84\/\",\"url\":\"https:\/\/www.sugarfactory.hr\/proizvod\/accessories\/montana-studio-rack-84\/\",\"name\":\"Montana Studio Rack 84 - Sugar Factory\",\"isPartOf\":{\"@id\":\"https:\/\/www.sugarfactory.hr\/#website\"},\"primaryImageOfPage\":{\"@id\":\"https:\/\/www.sugarfactory.hr\/proizvod\/accessories\/montana-studio-rack-84\/#primaryimage\"},\"image\":{\"@id\":\"https:\/\/www.sugarfactory.hr\/proizvod\/accessories\/montana-studio-rack-84\/#primaryimage\"},\"thumbnailUrl\":\"https:\/\/www.sugarfactory.hr\/wp-content\/uploads\/2024\/08\/b709fb1c14f94be6839ce2af6d50c57f.webp\",\"datePublished\":\"2024-08-08T08:26:57+00:00\",\"dateModified\":\"2026-03-30T08:45:15+00:00\",\"breadcrumb\":{\"@id\":\"https:\/\/www.sugarfactory.hr\/proizvod\/accessories\/montana-studio-rack-84\/#breadcrumb\"},\"inLanguage\":\"hu\",\"potentialAction\":[{\"@type\":\"ReadAction\",\"target\":[\"https:\/\/www.sugarfactory.hr\/proizvod\/accessories\/montana-studio-rack-84\/\"]}]},{\"@type\":\"ImageObject\",\"inLanguage\":\"hu\",\"@id\":\"https:\/\/www.sugarfactory.hr\/proizvod\/accessories\/montana-studio-rack-84\/#primaryimage\",\"url\":\"https:\/\/www.sugarfactory.hr\/wp-content\/uploads\/2024\/08\/b709fb1c14f94be6839ce2af6d50c57f.webp\",\"contentUrl\":\"https:\/\/www.sugarfactory.hr\/wp-content\/uploads\/2024\/08\/b709fb1c14f94be6839ce2af6d50c57f.webp\",\"width\":896,\"height\":1120},{\"@type\":\"BreadcrumbList\",\"@id\":\"https:\/\/www.sugarfactory.hr\/proizvod\/accessories\/montana-studio-rack-84\/#breadcrumb\",\"itemListElement\":[{\"@type\":\"ListItem\",\"position\":1,\"name\":\"Po\u010detna stranica\",\"item\":\"https:\/\/www.sugarfactory.hr\/\"},{\"@type\":\"ListItem\",\"position\":2,\"name\":\"Proizvodi\",\"item\":\"https:\/\/www.sugarfactory.hr\/shop\/\"},{\"@type\":\"ListItem\",\"position\":3,\"name\":\"Montana Studio Rack 84\"}]},{\"@type\":\"WebSite\",\"@id\":\"https:\/\/www.sugarfactory.hr\/#website\",\"url\":\"https:\/\/www.sugarfactory.hr\/\",\"name\":\"Sugar Factory\",\"description\":\"Create your sweetest pieces!\",\"potentialAction\":[{\"@type\":\"SearchAction\",\"target\":{\"@type\":\"EntryPoint\",\"urlTemplate\":\"https:\/\/www.sugarfactory.hr\/?s={search_term_string}\"},\"query-input\":{\"@type\":\"PropertyValueSpecification\",\"valueRequired\":true,\"valueName\":\"search_term_string\"}}],\"inLanguage\":\"hu\"}]}<\/script>\n<!-- \/ Yoast SEO plugin. -->","yoast_head_json":{"title":"Montana Studio Rack 84 - Sugar Factory","robots":{"index":"index","follow":"follow","max-snippet":"max-snippet:-1","max-image-preview":"max-image-preview:large","max-video-preview":"max-video-preview:-1"},"canonical":"https:\/\/www.sugarfactory.hr\/hu\/termek\/kiegeszitok\/montana-studio-rack-84\/","og_locale":"hu_HU","og_type":"article","og_title":"Montana Studio Rack 84 - Sugar Factory","og_description":"Montana Studio Rack 84 je kompaktno i funkcionalno rje\u0161enje za pohranu umjetni\u010dkog materijala, idealno za studije, ateljee i radionice. Police su dimenzija 45 cm \u0161irine, 13,5 cm dubine i 108,5 cm visine, \u0161to omogu\u0107uje veliki kapacitet pohrane bez zauzimanja puno zidnog ili podnog prostora. Montana Studio Rack 84 pru\u017ea organiziran, pregledan i prakti\u010dan na\u010din skladi\u0161tenja [&hellip;]","og_url":"https:\/\/www.sugarfactory.hr\/hu\/termek\/kiegeszitok\/montana-studio-rack-84\/","og_site_name":"Sugar Factory","article_modified_time":"2026-03-30T08:45:15+00:00","og_image":[{"width":896,"height":1120,"url":"https:\/\/www.sugarfactory.hr\/wp-content\/uploads\/2024\/08\/b709fb1c14f94be6839ce2af6d50c57f.webp","type":"image\/webp"}],"twitter_card":"summary_large_image","schema":{"@context":"https:\/\/schema.org","@graph":[{"@type":"WebPage","@id":"https:\/\/www.sugarfactory.hr\/proizvod\/accessories\/montana-studio-rack-84\/","url":"https:\/\/www.sugarfactory.hr\/proizvod\/accessories\/montana-studio-rack-84\/","name":"Montana Studio Rack 84 - Sugar Factory","isPartOf":{"@id":"https:\/\/www.sugarfactory.hr\/#website"},"primaryImageOfPage":{"@id":"https:\/\/www.sugarfactory.hr\/proizvod\/accessories\/montana-studio-rack-84\/#primaryimage"},"image":{"@id":"https:\/\/www.sugarfactory.hr\/proizvod\/accessories\/montana-studio-rack-84\/#primaryimage"},"thumbnailUrl":"https:\/\/www.sugarfactory.hr\/wp-content\/uploads\/2024\/08\/b709fb1c14f94be6839ce2af6d50c57f.webp","datePublished":"2024-08-08T08:26:57+00:00","dateModified":"2026-03-30T08:45:15+00:00","breadcrumb":{"@id":"https:\/\/www.sugarfactory.hr\/proizvod\/accessories\/montana-studio-rack-84\/#breadcrumb"},"inLanguage":"hu","potentialAction":[{"@type":"ReadAction","target":["https:\/\/www.sugarfactory.hr\/proizvod\/accessories\/montana-studio-rack-84\/"]}]},{"@type":"ImageObject","inLanguage":"hu","@id":"https:\/\/www.sugarfactory.hr\/proizvod\/accessories\/montana-studio-rack-84\/#primaryimage","url":"https:\/\/www.sugarfactory.hr\/wp-content\/uploads\/2024\/08\/b709fb1c14f94be6839ce2af6d50c57f.webp","contentUrl":"https:\/\/www.sugarfactory.hr\/wp-content\/uploads\/2024\/08\/b709fb1c14f94be6839ce2af6d50c57f.webp","width":896,"height":1120},{"@type":"BreadcrumbList","@id":"https:\/\/www.sugarfactory.hr\/proizvod\/accessories\/montana-studio-rack-84\/#breadcrumb","itemListElement":[{"@type":"ListItem","position":1,"name":"Po\u010detna stranica","item":"https:\/\/www.sugarfactory.hr\/"},{"@type":"ListItem","position":2,"name":"Proizvodi","item":"https:\/\/www.sugarfactory.hr\/shop\/"},{"@type":"ListItem","position":3,"name":"Montana Studio Rack 84"}]},{"@type":"WebSite","@id":"https:\/\/www.sugarfactory.hr\/#website","url":"https:\/\/www.sugarfactory.hr\/","name":"Cukorgy\u00e1r","description":"Create your sweetest pieces!","potentialAction":[{"@type":"SearchAction","target":{"@type":"EntryPoint","urlTemplate":"https:\/\/www.sugarfactory.hr\/?s={search_term_string}"},"query-input":{"@type":"PropertyValueSpecification","valueRequired":true,"valueName":"search_term_string"}}],"inLanguage":"hu"}]}},"_links":{"self":[{"href":"https:\/\/www.sugarfactory.hr\/hu\/wp-json\/wp\/v2\/product\/8510","targetHints":{"allow":["GET"]}}],"collection":[{"href":"https:\/\/www.sugarfactory.hr\/hu\/wp-json\/wp\/v2\/product"}],"about":[{"href":"https:\/\/www.sugarfactory.hr\/hu\/wp-json\/wp\/v2\/types\/product"}],"wp:featuredmedia":[{"embeddable":true,"href":"https:\/\/www.sugarfactory.hr\/hu\/wp-json\/wp\/v2\/media\/12584"}],"wp:attachment":[{"href":"https:\/\/www.sugarfactory.hr\/hu\/wp-json\/wp\/v2\/media?parent=8510"}],"wp:term":[{"taxonomy":"product_brand","embeddable":true,"href":"https:\/\/www.sugarfactory.hr\/hu\/wp-json\/wp\/v2\/product_brand?post=8510"},{"taxonomy":"product_cat","embeddable":true,"href":"https:\/\/www.sugarfactory.hr\/hu\/wp-json\/wp\/v2\/product_cat?post=8510"},{"taxonomy":"product_tag","embeddable":true,"href":"https:\/\/www.sugarfactory.hr\/hu\/wp-json\/wp\/v2\/product_tag?post=8510"}],"curies":[{"name":"wp","href":"https:\/\/api.w.org\/{rel}","templated":true}]}}