{"id":8704,"date":"2024-10-08T11:55:44","date_gmt":"2024-10-08T11:55:44","guid":{"rendered":"https:\/\/www.sugarfactory.hr\/?post_type=product&#038;p=8704"},"modified":"2026-04-14T16:17:00","modified_gmt":"2026-04-14T15:17:00","slug":"night-quill-hydra-cap","status":"publish","type":"product","link":"https:\/\/www.sugarfactory.hr\/hu\/termek\/sapkak\/night-quill-hydra-cap\/","title":{"rendered":"\u00c9jszakai tollas hidra sapka"},"content":{"rendered":"<p data-start=\"0\" data-end=\"131\"><strong data-start=\"0\" data-end=\"25\">\u00c9jszakai tollas hidra sapka<\/strong> van <strong data-start=\"29\" data-end=\"79\" data-is-only-node=\"\">mlaznica koja stvara masivni mlaz \u0161irine 35 cm<\/strong> iz srednjetla\u010dnih limenki s <strong data-start=\"108\" data-end=\"128\">\u017eenskim ventilom<\/strong>.<\/p>\n<p data-start=\"133\" data-end=\"376\" data-is-last-node=\"\" data-is-only-node=\"\">Lehet\u0151v\u00e9 teszi <strong data-start=\"143\" data-end=\"179\">brzo pokrivanje velikih povr\u0161ina<\/strong>, s mogu\u0107no\u0161\u0107u ispunjavanja <strong data-start=\"207\" data-end=\"247\">1 kvadratnog metra za oko 10 sekundi<\/strong>.<\/p>\n<p data-start=\"133\" data-end=\"376\" data-is-last-node=\"\" data-is-only-node=\"\">Kompatibilna je s <strong data-start=\"269\" data-end=\"297\">MTN Madmaxxx i Ultrawide<\/strong> limenkama, \u010dine\u0107i je <strong data-start=\"319\" data-end=\"375\">idealnim alatom za velike grafiti i muralne projekte<\/strong>.<\/p>","protected":false},"excerpt":{"rendered":"<p>Night Quill Hydra Cap je mlaznica koja stvara masivni mlaz \u0161irine 35 cm iz srednjetla\u010dnih limenki s \u017eenskim ventilom. Omogu\u0107uje brzo pokrivanje velikih povr\u0161ina, s mogu\u0107no\u0161\u0107u ispunjavanja 1 kvadratnog metra za oko 10 sekundi. Kompatibilna je s MTN Madmaxxx i Ultrawide limenkama, \u010dine\u0107i je idealnim alatom za velike grafiti i muralne projekte.<\/p>","protected":false},"featured_media":12638,"template":"","meta":{"_acf_changed":false},"product_brand":[],"product_cat":[19,96,101],"product_tag":[],"class_list":{"0":"post-8704","1":"product","2":"type-product","3":"status-publish","4":"has-post-thumbnail","6":"product_cat-kapice","7":"product_cat-fat-caps","8":"product_cat-night-quill","10":"first","11":"instock","12":"shipping-taxable","13":"purchasable","14":"product-type-simple"},"acf":[],"yoast_head":"<!-- This site is optimized with the Yoast SEO plugin v26.3 - https:\/\/yoast.com\/wordpress\/plugins\/seo\/ -->\n<title>Night Quill Hydra Cap - Sugar Factory<\/title>\n<meta name=\"robots\" content=\"index, follow, max-snippet:-1, max-image-preview:large, max-video-preview:-1\" \/>\n<link rel=\"canonical\" href=\"https:\/\/www.sugarfactory.hr\/hu\/termek\/sapkak\/night-quill-hydra-cap\/\" \/>\n<meta property=\"og:locale\" content=\"hu_HU\" \/>\n<meta property=\"og:type\" content=\"article\" \/>\n<meta property=\"og:title\" content=\"Night Quill Hydra Cap - Sugar Factory\" \/>\n<meta property=\"og:description\" content=\"Night Quill Hydra Cap je mlaznica koja stvara masivni mlaz \u0161irine 35 cm iz srednjetla\u010dnih limenki s \u017eenskim ventilom. Omogu\u0107uje brzo pokrivanje velikih povr\u0161ina, s mogu\u0107no\u0161\u0107u ispunjavanja 1 kvadratnog metra za oko 10 sekundi. Kompatibilna je s MTN Madmaxxx i Ultrawide limenkama, \u010dine\u0107i je idealnim alatom za velike grafiti i muralne projekte.\" \/>\n<meta property=\"og:url\" content=\"https:\/\/www.sugarfactory.hr\/hu\/termek\/sapkak\/night-quill-hydra-cap\/\" \/>\n<meta property=\"og:site_name\" content=\"Sugar Factory\" \/>\n<meta property=\"article:modified_time\" content=\"2026-04-14T15:17:00+00:00\" \/>\n<meta property=\"og:image\" content=\"https:\/\/www.sugarfactory.hr\/wp-content\/uploads\/2024\/10\/9c6d8297f42e4cd98555e5adc9e9c57d.png\" \/>\n\t<meta property=\"og:image:width\" content=\"896\" \/>\n\t<meta property=\"og:image:height\" content=\"1120\" \/>\n\t<meta property=\"og:image:type\" content=\"image\/png\" \/>\n<meta name=\"twitter:card\" content=\"summary_large_image\" \/>\n<script type=\"application\/ld+json\" class=\"yoast-schema-graph\">{\"@context\":\"https:\/\/schema.org\",\"@graph\":[{\"@type\":\"WebPage\",\"@id\":\"https:\/\/www.sugarfactory.hr\/proizvod\/kapice\/night-quill-hydra-cap\/\",\"url\":\"https:\/\/www.sugarfactory.hr\/proizvod\/kapice\/night-quill-hydra-cap\/\",\"name\":\"Night Quill Hydra Cap - Sugar Factory\",\"isPartOf\":{\"@id\":\"https:\/\/www.sugarfactory.hr\/#website\"},\"primaryImageOfPage\":{\"@id\":\"https:\/\/www.sugarfactory.hr\/proizvod\/kapice\/night-quill-hydra-cap\/#primaryimage\"},\"image\":{\"@id\":\"https:\/\/www.sugarfactory.hr\/proizvod\/kapice\/night-quill-hydra-cap\/#primaryimage\"},\"thumbnailUrl\":\"https:\/\/www.sugarfactory.hr\/wp-content\/uploads\/2024\/10\/9c6d8297f42e4cd98555e5adc9e9c57d.png\",\"datePublished\":\"2024-10-08T11:55:44+00:00\",\"dateModified\":\"2026-04-14T15:17:00+00:00\",\"breadcrumb\":{\"@id\":\"https:\/\/www.sugarfactory.hr\/proizvod\/kapice\/night-quill-hydra-cap\/#breadcrumb\"},\"inLanguage\":\"hu\",\"potentialAction\":[{\"@type\":\"ReadAction\",\"target\":[\"https:\/\/www.sugarfactory.hr\/proizvod\/kapice\/night-quill-hydra-cap\/\"]}]},{\"@type\":\"ImageObject\",\"inLanguage\":\"hu\",\"@id\":\"https:\/\/www.sugarfactory.hr\/proizvod\/kapice\/night-quill-hydra-cap\/#primaryimage\",\"url\":\"https:\/\/www.sugarfactory.hr\/wp-content\/uploads\/2024\/10\/9c6d8297f42e4cd98555e5adc9e9c57d.png\",\"contentUrl\":\"https:\/\/www.sugarfactory.hr\/wp-content\/uploads\/2024\/10\/9c6d8297f42e4cd98555e5adc9e9c57d.png\",\"width\":896,\"height\":1120},{\"@type\":\"BreadcrumbList\",\"@id\":\"https:\/\/www.sugarfactory.hr\/proizvod\/kapice\/night-quill-hydra-cap\/#breadcrumb\",\"itemListElement\":[{\"@type\":\"ListItem\",\"position\":1,\"name\":\"Po\u010detna stranica\",\"item\":\"https:\/\/www.sugarfactory.hr\/\"},{\"@type\":\"ListItem\",\"position\":2,\"name\":\"Proizvodi\",\"item\":\"https:\/\/www.sugarfactory.hr\/shop\/\"},{\"@type\":\"ListItem\",\"position\":3,\"name\":\"Night Quill Hydra Cap\"}]},{\"@type\":\"WebSite\",\"@id\":\"https:\/\/www.sugarfactory.hr\/#website\",\"url\":\"https:\/\/www.sugarfactory.hr\/\",\"name\":\"Sugar Factory\",\"description\":\"Create your sweetest pieces!\",\"potentialAction\":[{\"@type\":\"SearchAction\",\"target\":{\"@type\":\"EntryPoint\",\"urlTemplate\":\"https:\/\/www.sugarfactory.hr\/?s={search_term_string}\"},\"query-input\":{\"@type\":\"PropertyValueSpecification\",\"valueRequired\":true,\"valueName\":\"search_term_string\"}}],\"inLanguage\":\"hu\"}]}<\/script>\n<!-- \/ Yoast SEO plugin. -->","yoast_head_json":{"title":"Night Quill Hydra Cap - Sugar Factory","robots":{"index":"index","follow":"follow","max-snippet":"max-snippet:-1","max-image-preview":"max-image-preview:large","max-video-preview":"max-video-preview:-1"},"canonical":"https:\/\/www.sugarfactory.hr\/hu\/termek\/sapkak\/night-quill-hydra-cap\/","og_locale":"hu_HU","og_type":"article","og_title":"Night Quill Hydra Cap - Sugar Factory","og_description":"Night Quill Hydra Cap je mlaznica koja stvara masivni mlaz \u0161irine 35 cm iz srednjetla\u010dnih limenki s \u017eenskim ventilom. Omogu\u0107uje brzo pokrivanje velikih povr\u0161ina, s mogu\u0107no\u0161\u0107u ispunjavanja 1 kvadratnog metra za oko 10 sekundi. Kompatibilna je s MTN Madmaxxx i Ultrawide limenkama, \u010dine\u0107i je idealnim alatom za velike grafiti i muralne projekte.","og_url":"https:\/\/www.sugarfactory.hr\/hu\/termek\/sapkak\/night-quill-hydra-cap\/","og_site_name":"Sugar Factory","article_modified_time":"2026-04-14T15:17:00+00:00","og_image":[{"width":896,"height":1120,"url":"https:\/\/www.sugarfactory.hr\/wp-content\/uploads\/2024\/10\/9c6d8297f42e4cd98555e5adc9e9c57d.png","type":"image\/png"}],"twitter_card":"summary_large_image","schema":{"@context":"https:\/\/schema.org","@graph":[{"@type":"WebPage","@id":"https:\/\/www.sugarfactory.hr\/proizvod\/kapice\/night-quill-hydra-cap\/","url":"https:\/\/www.sugarfactory.hr\/proizvod\/kapice\/night-quill-hydra-cap\/","name":"Night Quill Hydra Cap - Sugar Factory","isPartOf":{"@id":"https:\/\/www.sugarfactory.hr\/#website"},"primaryImageOfPage":{"@id":"https:\/\/www.sugarfactory.hr\/proizvod\/kapice\/night-quill-hydra-cap\/#primaryimage"},"image":{"@id":"https:\/\/www.sugarfactory.hr\/proizvod\/kapice\/night-quill-hydra-cap\/#primaryimage"},"thumbnailUrl":"https:\/\/www.sugarfactory.hr\/wp-content\/uploads\/2024\/10\/9c6d8297f42e4cd98555e5adc9e9c57d.png","datePublished":"2024-10-08T11:55:44+00:00","dateModified":"2026-04-14T15:17:00+00:00","breadcrumb":{"@id":"https:\/\/www.sugarfactory.hr\/proizvod\/kapice\/night-quill-hydra-cap\/#breadcrumb"},"inLanguage":"hu","potentialAction":[{"@type":"ReadAction","target":["https:\/\/www.sugarfactory.hr\/proizvod\/kapice\/night-quill-hydra-cap\/"]}]},{"@type":"ImageObject","inLanguage":"hu","@id":"https:\/\/www.sugarfactory.hr\/proizvod\/kapice\/night-quill-hydra-cap\/#primaryimage","url":"https:\/\/www.sugarfactory.hr\/wp-content\/uploads\/2024\/10\/9c6d8297f42e4cd98555e5adc9e9c57d.png","contentUrl":"https:\/\/www.sugarfactory.hr\/wp-content\/uploads\/2024\/10\/9c6d8297f42e4cd98555e5adc9e9c57d.png","width":896,"height":1120},{"@type":"BreadcrumbList","@id":"https:\/\/www.sugarfactory.hr\/proizvod\/kapice\/night-quill-hydra-cap\/#breadcrumb","itemListElement":[{"@type":"ListItem","position":1,"name":"Po\u010detna stranica","item":"https:\/\/www.sugarfactory.hr\/"},{"@type":"ListItem","position":2,"name":"Proizvodi","item":"https:\/\/www.sugarfactory.hr\/shop\/"},{"@type":"ListItem","position":3,"name":"Night Quill Hydra Cap"}]},{"@type":"WebSite","@id":"https:\/\/www.sugarfactory.hr\/#website","url":"https:\/\/www.sugarfactory.hr\/","name":"Cukorgy\u00e1r","description":"Create your sweetest pieces!","potentialAction":[{"@type":"SearchAction","target":{"@type":"EntryPoint","urlTemplate":"https:\/\/www.sugarfactory.hr\/?s={search_term_string}"},"query-input":{"@type":"PropertyValueSpecification","valueRequired":true,"valueName":"search_term_string"}}],"inLanguage":"hu"}]}},"_links":{"self":[{"href":"https:\/\/www.sugarfactory.hr\/hu\/wp-json\/wp\/v2\/product\/8704","targetHints":{"allow":["GET"]}}],"collection":[{"href":"https:\/\/www.sugarfactory.hr\/hu\/wp-json\/wp\/v2\/product"}],"about":[{"href":"https:\/\/www.sugarfactory.hr\/hu\/wp-json\/wp\/v2\/types\/product"}],"wp:featuredmedia":[{"embeddable":true,"href":"https:\/\/www.sugarfactory.hr\/hu\/wp-json\/wp\/v2\/media\/12638"}],"wp:attachment":[{"href":"https:\/\/www.sugarfactory.hr\/hu\/wp-json\/wp\/v2\/media?parent=8704"}],"wp:term":[{"taxonomy":"product_brand","embeddable":true,"href":"https:\/\/www.sugarfactory.hr\/hu\/wp-json\/wp\/v2\/product_brand?post=8704"},{"taxonomy":"product_cat","embeddable":true,"href":"https:\/\/www.sugarfactory.hr\/hu\/wp-json\/wp\/v2\/product_cat?post=8704"},{"taxonomy":"product_tag","embeddable":true,"href":"https:\/\/www.sugarfactory.hr\/hu\/wp-json\/wp\/v2\/product_tag?post=8704"}],"curies":[{"name":"wp","href":"https:\/\/api.w.org\/{rel}","templated":true}]}}