{"id":9202,"date":"2025-01-29T19:18:06","date_gmt":"2025-01-29T18:18:06","guid":{"rendered":"https:\/\/www.sugarfactory.hr\/?post_type=product&#038;p=9202"},"modified":"2026-04-09T21:50:45","modified_gmt":"2026-04-09T20:50:45","slug":"cap-kobra-fat-green","status":"publish","type":"product","link":"https:\/\/www.sugarfactory.hr\/hu\/termek\/sapkak\/cap-kobra-fat-green\/","title":{"rendered":"Sapka Kobra Fat Green"},"content":{"rendered":"<p data-start=\"0\" data-end=\"154\"><strong data-start=\"0\" data-end=\"23\">Sapka Kobra Fat Green<\/strong> van <strong data-start=\"27\" data-end=\"50\" data-is-only-node=\"\">klasi\u010dna fat kapica<\/strong> dizajnirana za <strong data-start=\"66\" data-end=\"103\">brzo prekrivanje velikih povr\u0161ina<\/strong> i stvaranje <strong data-start=\"116\" data-end=\"151\">podebljanih, intenzivnih linija<\/strong>.<\/p>\n<p data-start=\"156\" data-end=\"451\" data-is-last-node=\"\" data-is-only-node=\"\">Lehet\u0151v\u00e9 teszi <strong data-start=\"166\" data-end=\"207\">visok izlaz boje uz preciznu kontrolu<\/strong>, \u0161to je \u010dini idealnom za <strong data-start=\"233\" data-end=\"269\">razli\u010dite tehnike i stilove rada<\/strong>.<\/p>\n<p data-start=\"156\" data-end=\"451\" data-is-last-node=\"\" data-is-only-node=\"\">Kompatibilna je s <strong data-start=\"291\" data-end=\"333\">ve\u0107inom sprejeva s unutarnjim ventilom<\/strong> te nudi <strong data-start=\"342\" data-end=\"379\">\u0161irinu raspr\u0161ivanja od 1 do 20 cm<\/strong>, biztos\u00edtva <strong data-start=\"391\" data-end=\"417\">maksimalnu svestranost<\/strong> mert <strong data-start=\"421\" data-end=\"450\">umjetnike i profesionalce<\/strong>.<\/p>","protected":false},"excerpt":{"rendered":"<p>Cap Kobra Fat Green je klasi\u010dna fat kapica dizajnirana za brzo prekrivanje velikih povr\u0161ina i stvaranje podebljanih, intenzivnih linija. Omogu\u0107uje visok izlaz boje uz preciznu kontrolu, \u0161to je \u010dini idealnom za razli\u010dite tehnike i stilove rada. Kompatibilna je s ve\u0107inom sprejeva s unutarnjim ventilom te nudi \u0161irinu raspr\u0161ivanja od 1 do 20 cm, pru\u017eaju\u0107i maksimalnu [&hellip;]<\/p>","protected":false},"featured_media":12620,"template":"","meta":{"_acf_changed":false},"product_brand":[],"product_cat":[19,96],"product_tag":[],"class_list":{"0":"post-9202","1":"product","2":"type-product","3":"status-publish","4":"has-post-thumbnail","6":"product_cat-kapice","7":"product_cat-fat-caps","9":"first","10":"instock","11":"shipping-taxable","12":"purchasable","13":"product-type-simple"},"acf":[],"yoast_head":"<!-- This site is optimized with the Yoast SEO plugin v26.3 - https:\/\/yoast.com\/wordpress\/plugins\/seo\/ -->\n<title>Cap Kobra Fat Green - Sugar Factory<\/title>\n<meta name=\"robots\" content=\"index, follow, max-snippet:-1, max-image-preview:large, max-video-preview:-1\" \/>\n<link rel=\"canonical\" href=\"https:\/\/www.sugarfactory.hr\/hu\/termek\/sapkak\/cap-kobra-fat-green\/\" \/>\n<meta property=\"og:locale\" content=\"hu_HU\" \/>\n<meta property=\"og:type\" content=\"article\" \/>\n<meta property=\"og:title\" content=\"Cap Kobra Fat Green - Sugar Factory\" \/>\n<meta property=\"og:description\" content=\"Cap Kobra Fat Green je klasi\u010dna fat kapica dizajnirana za brzo prekrivanje velikih povr\u0161ina i stvaranje podebljanih, intenzivnih linija. Omogu\u0107uje visok izlaz boje uz preciznu kontrolu, \u0161to je \u010dini idealnom za razli\u010dite tehnike i stilove rada. Kompatibilna je s ve\u0107inom sprejeva s unutarnjim ventilom te nudi \u0161irinu raspr\u0161ivanja od 1 do 20 cm, pru\u017eaju\u0107i maksimalnu [&hellip;]\" \/>\n<meta property=\"og:url\" content=\"https:\/\/www.sugarfactory.hr\/hu\/termek\/sapkak\/cap-kobra-fat-green\/\" \/>\n<meta property=\"og:site_name\" content=\"Sugar Factory\" \/>\n<meta property=\"article:modified_time\" content=\"2026-04-09T20:50:45+00:00\" \/>\n<meta property=\"og:image\" content=\"https:\/\/www.sugarfactory.hr\/wp-content\/uploads\/2025\/01\/dc92213505ad4971a4585433795437e5.webp\" \/>\n\t<meta property=\"og:image:width\" content=\"896\" \/>\n\t<meta property=\"og:image:height\" content=\"1120\" \/>\n\t<meta property=\"og:image:type\" content=\"image\/webp\" \/>\n<meta name=\"twitter:card\" content=\"summary_large_image\" \/>\n<script type=\"application\/ld+json\" class=\"yoast-schema-graph\">{\"@context\":\"https:\/\/schema.org\",\"@graph\":[{\"@type\":\"WebPage\",\"@id\":\"https:\/\/www.sugarfactory.hr\/proizvod\/kapice\/cap-kobra-fat-green\/\",\"url\":\"https:\/\/www.sugarfactory.hr\/proizvod\/kapice\/cap-kobra-fat-green\/\",\"name\":\"Cap Kobra Fat Green - Sugar Factory\",\"isPartOf\":{\"@id\":\"https:\/\/www.sugarfactory.hr\/#website\"},\"primaryImageOfPage\":{\"@id\":\"https:\/\/www.sugarfactory.hr\/proizvod\/kapice\/cap-kobra-fat-green\/#primaryimage\"},\"image\":{\"@id\":\"https:\/\/www.sugarfactory.hr\/proizvod\/kapice\/cap-kobra-fat-green\/#primaryimage\"},\"thumbnailUrl\":\"https:\/\/www.sugarfactory.hr\/wp-content\/uploads\/2025\/01\/dc92213505ad4971a4585433795437e5.webp\",\"datePublished\":\"2025-01-29T18:18:06+00:00\",\"dateModified\":\"2026-04-09T20:50:45+00:00\",\"breadcrumb\":{\"@id\":\"https:\/\/www.sugarfactory.hr\/proizvod\/kapice\/cap-kobra-fat-green\/#breadcrumb\"},\"inLanguage\":\"hu\",\"potentialAction\":[{\"@type\":\"ReadAction\",\"target\":[\"https:\/\/www.sugarfactory.hr\/proizvod\/kapice\/cap-kobra-fat-green\/\"]}]},{\"@type\":\"ImageObject\",\"inLanguage\":\"hu\",\"@id\":\"https:\/\/www.sugarfactory.hr\/proizvod\/kapice\/cap-kobra-fat-green\/#primaryimage\",\"url\":\"https:\/\/www.sugarfactory.hr\/wp-content\/uploads\/2025\/01\/dc92213505ad4971a4585433795437e5.webp\",\"contentUrl\":\"https:\/\/www.sugarfactory.hr\/wp-content\/uploads\/2025\/01\/dc92213505ad4971a4585433795437e5.webp\",\"width\":896,\"height\":1120},{\"@type\":\"BreadcrumbList\",\"@id\":\"https:\/\/www.sugarfactory.hr\/proizvod\/kapice\/cap-kobra-fat-green\/#breadcrumb\",\"itemListElement\":[{\"@type\":\"ListItem\",\"position\":1,\"name\":\"Po\u010detna stranica\",\"item\":\"https:\/\/www.sugarfactory.hr\/\"},{\"@type\":\"ListItem\",\"position\":2,\"name\":\"Proizvodi\",\"item\":\"https:\/\/www.sugarfactory.hr\/shop\/\"},{\"@type\":\"ListItem\",\"position\":3,\"name\":\"Cap Kobra Fat Green\"}]},{\"@type\":\"WebSite\",\"@id\":\"https:\/\/www.sugarfactory.hr\/#website\",\"url\":\"https:\/\/www.sugarfactory.hr\/\",\"name\":\"Sugar Factory\",\"description\":\"Create your sweetest pieces!\",\"potentialAction\":[{\"@type\":\"SearchAction\",\"target\":{\"@type\":\"EntryPoint\",\"urlTemplate\":\"https:\/\/www.sugarfactory.hr\/?s={search_term_string}\"},\"query-input\":{\"@type\":\"PropertyValueSpecification\",\"valueRequired\":true,\"valueName\":\"search_term_string\"}}],\"inLanguage\":\"hu\"}]}<\/script>\n<!-- \/ Yoast SEO plugin. -->","yoast_head_json":{"title":"Cap Kobra Fat Green - Sugar Factory","robots":{"index":"index","follow":"follow","max-snippet":"max-snippet:-1","max-image-preview":"max-image-preview:large","max-video-preview":"max-video-preview:-1"},"canonical":"https:\/\/www.sugarfactory.hr\/hu\/termek\/sapkak\/cap-kobra-fat-green\/","og_locale":"hu_HU","og_type":"article","og_title":"Cap Kobra Fat Green - Sugar Factory","og_description":"Cap Kobra Fat Green je klasi\u010dna fat kapica dizajnirana za brzo prekrivanje velikih povr\u0161ina i stvaranje podebljanih, intenzivnih linija. Omogu\u0107uje visok izlaz boje uz preciznu kontrolu, \u0161to je \u010dini idealnom za razli\u010dite tehnike i stilove rada. Kompatibilna je s ve\u0107inom sprejeva s unutarnjim ventilom te nudi \u0161irinu raspr\u0161ivanja od 1 do 20 cm, pru\u017eaju\u0107i maksimalnu [&hellip;]","og_url":"https:\/\/www.sugarfactory.hr\/hu\/termek\/sapkak\/cap-kobra-fat-green\/","og_site_name":"Sugar Factory","article_modified_time":"2026-04-09T20:50:45+00:00","og_image":[{"width":896,"height":1120,"url":"https:\/\/www.sugarfactory.hr\/wp-content\/uploads\/2025\/01\/dc92213505ad4971a4585433795437e5.webp","type":"image\/webp"}],"twitter_card":"summary_large_image","schema":{"@context":"https:\/\/schema.org","@graph":[{"@type":"WebPage","@id":"https:\/\/www.sugarfactory.hr\/proizvod\/kapice\/cap-kobra-fat-green\/","url":"https:\/\/www.sugarfactory.hr\/proizvod\/kapice\/cap-kobra-fat-green\/","name":"Cap Kobra Fat Green - Sugar Factory","isPartOf":{"@id":"https:\/\/www.sugarfactory.hr\/#website"},"primaryImageOfPage":{"@id":"https:\/\/www.sugarfactory.hr\/proizvod\/kapice\/cap-kobra-fat-green\/#primaryimage"},"image":{"@id":"https:\/\/www.sugarfactory.hr\/proizvod\/kapice\/cap-kobra-fat-green\/#primaryimage"},"thumbnailUrl":"https:\/\/www.sugarfactory.hr\/wp-content\/uploads\/2025\/01\/dc92213505ad4971a4585433795437e5.webp","datePublished":"2025-01-29T18:18:06+00:00","dateModified":"2026-04-09T20:50:45+00:00","breadcrumb":{"@id":"https:\/\/www.sugarfactory.hr\/proizvod\/kapice\/cap-kobra-fat-green\/#breadcrumb"},"inLanguage":"hu","potentialAction":[{"@type":"ReadAction","target":["https:\/\/www.sugarfactory.hr\/proizvod\/kapice\/cap-kobra-fat-green\/"]}]},{"@type":"ImageObject","inLanguage":"hu","@id":"https:\/\/www.sugarfactory.hr\/proizvod\/kapice\/cap-kobra-fat-green\/#primaryimage","url":"https:\/\/www.sugarfactory.hr\/wp-content\/uploads\/2025\/01\/dc92213505ad4971a4585433795437e5.webp","contentUrl":"https:\/\/www.sugarfactory.hr\/wp-content\/uploads\/2025\/01\/dc92213505ad4971a4585433795437e5.webp","width":896,"height":1120},{"@type":"BreadcrumbList","@id":"https:\/\/www.sugarfactory.hr\/proizvod\/kapice\/cap-kobra-fat-green\/#breadcrumb","itemListElement":[{"@type":"ListItem","position":1,"name":"Po\u010detna stranica","item":"https:\/\/www.sugarfactory.hr\/"},{"@type":"ListItem","position":2,"name":"Proizvodi","item":"https:\/\/www.sugarfactory.hr\/shop\/"},{"@type":"ListItem","position":3,"name":"Cap Kobra Fat Green"}]},{"@type":"WebSite","@id":"https:\/\/www.sugarfactory.hr\/#website","url":"https:\/\/www.sugarfactory.hr\/","name":"Cukorgy\u00e1r","description":"Create your sweetest pieces!","potentialAction":[{"@type":"SearchAction","target":{"@type":"EntryPoint","urlTemplate":"https:\/\/www.sugarfactory.hr\/?s={search_term_string}"},"query-input":{"@type":"PropertyValueSpecification","valueRequired":true,"valueName":"search_term_string"}}],"inLanguage":"hu"}]}},"_links":{"self":[{"href":"https:\/\/www.sugarfactory.hr\/hu\/wp-json\/wp\/v2\/product\/9202","targetHints":{"allow":["GET"]}}],"collection":[{"href":"https:\/\/www.sugarfactory.hr\/hu\/wp-json\/wp\/v2\/product"}],"about":[{"href":"https:\/\/www.sugarfactory.hr\/hu\/wp-json\/wp\/v2\/types\/product"}],"wp:featuredmedia":[{"embeddable":true,"href":"https:\/\/www.sugarfactory.hr\/hu\/wp-json\/wp\/v2\/media\/12620"}],"wp:attachment":[{"href":"https:\/\/www.sugarfactory.hr\/hu\/wp-json\/wp\/v2\/media?parent=9202"}],"wp:term":[{"taxonomy":"product_brand","embeddable":true,"href":"https:\/\/www.sugarfactory.hr\/hu\/wp-json\/wp\/v2\/product_brand?post=9202"},{"taxonomy":"product_cat","embeddable":true,"href":"https:\/\/www.sugarfactory.hr\/hu\/wp-json\/wp\/v2\/product_cat?post=9202"},{"taxonomy":"product_tag","embeddable":true,"href":"https:\/\/www.sugarfactory.hr\/hu\/wp-json\/wp\/v2\/product_tag?post=9202"}],"curies":[{"name":"wp","href":"https:\/\/api.w.org\/{rel}","templated":true}]}}