{"id":9315,"date":"2025-02-19T14:51:23","date_gmt":"2025-02-19T13:51:23","guid":{"rendered":"https:\/\/www.sugarfactory.hr\/?post_type=product&#038;p=9315"},"modified":"2026-04-08T17:26:08","modified_gmt":"2026-04-08T16:26:08","slug":"hurok-x-szel","status":"publish","type":"product","link":"https:\/\/www.sugarfactory.hr\/hu\/termek\/spray-k\/limitalt-kiadas\/hurok-x-szel\/","title":{"rendered":"HUROK X SZ\u00c9L"},"content":{"rendered":"<p data-start=\"72\" data-end=\"297\">Loop Colors a m\u0171v\u00e9sszel egy\u00fcttm\u0171k\u00f6dve <strong data-start=\"148\" data-end=\"157\">SZ\u00c9L<\/strong> egy k\u00fcl\u00f6nleges kiad\u00e1st hoz, amely \u00f6tv\u00f6zi <strong data-start=\"196\" data-end=\"239\">a Loop spray-k kiv\u00e1l\u00f3 technikai formul\u00e1ja<\/strong> a m\u0171v\u00e9sz felismerhet\u0151 vizu\u00e1lis identit\u00e1s\u00e1val.<\/p>\n<p data-start=\"299\" data-end=\"481\">A permetez\u00e9s el\u0151nyei <strong data-start=\"313\" data-end=\"355\">akril formula kiegyens\u00falyozott nyom\u00e1ssal<\/strong> \u00e9s <strong data-start=\"358\" data-end=\"380\">prec\u00edzi\u00f3s szeleppel<\/strong>, ami lehet\u0151v\u00e9 teszi <strong data-start=\"396\" data-end=\"451\">tiszta munka, magas lefedetts\u00e9g \u00e9s permetez\u00e9svez\u00e9rl\u00e9s<\/strong> t\u00falzott porlaszt\u00e1s n\u00e9lk\u00fcl.<\/p>\n<p data-start=\"483\" data-end=\"613\">A sz\u00edn onnan sz\u00e1rmazik <strong data-start=\"497\" data-end=\"517\">szat\u00e9n fel\u00fclet<\/strong>, alkalmas <strong data-start=\"530\" data-end=\"562\">belt\u00e9ri \u00e9s k\u00fclt\u00e9ri haszn\u00e1latra<\/strong>, tart\u00f3s stabilit\u00e1ssal \u00e9s k\u00f6vetkezetes eredm\u00e9nyekkel.<\/p>\n<p data-start=\"615\" data-end=\"803\">Ez a limit\u00e1lt kiad\u00e1s a t\u00f6k\u00e9letes kombin\u00e1ci\u00f3t testes\u00edti meg. <strong data-start=\"663\" data-end=\"693\">A VETRA kreat\u00edv k\u00e9zjegye<\/strong> \u00e9s <strong data-start=\"696\" data-end=\"735\">a Loop Colors technol\u00f3gia megb\u00edzhat\u00f3s\u00e1ga<\/strong>, \u00edgy ugyanolyan \u00e9rt\u00e9kes eszk\u00f6zk\u00e9nt \u00e9s gy\u0171jt\u0151i darabk\u00e9nt.<\/p>","protected":false},"excerpt":{"rendered":"<p>Loop Colors u suradnji s umjetnikom VETRA donosi posebnu ediciju koja kombinira vrhunsku tehni\u010dku formulu Loop sprejeva s prepoznatljivim vizualnim identitetom ovog umjetnika. Sprej koristi akrilnu formulu s uravnote\u017eenim tlakom i preciznim ventilom, \u0161to omogu\u0107uje \u010dist rad, visoku pokrivnost i kontrolu raspr\u0161ivanja bez pretjerane atomizacije. Boja dolazi s satin zavr\u0161nicom, pogodna za unutarnju i vanjsku [&hellip;]<\/p>","protected":false},"featured_media":12319,"template":"","meta":{"_acf_changed":false},"product_brand":[103],"product_cat":[76,16],"product_tag":[],"class_list":{"0":"post-9315","1":"product","2":"type-product","3":"status-publish","4":"has-post-thumbnail","6":"product_brand-loop","7":"product_cat-limited-edition","8":"product_cat-sprejevi","10":"first","11":"instock","12":"shipping-taxable","13":"purchasable","14":"product-type-simple"},"acf":[],"yoast_head":"<!-- This site is optimized with the Yoast SEO plugin v26.3 - https:\/\/yoast.com\/wordpress\/plugins\/seo\/ -->\n<title>LOOP X VETRA - Sugar Factory<\/title>\n<meta name=\"robots\" content=\"index, follow, max-snippet:-1, max-image-preview:large, max-video-preview:-1\" \/>\n<link rel=\"canonical\" href=\"https:\/\/www.sugarfactory.hr\/hu\/termek\/spray-k\/limitalt-kiadas\/hurok-x-szel\/\" \/>\n<meta property=\"og:locale\" content=\"hu_HU\" \/>\n<meta property=\"og:type\" content=\"article\" \/>\n<meta property=\"og:title\" content=\"LOOP X VETRA - Sugar Factory\" \/>\n<meta property=\"og:description\" content=\"Loop Colors u suradnji s umjetnikom VETRA donosi posebnu ediciju koja kombinira vrhunsku tehni\u010dku formulu Loop sprejeva s prepoznatljivim vizualnim identitetom ovog umjetnika. Sprej koristi akrilnu formulu s uravnote\u017eenim tlakom i preciznim ventilom, \u0161to omogu\u0107uje \u010dist rad, visoku pokrivnost i kontrolu raspr\u0161ivanja bez pretjerane atomizacije. Boja dolazi s satin zavr\u0161nicom, pogodna za unutarnju i vanjsku [&hellip;]\" \/>\n<meta property=\"og:url\" content=\"https:\/\/www.sugarfactory.hr\/hu\/termek\/spray-k\/limitalt-kiadas\/hurok-x-szel\/\" \/>\n<meta property=\"og:site_name\" content=\"Sugar Factory\" \/>\n<meta property=\"article:modified_time\" content=\"2026-04-08T16:26:08+00:00\" \/>\n<meta property=\"og:image\" content=\"https:\/\/www.sugarfactory.hr\/wp-content\/uploads\/2025\/02\/loop-x-vetra.webp\" \/>\n\t<meta property=\"og:image:width\" content=\"896\" \/>\n\t<meta property=\"og:image:height\" content=\"1120\" \/>\n\t<meta property=\"og:image:type\" content=\"image\/webp\" \/>\n<meta name=\"twitter:card\" content=\"summary_large_image\" \/>\n<script type=\"application\/ld+json\" class=\"yoast-schema-graph\">{\"@context\":\"https:\/\/schema.org\",\"@graph\":[{\"@type\":\"WebPage\",\"@id\":\"https:\/\/www.sugarfactory.hr\/proizvod\/sprejevi\/limited-edition\/loop-x-vetra\/\",\"url\":\"https:\/\/www.sugarfactory.hr\/proizvod\/sprejevi\/limited-edition\/loop-x-vetra\/\",\"name\":\"LOOP X VETRA - Sugar Factory\",\"isPartOf\":{\"@id\":\"https:\/\/www.sugarfactory.hr\/#website\"},\"primaryImageOfPage\":{\"@id\":\"https:\/\/www.sugarfactory.hr\/proizvod\/sprejevi\/limited-edition\/loop-x-vetra\/#primaryimage\"},\"image\":{\"@id\":\"https:\/\/www.sugarfactory.hr\/proizvod\/sprejevi\/limited-edition\/loop-x-vetra\/#primaryimage\"},\"thumbnailUrl\":\"https:\/\/www.sugarfactory.hr\/wp-content\/uploads\/2025\/02\/loop-x-vetra.webp\",\"datePublished\":\"2025-02-19T13:51:23+00:00\",\"dateModified\":\"2026-04-08T16:26:08+00:00\",\"breadcrumb\":{\"@id\":\"https:\/\/www.sugarfactory.hr\/proizvod\/sprejevi\/limited-edition\/loop-x-vetra\/#breadcrumb\"},\"inLanguage\":\"hu\",\"potentialAction\":[{\"@type\":\"ReadAction\",\"target\":[\"https:\/\/www.sugarfactory.hr\/proizvod\/sprejevi\/limited-edition\/loop-x-vetra\/\"]}]},{\"@type\":\"ImageObject\",\"inLanguage\":\"hu\",\"@id\":\"https:\/\/www.sugarfactory.hr\/proizvod\/sprejevi\/limited-edition\/loop-x-vetra\/#primaryimage\",\"url\":\"https:\/\/www.sugarfactory.hr\/wp-content\/uploads\/2025\/02\/loop-x-vetra.webp\",\"contentUrl\":\"https:\/\/www.sugarfactory.hr\/wp-content\/uploads\/2025\/02\/loop-x-vetra.webp\",\"width\":896,\"height\":1120},{\"@type\":\"BreadcrumbList\",\"@id\":\"https:\/\/www.sugarfactory.hr\/proizvod\/sprejevi\/limited-edition\/loop-x-vetra\/#breadcrumb\",\"itemListElement\":[{\"@type\":\"ListItem\",\"position\":1,\"name\":\"Po\u010detna stranica\",\"item\":\"https:\/\/www.sugarfactory.hr\/\"},{\"@type\":\"ListItem\",\"position\":2,\"name\":\"Proizvodi\",\"item\":\"https:\/\/www.sugarfactory.hr\/shop\/\"},{\"@type\":\"ListItem\",\"position\":3,\"name\":\"LOOP X VETRA\"}]},{\"@type\":\"WebSite\",\"@id\":\"https:\/\/www.sugarfactory.hr\/#website\",\"url\":\"https:\/\/www.sugarfactory.hr\/\",\"name\":\"Sugar Factory\",\"description\":\"Create your sweetest pieces!\",\"potentialAction\":[{\"@type\":\"SearchAction\",\"target\":{\"@type\":\"EntryPoint\",\"urlTemplate\":\"https:\/\/www.sugarfactory.hr\/?s={search_term_string}\"},\"query-input\":{\"@type\":\"PropertyValueSpecification\",\"valueRequired\":true,\"valueName\":\"search_term_string\"}}],\"inLanguage\":\"hu\"}]}<\/script>\n<!-- \/ Yoast SEO plugin. -->","yoast_head_json":{"title":"LOOP X VETRA - Cukorgy\u00e1r","robots":{"index":"index","follow":"follow","max-snippet":"max-snippet:-1","max-image-preview":"max-image-preview:large","max-video-preview":"max-video-preview:-1"},"canonical":"https:\/\/www.sugarfactory.hr\/hu\/termek\/spray-k\/limitalt-kiadas\/hurok-x-szel\/","og_locale":"hu_HU","og_type":"article","og_title":"LOOP X VETRA - Sugar Factory","og_description":"Loop Colors u suradnji s umjetnikom VETRA donosi posebnu ediciju koja kombinira vrhunsku tehni\u010dku formulu Loop sprejeva s prepoznatljivim vizualnim identitetom ovog umjetnika. Sprej koristi akrilnu formulu s uravnote\u017eenim tlakom i preciznim ventilom, \u0161to omogu\u0107uje \u010dist rad, visoku pokrivnost i kontrolu raspr\u0161ivanja bez pretjerane atomizacije. Boja dolazi s satin zavr\u0161nicom, pogodna za unutarnju i vanjsku [&hellip;]","og_url":"https:\/\/www.sugarfactory.hr\/hu\/termek\/spray-k\/limitalt-kiadas\/hurok-x-szel\/","og_site_name":"Sugar Factory","article_modified_time":"2026-04-08T16:26:08+00:00","og_image":[{"width":896,"height":1120,"url":"https:\/\/www.sugarfactory.hr\/wp-content\/uploads\/2025\/02\/loop-x-vetra.webp","type":"image\/webp"}],"twitter_card":"summary_large_image","schema":{"@context":"https:\/\/schema.org","@graph":[{"@type":"WebPage","@id":"https:\/\/www.sugarfactory.hr\/proizvod\/sprejevi\/limited-edition\/loop-x-vetra\/","url":"https:\/\/www.sugarfactory.hr\/proizvod\/sprejevi\/limited-edition\/loop-x-vetra\/","name":"LOOP X VETRA - Cukorgy\u00e1r","isPartOf":{"@id":"https:\/\/www.sugarfactory.hr\/#website"},"primaryImageOfPage":{"@id":"https:\/\/www.sugarfactory.hr\/proizvod\/sprejevi\/limited-edition\/loop-x-vetra\/#primaryimage"},"image":{"@id":"https:\/\/www.sugarfactory.hr\/proizvod\/sprejevi\/limited-edition\/loop-x-vetra\/#primaryimage"},"thumbnailUrl":"https:\/\/www.sugarfactory.hr\/wp-content\/uploads\/2025\/02\/loop-x-vetra.webp","datePublished":"2025-02-19T13:51:23+00:00","dateModified":"2026-04-08T16:26:08+00:00","breadcrumb":{"@id":"https:\/\/www.sugarfactory.hr\/proizvod\/sprejevi\/limited-edition\/loop-x-vetra\/#breadcrumb"},"inLanguage":"hu","potentialAction":[{"@type":"ReadAction","target":["https:\/\/www.sugarfactory.hr\/proizvod\/sprejevi\/limited-edition\/loop-x-vetra\/"]}]},{"@type":"ImageObject","inLanguage":"hu","@id":"https:\/\/www.sugarfactory.hr\/proizvod\/sprejevi\/limited-edition\/loop-x-vetra\/#primaryimage","url":"https:\/\/www.sugarfactory.hr\/wp-content\/uploads\/2025\/02\/loop-x-vetra.webp","contentUrl":"https:\/\/www.sugarfactory.hr\/wp-content\/uploads\/2025\/02\/loop-x-vetra.webp","width":896,"height":1120},{"@type":"BreadcrumbList","@id":"https:\/\/www.sugarfactory.hr\/proizvod\/sprejevi\/limited-edition\/loop-x-vetra\/#breadcrumb","itemListElement":[{"@type":"ListItem","position":1,"name":"Po\u010detna stranica","item":"https:\/\/www.sugarfactory.hr\/"},{"@type":"ListItem","position":2,"name":"Proizvodi","item":"https:\/\/www.sugarfactory.hr\/shop\/"},{"@type":"ListItem","position":3,"name":"LOOP X VETRA"}]},{"@type":"WebSite","@id":"https:\/\/www.sugarfactory.hr\/#website","url":"https:\/\/www.sugarfactory.hr\/","name":"Cukorgy\u00e1r","description":"Create your sweetest pieces!","potentialAction":[{"@type":"SearchAction","target":{"@type":"EntryPoint","urlTemplate":"https:\/\/www.sugarfactory.hr\/?s={search_term_string}"},"query-input":{"@type":"PropertyValueSpecification","valueRequired":true,"valueName":"search_term_string"}}],"inLanguage":"hu"}]}},"_links":{"self":[{"href":"https:\/\/www.sugarfactory.hr\/hu\/wp-json\/wp\/v2\/product\/9315","targetHints":{"allow":["GET"]}}],"collection":[{"href":"https:\/\/www.sugarfactory.hr\/hu\/wp-json\/wp\/v2\/product"}],"about":[{"href":"https:\/\/www.sugarfactory.hr\/hu\/wp-json\/wp\/v2\/types\/product"}],"wp:featuredmedia":[{"embeddable":true,"href":"https:\/\/www.sugarfactory.hr\/hu\/wp-json\/wp\/v2\/media\/12319"}],"wp:attachment":[{"href":"https:\/\/www.sugarfactory.hr\/hu\/wp-json\/wp\/v2\/media?parent=9315"}],"wp:term":[{"taxonomy":"product_brand","embeddable":true,"href":"https:\/\/www.sugarfactory.hr\/hu\/wp-json\/wp\/v2\/product_brand?post=9315"},{"taxonomy":"product_cat","embeddable":true,"href":"https:\/\/www.sugarfactory.hr\/hu\/wp-json\/wp\/v2\/product_cat?post=9315"},{"taxonomy":"product_tag","embeddable":true,"href":"https:\/\/www.sugarfactory.hr\/hu\/wp-json\/wp\/v2\/product_tag?post=9315"}],"curies":[{"name":"wp","href":"https:\/\/api.w.org\/{rel}","templated":true}]}}