{"id":10788,"date":"2025-05-19T13:31:55","date_gmt":"2025-05-19T12:31:55","guid":{"rendered":"https:\/\/www.sugarfactory.hr\/?post_type=product&#038;p=10788"},"modified":"2026-02-18T11:38:10","modified_gmt":"2026-02-18T10:38:10","slug":"cap-fat-hardcore","status":"publish","type":"product","link":"https:\/\/www.sugarfactory.hr\/sl\/izdelek\/kape\/cap-fat-hardcore\/","title":{"rendered":"Kapica Fat Hardcore"},"content":{"rendered":"<p data-start=\"0\" data-end=\"152\"><strong data-start=\"0\" data-end=\"20\">Kapica Fat Hardcore<\/strong> je <strong data-start=\"24\" data-end=\"53\" data-is-only-node=\"\">izuzetno svestrana kapica<\/strong> koja omogu\u0107uje <strong data-start=\"69\" data-end=\"99\">poteze \u0161irine od 5 do 7 cm<\/strong>, idealno za <strong data-start=\"113\" data-end=\"149\">brzo pokrivanje velikih povr\u0161ina<\/strong>.<\/p>\n<p data-start=\"154\" data-end=\"414\" data-is-last-node=\"\" data-is-only-node=\"\">Omiljena me\u0111u umjetnicima zbog svoje <strong data-start=\"191\" data-end=\"225\">preciznosti i kontrole protoka<\/strong>, idealna je za stvaranje <strong data-start=\"251\" data-end=\"274\">\u201cfaded cut\u201d efekata<\/strong> in <strong data-start=\"277\" data-end=\"303\">mekanih prijelaza boja<\/strong>.<br data-start=\"304\" data-end=\"307\" \/><strong data-start=\"307\" data-end=\"327\">Kapica Fat Hardcore<\/strong> je <strong data-start=\"331\" data-end=\"347\">pouzdan alat<\/strong> za sve koji \u017eele <strong data-start=\"365\" data-end=\"413\">u\u010dinkovito, \u010disto i dinami\u010dno nano\u0161enje boje<\/strong>.<\/p>","protected":false},"excerpt":{"rendered":"<p>Cap Fat Hardcore je izuzetno svestrana kapica koja omogu\u0107uje poteze \u0161irine od 5 do 7 cm, savr\u0161ena za brzo pokrivanje velikih povr\u0161ina. Omiljena me\u0111u umjetnicima zbog svoje preciznosti i kontrole protoka, idealna je za stvaranje \u201cfaded cut\u201d efekata i mekanih prijelaza boja.Cap Fat Hardcore je pouzdan alat za sve koji \u017eele u\u010dinkovito, \u010disto i dinami\u010dno [&hellip;]<\/p>","protected":false},"featured_media":12613,"template":"","meta":{"_acf_changed":false},"product_brand":[],"product_cat":[19,96],"product_tag":[],"class_list":{"0":"post-10788","1":"product","2":"type-product","3":"status-publish","4":"has-post-thumbnail","6":"product_cat-kapice","7":"product_cat-fat-caps","9":"first","10":"outofstock","11":"shipping-taxable","12":"purchasable","13":"product-type-simple"},"acf":[],"yoast_head":"<!-- This site is optimized with the Yoast SEO plugin v26.3 - https:\/\/yoast.com\/wordpress\/plugins\/seo\/ -->\n<title>Cap Fat Hardcore - Sugar Factory<\/title>\n<meta name=\"robots\" content=\"index, follow, max-snippet:-1, max-image-preview:large, max-video-preview:-1\" \/>\n<link rel=\"canonical\" href=\"https:\/\/www.sugarfactory.hr\/sl\/izdelek\/kape\/cap-fat-hardcore\/\" \/>\n<meta property=\"og:locale\" content=\"sl_SI\" \/>\n<meta property=\"og:type\" content=\"article\" \/>\n<meta property=\"og:title\" content=\"Cap Fat Hardcore - Sugar Factory\" \/>\n<meta property=\"og:description\" content=\"Cap Fat Hardcore je izuzetno svestrana kapica koja omogu\u0107uje poteze \u0161irine od 5 do 7 cm, savr\u0161ena za brzo pokrivanje velikih povr\u0161ina. Omiljena me\u0111u umjetnicima zbog svoje preciznosti i kontrole protoka, idealna je za stvaranje \u201cfaded cut\u201d efekata i mekanih prijelaza boja.Cap Fat Hardcore je pouzdan alat za sve koji \u017eele u\u010dinkovito, \u010disto i dinami\u010dno [&hellip;]\" \/>\n<meta property=\"og:url\" content=\"https:\/\/www.sugarfactory.hr\/sl\/izdelek\/kape\/cap-fat-hardcore\/\" \/>\n<meta property=\"og:site_name\" content=\"Sugar Factory\" \/>\n<meta property=\"article:modified_time\" content=\"2026-02-18T10:38:10+00:00\" \/>\n<meta property=\"og:image\" content=\"https:\/\/www.sugarfactory.hr\/wp-content\/uploads\/2025\/05\/2d335ed2609b42f79bbf1f1d722be022.webp\" \/>\n\t<meta property=\"og:image:width\" content=\"896\" \/>\n\t<meta property=\"og:image:height\" content=\"1120\" \/>\n\t<meta property=\"og:image:type\" content=\"image\/webp\" \/>\n<meta name=\"twitter:card\" content=\"summary_large_image\" \/>\n<script type=\"application\/ld+json\" class=\"yoast-schema-graph\">{\"@context\":\"https:\/\/schema.org\",\"@graph\":[{\"@type\":\"WebPage\",\"@id\":\"https:\/\/www.sugarfactory.hr\/proizvod\/kapice\/cap-fat-hardcore\/\",\"url\":\"https:\/\/www.sugarfactory.hr\/proizvod\/kapice\/cap-fat-hardcore\/\",\"name\":\"Cap Fat Hardcore - Sugar Factory\",\"isPartOf\":{\"@id\":\"https:\/\/www.sugarfactory.hr\/#website\"},\"primaryImageOfPage\":{\"@id\":\"https:\/\/www.sugarfactory.hr\/proizvod\/kapice\/cap-fat-hardcore\/#primaryimage\"},\"image\":{\"@id\":\"https:\/\/www.sugarfactory.hr\/proizvod\/kapice\/cap-fat-hardcore\/#primaryimage\"},\"thumbnailUrl\":\"https:\/\/www.sugarfactory.hr\/wp-content\/uploads\/2025\/05\/2d335ed2609b42f79bbf1f1d722be022.webp\",\"datePublished\":\"2025-05-19T12:31:55+00:00\",\"dateModified\":\"2026-02-18T10:38:10+00:00\",\"breadcrumb\":{\"@id\":\"https:\/\/www.sugarfactory.hr\/proizvod\/kapice\/cap-fat-hardcore\/#breadcrumb\"},\"inLanguage\":\"sl-SI\",\"potentialAction\":[{\"@type\":\"ReadAction\",\"target\":[\"https:\/\/www.sugarfactory.hr\/proizvod\/kapice\/cap-fat-hardcore\/\"]}]},{\"@type\":\"ImageObject\",\"inLanguage\":\"sl-SI\",\"@id\":\"https:\/\/www.sugarfactory.hr\/proizvod\/kapice\/cap-fat-hardcore\/#primaryimage\",\"url\":\"https:\/\/www.sugarfactory.hr\/wp-content\/uploads\/2025\/05\/2d335ed2609b42f79bbf1f1d722be022.webp\",\"contentUrl\":\"https:\/\/www.sugarfactory.hr\/wp-content\/uploads\/2025\/05\/2d335ed2609b42f79bbf1f1d722be022.webp\",\"width\":896,\"height\":1120},{\"@type\":\"BreadcrumbList\",\"@id\":\"https:\/\/www.sugarfactory.hr\/proizvod\/kapice\/cap-fat-hardcore\/#breadcrumb\",\"itemListElement\":[{\"@type\":\"ListItem\",\"position\":1,\"name\":\"Po\u010detna stranica\",\"item\":\"https:\/\/www.sugarfactory.hr\/\"},{\"@type\":\"ListItem\",\"position\":2,\"name\":\"Proizvodi\",\"item\":\"https:\/\/www.sugarfactory.hr\/shop\/\"},{\"@type\":\"ListItem\",\"position\":3,\"name\":\"Cap Fat Hardcore\"}]},{\"@type\":\"WebSite\",\"@id\":\"https:\/\/www.sugarfactory.hr\/#website\",\"url\":\"https:\/\/www.sugarfactory.hr\/\",\"name\":\"Sugar Factory\",\"description\":\"Create your sweetest pieces!\",\"potentialAction\":[{\"@type\":\"SearchAction\",\"target\":{\"@type\":\"EntryPoint\",\"urlTemplate\":\"https:\/\/www.sugarfactory.hr\/?s={search_term_string}\"},\"query-input\":{\"@type\":\"PropertyValueSpecification\",\"valueRequired\":true,\"valueName\":\"search_term_string\"}}],\"inLanguage\":\"sl-SI\"}]}<\/script>\n<!-- \/ Yoast SEO plugin. -->","yoast_head_json":{"title":"Cap Fat Hardcore - Sugar Factory","robots":{"index":"index","follow":"follow","max-snippet":"max-snippet:-1","max-image-preview":"max-image-preview:large","max-video-preview":"max-video-preview:-1"},"canonical":"https:\/\/www.sugarfactory.hr\/sl\/izdelek\/kape\/cap-fat-hardcore\/","og_locale":"sl_SI","og_type":"article","og_title":"Cap Fat Hardcore - Sugar Factory","og_description":"Cap Fat Hardcore je izuzetno svestrana kapica koja omogu\u0107uje poteze \u0161irine od 5 do 7 cm, savr\u0161ena za brzo pokrivanje velikih povr\u0161ina. Omiljena me\u0111u umjetnicima zbog svoje preciznosti i kontrole protoka, idealna je za stvaranje \u201cfaded cut\u201d efekata i mekanih prijelaza boja.Cap Fat Hardcore je pouzdan alat za sve koji \u017eele u\u010dinkovito, \u010disto i dinami\u010dno [&hellip;]","og_url":"https:\/\/www.sugarfactory.hr\/sl\/izdelek\/kape\/cap-fat-hardcore\/","og_site_name":"Sugar Factory","article_modified_time":"2026-02-18T10:38:10+00:00","og_image":[{"width":896,"height":1120,"url":"https:\/\/www.sugarfactory.hr\/wp-content\/uploads\/2025\/05\/2d335ed2609b42f79bbf1f1d722be022.webp","type":"image\/webp"}],"twitter_card":"summary_large_image","schema":{"@context":"https:\/\/schema.org","@graph":[{"@type":"WebPage","@id":"https:\/\/www.sugarfactory.hr\/proizvod\/kapice\/cap-fat-hardcore\/","url":"https:\/\/www.sugarfactory.hr\/proizvod\/kapice\/cap-fat-hardcore\/","name":"Cap Fat Hardcore - Sugar Factory","isPartOf":{"@id":"https:\/\/www.sugarfactory.hr\/#website"},"primaryImageOfPage":{"@id":"https:\/\/www.sugarfactory.hr\/proizvod\/kapice\/cap-fat-hardcore\/#primaryimage"},"image":{"@id":"https:\/\/www.sugarfactory.hr\/proizvod\/kapice\/cap-fat-hardcore\/#primaryimage"},"thumbnailUrl":"https:\/\/www.sugarfactory.hr\/wp-content\/uploads\/2025\/05\/2d335ed2609b42f79bbf1f1d722be022.webp","datePublished":"2025-05-19T12:31:55+00:00","dateModified":"2026-02-18T10:38:10+00:00","breadcrumb":{"@id":"https:\/\/www.sugarfactory.hr\/proizvod\/kapice\/cap-fat-hardcore\/#breadcrumb"},"inLanguage":"sl-SI","potentialAction":[{"@type":"ReadAction","target":["https:\/\/www.sugarfactory.hr\/proizvod\/kapice\/cap-fat-hardcore\/"]}]},{"@type":"ImageObject","inLanguage":"sl-SI","@id":"https:\/\/www.sugarfactory.hr\/proizvod\/kapice\/cap-fat-hardcore\/#primaryimage","url":"https:\/\/www.sugarfactory.hr\/wp-content\/uploads\/2025\/05\/2d335ed2609b42f79bbf1f1d722be022.webp","contentUrl":"https:\/\/www.sugarfactory.hr\/wp-content\/uploads\/2025\/05\/2d335ed2609b42f79bbf1f1d722be022.webp","width":896,"height":1120},{"@type":"BreadcrumbList","@id":"https:\/\/www.sugarfactory.hr\/proizvod\/kapice\/cap-fat-hardcore\/#breadcrumb","itemListElement":[{"@type":"ListItem","position":1,"name":"Po\u010detna stranica","item":"https:\/\/www.sugarfactory.hr\/"},{"@type":"ListItem","position":2,"name":"Proizvodi","item":"https:\/\/www.sugarfactory.hr\/shop\/"},{"@type":"ListItem","position":3,"name":"Cap Fat Hardcore"}]},{"@type":"WebSite","@id":"https:\/\/www.sugarfactory.hr\/#website","url":"https:\/\/www.sugarfactory.hr\/","name":"Tovarna sladkorja","description":"Create your sweetest pieces!","potentialAction":[{"@type":"SearchAction","target":{"@type":"EntryPoint","urlTemplate":"https:\/\/www.sugarfactory.hr\/?s={search_term_string}"},"query-input":{"@type":"PropertyValueSpecification","valueRequired":true,"valueName":"search_term_string"}}],"inLanguage":"sl-SI"}]}},"_links":{"self":[{"href":"https:\/\/www.sugarfactory.hr\/sl\/wp-json\/wp\/v2\/product\/10788","targetHints":{"allow":["GET"]}}],"collection":[{"href":"https:\/\/www.sugarfactory.hr\/sl\/wp-json\/wp\/v2\/product"}],"about":[{"href":"https:\/\/www.sugarfactory.hr\/sl\/wp-json\/wp\/v2\/types\/product"}],"wp:featuredmedia":[{"embeddable":true,"href":"https:\/\/www.sugarfactory.hr\/sl\/wp-json\/wp\/v2\/media\/12613"}],"wp:attachment":[{"href":"https:\/\/www.sugarfactory.hr\/sl\/wp-json\/wp\/v2\/media?parent=10788"}],"wp:term":[{"taxonomy":"product_brand","embeddable":true,"href":"https:\/\/www.sugarfactory.hr\/sl\/wp-json\/wp\/v2\/product_brand?post=10788"},{"taxonomy":"product_cat","embeddable":true,"href":"https:\/\/www.sugarfactory.hr\/sl\/wp-json\/wp\/v2\/product_cat?post=10788"},{"taxonomy":"product_tag","embeddable":true,"href":"https:\/\/www.sugarfactory.hr\/sl\/wp-json\/wp\/v2\/product_tag?post=10788"}],"curies":[{"name":"wp","href":"https:\/\/api.w.org\/{rel}","templated":true}]}}