{"id":10799,"date":"2025-05-19T17:15:24","date_gmt":"2025-05-19T16:15:24","guid":{"rendered":"https:\/\/www.sugarfactory.hr\/?post_type=product&#038;p=10799"},"modified":"2026-04-30T15:45:15","modified_gmt":"2026-04-30T14:45:15","slug":"cap-skinny-outline","status":"publish","type":"product","link":"https:\/\/www.sugarfactory.hr\/sl\/izdelek\/kape\/cap-skinny-outline\/","title":{"rendered":"Cap Skinny Outline"},"content":{"rendered":"<p data-start=\"0\" data-end=\"127\"><strong data-start=\"0\" data-end=\"22\">Cap Skinny Outline<\/strong> je <strong data-start=\"26\" data-end=\"45\" data-is-only-node=\"\">natan\u010dna kapica<\/strong> dizajnirana za <strong data-start=\"61\" data-end=\"86\">izuzetno tanke linije<\/strong>, s rasponom \u0161irine od <strong data-start=\"109\" data-end=\"124\">0,5 do 2 cm<\/strong>.<\/p>\n<p data-start=\"129\" data-end=\"371\" data-is-last-node=\"\" data-is-only-node=\"\">Idealno je za <strong data-start=\"143\" data-end=\"186\">detaljno crtanje, konture i fine poteze<\/strong>, omogo\u010da <strong data-start=\"200\" data-end=\"240\">maksimalnu kontrolu i \u010disto\u0107u linija<\/strong>.<\/p>\n<p data-start=\"129\" data-end=\"371\" data-is-last-node=\"\" data-is-only-node=\"\"><strong data-start=\"244\" data-end=\"266\">Skinny Outline Cap<\/strong> je savr\u0161en izbor za <strong data-start=\"287\" data-end=\"322\">grafitarji in ilustratorji<\/strong> ki \u017eelijo <strong data-start=\"333\" data-end=\"370\">profesionalan i precizan rezultat<\/strong>.<\/p>","protected":false},"excerpt":{"rendered":"<p>Cap Skinny Outline je precizna kapica dizajnirana za izuzetno tanke linije, s rasponom \u0161irine od 0,5 do 2 cm. Idealna je za detaljno crtanje, konture i fine poteze, omogu\u0107uju\u0107i maksimalnu kontrolu i \u010disto\u0107u linija. Skinny Outline Cap je savr\u0161en izbor za grafiti umjetnike i ilustratore koji \u017eele profesionalan i precizan rezultat.<\/p>","protected":false},"featured_media":10800,"template":"","meta":{"_acf_changed":false},"product_brand":[],"product_cat":[19,98],"product_tag":[],"class_list":{"0":"post-10799","1":"product","2":"type-product","3":"status-publish","4":"has-post-thumbnail","6":"product_cat-kapice","7":"product_cat-skinny-caps","9":"first","10":"instock","11":"shipping-taxable","12":"purchasable","13":"product-type-simple"},"acf":[],"yoast_head":"<!-- This site is optimized with the Yoast SEO plugin v26.3 - https:\/\/yoast.com\/wordpress\/plugins\/seo\/ -->\n<title>Cap Skinny Outline - Sugar Factory<\/title>\n<meta name=\"robots\" content=\"index, follow, max-snippet:-1, max-image-preview:large, max-video-preview:-1\" \/>\n<link rel=\"canonical\" href=\"https:\/\/www.sugarfactory.hr\/sl\/izdelek\/kape\/cap-skinny-outline\/\" \/>\n<meta property=\"og:locale\" content=\"sl_SI\" \/>\n<meta property=\"og:type\" content=\"article\" \/>\n<meta property=\"og:title\" content=\"Cap Skinny Outline - Sugar Factory\" \/>\n<meta property=\"og:description\" content=\"Cap Skinny Outline je precizna kapica dizajnirana za izuzetno tanke linije, s rasponom \u0161irine od 0,5 do 2 cm. Idealna je za detaljno crtanje, konture i fine poteze, omogu\u0107uju\u0107i maksimalnu kontrolu i \u010disto\u0107u linija. Skinny Outline Cap je savr\u0161en izbor za grafiti umjetnike i ilustratore koji \u017eele profesionalan i precizan rezultat.\" \/>\n<meta property=\"og:url\" content=\"https:\/\/www.sugarfactory.hr\/sl\/izdelek\/kape\/cap-skinny-outline\/\" \/>\n<meta property=\"og:site_name\" content=\"Sugar Factory\" \/>\n<meta property=\"article:modified_time\" content=\"2026-04-30T14:45:15+00:00\" \/>\n<meta property=\"og:image\" content=\"https:\/\/www.sugarfactory.hr\/wp-content\/uploads\/2025\/05\/Cap-Skinny-Outline.png\" \/>\n\t<meta property=\"og:image:width\" content=\"800\" \/>\n\t<meta property=\"og:image:height\" content=\"800\" \/>\n\t<meta property=\"og:image:type\" content=\"image\/png\" \/>\n<meta name=\"twitter:card\" content=\"summary_large_image\" \/>\n<meta name=\"twitter:label1\" content=\"Est. reading time\" \/>\n\t<meta name=\"twitter:data1\" content=\"1 minuta\" \/>\n<script type=\"application\/ld+json\" class=\"yoast-schema-graph\">{\"@context\":\"https:\/\/schema.org\",\"@graph\":[{\"@type\":\"WebPage\",\"@id\":\"https:\/\/www.sugarfactory.hr\/proizvod\/kapice\/cap-skinny-outline\/\",\"url\":\"https:\/\/www.sugarfactory.hr\/proizvod\/kapice\/cap-skinny-outline\/\",\"name\":\"Cap Skinny Outline - Sugar Factory\",\"isPartOf\":{\"@id\":\"https:\/\/www.sugarfactory.hr\/#website\"},\"primaryImageOfPage\":{\"@id\":\"https:\/\/www.sugarfactory.hr\/proizvod\/kapice\/cap-skinny-outline\/#primaryimage\"},\"image\":{\"@id\":\"https:\/\/www.sugarfactory.hr\/proizvod\/kapice\/cap-skinny-outline\/#primaryimage\"},\"thumbnailUrl\":\"https:\/\/www.sugarfactory.hr\/wp-content\/uploads\/2025\/05\/Cap-Skinny-Outline.png\",\"datePublished\":\"2025-05-19T16:15:24+00:00\",\"dateModified\":\"2026-04-30T14:45:15+00:00\",\"breadcrumb\":{\"@id\":\"https:\/\/www.sugarfactory.hr\/proizvod\/kapice\/cap-skinny-outline\/#breadcrumb\"},\"inLanguage\":\"sl-SI\",\"potentialAction\":[{\"@type\":\"ReadAction\",\"target\":[\"https:\/\/www.sugarfactory.hr\/proizvod\/kapice\/cap-skinny-outline\/\"]}]},{\"@type\":\"ImageObject\",\"inLanguage\":\"sl-SI\",\"@id\":\"https:\/\/www.sugarfactory.hr\/proizvod\/kapice\/cap-skinny-outline\/#primaryimage\",\"url\":\"https:\/\/www.sugarfactory.hr\/wp-content\/uploads\/2025\/05\/Cap-Skinny-Outline.png\",\"contentUrl\":\"https:\/\/www.sugarfactory.hr\/wp-content\/uploads\/2025\/05\/Cap-Skinny-Outline.png\",\"width\":800,\"height\":800},{\"@type\":\"BreadcrumbList\",\"@id\":\"https:\/\/www.sugarfactory.hr\/proizvod\/kapice\/cap-skinny-outline\/#breadcrumb\",\"itemListElement\":[{\"@type\":\"ListItem\",\"position\":1,\"name\":\"Po\u010detna stranica\",\"item\":\"https:\/\/www.sugarfactory.hr\/\"},{\"@type\":\"ListItem\",\"position\":2,\"name\":\"Proizvodi\",\"item\":\"https:\/\/www.sugarfactory.hr\/shop\/\"},{\"@type\":\"ListItem\",\"position\":3,\"name\":\"Cap Skinny Outline\"}]},{\"@type\":\"WebSite\",\"@id\":\"https:\/\/www.sugarfactory.hr\/#website\",\"url\":\"https:\/\/www.sugarfactory.hr\/\",\"name\":\"Sugar Factory\",\"description\":\"Create your sweetest pieces!\",\"potentialAction\":[{\"@type\":\"SearchAction\",\"target\":{\"@type\":\"EntryPoint\",\"urlTemplate\":\"https:\/\/www.sugarfactory.hr\/?s={search_term_string}\"},\"query-input\":{\"@type\":\"PropertyValueSpecification\",\"valueRequired\":true,\"valueName\":\"search_term_string\"}}],\"inLanguage\":\"sl-SI\"}]}<\/script>\n<!-- \/ Yoast SEO plugin. -->","yoast_head_json":{"title":"Cap Skinny Outline - Sugar Factory","robots":{"index":"index","follow":"follow","max-snippet":"max-snippet:-1","max-image-preview":"max-image-preview:large","max-video-preview":"max-video-preview:-1"},"canonical":"https:\/\/www.sugarfactory.hr\/sl\/izdelek\/kape\/cap-skinny-outline\/","og_locale":"sl_SI","og_type":"article","og_title":"Cap Skinny Outline - Sugar Factory","og_description":"Cap Skinny Outline je precizna kapica dizajnirana za izuzetno tanke linije, s rasponom \u0161irine od 0,5 do 2 cm. Idealna je za detaljno crtanje, konture i fine poteze, omogu\u0107uju\u0107i maksimalnu kontrolu i \u010disto\u0107u linija. Skinny Outline Cap je savr\u0161en izbor za grafiti umjetnike i ilustratore koji \u017eele profesionalan i precizan rezultat.","og_url":"https:\/\/www.sugarfactory.hr\/sl\/izdelek\/kape\/cap-skinny-outline\/","og_site_name":"Sugar Factory","article_modified_time":"2026-04-30T14:45:15+00:00","og_image":[{"width":800,"height":800,"url":"https:\/\/www.sugarfactory.hr\/wp-content\/uploads\/2025\/05\/Cap-Skinny-Outline.png","type":"image\/png"}],"twitter_card":"summary_large_image","twitter_misc":{"Est. reading time":"1 minuta"},"schema":{"@context":"https:\/\/schema.org","@graph":[{"@type":"WebPage","@id":"https:\/\/www.sugarfactory.hr\/proizvod\/kapice\/cap-skinny-outline\/","url":"https:\/\/www.sugarfactory.hr\/proizvod\/kapice\/cap-skinny-outline\/","name":"Cap Skinny Outline - Sugar Factory","isPartOf":{"@id":"https:\/\/www.sugarfactory.hr\/#website"},"primaryImageOfPage":{"@id":"https:\/\/www.sugarfactory.hr\/proizvod\/kapice\/cap-skinny-outline\/#primaryimage"},"image":{"@id":"https:\/\/www.sugarfactory.hr\/proizvod\/kapice\/cap-skinny-outline\/#primaryimage"},"thumbnailUrl":"https:\/\/www.sugarfactory.hr\/wp-content\/uploads\/2025\/05\/Cap-Skinny-Outline.png","datePublished":"2025-05-19T16:15:24+00:00","dateModified":"2026-04-30T14:45:15+00:00","breadcrumb":{"@id":"https:\/\/www.sugarfactory.hr\/proizvod\/kapice\/cap-skinny-outline\/#breadcrumb"},"inLanguage":"sl-SI","potentialAction":[{"@type":"ReadAction","target":["https:\/\/www.sugarfactory.hr\/proizvod\/kapice\/cap-skinny-outline\/"]}]},{"@type":"ImageObject","inLanguage":"sl-SI","@id":"https:\/\/www.sugarfactory.hr\/proizvod\/kapice\/cap-skinny-outline\/#primaryimage","url":"https:\/\/www.sugarfactory.hr\/wp-content\/uploads\/2025\/05\/Cap-Skinny-Outline.png","contentUrl":"https:\/\/www.sugarfactory.hr\/wp-content\/uploads\/2025\/05\/Cap-Skinny-Outline.png","width":800,"height":800},{"@type":"BreadcrumbList","@id":"https:\/\/www.sugarfactory.hr\/proizvod\/kapice\/cap-skinny-outline\/#breadcrumb","itemListElement":[{"@type":"ListItem","position":1,"name":"Po\u010detna stranica","item":"https:\/\/www.sugarfactory.hr\/"},{"@type":"ListItem","position":2,"name":"Proizvodi","item":"https:\/\/www.sugarfactory.hr\/shop\/"},{"@type":"ListItem","position":3,"name":"Cap Skinny Outline"}]},{"@type":"WebSite","@id":"https:\/\/www.sugarfactory.hr\/#website","url":"https:\/\/www.sugarfactory.hr\/","name":"Tovarna sladkorja","description":"Create your sweetest pieces!","potentialAction":[{"@type":"SearchAction","target":{"@type":"EntryPoint","urlTemplate":"https:\/\/www.sugarfactory.hr\/?s={search_term_string}"},"query-input":{"@type":"PropertyValueSpecification","valueRequired":true,"valueName":"search_term_string"}}],"inLanguage":"sl-SI"}]}},"_links":{"self":[{"href":"https:\/\/www.sugarfactory.hr\/sl\/wp-json\/wp\/v2\/product\/10799","targetHints":{"allow":["GET"]}}],"collection":[{"href":"https:\/\/www.sugarfactory.hr\/sl\/wp-json\/wp\/v2\/product"}],"about":[{"href":"https:\/\/www.sugarfactory.hr\/sl\/wp-json\/wp\/v2\/types\/product"}],"wp:featuredmedia":[{"embeddable":true,"href":"https:\/\/www.sugarfactory.hr\/sl\/wp-json\/wp\/v2\/media\/10800"}],"wp:attachment":[{"href":"https:\/\/www.sugarfactory.hr\/sl\/wp-json\/wp\/v2\/media?parent=10799"}],"wp:term":[{"taxonomy":"product_brand","embeddable":true,"href":"https:\/\/www.sugarfactory.hr\/sl\/wp-json\/wp\/v2\/product_brand?post=10799"},{"taxonomy":"product_cat","embeddable":true,"href":"https:\/\/www.sugarfactory.hr\/sl\/wp-json\/wp\/v2\/product_cat?post=10799"},{"taxonomy":"product_tag","embeddable":true,"href":"https:\/\/www.sugarfactory.hr\/sl\/wp-json\/wp\/v2\/product_tag?post=10799"}],"curies":[{"name":"wp","href":"https:\/\/api.w.org\/{rel}","templated":true}]}}