{"id":10807,"date":"2025-05-19T18:17:16","date_gmt":"2025-05-19T17:17:16","guid":{"rendered":"https:\/\/www.sugarfactory.hr\/?post_type=product&#038;p=10807"},"modified":"2026-04-06T17:59:50","modified_gmt":"2026-04-06T16:59:50","slug":"cap-transversal-black","status":"publish","type":"product","link":"https:\/\/www.sugarfactory.hr\/sl\/izdelek\/kape\/cap-transversal-black\/","title":{"rendered":"Kapa pre\u010dna \u010drna"},"content":{"rendered":"<p data-start=\"0\" data-end=\"155\"><strong data-start=\"0\" data-end=\"25\">Kapa pre\u010dna \u010drna<\/strong> je <strong data-start=\"29\" data-end=\"64\" data-is-only-node=\"\">kapica za srednje \u0161iroke linije<\/strong> s rasponom \u0161irine od <strong data-start=\"86\" data-end=\"94\">5 cm<\/strong>, idealno za <strong data-start=\"107\" data-end=\"152\">kontrolirano i ravnomjerno nano\u0161enje boje<\/strong>.<\/p>\n<p data-start=\"157\" data-end=\"403\" data-is-last-node=\"\" data-is-only-node=\"\">Omogo\u010da <strong data-start=\"167\" data-end=\"205\">precizne poteze i glatke prijelaze<\/strong>, idealno za <strong data-start=\"219\" data-end=\"268\">konture, fill-inove i detaljne grafiti radove<\/strong>. <strong data-start=\"272\" data-end=\"297\">Transversal Black Cap<\/strong> zagotavlja <strong data-start=\"304\" data-end=\"343\">stabilnost in profesionalni rezultati<\/strong>, zaradi \u010desar je zanesljivo orodje za <strong data-start=\"375\" data-end=\"402\">umjetnike i ilustratore<\/strong>.<\/p>","protected":false},"excerpt":{"rendered":"<p>Cap Transversal Black je kapica za srednje \u0161iroke linije s rasponom \u0161irine od 5 cm, idealna za kontrolirano i ravnomjerno nano\u0161enje boje. Omogu\u0107uje precizne poteze i glatke prijelaze, savr\u0161ena za konture, fill-inove i detaljne grafiti radove. Transversal Black Cap pru\u017ea stabilnost i profesionalan rezultat, \u010dine\u0107i ga pouzdanim alatom za umjetnike i ilustratore.<\/p>","protected":false},"featured_media":12641,"template":"","meta":{"_acf_changed":false},"product_brand":[],"product_cat":[19,99],"product_tag":[],"class_list":{"0":"post-10807","1":"product","2":"type-product","3":"status-publish","4":"has-post-thumbnail","6":"product_cat-kapice","7":"product_cat-calligraphy-caps","9":"first","10":"instock","11":"shipping-taxable","12":"purchasable","13":"product-type-simple"},"acf":[],"yoast_head":"<!-- This site is optimized with the Yoast SEO plugin v26.3 - https:\/\/yoast.com\/wordpress\/plugins\/seo\/ -->\n<title>Cap Transversal Black - Sugar Factory<\/title>\n<meta name=\"robots\" content=\"index, follow, max-snippet:-1, max-image-preview:large, max-video-preview:-1\" \/>\n<link rel=\"canonical\" href=\"https:\/\/www.sugarfactory.hr\/sl\/izdelek\/kape\/cap-transversal-black\/\" \/>\n<meta property=\"og:locale\" content=\"sl_SI\" \/>\n<meta property=\"og:type\" content=\"article\" \/>\n<meta property=\"og:title\" content=\"Cap Transversal Black - Sugar Factory\" \/>\n<meta property=\"og:description\" content=\"Cap Transversal Black je kapica za srednje \u0161iroke linije s rasponom \u0161irine od 5 cm, idealna za kontrolirano i ravnomjerno nano\u0161enje boje. Omogu\u0107uje precizne poteze i glatke prijelaze, savr\u0161ena za konture, fill-inove i detaljne grafiti radove. Transversal Black Cap pru\u017ea stabilnost i profesionalan rezultat, \u010dine\u0107i ga pouzdanim alatom za umjetnike i ilustratore.\" \/>\n<meta property=\"og:url\" content=\"https:\/\/www.sugarfactory.hr\/sl\/izdelek\/kape\/cap-transversal-black\/\" \/>\n<meta property=\"og:site_name\" content=\"Sugar Factory\" \/>\n<meta property=\"article:modified_time\" content=\"2026-04-06T16:59:50+00:00\" \/>\n<meta property=\"og:image\" content=\"https:\/\/www.sugarfactory.hr\/wp-content\/uploads\/2025\/05\/aac795eb8ea74f799b264afe09d51da7.png\" \/>\n\t<meta property=\"og:image:width\" content=\"896\" \/>\n\t<meta property=\"og:image:height\" content=\"1120\" \/>\n\t<meta property=\"og:image:type\" content=\"image\/png\" \/>\n<meta name=\"twitter:card\" content=\"summary_large_image\" \/>\n<script type=\"application\/ld+json\" class=\"yoast-schema-graph\">{\"@context\":\"https:\/\/schema.org\",\"@graph\":[{\"@type\":\"WebPage\",\"@id\":\"https:\/\/www.sugarfactory.hr\/proizvod\/kapice\/cap-transversal-black\/\",\"url\":\"https:\/\/www.sugarfactory.hr\/proizvod\/kapice\/cap-transversal-black\/\",\"name\":\"Cap Transversal Black - Sugar Factory\",\"isPartOf\":{\"@id\":\"https:\/\/www.sugarfactory.hr\/#website\"},\"primaryImageOfPage\":{\"@id\":\"https:\/\/www.sugarfactory.hr\/proizvod\/kapice\/cap-transversal-black\/#primaryimage\"},\"image\":{\"@id\":\"https:\/\/www.sugarfactory.hr\/proizvod\/kapice\/cap-transversal-black\/#primaryimage\"},\"thumbnailUrl\":\"https:\/\/www.sugarfactory.hr\/wp-content\/uploads\/2025\/05\/aac795eb8ea74f799b264afe09d51da7.png\",\"datePublished\":\"2025-05-19T17:17:16+00:00\",\"dateModified\":\"2026-04-06T16:59:50+00:00\",\"breadcrumb\":{\"@id\":\"https:\/\/www.sugarfactory.hr\/proizvod\/kapice\/cap-transversal-black\/#breadcrumb\"},\"inLanguage\":\"sl-SI\",\"potentialAction\":[{\"@type\":\"ReadAction\",\"target\":[\"https:\/\/www.sugarfactory.hr\/proizvod\/kapice\/cap-transversal-black\/\"]}]},{\"@type\":\"ImageObject\",\"inLanguage\":\"sl-SI\",\"@id\":\"https:\/\/www.sugarfactory.hr\/proizvod\/kapice\/cap-transversal-black\/#primaryimage\",\"url\":\"https:\/\/www.sugarfactory.hr\/wp-content\/uploads\/2025\/05\/aac795eb8ea74f799b264afe09d51da7.png\",\"contentUrl\":\"https:\/\/www.sugarfactory.hr\/wp-content\/uploads\/2025\/05\/aac795eb8ea74f799b264afe09d51da7.png\",\"width\":896,\"height\":1120},{\"@type\":\"BreadcrumbList\",\"@id\":\"https:\/\/www.sugarfactory.hr\/proizvod\/kapice\/cap-transversal-black\/#breadcrumb\",\"itemListElement\":[{\"@type\":\"ListItem\",\"position\":1,\"name\":\"Po\u010detna stranica\",\"item\":\"https:\/\/www.sugarfactory.hr\/\"},{\"@type\":\"ListItem\",\"position\":2,\"name\":\"Proizvodi\",\"item\":\"https:\/\/www.sugarfactory.hr\/shop\/\"},{\"@type\":\"ListItem\",\"position\":3,\"name\":\"Cap Transversal Black\"}]},{\"@type\":\"WebSite\",\"@id\":\"https:\/\/www.sugarfactory.hr\/#website\",\"url\":\"https:\/\/www.sugarfactory.hr\/\",\"name\":\"Sugar Factory\",\"description\":\"Create your sweetest pieces!\",\"potentialAction\":[{\"@type\":\"SearchAction\",\"target\":{\"@type\":\"EntryPoint\",\"urlTemplate\":\"https:\/\/www.sugarfactory.hr\/?s={search_term_string}\"},\"query-input\":{\"@type\":\"PropertyValueSpecification\",\"valueRequired\":true,\"valueName\":\"search_term_string\"}}],\"inLanguage\":\"sl-SI\"}]}<\/script>\n<!-- \/ Yoast SEO plugin. -->","yoast_head_json":{"title":"Cap Transversal Black - Sugar Factory","robots":{"index":"index","follow":"follow","max-snippet":"max-snippet:-1","max-image-preview":"max-image-preview:large","max-video-preview":"max-video-preview:-1"},"canonical":"https:\/\/www.sugarfactory.hr\/sl\/izdelek\/kape\/cap-transversal-black\/","og_locale":"sl_SI","og_type":"article","og_title":"Cap Transversal Black - Sugar Factory","og_description":"Cap Transversal Black je kapica za srednje \u0161iroke linije s rasponom \u0161irine od 5 cm, idealna za kontrolirano i ravnomjerno nano\u0161enje boje. Omogu\u0107uje precizne poteze i glatke prijelaze, savr\u0161ena za konture, fill-inove i detaljne grafiti radove. Transversal Black Cap pru\u017ea stabilnost i profesionalan rezultat, \u010dine\u0107i ga pouzdanim alatom za umjetnike i ilustratore.","og_url":"https:\/\/www.sugarfactory.hr\/sl\/izdelek\/kape\/cap-transversal-black\/","og_site_name":"Sugar Factory","article_modified_time":"2026-04-06T16:59:50+00:00","og_image":[{"width":896,"height":1120,"url":"https:\/\/www.sugarfactory.hr\/wp-content\/uploads\/2025\/05\/aac795eb8ea74f799b264afe09d51da7.png","type":"image\/png"}],"twitter_card":"summary_large_image","schema":{"@context":"https:\/\/schema.org","@graph":[{"@type":"WebPage","@id":"https:\/\/www.sugarfactory.hr\/proizvod\/kapice\/cap-transversal-black\/","url":"https:\/\/www.sugarfactory.hr\/proizvod\/kapice\/cap-transversal-black\/","name":"Cap Transversal Black - Sugar Factory","isPartOf":{"@id":"https:\/\/www.sugarfactory.hr\/#website"},"primaryImageOfPage":{"@id":"https:\/\/www.sugarfactory.hr\/proizvod\/kapice\/cap-transversal-black\/#primaryimage"},"image":{"@id":"https:\/\/www.sugarfactory.hr\/proizvod\/kapice\/cap-transversal-black\/#primaryimage"},"thumbnailUrl":"https:\/\/www.sugarfactory.hr\/wp-content\/uploads\/2025\/05\/aac795eb8ea74f799b264afe09d51da7.png","datePublished":"2025-05-19T17:17:16+00:00","dateModified":"2026-04-06T16:59:50+00:00","breadcrumb":{"@id":"https:\/\/www.sugarfactory.hr\/proizvod\/kapice\/cap-transversal-black\/#breadcrumb"},"inLanguage":"sl-SI","potentialAction":[{"@type":"ReadAction","target":["https:\/\/www.sugarfactory.hr\/proizvod\/kapice\/cap-transversal-black\/"]}]},{"@type":"ImageObject","inLanguage":"sl-SI","@id":"https:\/\/www.sugarfactory.hr\/proizvod\/kapice\/cap-transversal-black\/#primaryimage","url":"https:\/\/www.sugarfactory.hr\/wp-content\/uploads\/2025\/05\/aac795eb8ea74f799b264afe09d51da7.png","contentUrl":"https:\/\/www.sugarfactory.hr\/wp-content\/uploads\/2025\/05\/aac795eb8ea74f799b264afe09d51da7.png","width":896,"height":1120},{"@type":"BreadcrumbList","@id":"https:\/\/www.sugarfactory.hr\/proizvod\/kapice\/cap-transversal-black\/#breadcrumb","itemListElement":[{"@type":"ListItem","position":1,"name":"Po\u010detna stranica","item":"https:\/\/www.sugarfactory.hr\/"},{"@type":"ListItem","position":2,"name":"Proizvodi","item":"https:\/\/www.sugarfactory.hr\/shop\/"},{"@type":"ListItem","position":3,"name":"Cap Transversal Black"}]},{"@type":"WebSite","@id":"https:\/\/www.sugarfactory.hr\/#website","url":"https:\/\/www.sugarfactory.hr\/","name":"Tovarna sladkorja","description":"Create your sweetest pieces!","potentialAction":[{"@type":"SearchAction","target":{"@type":"EntryPoint","urlTemplate":"https:\/\/www.sugarfactory.hr\/?s={search_term_string}"},"query-input":{"@type":"PropertyValueSpecification","valueRequired":true,"valueName":"search_term_string"}}],"inLanguage":"sl-SI"}]}},"_links":{"self":[{"href":"https:\/\/www.sugarfactory.hr\/sl\/wp-json\/wp\/v2\/product\/10807","targetHints":{"allow":["GET"]}}],"collection":[{"href":"https:\/\/www.sugarfactory.hr\/sl\/wp-json\/wp\/v2\/product"}],"about":[{"href":"https:\/\/www.sugarfactory.hr\/sl\/wp-json\/wp\/v2\/types\/product"}],"wp:featuredmedia":[{"embeddable":true,"href":"https:\/\/www.sugarfactory.hr\/sl\/wp-json\/wp\/v2\/media\/12641"}],"wp:attachment":[{"href":"https:\/\/www.sugarfactory.hr\/sl\/wp-json\/wp\/v2\/media?parent=10807"}],"wp:term":[{"taxonomy":"product_brand","embeddable":true,"href":"https:\/\/www.sugarfactory.hr\/sl\/wp-json\/wp\/v2\/product_brand?post=10807"},{"taxonomy":"product_cat","embeddable":true,"href":"https:\/\/www.sugarfactory.hr\/sl\/wp-json\/wp\/v2\/product_cat?post=10807"},{"taxonomy":"product_tag","embeddable":true,"href":"https:\/\/www.sugarfactory.hr\/sl\/wp-json\/wp\/v2\/product_tag?post=10807"}],"curies":[{"name":"wp","href":"https:\/\/api.w.org\/{rel}","templated":true}]}}