{"id":11328,"date":"2025-08-11T09:18:09","date_gmt":"2025-08-11T08:18:09","guid":{"rendered":"https:\/\/www.sugarfactory.hr\/?post_type=product&#038;p=11328"},"modified":"2026-03-11T12:01:23","modified_gmt":"2026-03-11T11:01:23","slug":"blok-student-a4-160-g-50-listova","status":"publish","type":"product","link":"https:\/\/www.sugarfactory.hr\/sl\/izdelek\/umetniski-program\/blok-student-a4-160-g-50-listova\/","title":{"rendered":"Blok \u0160tudent A4 160 g, 50 listov"},"content":{"rendered":"<p data-start=\"106\" data-end=\"227\"><strong data-start=\"106\" data-end=\"143\">Blok \u0160tudent A4 160 g, 50 listov<\/strong> stvoren je za <strong data-start=\"158\" data-end=\"178\">\u0161kolu i studente<\/strong> te nudi <strong data-start=\"187\" data-end=\"224\">crta\u010dki papir sa blagom teksturom<\/strong>.<\/p>\n<p data-start=\"229\" data-end=\"420\">Papir je <strong data-start=\"238\" data-end=\"275\">pogodan za ugljen, olovku, pastel<\/strong>, a na <strong data-start=\"282\" data-end=\"291\">160 g<\/strong> mogu\u0107e je slikati i <strong data-start=\"312\" data-end=\"347\">akvarelom, temperom ili akrilom<\/strong>. <strong data-start=\"349\" data-end=\"381\">Bijeli, bez-kiselinski papir<\/strong> osigurava <strong data-start=\"392\" data-end=\"417\">trajnost i pouzdanost<\/strong>.<\/p>","protected":false},"excerpt":{"rendered":"<p>Blok Student A4 160 g, 50 listova stvoren je za \u0161kolu i studente te nudi crta\u010dki papir sa blagom teksturom. Papir je pogodan za ugljen, olovku, pastel, a na 160 g mogu\u0107e je slikati i akvarelom, temperom ili akrilom. Bijeli, bez-kiselinski papir osigurava trajnost i pouzdanost.<\/p>","protected":false},"featured_media":12969,"template":"","meta":{"_acf_changed":false},"product_brand":[117],"product_cat":[45,61],"product_tag":[],"class_list":{"0":"post-11328","1":"product","2":"type-product","3":"status-publish","4":"has-post-thumbnail","6":"product_brand-canson","7":"product_cat-umjetnicki-program","8":"product_cat-papiri-i-blokovi","10":"first","11":"instock","12":"shipping-taxable","13":"purchasable","14":"product-type-simple"},"acf":[],"yoast_head":"<!-- This site is optimized with the Yoast SEO plugin v26.3 - https:\/\/yoast.com\/wordpress\/plugins\/seo\/ -->\n<title>Blok Student A4 160 g, 50 listova - Sugar Factory<\/title>\n<meta name=\"robots\" content=\"index, follow, max-snippet:-1, max-image-preview:large, max-video-preview:-1\" \/>\n<link rel=\"canonical\" href=\"https:\/\/www.sugarfactory.hr\/sl\/izdelek\/umetniski-program\/blok-student-a4-160-g-50-listova\/\" \/>\n<meta property=\"og:locale\" content=\"sl_SI\" \/>\n<meta property=\"og:type\" content=\"article\" \/>\n<meta property=\"og:title\" content=\"Blok Student A4 160 g, 50 listova - Sugar Factory\" \/>\n<meta property=\"og:description\" content=\"Blok Student A4 160 g, 50 listova stvoren je za \u0161kolu i studente te nudi crta\u010dki papir sa blagom teksturom. Papir je pogodan za ugljen, olovku, pastel, a na 160 g mogu\u0107e je slikati i akvarelom, temperom ili akrilom. Bijeli, bez-kiselinski papir osigurava trajnost i pouzdanost.\" \/>\n<meta property=\"og:url\" content=\"https:\/\/www.sugarfactory.hr\/sl\/izdelek\/umetniski-program\/blok-student-a4-160-g-50-listova\/\" \/>\n<meta property=\"og:site_name\" content=\"Sugar Factory\" \/>\n<meta property=\"article:modified_time\" content=\"2026-03-11T11:01:23+00:00\" \/>\n<meta property=\"og:image\" content=\"https:\/\/www.sugarfactory.hr\/wp-content\/uploads\/2025\/08\/23b612cfccf747a4a608610dfc9b83d6.webp\" \/>\n\t<meta property=\"og:image:width\" content=\"896\" \/>\n\t<meta property=\"og:image:height\" content=\"1120\" \/>\n\t<meta property=\"og:image:type\" content=\"image\/webp\" \/>\n<meta name=\"twitter:card\" content=\"summary_large_image\" \/>\n<script type=\"application\/ld+json\" class=\"yoast-schema-graph\">{\"@context\":\"https:\/\/schema.org\",\"@graph\":[{\"@type\":\"WebPage\",\"@id\":\"https:\/\/www.sugarfactory.hr\/proizvod\/umjetnicki-program\/blok-student-a4-160-g-50-listova\/\",\"url\":\"https:\/\/www.sugarfactory.hr\/proizvod\/umjetnicki-program\/blok-student-a4-160-g-50-listova\/\",\"name\":\"Blok Student A4 160 g, 50 listova - Sugar Factory\",\"isPartOf\":{\"@id\":\"https:\/\/www.sugarfactory.hr\/#website\"},\"primaryImageOfPage\":{\"@id\":\"https:\/\/www.sugarfactory.hr\/proizvod\/umjetnicki-program\/blok-student-a4-160-g-50-listova\/#primaryimage\"},\"image\":{\"@id\":\"https:\/\/www.sugarfactory.hr\/proizvod\/umjetnicki-program\/blok-student-a4-160-g-50-listova\/#primaryimage\"},\"thumbnailUrl\":\"https:\/\/www.sugarfactory.hr\/wp-content\/uploads\/2025\/08\/23b612cfccf747a4a608610dfc9b83d6.webp\",\"datePublished\":\"2025-08-11T08:18:09+00:00\",\"dateModified\":\"2026-03-11T11:01:23+00:00\",\"breadcrumb\":{\"@id\":\"https:\/\/www.sugarfactory.hr\/proizvod\/umjetnicki-program\/blok-student-a4-160-g-50-listova\/#breadcrumb\"},\"inLanguage\":\"sl-SI\",\"potentialAction\":[{\"@type\":\"ReadAction\",\"target\":[\"https:\/\/www.sugarfactory.hr\/proizvod\/umjetnicki-program\/blok-student-a4-160-g-50-listova\/\"]}]},{\"@type\":\"ImageObject\",\"inLanguage\":\"sl-SI\",\"@id\":\"https:\/\/www.sugarfactory.hr\/proizvod\/umjetnicki-program\/blok-student-a4-160-g-50-listova\/#primaryimage\",\"url\":\"https:\/\/www.sugarfactory.hr\/wp-content\/uploads\/2025\/08\/23b612cfccf747a4a608610dfc9b83d6.webp\",\"contentUrl\":\"https:\/\/www.sugarfactory.hr\/wp-content\/uploads\/2025\/08\/23b612cfccf747a4a608610dfc9b83d6.webp\",\"width\":896,\"height\":1120},{\"@type\":\"BreadcrumbList\",\"@id\":\"https:\/\/www.sugarfactory.hr\/proizvod\/umjetnicki-program\/blok-student-a4-160-g-50-listova\/#breadcrumb\",\"itemListElement\":[{\"@type\":\"ListItem\",\"position\":1,\"name\":\"Po\u010detna stranica\",\"item\":\"https:\/\/www.sugarfactory.hr\/\"},{\"@type\":\"ListItem\",\"position\":2,\"name\":\"Proizvodi\",\"item\":\"https:\/\/www.sugarfactory.hr\/shop\/\"},{\"@type\":\"ListItem\",\"position\":3,\"name\":\"Blok Student A4 160 g, 50 listova\"}]},{\"@type\":\"WebSite\",\"@id\":\"https:\/\/www.sugarfactory.hr\/#website\",\"url\":\"https:\/\/www.sugarfactory.hr\/\",\"name\":\"Sugar Factory\",\"description\":\"Create your sweetest pieces!\",\"potentialAction\":[{\"@type\":\"SearchAction\",\"target\":{\"@type\":\"EntryPoint\",\"urlTemplate\":\"https:\/\/www.sugarfactory.hr\/?s={search_term_string}\"},\"query-input\":{\"@type\":\"PropertyValueSpecification\",\"valueRequired\":true,\"valueName\":\"search_term_string\"}}],\"inLanguage\":\"sl-SI\"}]}<\/script>\n<!-- \/ Yoast SEO plugin. -->","yoast_head_json":{"title":"Blok Student A4 160 g, 50 listova - Sugar Factory","robots":{"index":"index","follow":"follow","max-snippet":"max-snippet:-1","max-image-preview":"max-image-preview:large","max-video-preview":"max-video-preview:-1"},"canonical":"https:\/\/www.sugarfactory.hr\/sl\/izdelek\/umetniski-program\/blok-student-a4-160-g-50-listova\/","og_locale":"sl_SI","og_type":"article","og_title":"Blok Student A4 160 g, 50 listova - Sugar Factory","og_description":"Blok Student A4 160 g, 50 listova stvoren je za \u0161kolu i studente te nudi crta\u010dki papir sa blagom teksturom. Papir je pogodan za ugljen, olovku, pastel, a na 160 g mogu\u0107e je slikati i akvarelom, temperom ili akrilom. Bijeli, bez-kiselinski papir osigurava trajnost i pouzdanost.","og_url":"https:\/\/www.sugarfactory.hr\/sl\/izdelek\/umetniski-program\/blok-student-a4-160-g-50-listova\/","og_site_name":"Sugar Factory","article_modified_time":"2026-03-11T11:01:23+00:00","og_image":[{"width":896,"height":1120,"url":"https:\/\/www.sugarfactory.hr\/wp-content\/uploads\/2025\/08\/23b612cfccf747a4a608610dfc9b83d6.webp","type":"image\/webp"}],"twitter_card":"summary_large_image","schema":{"@context":"https:\/\/schema.org","@graph":[{"@type":"WebPage","@id":"https:\/\/www.sugarfactory.hr\/proizvod\/umjetnicki-program\/blok-student-a4-160-g-50-listova\/","url":"https:\/\/www.sugarfactory.hr\/proizvod\/umjetnicki-program\/blok-student-a4-160-g-50-listova\/","name":"Blok Student A4 160 g, 50 listova - Sugar Factory","isPartOf":{"@id":"https:\/\/www.sugarfactory.hr\/#website"},"primaryImageOfPage":{"@id":"https:\/\/www.sugarfactory.hr\/proizvod\/umjetnicki-program\/blok-student-a4-160-g-50-listova\/#primaryimage"},"image":{"@id":"https:\/\/www.sugarfactory.hr\/proizvod\/umjetnicki-program\/blok-student-a4-160-g-50-listova\/#primaryimage"},"thumbnailUrl":"https:\/\/www.sugarfactory.hr\/wp-content\/uploads\/2025\/08\/23b612cfccf747a4a608610dfc9b83d6.webp","datePublished":"2025-08-11T08:18:09+00:00","dateModified":"2026-03-11T11:01:23+00:00","breadcrumb":{"@id":"https:\/\/www.sugarfactory.hr\/proizvod\/umjetnicki-program\/blok-student-a4-160-g-50-listova\/#breadcrumb"},"inLanguage":"sl-SI","potentialAction":[{"@type":"ReadAction","target":["https:\/\/www.sugarfactory.hr\/proizvod\/umjetnicki-program\/blok-student-a4-160-g-50-listova\/"]}]},{"@type":"ImageObject","inLanguage":"sl-SI","@id":"https:\/\/www.sugarfactory.hr\/proizvod\/umjetnicki-program\/blok-student-a4-160-g-50-listova\/#primaryimage","url":"https:\/\/www.sugarfactory.hr\/wp-content\/uploads\/2025\/08\/23b612cfccf747a4a608610dfc9b83d6.webp","contentUrl":"https:\/\/www.sugarfactory.hr\/wp-content\/uploads\/2025\/08\/23b612cfccf747a4a608610dfc9b83d6.webp","width":896,"height":1120},{"@type":"BreadcrumbList","@id":"https:\/\/www.sugarfactory.hr\/proizvod\/umjetnicki-program\/blok-student-a4-160-g-50-listova\/#breadcrumb","itemListElement":[{"@type":"ListItem","position":1,"name":"Po\u010detna stranica","item":"https:\/\/www.sugarfactory.hr\/"},{"@type":"ListItem","position":2,"name":"Proizvodi","item":"https:\/\/www.sugarfactory.hr\/shop\/"},{"@type":"ListItem","position":3,"name":"Blok Student A4 160 g, 50 listova"}]},{"@type":"WebSite","@id":"https:\/\/www.sugarfactory.hr\/#website","url":"https:\/\/www.sugarfactory.hr\/","name":"Tovarna sladkorja","description":"Create your sweetest pieces!","potentialAction":[{"@type":"SearchAction","target":{"@type":"EntryPoint","urlTemplate":"https:\/\/www.sugarfactory.hr\/?s={search_term_string}"},"query-input":{"@type":"PropertyValueSpecification","valueRequired":true,"valueName":"search_term_string"}}],"inLanguage":"sl-SI"}]}},"_links":{"self":[{"href":"https:\/\/www.sugarfactory.hr\/sl\/wp-json\/wp\/v2\/product\/11328","targetHints":{"allow":["GET"]}}],"collection":[{"href":"https:\/\/www.sugarfactory.hr\/sl\/wp-json\/wp\/v2\/product"}],"about":[{"href":"https:\/\/www.sugarfactory.hr\/sl\/wp-json\/wp\/v2\/types\/product"}],"wp:featuredmedia":[{"embeddable":true,"href":"https:\/\/www.sugarfactory.hr\/sl\/wp-json\/wp\/v2\/media\/12969"}],"wp:attachment":[{"href":"https:\/\/www.sugarfactory.hr\/sl\/wp-json\/wp\/v2\/media?parent=11328"}],"wp:term":[{"taxonomy":"product_brand","embeddable":true,"href":"https:\/\/www.sugarfactory.hr\/sl\/wp-json\/wp\/v2\/product_brand?post=11328"},{"taxonomy":"product_cat","embeddable":true,"href":"https:\/\/www.sugarfactory.hr\/sl\/wp-json\/wp\/v2\/product_cat?post=11328"},{"taxonomy":"product_tag","embeddable":true,"href":"https:\/\/www.sugarfactory.hr\/sl\/wp-json\/wp\/v2\/product_tag?post=11328"}],"curies":[{"name":"wp","href":"https:\/\/api.w.org\/{rel}","templated":true}]}}