{"id":11419,"date":"2025-08-12T10:52:13","date_gmt":"2025-08-12T09:52:13","guid":{"rendered":"https:\/\/www.sugarfactory.hr\/?post_type=product&#038;p=11419"},"modified":"2026-03-25T09:13:44","modified_gmt":"2026-03-25T08:13:44","slug":"talens-cistac-kistova-75-ml","status":"publish","type":"product","link":"https:\/\/www.sugarfactory.hr\/sl\/izdelek\/umetniski-program\/talens-cistac-kistova-75-ml\/","title":{"rendered":"Talens \u010dista\u010d kistova 75 ml"},"content":{"rendered":"<p data-start=\"0\" data-end=\"154\"><strong data-start=\"0\" data-end=\"31\">Talens \u010dista\u010d kistova 75 ml<\/strong> je <strong data-start=\"35\" data-end=\"67\">sredstvo za \u010di\u0161\u0107enje kistova<\/strong> prikladno za <strong data-start=\"81\" data-end=\"152\" data-is-only-node=\"\">uljane boje koje se mije\u0161aju s vodom i za tradicionalne uljane boje.<\/strong><\/p>\n<p data-start=\"156\" data-end=\"303\">Omogo\u010da <strong data-start=\"166\" data-end=\"252\">temeljito \u010di\u0161\u0107enje bez upotrebe \u0161tetnih otapala poput terpentina ili white spirita<\/strong>, kar pomeni, da je <strong data-start=\"266\" data-end=\"301\">sigurnijim za zdravlje i okoli\u0161.<\/strong><\/p>\n<p data-start=\"305\" data-end=\"466\" data-is-last-node=\"\" data-is-only-node=\"\">Sredstvo <strong data-start=\"314\" data-end=\"343\">olak\u0161ava \u010di\u0161\u0107enje kistova<\/strong> i mo\u017ee se <strong data-start=\"354\" data-end=\"401\">ponovno koristiti nakon talo\u017eenja pigmenata<\/strong>, \u010duvaju\u0107i kvalitetu dla\u010dica i produ\u017euju\u0107i vijek trajanja kistova.<\/p>","protected":false},"excerpt":{"rendered":"<p>Talens \u010dista\u010d kistova 75 ml je sredstvo za \u010di\u0161\u0107enje kistova prikladno za uljane boje koje se mije\u0161aju s vodom i za tradicionalne uljane boje. Omogu\u0107uje temeljito \u010di\u0161\u0107enje bez upotrebe \u0161tetnih otapala poput terpentina ili white spirita, \u0161to ga \u010dini sigurnijim za zdravlje i okoli\u0161. Sredstvo olak\u0161ava \u010di\u0161\u0107enje kistova i mo\u017ee se ponovno koristiti nakon talo\u017eenja [&hellip;]<\/p>","protected":false},"featured_media":12695,"template":"","meta":{"_acf_changed":false},"product_brand":[119],"product_cat":[45,59],"product_tag":[],"class_list":{"0":"post-11419","1":"product","2":"type-product","3":"status-publish","4":"has-post-thumbnail","6":"product_brand-talens-art-creation","7":"product_cat-umjetnicki-program","8":"product_cat-ulja-mediumi-i-lakovi-za-boje","10":"first","11":"instock","12":"shipping-taxable","13":"purchasable","14":"product-type-simple"},"acf":[],"yoast_head":"<!-- This site is optimized with the Yoast SEO plugin v26.3 - https:\/\/yoast.com\/wordpress\/plugins\/seo\/ -->\n<title>Talens \u010dista\u010d kistova 75 ml - Sugar Factory<\/title>\n<meta name=\"robots\" content=\"index, follow, max-snippet:-1, max-image-preview:large, max-video-preview:-1\" \/>\n<link rel=\"canonical\" href=\"https:\/\/www.sugarfactory.hr\/sl\/izdelek\/umetniski-program\/talens-cistac-kistova-75-ml\/\" \/>\n<meta property=\"og:locale\" content=\"sl_SI\" \/>\n<meta property=\"og:type\" content=\"article\" \/>\n<meta property=\"og:title\" content=\"Talens \u010dista\u010d kistova 75 ml - Sugar Factory\" \/>\n<meta property=\"og:description\" content=\"Talens \u010dista\u010d kistova 75 ml je sredstvo za \u010di\u0161\u0107enje kistova prikladno za uljane boje koje se mije\u0161aju s vodom i za tradicionalne uljane boje. Omogu\u0107uje temeljito \u010di\u0161\u0107enje bez upotrebe \u0161tetnih otapala poput terpentina ili white spirita, \u0161to ga \u010dini sigurnijim za zdravlje i okoli\u0161. Sredstvo olak\u0161ava \u010di\u0161\u0107enje kistova i mo\u017ee se ponovno koristiti nakon talo\u017eenja [&hellip;]\" \/>\n<meta property=\"og:url\" content=\"https:\/\/www.sugarfactory.hr\/sl\/izdelek\/umetniski-program\/talens-cistac-kistova-75-ml\/\" \/>\n<meta property=\"og:site_name\" content=\"Sugar Factory\" \/>\n<meta property=\"article:modified_time\" content=\"2026-03-25T08:13:44+00:00\" \/>\n<meta property=\"og:image\" content=\"https:\/\/www.sugarfactory.hr\/wp-content\/uploads\/2025\/08\/b3ac5f7b77634ed5a99a534f96f74779.webp\" \/>\n\t<meta property=\"og:image:width\" content=\"896\" \/>\n\t<meta property=\"og:image:height\" content=\"1120\" \/>\n\t<meta property=\"og:image:type\" content=\"image\/webp\" \/>\n<meta name=\"twitter:card\" content=\"summary_large_image\" \/>\n<script type=\"application\/ld+json\" class=\"yoast-schema-graph\">{\"@context\":\"https:\/\/schema.org\",\"@graph\":[{\"@type\":\"WebPage\",\"@id\":\"https:\/\/www.sugarfactory.hr\/proizvod\/umjetnicki-program\/talens-cistac-kistova-75-ml\/\",\"url\":\"https:\/\/www.sugarfactory.hr\/proizvod\/umjetnicki-program\/talens-cistac-kistova-75-ml\/\",\"name\":\"Talens \u010dista\u010d kistova 75 ml - Sugar Factory\",\"isPartOf\":{\"@id\":\"https:\/\/www.sugarfactory.hr\/#website\"},\"primaryImageOfPage\":{\"@id\":\"https:\/\/www.sugarfactory.hr\/proizvod\/umjetnicki-program\/talens-cistac-kistova-75-ml\/#primaryimage\"},\"image\":{\"@id\":\"https:\/\/www.sugarfactory.hr\/proizvod\/umjetnicki-program\/talens-cistac-kistova-75-ml\/#primaryimage\"},\"thumbnailUrl\":\"https:\/\/www.sugarfactory.hr\/wp-content\/uploads\/2025\/08\/b3ac5f7b77634ed5a99a534f96f74779.webp\",\"datePublished\":\"2025-08-12T09:52:13+00:00\",\"dateModified\":\"2026-03-25T08:13:44+00:00\",\"breadcrumb\":{\"@id\":\"https:\/\/www.sugarfactory.hr\/proizvod\/umjetnicki-program\/talens-cistac-kistova-75-ml\/#breadcrumb\"},\"inLanguage\":\"sl-SI\",\"potentialAction\":[{\"@type\":\"ReadAction\",\"target\":[\"https:\/\/www.sugarfactory.hr\/proizvod\/umjetnicki-program\/talens-cistac-kistova-75-ml\/\"]}]},{\"@type\":\"ImageObject\",\"inLanguage\":\"sl-SI\",\"@id\":\"https:\/\/www.sugarfactory.hr\/proizvod\/umjetnicki-program\/talens-cistac-kistova-75-ml\/#primaryimage\",\"url\":\"https:\/\/www.sugarfactory.hr\/wp-content\/uploads\/2025\/08\/b3ac5f7b77634ed5a99a534f96f74779.webp\",\"contentUrl\":\"https:\/\/www.sugarfactory.hr\/wp-content\/uploads\/2025\/08\/b3ac5f7b77634ed5a99a534f96f74779.webp\",\"width\":896,\"height\":1120},{\"@type\":\"BreadcrumbList\",\"@id\":\"https:\/\/www.sugarfactory.hr\/proizvod\/umjetnicki-program\/talens-cistac-kistova-75-ml\/#breadcrumb\",\"itemListElement\":[{\"@type\":\"ListItem\",\"position\":1,\"name\":\"Po\u010detna stranica\",\"item\":\"https:\/\/www.sugarfactory.hr\/\"},{\"@type\":\"ListItem\",\"position\":2,\"name\":\"Proizvodi\",\"item\":\"https:\/\/www.sugarfactory.hr\/shop\/\"},{\"@type\":\"ListItem\",\"position\":3,\"name\":\"Talens \u010dista\u010d kistova 75 ml\"}]},{\"@type\":\"WebSite\",\"@id\":\"https:\/\/www.sugarfactory.hr\/#website\",\"url\":\"https:\/\/www.sugarfactory.hr\/\",\"name\":\"Sugar Factory\",\"description\":\"Create your sweetest pieces!\",\"potentialAction\":[{\"@type\":\"SearchAction\",\"target\":{\"@type\":\"EntryPoint\",\"urlTemplate\":\"https:\/\/www.sugarfactory.hr\/?s={search_term_string}\"},\"query-input\":{\"@type\":\"PropertyValueSpecification\",\"valueRequired\":true,\"valueName\":\"search_term_string\"}}],\"inLanguage\":\"sl-SI\"}]}<\/script>\n<!-- \/ Yoast SEO plugin. -->","yoast_head_json":{"title":"Talens \u010dista\u010d kistova 75 ml - Sugar Factory","robots":{"index":"index","follow":"follow","max-snippet":"max-snippet:-1","max-image-preview":"max-image-preview:large","max-video-preview":"max-video-preview:-1"},"canonical":"https:\/\/www.sugarfactory.hr\/sl\/izdelek\/umetniski-program\/talens-cistac-kistova-75-ml\/","og_locale":"sl_SI","og_type":"article","og_title":"Talens \u010dista\u010d kistova 75 ml - Sugar Factory","og_description":"Talens \u010dista\u010d kistova 75 ml je sredstvo za \u010di\u0161\u0107enje kistova prikladno za uljane boje koje se mije\u0161aju s vodom i za tradicionalne uljane boje. Omogu\u0107uje temeljito \u010di\u0161\u0107enje bez upotrebe \u0161tetnih otapala poput terpentina ili white spirita, \u0161to ga \u010dini sigurnijim za zdravlje i okoli\u0161. Sredstvo olak\u0161ava \u010di\u0161\u0107enje kistova i mo\u017ee se ponovno koristiti nakon talo\u017eenja [&hellip;]","og_url":"https:\/\/www.sugarfactory.hr\/sl\/izdelek\/umetniski-program\/talens-cistac-kistova-75-ml\/","og_site_name":"Sugar Factory","article_modified_time":"2026-03-25T08:13:44+00:00","og_image":[{"width":896,"height":1120,"url":"https:\/\/www.sugarfactory.hr\/wp-content\/uploads\/2025\/08\/b3ac5f7b77634ed5a99a534f96f74779.webp","type":"image\/webp"}],"twitter_card":"summary_large_image","schema":{"@context":"https:\/\/schema.org","@graph":[{"@type":"WebPage","@id":"https:\/\/www.sugarfactory.hr\/proizvod\/umjetnicki-program\/talens-cistac-kistova-75-ml\/","url":"https:\/\/www.sugarfactory.hr\/proizvod\/umjetnicki-program\/talens-cistac-kistova-75-ml\/","name":"Talens \u010dista\u010d kistova 75 ml - Sugar Factory","isPartOf":{"@id":"https:\/\/www.sugarfactory.hr\/#website"},"primaryImageOfPage":{"@id":"https:\/\/www.sugarfactory.hr\/proizvod\/umjetnicki-program\/talens-cistac-kistova-75-ml\/#primaryimage"},"image":{"@id":"https:\/\/www.sugarfactory.hr\/proizvod\/umjetnicki-program\/talens-cistac-kistova-75-ml\/#primaryimage"},"thumbnailUrl":"https:\/\/www.sugarfactory.hr\/wp-content\/uploads\/2025\/08\/b3ac5f7b77634ed5a99a534f96f74779.webp","datePublished":"2025-08-12T09:52:13+00:00","dateModified":"2026-03-25T08:13:44+00:00","breadcrumb":{"@id":"https:\/\/www.sugarfactory.hr\/proizvod\/umjetnicki-program\/talens-cistac-kistova-75-ml\/#breadcrumb"},"inLanguage":"sl-SI","potentialAction":[{"@type":"ReadAction","target":["https:\/\/www.sugarfactory.hr\/proizvod\/umjetnicki-program\/talens-cistac-kistova-75-ml\/"]}]},{"@type":"ImageObject","inLanguage":"sl-SI","@id":"https:\/\/www.sugarfactory.hr\/proizvod\/umjetnicki-program\/talens-cistac-kistova-75-ml\/#primaryimage","url":"https:\/\/www.sugarfactory.hr\/wp-content\/uploads\/2025\/08\/b3ac5f7b77634ed5a99a534f96f74779.webp","contentUrl":"https:\/\/www.sugarfactory.hr\/wp-content\/uploads\/2025\/08\/b3ac5f7b77634ed5a99a534f96f74779.webp","width":896,"height":1120},{"@type":"BreadcrumbList","@id":"https:\/\/www.sugarfactory.hr\/proizvod\/umjetnicki-program\/talens-cistac-kistova-75-ml\/#breadcrumb","itemListElement":[{"@type":"ListItem","position":1,"name":"Po\u010detna stranica","item":"https:\/\/www.sugarfactory.hr\/"},{"@type":"ListItem","position":2,"name":"Proizvodi","item":"https:\/\/www.sugarfactory.hr\/shop\/"},{"@type":"ListItem","position":3,"name":"Talens \u010dista\u010d kistova 75 ml"}]},{"@type":"WebSite","@id":"https:\/\/www.sugarfactory.hr\/#website","url":"https:\/\/www.sugarfactory.hr\/","name":"Tovarna sladkorja","description":"Create your sweetest pieces!","potentialAction":[{"@type":"SearchAction","target":{"@type":"EntryPoint","urlTemplate":"https:\/\/www.sugarfactory.hr\/?s={search_term_string}"},"query-input":{"@type":"PropertyValueSpecification","valueRequired":true,"valueName":"search_term_string"}}],"inLanguage":"sl-SI"}]}},"_links":{"self":[{"href":"https:\/\/www.sugarfactory.hr\/sl\/wp-json\/wp\/v2\/product\/11419","targetHints":{"allow":["GET"]}}],"collection":[{"href":"https:\/\/www.sugarfactory.hr\/sl\/wp-json\/wp\/v2\/product"}],"about":[{"href":"https:\/\/www.sugarfactory.hr\/sl\/wp-json\/wp\/v2\/types\/product"}],"wp:featuredmedia":[{"embeddable":true,"href":"https:\/\/www.sugarfactory.hr\/sl\/wp-json\/wp\/v2\/media\/12695"}],"wp:attachment":[{"href":"https:\/\/www.sugarfactory.hr\/sl\/wp-json\/wp\/v2\/media?parent=11419"}],"wp:term":[{"taxonomy":"product_brand","embeddable":true,"href":"https:\/\/www.sugarfactory.hr\/sl\/wp-json\/wp\/v2\/product_brand?post=11419"},{"taxonomy":"product_cat","embeddable":true,"href":"https:\/\/www.sugarfactory.hr\/sl\/wp-json\/wp\/v2\/product_cat?post=11419"},{"taxonomy":"product_tag","embeddable":true,"href":"https:\/\/www.sugarfactory.hr\/sl\/wp-json\/wp\/v2\/product_tag?post=11419"}],"curies":[{"name":"wp","href":"https:\/\/api.w.org\/{rel}","templated":true}]}}