{"id":11425,"date":"2025-08-12T11:21:33","date_gmt":"2025-08-12T10:21:33","guid":{"rendered":"https:\/\/www.sugarfactory.hr\/?post_type=product&#038;p=11425"},"modified":"2026-03-03T14:03:13","modified_gmt":"2026-03-03T13:03:13","slug":"amsterdama-lak-za-akril-visoki-sjaj","status":"publish","type":"product","link":"https:\/\/www.sugarfactory.hr\/sl\/izdelek\/umetniski-program\/amsterdama-lak-za-akril-visoki-sjaj\/","title":{"rendered":"Amsterdamski lak za akril z visokim sijajem"},"content":{"rendered":"<p data-start=\"107\" data-end=\"231\"><strong data-start=\"107\" data-end=\"146\">Amsterdam visokosjajni lak za akril<\/strong> zagotavlja <strong data-start=\"153\" data-end=\"211\">trajnu za\u0161titu i intenzivan visokosjajni zavr\u0161ni efekt<\/strong> za akrilne slike.<\/p>\n<p data-start=\"233\" data-end=\"344\">Nanosi se na <strong data-start=\"246\" data-end=\"272\">potpuno suhi sloj boje<\/strong>, brzo se su\u0161i i <strong data-start=\"289\" data-end=\"300\">ne \u017euti<\/strong>, \u010duvaju\u0107i <strong data-start=\"311\" data-end=\"341\">svje\u017einu i intenzitet boja<\/strong>.<\/p>","protected":false},"excerpt":{"rendered":"<p>Amsterdam visokosjajni lak za akril pru\u017ea trajnu za\u0161titu i intenzivan visokosjajni zavr\u0161ni efekt za akrilne slike. Nanosi se na potpuno suhi sloj boje, brzo se su\u0161i i ne \u017euti, \u010duvaju\u0107i svje\u017einu i intenzitet boja.<\/p>","protected":false},"featured_media":12881,"template":"","meta":{"_acf_changed":false},"product_brand":[114],"product_cat":[45,59],"product_tag":[],"class_list":{"0":"post-11425","1":"product","2":"type-product","3":"status-publish","4":"has-post-thumbnail","6":"product_brand-amsterdam","7":"product_cat-umjetnicki-program","8":"product_cat-ulja-mediumi-i-lakovi-za-boje","10":"first","11":"instock","12":"shipping-taxable","13":"purchasable","14":"product-type-simple"},"acf":[],"yoast_head":"<!-- This site is optimized with the Yoast SEO plugin v26.3 - https:\/\/yoast.com\/wordpress\/plugins\/seo\/ -->\n<title>Amsterdam lak za akril visoki sjaj - Sugar Factory<\/title>\n<meta name=\"robots\" content=\"index, follow, max-snippet:-1, max-image-preview:large, max-video-preview:-1\" \/>\n<link rel=\"canonical\" href=\"https:\/\/www.sugarfactory.hr\/sl\/izdelek\/umetniski-program\/amsterdama-lak-za-akril-visoki-sjaj\/\" \/>\n<meta property=\"og:locale\" content=\"sl_SI\" \/>\n<meta property=\"og:type\" content=\"article\" \/>\n<meta property=\"og:title\" content=\"Amsterdam lak za akril visoki sjaj - Sugar Factory\" \/>\n<meta property=\"og:description\" content=\"Amsterdam visokosjajni lak za akril pru\u017ea trajnu za\u0161titu i intenzivan visokosjajni zavr\u0161ni efekt za akrilne slike. Nanosi se na potpuno suhi sloj boje, brzo se su\u0161i i ne \u017euti, \u010duvaju\u0107i svje\u017einu i intenzitet boja.\" \/>\n<meta property=\"og:url\" content=\"https:\/\/www.sugarfactory.hr\/sl\/izdelek\/umetniski-program\/amsterdama-lak-za-akril-visoki-sjaj\/\" \/>\n<meta property=\"og:site_name\" content=\"Sugar Factory\" \/>\n<meta property=\"article:modified_time\" content=\"2026-03-03T13:03:13+00:00\" \/>\n<meta property=\"og:image\" content=\"https:\/\/www.sugarfactory.hr\/wp-content\/uploads\/2025\/08\/20989bb7e664407cbd6a9fc660d35efb.webp\" \/>\n\t<meta property=\"og:image:width\" content=\"896\" \/>\n\t<meta property=\"og:image:height\" content=\"1120\" \/>\n\t<meta property=\"og:image:type\" content=\"image\/webp\" \/>\n<meta name=\"twitter:card\" content=\"summary_large_image\" \/>\n<script type=\"application\/ld+json\" class=\"yoast-schema-graph\">{\"@context\":\"https:\/\/schema.org\",\"@graph\":[{\"@type\":\"WebPage\",\"@id\":\"https:\/\/www.sugarfactory.hr\/proizvod\/umjetnicki-program\/amsterdama-lak-za-akril-visoki-sjaj\/\",\"url\":\"https:\/\/www.sugarfactory.hr\/proizvod\/umjetnicki-program\/amsterdama-lak-za-akril-visoki-sjaj\/\",\"name\":\"Amsterdam lak za akril visoki sjaj - Sugar Factory\",\"isPartOf\":{\"@id\":\"https:\/\/www.sugarfactory.hr\/#website\"},\"primaryImageOfPage\":{\"@id\":\"https:\/\/www.sugarfactory.hr\/proizvod\/umjetnicki-program\/amsterdama-lak-za-akril-visoki-sjaj\/#primaryimage\"},\"image\":{\"@id\":\"https:\/\/www.sugarfactory.hr\/proizvod\/umjetnicki-program\/amsterdama-lak-za-akril-visoki-sjaj\/#primaryimage\"},\"thumbnailUrl\":\"https:\/\/www.sugarfactory.hr\/wp-content\/uploads\/2025\/08\/20989bb7e664407cbd6a9fc660d35efb.webp\",\"datePublished\":\"2025-08-12T10:21:33+00:00\",\"dateModified\":\"2026-03-03T13:03:13+00:00\",\"breadcrumb\":{\"@id\":\"https:\/\/www.sugarfactory.hr\/proizvod\/umjetnicki-program\/amsterdama-lak-za-akril-visoki-sjaj\/#breadcrumb\"},\"inLanguage\":\"sl-SI\",\"potentialAction\":[{\"@type\":\"ReadAction\",\"target\":[\"https:\/\/www.sugarfactory.hr\/proizvod\/umjetnicki-program\/amsterdama-lak-za-akril-visoki-sjaj\/\"]}]},{\"@type\":\"ImageObject\",\"inLanguage\":\"sl-SI\",\"@id\":\"https:\/\/www.sugarfactory.hr\/proizvod\/umjetnicki-program\/amsterdama-lak-za-akril-visoki-sjaj\/#primaryimage\",\"url\":\"https:\/\/www.sugarfactory.hr\/wp-content\/uploads\/2025\/08\/20989bb7e664407cbd6a9fc660d35efb.webp\",\"contentUrl\":\"https:\/\/www.sugarfactory.hr\/wp-content\/uploads\/2025\/08\/20989bb7e664407cbd6a9fc660d35efb.webp\",\"width\":896,\"height\":1120},{\"@type\":\"BreadcrumbList\",\"@id\":\"https:\/\/www.sugarfactory.hr\/proizvod\/umjetnicki-program\/amsterdama-lak-za-akril-visoki-sjaj\/#breadcrumb\",\"itemListElement\":[{\"@type\":\"ListItem\",\"position\":1,\"name\":\"Po\u010detna stranica\",\"item\":\"https:\/\/www.sugarfactory.hr\/\"},{\"@type\":\"ListItem\",\"position\":2,\"name\":\"Proizvodi\",\"item\":\"https:\/\/www.sugarfactory.hr\/shop\/\"},{\"@type\":\"ListItem\",\"position\":3,\"name\":\"Amsterdam lak za akril visoki sjaj\"}]},{\"@type\":\"WebSite\",\"@id\":\"https:\/\/www.sugarfactory.hr\/#website\",\"url\":\"https:\/\/www.sugarfactory.hr\/\",\"name\":\"Sugar Factory\",\"description\":\"Create your sweetest pieces!\",\"potentialAction\":[{\"@type\":\"SearchAction\",\"target\":{\"@type\":\"EntryPoint\",\"urlTemplate\":\"https:\/\/www.sugarfactory.hr\/?s={search_term_string}\"},\"query-input\":{\"@type\":\"PropertyValueSpecification\",\"valueRequired\":true,\"valueName\":\"search_term_string\"}}],\"inLanguage\":\"sl-SI\"}]}<\/script>\n<!-- \/ Yoast SEO plugin. -->","yoast_head_json":{"title":"Amsterdam lak za akril visoki sjaj - Sugar Factory","robots":{"index":"index","follow":"follow","max-snippet":"max-snippet:-1","max-image-preview":"max-image-preview:large","max-video-preview":"max-video-preview:-1"},"canonical":"https:\/\/www.sugarfactory.hr\/sl\/izdelek\/umetniski-program\/amsterdama-lak-za-akril-visoki-sjaj\/","og_locale":"sl_SI","og_type":"article","og_title":"Amsterdam lak za akril visoki sjaj - Sugar Factory","og_description":"Amsterdam visokosjajni lak za akril pru\u017ea trajnu za\u0161titu i intenzivan visokosjajni zavr\u0161ni efekt za akrilne slike. Nanosi se na potpuno suhi sloj boje, brzo se su\u0161i i ne \u017euti, \u010duvaju\u0107i svje\u017einu i intenzitet boja.","og_url":"https:\/\/www.sugarfactory.hr\/sl\/izdelek\/umetniski-program\/amsterdama-lak-za-akril-visoki-sjaj\/","og_site_name":"Sugar Factory","article_modified_time":"2026-03-03T13:03:13+00:00","og_image":[{"width":896,"height":1120,"url":"https:\/\/www.sugarfactory.hr\/wp-content\/uploads\/2025\/08\/20989bb7e664407cbd6a9fc660d35efb.webp","type":"image\/webp"}],"twitter_card":"summary_large_image","schema":{"@context":"https:\/\/schema.org","@graph":[{"@type":"WebPage","@id":"https:\/\/www.sugarfactory.hr\/proizvod\/umjetnicki-program\/amsterdama-lak-za-akril-visoki-sjaj\/","url":"https:\/\/www.sugarfactory.hr\/proizvod\/umjetnicki-program\/amsterdama-lak-za-akril-visoki-sjaj\/","name":"Amsterdam lak za akril visoki sjaj - Sugar Factory","isPartOf":{"@id":"https:\/\/www.sugarfactory.hr\/#website"},"primaryImageOfPage":{"@id":"https:\/\/www.sugarfactory.hr\/proizvod\/umjetnicki-program\/amsterdama-lak-za-akril-visoki-sjaj\/#primaryimage"},"image":{"@id":"https:\/\/www.sugarfactory.hr\/proizvod\/umjetnicki-program\/amsterdama-lak-za-akril-visoki-sjaj\/#primaryimage"},"thumbnailUrl":"https:\/\/www.sugarfactory.hr\/wp-content\/uploads\/2025\/08\/20989bb7e664407cbd6a9fc660d35efb.webp","datePublished":"2025-08-12T10:21:33+00:00","dateModified":"2026-03-03T13:03:13+00:00","breadcrumb":{"@id":"https:\/\/www.sugarfactory.hr\/proizvod\/umjetnicki-program\/amsterdama-lak-za-akril-visoki-sjaj\/#breadcrumb"},"inLanguage":"sl-SI","potentialAction":[{"@type":"ReadAction","target":["https:\/\/www.sugarfactory.hr\/proizvod\/umjetnicki-program\/amsterdama-lak-za-akril-visoki-sjaj\/"]}]},{"@type":"ImageObject","inLanguage":"sl-SI","@id":"https:\/\/www.sugarfactory.hr\/proizvod\/umjetnicki-program\/amsterdama-lak-za-akril-visoki-sjaj\/#primaryimage","url":"https:\/\/www.sugarfactory.hr\/wp-content\/uploads\/2025\/08\/20989bb7e664407cbd6a9fc660d35efb.webp","contentUrl":"https:\/\/www.sugarfactory.hr\/wp-content\/uploads\/2025\/08\/20989bb7e664407cbd6a9fc660d35efb.webp","width":896,"height":1120},{"@type":"BreadcrumbList","@id":"https:\/\/www.sugarfactory.hr\/proizvod\/umjetnicki-program\/amsterdama-lak-za-akril-visoki-sjaj\/#breadcrumb","itemListElement":[{"@type":"ListItem","position":1,"name":"Po\u010detna stranica","item":"https:\/\/www.sugarfactory.hr\/"},{"@type":"ListItem","position":2,"name":"Proizvodi","item":"https:\/\/www.sugarfactory.hr\/shop\/"},{"@type":"ListItem","position":3,"name":"Amsterdam lak za akril visoki sjaj"}]},{"@type":"WebSite","@id":"https:\/\/www.sugarfactory.hr\/#website","url":"https:\/\/www.sugarfactory.hr\/","name":"Tovarna sladkorja","description":"Create your sweetest pieces!","potentialAction":[{"@type":"SearchAction","target":{"@type":"EntryPoint","urlTemplate":"https:\/\/www.sugarfactory.hr\/?s={search_term_string}"},"query-input":{"@type":"PropertyValueSpecification","valueRequired":true,"valueName":"search_term_string"}}],"inLanguage":"sl-SI"}]}},"_links":{"self":[{"href":"https:\/\/www.sugarfactory.hr\/sl\/wp-json\/wp\/v2\/product\/11425","targetHints":{"allow":["GET"]}}],"collection":[{"href":"https:\/\/www.sugarfactory.hr\/sl\/wp-json\/wp\/v2\/product"}],"about":[{"href":"https:\/\/www.sugarfactory.hr\/sl\/wp-json\/wp\/v2\/types\/product"}],"wp:featuredmedia":[{"embeddable":true,"href":"https:\/\/www.sugarfactory.hr\/sl\/wp-json\/wp\/v2\/media\/12881"}],"wp:attachment":[{"href":"https:\/\/www.sugarfactory.hr\/sl\/wp-json\/wp\/v2\/media?parent=11425"}],"wp:term":[{"taxonomy":"product_brand","embeddable":true,"href":"https:\/\/www.sugarfactory.hr\/sl\/wp-json\/wp\/v2\/product_brand?post=11425"},{"taxonomy":"product_cat","embeddable":true,"href":"https:\/\/www.sugarfactory.hr\/sl\/wp-json\/wp\/v2\/product_cat?post=11425"},{"taxonomy":"product_tag","embeddable":true,"href":"https:\/\/www.sugarfactory.hr\/sl\/wp-json\/wp\/v2\/product_tag?post=11425"}],"curies":[{"name":"wp","href":"https:\/\/api.w.org\/{rel}","templated":true}]}}