{"id":11429,"date":"2025-08-12T11:28:12","date_gmt":"2025-08-12T10:28:12","guid":{"rendered":"https:\/\/www.sugarfactory.hr\/?post_type=product&#038;p=11429"},"modified":"2026-04-17T12:53:05","modified_gmt":"2026-04-17T11:53:05","slug":"amsterdam-lak-za-akril-sjajni","status":"publish","type":"product","link":"https:\/\/www.sugarfactory.hr\/sl\/izdelek\/umetniski-program\/amsterdam-lak-za-akril-sjajni\/","title":{"rendered":"Amsterdam akrilni sijajni lak"},"content":{"rendered":"<p data-start=\"102\" data-end=\"203\"><strong data-start=\"102\" data-end=\"135\">Amsterdam sjajni lak za akril<\/strong> zagotavlja <strong data-start=\"142\" data-end=\"183\">trajnu za\u0161titu i sjajan zavr\u0161ni efekt<\/strong> za akrilne slike.<\/p>\n<p data-start=\"205\" data-end=\"316\">Nanosi se na <strong data-start=\"218\" data-end=\"244\">potpuno suhi sloj boje<\/strong>, brzo se su\u0161i i <strong data-start=\"261\" data-end=\"272\">ne \u017euti<\/strong>, \u010duvaju\u0107i <strong data-start=\"283\" data-end=\"313\">intenzitet i svje\u017einu boja<\/strong>.<\/p>","protected":false},"excerpt":{"rendered":"<p>Amsterdam sjajni lak za akril pru\u017ea trajnu za\u0161titu i sjajan zavr\u0161ni efekt za akrilne slike. Nanosi se na potpuno suhi sloj boje, brzo se su\u0161i i ne \u017euti, \u010duvaju\u0107i intenzitet i svje\u017einu boja.<\/p>","protected":false},"featured_media":12878,"template":"","meta":{"_acf_changed":false},"product_brand":[114],"product_cat":[45,59],"product_tag":[],"class_list":{"0":"post-11429","1":"product","2":"type-product","3":"status-publish","4":"has-post-thumbnail","6":"product_brand-amsterdam","7":"product_cat-umjetnicki-program","8":"product_cat-ulja-mediumi-i-lakovi-za-boje","10":"first","11":"instock","12":"shipping-taxable","13":"purchasable","14":"product-type-simple"},"acf":[],"yoast_head":"<!-- This site is optimized with the Yoast SEO plugin v26.3 - https:\/\/yoast.com\/wordpress\/plugins\/seo\/ -->\n<title>Amsterdam lak za akril sjajni - Sugar Factory<\/title>\n<meta name=\"robots\" content=\"index, follow, max-snippet:-1, max-image-preview:large, max-video-preview:-1\" \/>\n<link rel=\"canonical\" href=\"https:\/\/www.sugarfactory.hr\/sl\/izdelek\/umetniski-program\/amsterdam-lak-za-akril-sjajni\/\" \/>\n<meta property=\"og:locale\" content=\"sl_SI\" \/>\n<meta property=\"og:type\" content=\"article\" \/>\n<meta property=\"og:title\" content=\"Amsterdam lak za akril sjajni - Sugar Factory\" \/>\n<meta property=\"og:description\" content=\"Amsterdam sjajni lak za akril pru\u017ea trajnu za\u0161titu i sjajan zavr\u0161ni efekt za akrilne slike. Nanosi se na potpuno suhi sloj boje, brzo se su\u0161i i ne \u017euti, \u010duvaju\u0107i intenzitet i svje\u017einu boja.\" \/>\n<meta property=\"og:url\" content=\"https:\/\/www.sugarfactory.hr\/sl\/izdelek\/umetniski-program\/amsterdam-lak-za-akril-sjajni\/\" \/>\n<meta property=\"og:site_name\" content=\"Sugar Factory\" \/>\n<meta property=\"article:modified_time\" content=\"2026-04-17T11:53:05+00:00\" \/>\n<meta property=\"og:image\" content=\"https:\/\/www.sugarfactory.hr\/wp-content\/uploads\/2025\/08\/9fdb78a98561499d8e53f45417bebec4.webp\" \/>\n\t<meta property=\"og:image:width\" content=\"896\" \/>\n\t<meta property=\"og:image:height\" content=\"1120\" \/>\n\t<meta property=\"og:image:type\" content=\"image\/webp\" \/>\n<meta name=\"twitter:card\" content=\"summary_large_image\" \/>\n<script type=\"application\/ld+json\" class=\"yoast-schema-graph\">{\"@context\":\"https:\/\/schema.org\",\"@graph\":[{\"@type\":\"WebPage\",\"@id\":\"https:\/\/www.sugarfactory.hr\/proizvod\/umjetnicki-program\/amsterdam-lak-za-akril-sjajni\/\",\"url\":\"https:\/\/www.sugarfactory.hr\/proizvod\/umjetnicki-program\/amsterdam-lak-za-akril-sjajni\/\",\"name\":\"Amsterdam lak za akril sjajni - Sugar Factory\",\"isPartOf\":{\"@id\":\"https:\/\/www.sugarfactory.hr\/#website\"},\"primaryImageOfPage\":{\"@id\":\"https:\/\/www.sugarfactory.hr\/proizvod\/umjetnicki-program\/amsterdam-lak-za-akril-sjajni\/#primaryimage\"},\"image\":{\"@id\":\"https:\/\/www.sugarfactory.hr\/proizvod\/umjetnicki-program\/amsterdam-lak-za-akril-sjajni\/#primaryimage\"},\"thumbnailUrl\":\"https:\/\/www.sugarfactory.hr\/wp-content\/uploads\/2025\/08\/9fdb78a98561499d8e53f45417bebec4.webp\",\"datePublished\":\"2025-08-12T10:28:12+00:00\",\"dateModified\":\"2026-04-17T11:53:05+00:00\",\"breadcrumb\":{\"@id\":\"https:\/\/www.sugarfactory.hr\/proizvod\/umjetnicki-program\/amsterdam-lak-za-akril-sjajni\/#breadcrumb\"},\"inLanguage\":\"sl-SI\",\"potentialAction\":[{\"@type\":\"ReadAction\",\"target\":[\"https:\/\/www.sugarfactory.hr\/proizvod\/umjetnicki-program\/amsterdam-lak-za-akril-sjajni\/\"]}]},{\"@type\":\"ImageObject\",\"inLanguage\":\"sl-SI\",\"@id\":\"https:\/\/www.sugarfactory.hr\/proizvod\/umjetnicki-program\/amsterdam-lak-za-akril-sjajni\/#primaryimage\",\"url\":\"https:\/\/www.sugarfactory.hr\/wp-content\/uploads\/2025\/08\/9fdb78a98561499d8e53f45417bebec4.webp\",\"contentUrl\":\"https:\/\/www.sugarfactory.hr\/wp-content\/uploads\/2025\/08\/9fdb78a98561499d8e53f45417bebec4.webp\",\"width\":896,\"height\":1120},{\"@type\":\"BreadcrumbList\",\"@id\":\"https:\/\/www.sugarfactory.hr\/proizvod\/umjetnicki-program\/amsterdam-lak-za-akril-sjajni\/#breadcrumb\",\"itemListElement\":[{\"@type\":\"ListItem\",\"position\":1,\"name\":\"Po\u010detna stranica\",\"item\":\"https:\/\/www.sugarfactory.hr\/\"},{\"@type\":\"ListItem\",\"position\":2,\"name\":\"Proizvodi\",\"item\":\"https:\/\/www.sugarfactory.hr\/shop\/\"},{\"@type\":\"ListItem\",\"position\":3,\"name\":\"Amsterdam lak za akril sjajni\"}]},{\"@type\":\"WebSite\",\"@id\":\"https:\/\/www.sugarfactory.hr\/#website\",\"url\":\"https:\/\/www.sugarfactory.hr\/\",\"name\":\"Sugar Factory\",\"description\":\"Create your sweetest pieces!\",\"potentialAction\":[{\"@type\":\"SearchAction\",\"target\":{\"@type\":\"EntryPoint\",\"urlTemplate\":\"https:\/\/www.sugarfactory.hr\/?s={search_term_string}\"},\"query-input\":{\"@type\":\"PropertyValueSpecification\",\"valueRequired\":true,\"valueName\":\"search_term_string\"}}],\"inLanguage\":\"sl-SI\"}]}<\/script>\n<!-- \/ Yoast SEO plugin. -->","yoast_head_json":{"title":"Amsterdam lak za akril sjajni - Sugar Factory","robots":{"index":"index","follow":"follow","max-snippet":"max-snippet:-1","max-image-preview":"max-image-preview:large","max-video-preview":"max-video-preview:-1"},"canonical":"https:\/\/www.sugarfactory.hr\/sl\/izdelek\/umetniski-program\/amsterdam-lak-za-akril-sjajni\/","og_locale":"sl_SI","og_type":"article","og_title":"Amsterdam lak za akril sjajni - Sugar Factory","og_description":"Amsterdam sjajni lak za akril pru\u017ea trajnu za\u0161titu i sjajan zavr\u0161ni efekt za akrilne slike. Nanosi se na potpuno suhi sloj boje, brzo se su\u0161i i ne \u017euti, \u010duvaju\u0107i intenzitet i svje\u017einu boja.","og_url":"https:\/\/www.sugarfactory.hr\/sl\/izdelek\/umetniski-program\/amsterdam-lak-za-akril-sjajni\/","og_site_name":"Sugar Factory","article_modified_time":"2026-04-17T11:53:05+00:00","og_image":[{"width":896,"height":1120,"url":"https:\/\/www.sugarfactory.hr\/wp-content\/uploads\/2025\/08\/9fdb78a98561499d8e53f45417bebec4.webp","type":"image\/webp"}],"twitter_card":"summary_large_image","schema":{"@context":"https:\/\/schema.org","@graph":[{"@type":"WebPage","@id":"https:\/\/www.sugarfactory.hr\/proizvod\/umjetnicki-program\/amsterdam-lak-za-akril-sjajni\/","url":"https:\/\/www.sugarfactory.hr\/proizvod\/umjetnicki-program\/amsterdam-lak-za-akril-sjajni\/","name":"Amsterdam lak za akril sjajni - Sugar Factory","isPartOf":{"@id":"https:\/\/www.sugarfactory.hr\/#website"},"primaryImageOfPage":{"@id":"https:\/\/www.sugarfactory.hr\/proizvod\/umjetnicki-program\/amsterdam-lak-za-akril-sjajni\/#primaryimage"},"image":{"@id":"https:\/\/www.sugarfactory.hr\/proizvod\/umjetnicki-program\/amsterdam-lak-za-akril-sjajni\/#primaryimage"},"thumbnailUrl":"https:\/\/www.sugarfactory.hr\/wp-content\/uploads\/2025\/08\/9fdb78a98561499d8e53f45417bebec4.webp","datePublished":"2025-08-12T10:28:12+00:00","dateModified":"2026-04-17T11:53:05+00:00","breadcrumb":{"@id":"https:\/\/www.sugarfactory.hr\/proizvod\/umjetnicki-program\/amsterdam-lak-za-akril-sjajni\/#breadcrumb"},"inLanguage":"sl-SI","potentialAction":[{"@type":"ReadAction","target":["https:\/\/www.sugarfactory.hr\/proizvod\/umjetnicki-program\/amsterdam-lak-za-akril-sjajni\/"]}]},{"@type":"ImageObject","inLanguage":"sl-SI","@id":"https:\/\/www.sugarfactory.hr\/proizvod\/umjetnicki-program\/amsterdam-lak-za-akril-sjajni\/#primaryimage","url":"https:\/\/www.sugarfactory.hr\/wp-content\/uploads\/2025\/08\/9fdb78a98561499d8e53f45417bebec4.webp","contentUrl":"https:\/\/www.sugarfactory.hr\/wp-content\/uploads\/2025\/08\/9fdb78a98561499d8e53f45417bebec4.webp","width":896,"height":1120},{"@type":"BreadcrumbList","@id":"https:\/\/www.sugarfactory.hr\/proizvod\/umjetnicki-program\/amsterdam-lak-za-akril-sjajni\/#breadcrumb","itemListElement":[{"@type":"ListItem","position":1,"name":"Po\u010detna stranica","item":"https:\/\/www.sugarfactory.hr\/"},{"@type":"ListItem","position":2,"name":"Proizvodi","item":"https:\/\/www.sugarfactory.hr\/shop\/"},{"@type":"ListItem","position":3,"name":"Amsterdam lak za akril sjajni"}]},{"@type":"WebSite","@id":"https:\/\/www.sugarfactory.hr\/#website","url":"https:\/\/www.sugarfactory.hr\/","name":"Tovarna sladkorja","description":"Create your sweetest pieces!","potentialAction":[{"@type":"SearchAction","target":{"@type":"EntryPoint","urlTemplate":"https:\/\/www.sugarfactory.hr\/?s={search_term_string}"},"query-input":{"@type":"PropertyValueSpecification","valueRequired":true,"valueName":"search_term_string"}}],"inLanguage":"sl-SI"}]}},"_links":{"self":[{"href":"https:\/\/www.sugarfactory.hr\/sl\/wp-json\/wp\/v2\/product\/11429","targetHints":{"allow":["GET"]}}],"collection":[{"href":"https:\/\/www.sugarfactory.hr\/sl\/wp-json\/wp\/v2\/product"}],"about":[{"href":"https:\/\/www.sugarfactory.hr\/sl\/wp-json\/wp\/v2\/types\/product"}],"wp:featuredmedia":[{"embeddable":true,"href":"https:\/\/www.sugarfactory.hr\/sl\/wp-json\/wp\/v2\/media\/12878"}],"wp:attachment":[{"href":"https:\/\/www.sugarfactory.hr\/sl\/wp-json\/wp\/v2\/media?parent=11429"}],"wp:term":[{"taxonomy":"product_brand","embeddable":true,"href":"https:\/\/www.sugarfactory.hr\/sl\/wp-json\/wp\/v2\/product_brand?post=11429"},{"taxonomy":"product_cat","embeddable":true,"href":"https:\/\/www.sugarfactory.hr\/sl\/wp-json\/wp\/v2\/product_cat?post=11429"},{"taxonomy":"product_tag","embeddable":true,"href":"https:\/\/www.sugarfactory.hr\/sl\/wp-json\/wp\/v2\/product_tag?post=11429"}],"curies":[{"name":"wp","href":"https:\/\/api.w.org\/{rel}","templated":true}]}}