{"id":11435,"date":"2025-08-12T11:40:38","date_gmt":"2025-08-12T10:40:38","guid":{"rendered":"https:\/\/www.sugarfactory.hr\/?post_type=product&#038;p=11435"},"modified":"2026-04-08T09:26:12","modified_gmt":"2026-04-08T08:26:12","slug":"talens-art-creation-uljane-boje-40-ml","status":"publish","type":"product","link":"https:\/\/www.sugarfactory.hr\/sl\/izdelek\/umetniski-program\/talens-art-creation-uljane-boje-40-ml\/","title":{"rendered":"Oljne barve Talens Art Creation 40 ml"},"content":{"rendered":"<p data-start=\"0\" data-end=\"194\"><strong data-start=\"0\" data-end=\"41\">Oljne barve Talens Art Creation 40 ml<\/strong> svestrane su boje koje se mogu nanositi u <strong data-start=\"84\" data-end=\"112\">tankom ili debelom sloju<\/strong>, izra\u0111ene od <strong data-start=\"126\" data-end=\"154\" data-is-only-node=\"\">pigmenata i biljnog ulja<\/strong> za postizanje <strong data-start=\"169\" data-end=\"191\">intenzivnih tonova<\/strong>.<\/p>\n<p data-start=\"196\" data-end=\"417\">Prikladne su za razli\u010dite tehnike poput <strong data-start=\"236\" data-end=\"254\">mokro na mokro<\/strong>, <strong data-start=\"256\" data-end=\"270\">slojevitog<\/strong> in <strong data-start=\"273\" data-end=\"294\">lazurnog slikanja<\/strong>. Sporo se su\u0161e, \u0161to omogu\u0107uje <strong data-start=\"325\" data-end=\"363\">dugotrajno oblikovanje i korekcije<\/strong>, a tijekom su\u0161enja <strong data-start=\"383\" data-end=\"414\">ne mijenjaju ton ni volumen<\/strong>.<\/p>\n<p data-start=\"419\" data-end=\"544\" data-is-last-node=\"\" data-is-only-node=\"\">Hvala <strong data-start=\"432\" data-end=\"474\">konzistentnom sjaju i stabilnosti boje<\/strong>, so idealni za <strong data-start=\"490\" data-end=\"514\">po\u010detnike i studente<\/strong> koji \u017eele pouzdane rezultate.<\/p>","protected":false},"excerpt":{"rendered":"<p>Talens Art Creation uljane boje 40 ml svestrane su boje koje se mogu nanositi u tankom ili debelom sloju, izra\u0111ene od pigmenata i biljnog ulja za postizanje intenzivnih tonova. Prikladne su za razli\u010dite tehnike poput mokro na mokro, slojevitog i lazurnog slikanja. Sporo se su\u0161e, \u0161to omogu\u0107uje dugotrajno oblikovanje i korekcije, a tijekom su\u0161enja ne [&hellip;]<\/p>","protected":false},"featured_media":12980,"template":"","meta":{"_acf_changed":false},"product_brand":[119],"product_cat":[45,63],"product_tag":[],"class_list":{"0":"post-11435","1":"product","2":"type-product","3":"status-publish","4":"has-post-thumbnail","6":"product_brand-talens-art-creation","7":"product_cat-umjetnicki-program","8":"product_cat-uljane-boje","10":"first","11":"outofstock","12":"shipping-taxable","13":"purchasable","14":"product-type-variable"},"acf":[],"yoast_head":"<!-- This site is optimized with the Yoast SEO plugin v26.3 - https:\/\/yoast.com\/wordpress\/plugins\/seo\/ -->\n<title>Talens Art Creation uljane boje 40 ml - Sugar Factory<\/title>\n<meta name=\"robots\" content=\"index, follow, max-snippet:-1, max-image-preview:large, max-video-preview:-1\" \/>\n<link rel=\"canonical\" href=\"https:\/\/www.sugarfactory.hr\/sl\/izdelek\/umetniski-program\/talens-art-creation-uljane-boje-40-ml\/\" \/>\n<meta property=\"og:locale\" content=\"sl_SI\" \/>\n<meta property=\"og:type\" content=\"article\" \/>\n<meta property=\"og:title\" content=\"Talens Art Creation uljane boje 40 ml - Sugar Factory\" \/>\n<meta property=\"og:description\" content=\"Talens Art Creation uljane boje 40 ml svestrane su boje koje se mogu nanositi u tankom ili debelom sloju, izra\u0111ene od pigmenata i biljnog ulja za postizanje intenzivnih tonova. Prikladne su za razli\u010dite tehnike poput mokro na mokro, slojevitog i lazurnog slikanja. Sporo se su\u0161e, \u0161to omogu\u0107uje dugotrajno oblikovanje i korekcije, a tijekom su\u0161enja ne [&hellip;]\" \/>\n<meta property=\"og:url\" content=\"https:\/\/www.sugarfactory.hr\/sl\/izdelek\/umetniski-program\/talens-art-creation-uljane-boje-40-ml\/\" \/>\n<meta property=\"og:site_name\" content=\"Sugar Factory\" \/>\n<meta property=\"article:modified_time\" content=\"2026-04-08T08:26:12+00:00\" \/>\n<meta property=\"og:image\" content=\"https:\/\/www.sugarfactory.hr\/wp-content\/uploads\/2025\/08\/e546d58d7f474341afbaf04be907f9e3.webp\" \/>\n\t<meta property=\"og:image:width\" content=\"896\" \/>\n\t<meta property=\"og:image:height\" content=\"1120\" \/>\n\t<meta property=\"og:image:type\" content=\"image\/webp\" \/>\n<meta name=\"twitter:card\" content=\"summary_large_image\" \/>\n<script type=\"application\/ld+json\" class=\"yoast-schema-graph\">{\"@context\":\"https:\/\/schema.org\",\"@graph\":[{\"@type\":\"WebPage\",\"@id\":\"https:\/\/www.sugarfactory.hr\/proizvod\/umjetnicki-program\/talens-art-creation-uljane-boje-40-ml\/\",\"url\":\"https:\/\/www.sugarfactory.hr\/proizvod\/umjetnicki-program\/talens-art-creation-uljane-boje-40-ml\/\",\"name\":\"Talens Art Creation uljane boje 40 ml - Sugar Factory\",\"isPartOf\":{\"@id\":\"https:\/\/www.sugarfactory.hr\/#website\"},\"primaryImageOfPage\":{\"@id\":\"https:\/\/www.sugarfactory.hr\/proizvod\/umjetnicki-program\/talens-art-creation-uljane-boje-40-ml\/#primaryimage\"},\"image\":{\"@id\":\"https:\/\/www.sugarfactory.hr\/proizvod\/umjetnicki-program\/talens-art-creation-uljane-boje-40-ml\/#primaryimage\"},\"thumbnailUrl\":\"https:\/\/www.sugarfactory.hr\/wp-content\/uploads\/2025\/08\/e546d58d7f474341afbaf04be907f9e3.webp\",\"datePublished\":\"2025-08-12T10:40:38+00:00\",\"dateModified\":\"2026-04-08T08:26:12+00:00\",\"breadcrumb\":{\"@id\":\"https:\/\/www.sugarfactory.hr\/proizvod\/umjetnicki-program\/talens-art-creation-uljane-boje-40-ml\/#breadcrumb\"},\"inLanguage\":\"sl-SI\",\"potentialAction\":[{\"@type\":\"ReadAction\",\"target\":[\"https:\/\/www.sugarfactory.hr\/proizvod\/umjetnicki-program\/talens-art-creation-uljane-boje-40-ml\/\"]}]},{\"@type\":\"ImageObject\",\"inLanguage\":\"sl-SI\",\"@id\":\"https:\/\/www.sugarfactory.hr\/proizvod\/umjetnicki-program\/talens-art-creation-uljane-boje-40-ml\/#primaryimage\",\"url\":\"https:\/\/www.sugarfactory.hr\/wp-content\/uploads\/2025\/08\/e546d58d7f474341afbaf04be907f9e3.webp\",\"contentUrl\":\"https:\/\/www.sugarfactory.hr\/wp-content\/uploads\/2025\/08\/e546d58d7f474341afbaf04be907f9e3.webp\",\"width\":896,\"height\":1120},{\"@type\":\"BreadcrumbList\",\"@id\":\"https:\/\/www.sugarfactory.hr\/proizvod\/umjetnicki-program\/talens-art-creation-uljane-boje-40-ml\/#breadcrumb\",\"itemListElement\":[{\"@type\":\"ListItem\",\"position\":1,\"name\":\"Po\u010detna stranica\",\"item\":\"https:\/\/www.sugarfactory.hr\/\"},{\"@type\":\"ListItem\",\"position\":2,\"name\":\"Proizvodi\",\"item\":\"https:\/\/www.sugarfactory.hr\/shop\/\"},{\"@type\":\"ListItem\",\"position\":3,\"name\":\"Talens Art Creation uljane boje 40 ml\"}]},{\"@type\":\"WebSite\",\"@id\":\"https:\/\/www.sugarfactory.hr\/#website\",\"url\":\"https:\/\/www.sugarfactory.hr\/\",\"name\":\"Sugar Factory\",\"description\":\"Create your sweetest pieces!\",\"potentialAction\":[{\"@type\":\"SearchAction\",\"target\":{\"@type\":\"EntryPoint\",\"urlTemplate\":\"https:\/\/www.sugarfactory.hr\/?s={search_term_string}\"},\"query-input\":{\"@type\":\"PropertyValueSpecification\",\"valueRequired\":true,\"valueName\":\"search_term_string\"}}],\"inLanguage\":\"sl-SI\"}]}<\/script>\n<!-- \/ Yoast SEO plugin. -->","yoast_head_json":{"title":"Talens Art Creation uljane boje 40 ml - Sugar Factory","robots":{"index":"index","follow":"follow","max-snippet":"max-snippet:-1","max-image-preview":"max-image-preview:large","max-video-preview":"max-video-preview:-1"},"canonical":"https:\/\/www.sugarfactory.hr\/sl\/izdelek\/umetniski-program\/talens-art-creation-uljane-boje-40-ml\/","og_locale":"sl_SI","og_type":"article","og_title":"Talens Art Creation uljane boje 40 ml - Sugar Factory","og_description":"Talens Art Creation uljane boje 40 ml svestrane su boje koje se mogu nanositi u tankom ili debelom sloju, izra\u0111ene od pigmenata i biljnog ulja za postizanje intenzivnih tonova. Prikladne su za razli\u010dite tehnike poput mokro na mokro, slojevitog i lazurnog slikanja. Sporo se su\u0161e, \u0161to omogu\u0107uje dugotrajno oblikovanje i korekcije, a tijekom su\u0161enja ne [&hellip;]","og_url":"https:\/\/www.sugarfactory.hr\/sl\/izdelek\/umetniski-program\/talens-art-creation-uljane-boje-40-ml\/","og_site_name":"Sugar Factory","article_modified_time":"2026-04-08T08:26:12+00:00","og_image":[{"width":896,"height":1120,"url":"https:\/\/www.sugarfactory.hr\/wp-content\/uploads\/2025\/08\/e546d58d7f474341afbaf04be907f9e3.webp","type":"image\/webp"}],"twitter_card":"summary_large_image","schema":{"@context":"https:\/\/schema.org","@graph":[{"@type":"WebPage","@id":"https:\/\/www.sugarfactory.hr\/proizvod\/umjetnicki-program\/talens-art-creation-uljane-boje-40-ml\/","url":"https:\/\/www.sugarfactory.hr\/proizvod\/umjetnicki-program\/talens-art-creation-uljane-boje-40-ml\/","name":"Talens Art Creation uljane boje 40 ml - Sugar Factory","isPartOf":{"@id":"https:\/\/www.sugarfactory.hr\/#website"},"primaryImageOfPage":{"@id":"https:\/\/www.sugarfactory.hr\/proizvod\/umjetnicki-program\/talens-art-creation-uljane-boje-40-ml\/#primaryimage"},"image":{"@id":"https:\/\/www.sugarfactory.hr\/proizvod\/umjetnicki-program\/talens-art-creation-uljane-boje-40-ml\/#primaryimage"},"thumbnailUrl":"https:\/\/www.sugarfactory.hr\/wp-content\/uploads\/2025\/08\/e546d58d7f474341afbaf04be907f9e3.webp","datePublished":"2025-08-12T10:40:38+00:00","dateModified":"2026-04-08T08:26:12+00:00","breadcrumb":{"@id":"https:\/\/www.sugarfactory.hr\/proizvod\/umjetnicki-program\/talens-art-creation-uljane-boje-40-ml\/#breadcrumb"},"inLanguage":"sl-SI","potentialAction":[{"@type":"ReadAction","target":["https:\/\/www.sugarfactory.hr\/proizvod\/umjetnicki-program\/talens-art-creation-uljane-boje-40-ml\/"]}]},{"@type":"ImageObject","inLanguage":"sl-SI","@id":"https:\/\/www.sugarfactory.hr\/proizvod\/umjetnicki-program\/talens-art-creation-uljane-boje-40-ml\/#primaryimage","url":"https:\/\/www.sugarfactory.hr\/wp-content\/uploads\/2025\/08\/e546d58d7f474341afbaf04be907f9e3.webp","contentUrl":"https:\/\/www.sugarfactory.hr\/wp-content\/uploads\/2025\/08\/e546d58d7f474341afbaf04be907f9e3.webp","width":896,"height":1120},{"@type":"BreadcrumbList","@id":"https:\/\/www.sugarfactory.hr\/proizvod\/umjetnicki-program\/talens-art-creation-uljane-boje-40-ml\/#breadcrumb","itemListElement":[{"@type":"ListItem","position":1,"name":"Po\u010detna stranica","item":"https:\/\/www.sugarfactory.hr\/"},{"@type":"ListItem","position":2,"name":"Proizvodi","item":"https:\/\/www.sugarfactory.hr\/shop\/"},{"@type":"ListItem","position":3,"name":"Talens Art Creation uljane boje 40 ml"}]},{"@type":"WebSite","@id":"https:\/\/www.sugarfactory.hr\/#website","url":"https:\/\/www.sugarfactory.hr\/","name":"Tovarna sladkorja","description":"Create your sweetest pieces!","potentialAction":[{"@type":"SearchAction","target":{"@type":"EntryPoint","urlTemplate":"https:\/\/www.sugarfactory.hr\/?s={search_term_string}"},"query-input":{"@type":"PropertyValueSpecification","valueRequired":true,"valueName":"search_term_string"}}],"inLanguage":"sl-SI"}]}},"_links":{"self":[{"href":"https:\/\/www.sugarfactory.hr\/sl\/wp-json\/wp\/v2\/product\/11435","targetHints":{"allow":["GET"]}}],"collection":[{"href":"https:\/\/www.sugarfactory.hr\/sl\/wp-json\/wp\/v2\/product"}],"about":[{"href":"https:\/\/www.sugarfactory.hr\/sl\/wp-json\/wp\/v2\/types\/product"}],"wp:featuredmedia":[{"embeddable":true,"href":"https:\/\/www.sugarfactory.hr\/sl\/wp-json\/wp\/v2\/media\/12980"}],"wp:attachment":[{"href":"https:\/\/www.sugarfactory.hr\/sl\/wp-json\/wp\/v2\/media?parent=11435"}],"wp:term":[{"taxonomy":"product_brand","embeddable":true,"href":"https:\/\/www.sugarfactory.hr\/sl\/wp-json\/wp\/v2\/product_brand?post=11435"},{"taxonomy":"product_cat","embeddable":true,"href":"https:\/\/www.sugarfactory.hr\/sl\/wp-json\/wp\/v2\/product_cat?post=11435"},{"taxonomy":"product_tag","embeddable":true,"href":"https:\/\/www.sugarfactory.hr\/sl\/wp-json\/wp\/v2\/product_tag?post=11435"}],"curies":[{"name":"wp","href":"https:\/\/api.w.org\/{rel}","templated":true}]}}