{"id":11475,"date":"2025-08-12T12:27:39","date_gmt":"2025-08-12T11:27:39","guid":{"rendered":"https:\/\/www.sugarfactory.hr\/?post_type=product&#038;p=11475"},"modified":"2026-04-08T09:26:13","modified_gmt":"2026-04-08T08:26:13","slug":"amsterdam-akril-500-ml","status":"publish","type":"product","link":"https:\/\/www.sugarfactory.hr\/sl\/izdelek\/umetniski-program\/amsterdam-akril-500-ml\/","title":{"rendered":"Akrilna barva Amsterdam 500 ml"},"content":{"rendered":"<p data-start=\"0\" data-end=\"150\"><strong data-start=\"0\" data-end=\"26\">Akrilna barva Amsterdam 500 ml<\/strong> zagotavlja naj\u0161ir\u0161i spekter <strong data-start=\"49\" data-end=\"73\">briljantne, \u010diste barve<\/strong> narejeno na podlagi <strong data-start=\"92\" data-end=\"147\" data-is-only-node=\"\">100% akrilne emulzije in visokokakovostni pigmenti<\/strong>.<\/p>\n<p data-start=\"152\" data-end=\"376\">Paleta vklju\u010duje <strong data-start=\"168\" data-end=\"191\">102 standardnih barv<\/strong>, za posebne u\u010dinke pa je na voljo <strong data-start=\"225\" data-end=\"248\">17 posebnih barv<\/strong> vklju\u010dno z <strong data-start=\"261\" data-end=\"300\">kovinski, biserni in odsevni toni<\/strong>, ki dopolnjujejo uravnote\u017eeno paleto barv Amsterdam srednje viskoznosti.<\/p>\n<p data-start=\"378\" data-end=\"535\" data-is-last-node=\"\" data-is-only-node=\"\">Barve <strong data-start=\"383\" data-end=\"423\">Odli\u010dno se prilegajo platnu in stenam.<\/strong> in se lahko uporablja za skoraj <strong data-start=\"454\" data-end=\"480\">vsaka nemastna povr\u0161ina<\/strong>, zagotavljanje <strong data-start=\"492\" data-end=\"534\">zanesljivi rezultati in intenzivni toni<\/strong>.<\/p>","protected":false},"excerpt":{"rendered":"<p>Amsterdam akril 500 ml pru\u017ea naj\u0161iri spektar sjajnih, \u010distih boja izra\u0111enih na bazi 100% akrilne emulzije i visokokvalitetnih pigmenata. Paleta obuhva\u0107a 102 standardne boje, a za posebne efekte dostupno je 17 specijalnih boja uklju\u010duju\u0107i metalik, biserne i refleksne tonove, koje nadopunjuju uravnote\u017eenu paletu Amsterdam boja srednje viskoznosti. Boje izvrsno prianjaju na platno i zidove te [&hellip;]<\/p>","protected":false},"featured_media":12697,"template":"","meta":{"_acf_changed":false},"product_brand":[114],"product_cat":[45,64],"product_tag":[],"class_list":{"0":"post-11475","1":"product","2":"type-product","3":"status-publish","4":"has-post-thumbnail","6":"product_brand-amsterdam","7":"product_cat-umjetnicki-program","8":"product_cat-akrilne-boje","10":"first","11":"instock","12":"shipping-taxable","13":"purchasable","14":"product-type-variable"},"acf":[],"yoast_head":"<!-- This site is optimized with the Yoast SEO plugin v26.3 - https:\/\/yoast.com\/wordpress\/plugins\/seo\/ -->\n<title>Amsterdam akril 500 ml - Sugar Factory<\/title>\n<meta name=\"robots\" content=\"index, follow, max-snippet:-1, max-image-preview:large, max-video-preview:-1\" \/>\n<link rel=\"canonical\" href=\"https:\/\/www.sugarfactory.hr\/sl\/izdelek\/umetniski-program\/amsterdam-akril-500-ml\/\" \/>\n<meta property=\"og:locale\" content=\"sl_SI\" \/>\n<meta property=\"og:type\" content=\"article\" \/>\n<meta property=\"og:title\" content=\"Amsterdam akril 500 ml - Sugar Factory\" \/>\n<meta property=\"og:description\" content=\"Amsterdam akril 500 ml pru\u017ea naj\u0161iri spektar sjajnih, \u010distih boja izra\u0111enih na bazi 100% akrilne emulzije i visokokvalitetnih pigmenata. Paleta obuhva\u0107a 102 standardne boje, a za posebne efekte dostupno je 17 specijalnih boja uklju\u010duju\u0107i metalik, biserne i refleksne tonove, koje nadopunjuju uravnote\u017eenu paletu Amsterdam boja srednje viskoznosti. Boje izvrsno prianjaju na platno i zidove te [&hellip;]\" \/>\n<meta property=\"og:url\" content=\"https:\/\/www.sugarfactory.hr\/sl\/izdelek\/umetniski-program\/amsterdam-akril-500-ml\/\" \/>\n<meta property=\"og:site_name\" content=\"Sugar Factory\" \/>\n<meta property=\"article:modified_time\" content=\"2026-04-08T08:26:13+00:00\" \/>\n<meta property=\"og:image\" content=\"https:\/\/www.sugarfactory.hr\/wp-content\/uploads\/2025\/08\/fe61fa0463fb494194b4d875d67e4b4b.webp\" \/>\n\t<meta property=\"og:image:width\" content=\"896\" \/>\n\t<meta property=\"og:image:height\" content=\"1120\" \/>\n\t<meta property=\"og:image:type\" content=\"image\/webp\" \/>\n<meta name=\"twitter:card\" content=\"summary_large_image\" \/>\n<script type=\"application\/ld+json\" class=\"yoast-schema-graph\">{\"@context\":\"https:\/\/schema.org\",\"@graph\":[{\"@type\":\"WebPage\",\"@id\":\"https:\/\/www.sugarfactory.hr\/proizvod\/umjetnicki-program\/amsterdam-akril-500-ml\/\",\"url\":\"https:\/\/www.sugarfactory.hr\/proizvod\/umjetnicki-program\/amsterdam-akril-500-ml\/\",\"name\":\"Amsterdam akril 500 ml - Sugar Factory\",\"isPartOf\":{\"@id\":\"https:\/\/www.sugarfactory.hr\/#website\"},\"primaryImageOfPage\":{\"@id\":\"https:\/\/www.sugarfactory.hr\/proizvod\/umjetnicki-program\/amsterdam-akril-500-ml\/#primaryimage\"},\"image\":{\"@id\":\"https:\/\/www.sugarfactory.hr\/proizvod\/umjetnicki-program\/amsterdam-akril-500-ml\/#primaryimage\"},\"thumbnailUrl\":\"https:\/\/www.sugarfactory.hr\/wp-content\/uploads\/2025\/08\/fe61fa0463fb494194b4d875d67e4b4b.webp\",\"datePublished\":\"2025-08-12T11:27:39+00:00\",\"dateModified\":\"2026-04-08T08:26:13+00:00\",\"breadcrumb\":{\"@id\":\"https:\/\/www.sugarfactory.hr\/proizvod\/umjetnicki-program\/amsterdam-akril-500-ml\/#breadcrumb\"},\"inLanguage\":\"sl-SI\",\"potentialAction\":[{\"@type\":\"ReadAction\",\"target\":[\"https:\/\/www.sugarfactory.hr\/proizvod\/umjetnicki-program\/amsterdam-akril-500-ml\/\"]}]},{\"@type\":\"ImageObject\",\"inLanguage\":\"sl-SI\",\"@id\":\"https:\/\/www.sugarfactory.hr\/proizvod\/umjetnicki-program\/amsterdam-akril-500-ml\/#primaryimage\",\"url\":\"https:\/\/www.sugarfactory.hr\/wp-content\/uploads\/2025\/08\/fe61fa0463fb494194b4d875d67e4b4b.webp\",\"contentUrl\":\"https:\/\/www.sugarfactory.hr\/wp-content\/uploads\/2025\/08\/fe61fa0463fb494194b4d875d67e4b4b.webp\",\"width\":896,\"height\":1120},{\"@type\":\"BreadcrumbList\",\"@id\":\"https:\/\/www.sugarfactory.hr\/proizvod\/umjetnicki-program\/amsterdam-akril-500-ml\/#breadcrumb\",\"itemListElement\":[{\"@type\":\"ListItem\",\"position\":1,\"name\":\"Po\u010detna stranica\",\"item\":\"https:\/\/www.sugarfactory.hr\/\"},{\"@type\":\"ListItem\",\"position\":2,\"name\":\"Proizvodi\",\"item\":\"https:\/\/www.sugarfactory.hr\/shop\/\"},{\"@type\":\"ListItem\",\"position\":3,\"name\":\"Amsterdam akril 500 ml\"}]},{\"@type\":\"WebSite\",\"@id\":\"https:\/\/www.sugarfactory.hr\/#website\",\"url\":\"https:\/\/www.sugarfactory.hr\/\",\"name\":\"Sugar Factory\",\"description\":\"Create your sweetest pieces!\",\"potentialAction\":[{\"@type\":\"SearchAction\",\"target\":{\"@type\":\"EntryPoint\",\"urlTemplate\":\"https:\/\/www.sugarfactory.hr\/?s={search_term_string}\"},\"query-input\":{\"@type\":\"PropertyValueSpecification\",\"valueRequired\":true,\"valueName\":\"search_term_string\"}}],\"inLanguage\":\"sl-SI\"}]}<\/script>\n<!-- \/ Yoast SEO plugin. -->","yoast_head_json":{"title":"Amsterdam Akril 500 ml - Tovarna sladkorja","robots":{"index":"index","follow":"follow","max-snippet":"max-snippet:-1","max-image-preview":"max-image-preview:large","max-video-preview":"max-video-preview:-1"},"canonical":"https:\/\/www.sugarfactory.hr\/sl\/izdelek\/umetniski-program\/amsterdam-akril-500-ml\/","og_locale":"sl_SI","og_type":"article","og_title":"Amsterdam akril 500 ml - Sugar Factory","og_description":"Amsterdam akril 500 ml pru\u017ea naj\u0161iri spektar sjajnih, \u010distih boja izra\u0111enih na bazi 100% akrilne emulzije i visokokvalitetnih pigmenata. Paleta obuhva\u0107a 102 standardne boje, a za posebne efekte dostupno je 17 specijalnih boja uklju\u010duju\u0107i metalik, biserne i refleksne tonove, koje nadopunjuju uravnote\u017eenu paletu Amsterdam boja srednje viskoznosti. Boje izvrsno prianjaju na platno i zidove te [&hellip;]","og_url":"https:\/\/www.sugarfactory.hr\/sl\/izdelek\/umetniski-program\/amsterdam-akril-500-ml\/","og_site_name":"Sugar Factory","article_modified_time":"2026-04-08T08:26:13+00:00","og_image":[{"width":896,"height":1120,"url":"https:\/\/www.sugarfactory.hr\/wp-content\/uploads\/2025\/08\/fe61fa0463fb494194b4d875d67e4b4b.webp","type":"image\/webp"}],"twitter_card":"summary_large_image","schema":{"@context":"https:\/\/schema.org","@graph":[{"@type":"WebPage","@id":"https:\/\/www.sugarfactory.hr\/proizvod\/umjetnicki-program\/amsterdam-akril-500-ml\/","url":"https:\/\/www.sugarfactory.hr\/proizvod\/umjetnicki-program\/amsterdam-akril-500-ml\/","name":"Amsterdam Akril 500 ml - Tovarna sladkorja","isPartOf":{"@id":"https:\/\/www.sugarfactory.hr\/#website"},"primaryImageOfPage":{"@id":"https:\/\/www.sugarfactory.hr\/proizvod\/umjetnicki-program\/amsterdam-akril-500-ml\/#primaryimage"},"image":{"@id":"https:\/\/www.sugarfactory.hr\/proizvod\/umjetnicki-program\/amsterdam-akril-500-ml\/#primaryimage"},"thumbnailUrl":"https:\/\/www.sugarfactory.hr\/wp-content\/uploads\/2025\/08\/fe61fa0463fb494194b4d875d67e4b4b.webp","datePublished":"2025-08-12T11:27:39+00:00","dateModified":"2026-04-08T08:26:13+00:00","breadcrumb":{"@id":"https:\/\/www.sugarfactory.hr\/proizvod\/umjetnicki-program\/amsterdam-akril-500-ml\/#breadcrumb"},"inLanguage":"sl-SI","potentialAction":[{"@type":"ReadAction","target":["https:\/\/www.sugarfactory.hr\/proizvod\/umjetnicki-program\/amsterdam-akril-500-ml\/"]}]},{"@type":"ImageObject","inLanguage":"sl-SI","@id":"https:\/\/www.sugarfactory.hr\/proizvod\/umjetnicki-program\/amsterdam-akril-500-ml\/#primaryimage","url":"https:\/\/www.sugarfactory.hr\/wp-content\/uploads\/2025\/08\/fe61fa0463fb494194b4d875d67e4b4b.webp","contentUrl":"https:\/\/www.sugarfactory.hr\/wp-content\/uploads\/2025\/08\/fe61fa0463fb494194b4d875d67e4b4b.webp","width":896,"height":1120},{"@type":"BreadcrumbList","@id":"https:\/\/www.sugarfactory.hr\/proizvod\/umjetnicki-program\/amsterdam-akril-500-ml\/#breadcrumb","itemListElement":[{"@type":"ListItem","position":1,"name":"Po\u010detna stranica","item":"https:\/\/www.sugarfactory.hr\/"},{"@type":"ListItem","position":2,"name":"Proizvodi","item":"https:\/\/www.sugarfactory.hr\/shop\/"},{"@type":"ListItem","position":3,"name":"Amsterdam akril 500 ml"}]},{"@type":"WebSite","@id":"https:\/\/www.sugarfactory.hr\/#website","url":"https:\/\/www.sugarfactory.hr\/","name":"Tovarna sladkorja","description":"Create your sweetest pieces!","potentialAction":[{"@type":"SearchAction","target":{"@type":"EntryPoint","urlTemplate":"https:\/\/www.sugarfactory.hr\/?s={search_term_string}"},"query-input":{"@type":"PropertyValueSpecification","valueRequired":true,"valueName":"search_term_string"}}],"inLanguage":"sl-SI"}]}},"_links":{"self":[{"href":"https:\/\/www.sugarfactory.hr\/sl\/wp-json\/wp\/v2\/product\/11475","targetHints":{"allow":["GET"]}}],"collection":[{"href":"https:\/\/www.sugarfactory.hr\/sl\/wp-json\/wp\/v2\/product"}],"about":[{"href":"https:\/\/www.sugarfactory.hr\/sl\/wp-json\/wp\/v2\/types\/product"}],"wp:featuredmedia":[{"embeddable":true,"href":"https:\/\/www.sugarfactory.hr\/sl\/wp-json\/wp\/v2\/media\/12697"}],"wp:attachment":[{"href":"https:\/\/www.sugarfactory.hr\/sl\/wp-json\/wp\/v2\/media?parent=11475"}],"wp:term":[{"taxonomy":"product_brand","embeddable":true,"href":"https:\/\/www.sugarfactory.hr\/sl\/wp-json\/wp\/v2\/product_brand?post=11475"},{"taxonomy":"product_cat","embeddable":true,"href":"https:\/\/www.sugarfactory.hr\/sl\/wp-json\/wp\/v2\/product_cat?post=11475"},{"taxonomy":"product_tag","embeddable":true,"href":"https:\/\/www.sugarfactory.hr\/sl\/wp-json\/wp\/v2\/product_tag?post=11475"}],"curies":[{"name":"wp","href":"https:\/\/api.w.org\/{rel}","templated":true}]}}