{"id":11521,"date":"2025-08-13T08:40:08","date_gmt":"2025-08-13T07:40:08","guid":{"rendered":"https:\/\/www.sugarfactory.hr\/?post_type=product&#038;p=11521"},"modified":"2026-03-25T09:28:56","modified_gmt":"2026-03-25T08:28:56","slug":"academy-kist-880","status":"publish","type":"product","link":"https:\/\/www.sugarfactory.hr\/sl\/izdelek\/umetniski-program\/academy-kist-880\/","title":{"rendered":"Akademijski \u010dopi\u010d 880"},"content":{"rendered":"<p data-start=\"92\" data-end=\"205\"><strong data-start=\"92\" data-end=\"112\">Akademijski \u010dopi\u010d 880<\/strong> Narejen je iz <strong data-start=\"127\" data-end=\"158\">kvalitetne sinteti\u010dke dlake<\/strong> i idealan je za <strong data-start=\"175\" data-end=\"202\">precizno nano\u0161enje boje<\/strong>.<\/p>\n<p data-start=\"207\" data-end=\"326\">Omogo\u010da <strong data-start=\"217\" data-end=\"266\">nadzorovani potegi in enakomerno nana\u0161anje<\/strong>, pogodan za <strong data-start=\"279\" data-end=\"323\">akril, temperu i druge slikarske tehnike<\/strong>.<\/p>","protected":false},"excerpt":{"rendered":"<p>Academy kist 880 izra\u0111en je od kvalitetne sinteti\u010dke dlake i idealan je za precizno nano\u0161enje boje. Omogu\u0107uje kontrolirane poteze i ravnomjerno prekrivanje, pogodan za akril, temperu i druge slikarske tehnike.<\/p>","protected":false},"featured_media":12992,"template":"","meta":{"_acf_changed":false},"product_brand":[113],"product_cat":[45,68],"product_tag":[],"class_list":{"0":"post-11521","1":"product","2":"type-product","3":"status-publish","4":"has-post-thumbnail","6":"product_brand-academy","7":"product_cat-umjetnicki-program","8":"product_cat-kistovi","10":"first","11":"instock","12":"shipping-taxable","13":"purchasable","14":"product-type-variable"},"acf":[],"yoast_head":"<!-- This site is optimized with the Yoast SEO plugin v26.3 - https:\/\/yoast.com\/wordpress\/plugins\/seo\/ -->\n<title>Academy kist 880 - Sugar Factory<\/title>\n<meta name=\"robots\" content=\"index, follow, max-snippet:-1, max-image-preview:large, max-video-preview:-1\" \/>\n<link rel=\"canonical\" href=\"https:\/\/www.sugarfactory.hr\/sl\/izdelek\/umetniski-program\/academy-kist-880\/\" \/>\n<meta property=\"og:locale\" content=\"sl_SI\" \/>\n<meta property=\"og:type\" content=\"article\" \/>\n<meta property=\"og:title\" content=\"Academy kist 880 - Sugar Factory\" \/>\n<meta property=\"og:description\" content=\"Academy kist 880 izra\u0111en je od kvalitetne sinteti\u010dke dlake i idealan je za precizno nano\u0161enje boje. Omogu\u0107uje kontrolirane poteze i ravnomjerno prekrivanje, pogodan za akril, temperu i druge slikarske tehnike.\" \/>\n<meta property=\"og:url\" content=\"https:\/\/www.sugarfactory.hr\/sl\/izdelek\/umetniski-program\/academy-kist-880\/\" \/>\n<meta property=\"og:site_name\" content=\"Sugar Factory\" \/>\n<meta property=\"article:modified_time\" content=\"2026-03-25T08:28:56+00:00\" \/>\n<meta property=\"og:image\" content=\"https:\/\/www.sugarfactory.hr\/wp-content\/uploads\/2025\/08\/5ca190ecec634065a2eaca474fe91f4f.webp\" \/>\n\t<meta property=\"og:image:width\" content=\"896\" \/>\n\t<meta property=\"og:image:height\" content=\"1120\" \/>\n\t<meta property=\"og:image:type\" content=\"image\/webp\" \/>\n<meta name=\"twitter:card\" content=\"summary_large_image\" \/>\n<script type=\"application\/ld+json\" class=\"yoast-schema-graph\">{\"@context\":\"https:\/\/schema.org\",\"@graph\":[{\"@type\":\"WebPage\",\"@id\":\"https:\/\/www.sugarfactory.hr\/proizvod\/umjetnicki-program\/academy-kist-880\/\",\"url\":\"https:\/\/www.sugarfactory.hr\/proizvod\/umjetnicki-program\/academy-kist-880\/\",\"name\":\"Academy kist 880 - Sugar Factory\",\"isPartOf\":{\"@id\":\"https:\/\/www.sugarfactory.hr\/#website\"},\"primaryImageOfPage\":{\"@id\":\"https:\/\/www.sugarfactory.hr\/proizvod\/umjetnicki-program\/academy-kist-880\/#primaryimage\"},\"image\":{\"@id\":\"https:\/\/www.sugarfactory.hr\/proizvod\/umjetnicki-program\/academy-kist-880\/#primaryimage\"},\"thumbnailUrl\":\"https:\/\/www.sugarfactory.hr\/wp-content\/uploads\/2025\/08\/5ca190ecec634065a2eaca474fe91f4f.webp\",\"datePublished\":\"2025-08-13T07:40:08+00:00\",\"dateModified\":\"2026-03-25T08:28:56+00:00\",\"breadcrumb\":{\"@id\":\"https:\/\/www.sugarfactory.hr\/proizvod\/umjetnicki-program\/academy-kist-880\/#breadcrumb\"},\"inLanguage\":\"sl-SI\",\"potentialAction\":[{\"@type\":\"ReadAction\",\"target\":[\"https:\/\/www.sugarfactory.hr\/proizvod\/umjetnicki-program\/academy-kist-880\/\"]}]},{\"@type\":\"ImageObject\",\"inLanguage\":\"sl-SI\",\"@id\":\"https:\/\/www.sugarfactory.hr\/proizvod\/umjetnicki-program\/academy-kist-880\/#primaryimage\",\"url\":\"https:\/\/www.sugarfactory.hr\/wp-content\/uploads\/2025\/08\/5ca190ecec634065a2eaca474fe91f4f.webp\",\"contentUrl\":\"https:\/\/www.sugarfactory.hr\/wp-content\/uploads\/2025\/08\/5ca190ecec634065a2eaca474fe91f4f.webp\",\"width\":896,\"height\":1120},{\"@type\":\"BreadcrumbList\",\"@id\":\"https:\/\/www.sugarfactory.hr\/proizvod\/umjetnicki-program\/academy-kist-880\/#breadcrumb\",\"itemListElement\":[{\"@type\":\"ListItem\",\"position\":1,\"name\":\"Po\u010detna stranica\",\"item\":\"https:\/\/www.sugarfactory.hr\/\"},{\"@type\":\"ListItem\",\"position\":2,\"name\":\"Proizvodi\",\"item\":\"https:\/\/www.sugarfactory.hr\/shop\/\"},{\"@type\":\"ListItem\",\"position\":3,\"name\":\"Academy kist 880\"}]},{\"@type\":\"WebSite\",\"@id\":\"https:\/\/www.sugarfactory.hr\/#website\",\"url\":\"https:\/\/www.sugarfactory.hr\/\",\"name\":\"Sugar Factory\",\"description\":\"Create your sweetest pieces!\",\"potentialAction\":[{\"@type\":\"SearchAction\",\"target\":{\"@type\":\"EntryPoint\",\"urlTemplate\":\"https:\/\/www.sugarfactory.hr\/?s={search_term_string}\"},\"query-input\":{\"@type\":\"PropertyValueSpecification\",\"valueRequired\":true,\"valueName\":\"search_term_string\"}}],\"inLanguage\":\"sl-SI\"}]}<\/script>\n<!-- \/ Yoast SEO plugin. -->","yoast_head_json":{"title":"Academy kist 880 - Sugar Factory","robots":{"index":"index","follow":"follow","max-snippet":"max-snippet:-1","max-image-preview":"max-image-preview:large","max-video-preview":"max-video-preview:-1"},"canonical":"https:\/\/www.sugarfactory.hr\/sl\/izdelek\/umetniski-program\/academy-kist-880\/","og_locale":"sl_SI","og_type":"article","og_title":"Academy kist 880 - Sugar Factory","og_description":"Academy kist 880 izra\u0111en je od kvalitetne sinteti\u010dke dlake i idealan je za precizno nano\u0161enje boje. Omogu\u0107uje kontrolirane poteze i ravnomjerno prekrivanje, pogodan za akril, temperu i druge slikarske tehnike.","og_url":"https:\/\/www.sugarfactory.hr\/sl\/izdelek\/umetniski-program\/academy-kist-880\/","og_site_name":"Sugar Factory","article_modified_time":"2026-03-25T08:28:56+00:00","og_image":[{"width":896,"height":1120,"url":"https:\/\/www.sugarfactory.hr\/wp-content\/uploads\/2025\/08\/5ca190ecec634065a2eaca474fe91f4f.webp","type":"image\/webp"}],"twitter_card":"summary_large_image","schema":{"@context":"https:\/\/schema.org","@graph":[{"@type":"WebPage","@id":"https:\/\/www.sugarfactory.hr\/proizvod\/umjetnicki-program\/academy-kist-880\/","url":"https:\/\/www.sugarfactory.hr\/proizvod\/umjetnicki-program\/academy-kist-880\/","name":"Academy kist 880 - Sugar Factory","isPartOf":{"@id":"https:\/\/www.sugarfactory.hr\/#website"},"primaryImageOfPage":{"@id":"https:\/\/www.sugarfactory.hr\/proizvod\/umjetnicki-program\/academy-kist-880\/#primaryimage"},"image":{"@id":"https:\/\/www.sugarfactory.hr\/proizvod\/umjetnicki-program\/academy-kist-880\/#primaryimage"},"thumbnailUrl":"https:\/\/www.sugarfactory.hr\/wp-content\/uploads\/2025\/08\/5ca190ecec634065a2eaca474fe91f4f.webp","datePublished":"2025-08-13T07:40:08+00:00","dateModified":"2026-03-25T08:28:56+00:00","breadcrumb":{"@id":"https:\/\/www.sugarfactory.hr\/proizvod\/umjetnicki-program\/academy-kist-880\/#breadcrumb"},"inLanguage":"sl-SI","potentialAction":[{"@type":"ReadAction","target":["https:\/\/www.sugarfactory.hr\/proizvod\/umjetnicki-program\/academy-kist-880\/"]}]},{"@type":"ImageObject","inLanguage":"sl-SI","@id":"https:\/\/www.sugarfactory.hr\/proizvod\/umjetnicki-program\/academy-kist-880\/#primaryimage","url":"https:\/\/www.sugarfactory.hr\/wp-content\/uploads\/2025\/08\/5ca190ecec634065a2eaca474fe91f4f.webp","contentUrl":"https:\/\/www.sugarfactory.hr\/wp-content\/uploads\/2025\/08\/5ca190ecec634065a2eaca474fe91f4f.webp","width":896,"height":1120},{"@type":"BreadcrumbList","@id":"https:\/\/www.sugarfactory.hr\/proizvod\/umjetnicki-program\/academy-kist-880\/#breadcrumb","itemListElement":[{"@type":"ListItem","position":1,"name":"Po\u010detna stranica","item":"https:\/\/www.sugarfactory.hr\/"},{"@type":"ListItem","position":2,"name":"Proizvodi","item":"https:\/\/www.sugarfactory.hr\/shop\/"},{"@type":"ListItem","position":3,"name":"Academy kist 880"}]},{"@type":"WebSite","@id":"https:\/\/www.sugarfactory.hr\/#website","url":"https:\/\/www.sugarfactory.hr\/","name":"Tovarna sladkorja","description":"Create your sweetest pieces!","potentialAction":[{"@type":"SearchAction","target":{"@type":"EntryPoint","urlTemplate":"https:\/\/www.sugarfactory.hr\/?s={search_term_string}"},"query-input":{"@type":"PropertyValueSpecification","valueRequired":true,"valueName":"search_term_string"}}],"inLanguage":"sl-SI"}]}},"_links":{"self":[{"href":"https:\/\/www.sugarfactory.hr\/sl\/wp-json\/wp\/v2\/product\/11521","targetHints":{"allow":["GET"]}}],"collection":[{"href":"https:\/\/www.sugarfactory.hr\/sl\/wp-json\/wp\/v2\/product"}],"about":[{"href":"https:\/\/www.sugarfactory.hr\/sl\/wp-json\/wp\/v2\/types\/product"}],"wp:featuredmedia":[{"embeddable":true,"href":"https:\/\/www.sugarfactory.hr\/sl\/wp-json\/wp\/v2\/media\/12992"}],"wp:attachment":[{"href":"https:\/\/www.sugarfactory.hr\/sl\/wp-json\/wp\/v2\/media?parent=11521"}],"wp:term":[{"taxonomy":"product_brand","embeddable":true,"href":"https:\/\/www.sugarfactory.hr\/sl\/wp-json\/wp\/v2\/product_brand?post=11521"},{"taxonomy":"product_cat","embeddable":true,"href":"https:\/\/www.sugarfactory.hr\/sl\/wp-json\/wp\/v2\/product_cat?post=11521"},{"taxonomy":"product_tag","embeddable":true,"href":"https:\/\/www.sugarfactory.hr\/sl\/wp-json\/wp\/v2\/product_tag?post=11521"}],"curies":[{"name":"wp","href":"https:\/\/api.w.org\/{rel}","templated":true}]}}